{"id":3,"date":"2022-07-15T10:01:21","date_gmt":"2022-07-15T10:01:21","guid":{"rendered":"http:\/\/hnwoodmachinery.com\/?page_id=3"},"modified":"2022-09-22T15:00:54","modified_gmt":"2022-09-22T07:00:54","slug":"about-us","status":"publish","type":"page","link":"https:\/\/hnwoodmachinery.com\/fr\/about-us\/","title":{"rendered":"\u00c0 propos de nous"},"content":{"rendered":"<div class=\"wp-block-media-text alignwide is-stacked-on-mobile\"><figure class=\"wp-block-media-text__media\"><img loading=\"lazy\" decoding=\"async\" width=\"720\" height=\"540\" src=\"https:\/\/hnwoodmachinery.com\/wp-content\/uploads\/2022\/09\/our-factory-.webp\" alt=\"notre usine\" class=\"wp-image-615 size-full\" title=\"\"><\/figure><div class=\"wp-block-media-text__content\"> <p class=\"translation-block\">Shuliy Machinery est situ\u00e9 \u00e0 Zhengzhou, dans la province du Henan, en Chine. C'est un grand fabricant de machines de manutention du bois. \u00c9tabli en 2011. Nous avons une riche exp\u00e9rience en exportation. Et nous exportons des machines vers de nombreux pays, tels que <strong>\u00c9mirats Arabes Unis, Afrique du Sud, P\u00e9rou, Libye, Bulgarie, Nouvelle-Z\u00e9lande, \u00c9tats-Unis, Canada, Philippines, Malaisie,<\/strong> et d'autres pays diff\u00e9rents. Nous fournissons des machines de haute qualit\u00e9, \u00e0 un prix abordable, et un service attentionn\u00e9 \u00e0 chaque client. Par cons\u00e9quent, nous avons maintenu une coop\u00e9ration \u00e0 long terme avec de nombreux pays.<\/p> <\/div><\/div>    <h2 class=\"wp-block-heading\" id=\"h-main-products\">Principaux produits<\/h2>    <p class=\"translation-block\">Les principaux produits de Shuliy Machinery comprennent <strong>d\u00e9bardeurs de bois<\/strong>, <strong>machines \u00e0 scier<\/strong>, <strong>machines \u00e0 copeaux de bois<\/strong>, <strong>broyeurs de bois<\/strong>, <strong>\u00e9brancheurs de bois<\/strong>, \u00e9brancheurs industriels, <strong>broyeurs complets<\/strong>, etc. De plus, nous pouvons \u00e9galement fournir aux clients une ligne de production de machines, ce qui est plus pratique pour le travail quotidien des clients et am\u00e9liore l'efficacit\u00e9.<\/p>    <figure class=\"wp-block-gallery has-nested-images columns-2 is-cropped wp-block-gallery-2 is-layout-flex wp-block-gallery-is-layout-flex\"> <figure class=\"wp-block-image size-large\"><img loading=\"lazy\" decoding=\"async\" width=\"720\" height=\"540\" data-id=\"618\" src=\"https:\/\/hnwoodmachinery.com\/wp-content\/uploads\/2022\/09\/hammer-wood-mill-machine-.webp\" alt=\"machine de moulin \u00e0 bois de marteau\" class=\"wp-image-618\" title=\"machine de moulin \u00e0 bois de marteau\"\/><figcaption>Machine de moulin \u00e0 bois de marteau<\/figcaption><\/figure>    <figure class=\"wp-block-image size-large\"><img loading=\"lazy\" decoding=\"async\" width=\"720\" height=\"540\" data-id=\"619\" src=\"https:\/\/hnwoodmachinery.com\/wp-content\/uploads\/2022\/09\/wood-chipper-.webp\" alt=\"\" class=\"wp-image-619\" title=\"\"><figcaption>D\u00e9chiqueteuse<\/figcaption><\/figure>    <figure class=\"wp-block-image size-full\"><img loading=\"lazy\" decoding=\"async\" width=\"720\" height=\"540\" data-id=\"620\" src=\"https:\/\/hnwoodmachinery.com\/wp-content\/uploads\/2022\/09\/wood-peeling-machine-.webp\" alt=\"machine \u00e0 \u00e9plucher le bois\" class=\"wp-image-620\" title=\"machine \u00e0 \u00e9plucher le bois\"\/><figcaption>Machine \u00e0 \u00e9plucher le bois<\/figcaption><\/figure>    <figure class=\"wp-block-image size-large\"><img loading=\"lazy\" decoding=\"async\" width=\"720\" height=\"540\" data-id=\"621\" src=\"https:\/\/hnwoodmachinery.com\/wp-content\/uploads\/2022\/09\/wood-shaving-machine-1-1.webp\" alt=\"machine \u00e0 raser le bois\" class=\"wp-image-621\" title=\"machine \u00e0 raser le bois\"\/><figcaption>Machine \u00e0 raser le bois<\/figcaption><\/figure> <\/figure>    <h2 class=\"wp-block-heading\" id=\"h-our-services\">Nos services<\/h2>    <p>1. Connaissance professionnelle des machines. Chacun de nos collaborateurs poss\u00e8de une connaissance approfondie de nos machines et nous pouvons fournir des r\u00e9ponses professionnelles \u00e0 nos clients dans les meilleurs d\u00e9lais lors de la conversation avec eux. Dans le m\u00eame temps, nous fournirons des solutions de machines professionnelles en fonction des besoins sp\u00e9cifiques des clients.<\/p>    <p>2. Machines d\u2019emballage et d\u2019exp\u00e9dition. Avant qu'une machine ne soit exp\u00e9di\u00e9e \u00e0 destination, nous la prot\u00e9gerons en l'emballant dans une bo\u00eete en bois solide. Nous fournissons \u00e9galement des informations logistiques en temps opportun \u00e0 nos clients.<\/p>    <p>3. Installation et utilisation de la machine. Nous aiderons le client \u00e0 installer la machine, soit via des instructions en ligne, soit en faisant appel \u00e0 un ing\u00e9nieur pour installer la machine.<\/p>    <p>4. Conception d'usine. Nous aiderons les clients \u00e0 planifier la zone de l'usine et le placement des \u00e9quipements d'usine, \u00e0 fournir des dessins, etc.<\/p>    <figure class=\"wp-block-gallery has-nested-images columns-2 is-cropped wp-block-gallery-3 is-layout-flex wp-block-gallery-is-layout-flex\"> <figure class=\"wp-block-image size-large\"><img loading=\"lazy\" decoding=\"async\" width=\"720\" height=\"540\" data-id=\"624\" src=\"https:\/\/hnwoodmachinery.com\/wp-content\/uploads\/2022\/09\/vertical-log-debarker-machine-packaging-.webp\" alt=\"emballage vertical de machine d&#039;\u00e9corceuse de rondin\" class=\"wp-image-624\" title=\"emballage vertical de machine d&#039;\u00e9corceuse de rondin\"\/><figcaption>Emballage vertical de machine d'\u00e9corceuse de grumes<\/figcaption><\/figure>    <figure class=\"wp-block-image size-large\"><img loading=\"lazy\" decoding=\"async\" width=\"720\" height=\"540\" data-id=\"625\" src=\"https:\/\/hnwoodmachinery.com\/wp-content\/uploads\/2022\/09\/wooden-case-packing-.webp\" alt=\"emballage de caisse en bois\" class=\"wp-image-625\" title=\"emballage de caisse en bois\"\/><figcaption>Emballage de caisse en bois<\/figcaption><\/figure>    <figure class=\"wp-block-image size-large\"><img loading=\"lazy\" decoding=\"async\" width=\"720\" height=\"540\" data-id=\"627\" src=\"https:\/\/hnwoodmachinery.com\/wp-content\/uploads\/2022\/09\/loading-of-the-wood-log-peeling-machine-.webp\" alt=\"chargement de la machine \u00e0 \u00e9plucher les b\u00fbches de bois\" class=\"wp-image-627\" title=\"chargement de la machine \u00e0 \u00e9plucher les b\u00fbches de bois\"\/><figcaption>Chargement de la machine \u00e0 \u00e9plucher les b\u00fbches de bois<\/figcaption><\/figure>    <figure class=\"wp-block-image size-large\"><img loading=\"lazy\" decoding=\"async\" width=\"720\" height=\"540\" data-id=\"628\" src=\"https:\/\/hnwoodmachinery.com\/wp-content\/uploads\/2022\/09\/shipping-of-the-machine-1.webp\" alt=\"exp\u00e9dition de la machine\" class=\"wp-image-628\" title=\"exp\u00e9dition de la machine\"\/><figcaption>Exp\u00e9dition de la machine<\/figcaption><\/figure> <\/figure>    <h2 class=\"wp-block-heading\" id=\"h-professional-wood-machines-manufacturer\">Fabricant professionnel de machines \u00e0 bois<\/h2>    <p>En tant que fabricant de machines \u00e0 bois, Shuliy Machinery\u00a0dispose d'une \u00e9quipe de conception R&amp;D professionnelle. Le mat\u00e9riau, la structure et l\u2019apparence de chaque machine sont soigneusement \u00e9tudi\u00e9s et con\u00e7us. Nous nous engageons \u00e0 suivre le rythme de notre temps pour fabriquer des machines \u00e0 bois de meilleure qualit\u00e9, puissantes et durables pour nos clients.<\/p>    <p>Shuliy\u00a0Machinery a h\u00e2te de coop\u00e9rer avec vous\u00a0!<\/p>    <figure class=\"wp-block-image size-full\"><img loading=\"lazy\" decoding=\"async\" width=\"720\" height=\"540\" src=\"https:\/\/hnwoodmachinery.com\/wp-content\/uploads\/2022\/09\/manufacturing-situation-.webp\" alt=\"situation de fabrication\" class=\"wp-image-631\" title=\"situation de fabrication\"\/><figcaption>Situation manufacturi\u00e8re<\/figcaption><\/figure>    <p><\/p>","protected":false},"excerpt":{"rendered":"<p>Shuliy\u00a0Machines est situ\u00e9e \u00e0 Zhengzhou, dans la province du Henan, en Chine. C'est un important fabricant de machines de manutention du bois.<\/p>","protected":false},"author":1,"featured_media":0,"parent":0,"menu_order":0,"comment_status":"closed","ping_status":"closed","template":"","meta":{"footnotes":""},"class_list":["post-3","page","type-page","status-publish","hentry"],"_links":{"self":[{"href":"https:\/\/hnwoodmachinery.com\/fr\/wp-json\/wp\/v2\/pages\/3","targetHints":{"allow":["GET"]}}],"collection":[{"href":"https:\/\/hnwoodmachinery.com\/fr\/wp-json\/wp\/v2\/pages"}],"about":[{"href":"https:\/\/hnwoodmachinery.com\/fr\/wp-json\/wp\/v2\/types\/page"}],"author":[{"embeddable":true,"href":"https:\/\/hnwoodmachinery.com\/fr\/wp-json\/wp\/v2\/users\/1"}],"replies":[{"embeddable":true,"href":"https:\/\/hnwoodmachinery.com\/fr\/wp-json\/wp\/v2\/comments?post=3"}],"version-history":[{"count":0,"href":"https:\/\/hnwoodmachinery.com\/fr\/wp-json\/wp\/v2\/pages\/3\/revisions"}],"wp:attachment":[{"href":"https:\/\/hnwoodmachinery.com\/fr\/wp-json\/wp\/v2\/media?parent=3"}],"curies":[{"name":"wp","href":"https:\/\/api.w.org\/{rel}","templated":true}]}}