{"id":96,"date":"2022-07-18T09:02:16","date_gmt":"2022-07-18T09:02:16","guid":{"rendered":"https:\/\/hnwoodmachinery.com\/?post_type=product&#038;p=96"},"modified":"2024-09-27T18:30:34","modified_gmt":"2024-09-27T10:30:34","slug":"wood-hammer-mill","status":"publish","type":"product","link":"https:\/\/hnwoodmachinery.com\/es\/product\/wood-hammer-mill\/","title":{"rendered":"Molino de martillos para madera Trituradora industrial de molino de martillos para madera"},"content":{"rendered":"<div class=\"kk-star-ratings kksr-auto kksr-align-left kksr-valign-top\"     data-payload='{&quot;align&quot;:&quot;left&quot;,&quot;id&quot;:&quot;96&quot;,&quot;slug&quot;:&quot;default&quot;,&quot;valign&quot;:&quot;top&quot;,&quot;ignore&quot;:&quot;&quot;,&quot;reference&quot;:&quot;auto&quot;,&quot;class&quot;:&quot;&quot;,&quot;count&quot;:&quot;96&quot;,&quot;legendonly&quot;:&quot;&quot;,&quot;readonly&quot;:&quot;&quot;,&quot;score&quot;:&quot;4.8&quot;,&quot;starsonly&quot;:&quot;&quot;,&quot;best&quot;:&quot;5&quot;,&quot;gap&quot;:&quot;5&quot;,&quot;greet&quot;:&quot;Rate this product&quot;,&quot;legend&quot;:&quot;4.8\\\/5 - (96 votos)&quot;,&quot;size&quot;:&quot;24&quot;,&quot;title&quot;:&quot;Wood Hammer Mill Industrial Log Timber Hammermill Crusher&quot;,&quot;width&quot;:&quot;136.7&quot;,&quot;_legend&quot;:&quot;{score}\\\/{best} - ({count} {votes})&quot;,&quot;font_factor&quot;:&quot;1.25&quot;}'>              <div class=\"kksr-stars\">      <div class=\"kksr-stars-inactive\">             <div class=\"kksr-star\" data-star=\"1\" style=\"padding-right: 5px\">               <div class=\"kksr-icon\" style=\"width: 24px; height: 24px;\"><\/div>         <\/div>             <div class=\"kksr-star\" data-star=\"2\" style=\"padding-right: 5px\">               <div class=\"kksr-icon\" style=\"width: 24px; height: 24px;\"><\/div>         <\/div>             <div class=\"kksr-star\" data-star=\"3\" style=\"padding-right: 5px\">               <div class=\"kksr-icon\" style=\"width: 24px; height: 24px;\"><\/div>         <\/div>             <div class=\"kksr-star\" data-star=\"4\" style=\"padding-right: 5px\">               <div class=\"kksr-icon\" style=\"width: 24px; height: 24px;\"><\/div>         <\/div>             <div class=\"kksr-star\" data-star=\"5\" style=\"padding-right: 5px\">               <div class=\"kksr-icon\" style=\"width: 24px; height: 24px;\"><\/div>         <\/div>     <\/div>      <div class=\"kksr-stars-active\" style=\"width: 136.7px;\">             <div class=\"kksr-star\" style=\"padding-right: 5px\">               <div class=\"kksr-icon\" style=\"width: 24px; height: 24px;\"><\/div>         <\/div>             <div class=\"kksr-star\" style=\"padding-right: 5px\">               <div class=\"kksr-icon\" style=\"width: 24px; height: 24px;\"><\/div>         <\/div>             <div class=\"kksr-star\" style=\"padding-right: 5px\">               <div class=\"kksr-icon\" style=\"width: 24px; height: 24px;\"><\/div>         <\/div>             <div class=\"kksr-star\" style=\"padding-right: 5px\">               <div class=\"kksr-icon\" style=\"width: 24px; height: 24px;\"><\/div>         <\/div>             <div class=\"kksr-star\" style=\"padding-right: 5px\">               <div class=\"kksr-icon\" style=\"width: 24px; height: 24px;\"><\/div>         <\/div>     <\/div> <\/div>                   <div class=\"kksr-legend\" style=\"font-size: 19.2px;\">             4.8\/5 - (96 votos)    <\/div>     <\/div>  <p>La trituradora de martillos para madera es reconocida por ofrecer \u00edndices de trituraci\u00f3n m\u00e1s altos en una amplia gama de materiales en el sector industrial, logrando una producci\u00f3n m\u00e1xima de 5 toneladas por hora. Produce material m\u00e1s fino que 3\/16 de pulgada (4 mm). Su dise\u00f1o robusto y duradero permite la aplicaci\u00f3n de mayores fuerzas, lo que lleva a una mayor productividad mientras se gestiona el m\u00e1ximo tama\u00f1o y calidad del producto final.<\/p>    <p>Esta trituradora de martillos tiene alta eficiencia, estructura simple, trabajo estable, bajo consumo de energ\u00eda y bajo costo de procesamiento. Tambi\u00e9n se puede utilizar para picar paja, paja, cart\u00f3n, carb\u00f3n y otros materiales. Normalmente, el molino de martillos para madera se utiliza com\u00fanmente en l\u00edneas de producci\u00f3n para triturar a\u00fan m\u00e1s el material despu\u00e9s del procesamiento mediante una trituradora de tambor o una trituradora integrada.<\/p>    <figure class=\"wp-block-embed aligncenter is-type-video is-provider-youtube wp-block-embed-youtube wp-embed-aspect-16-9 wp-has-aspect-ratio\"><div class=\"wp-block-embed__wrapper\"> <iframe loading=\"lazy\" title=\"Potente trituradora de martillos: \u00a1una gran herramienta para procesar materiales de desecho de manera eficiente! #carpinter\u00eda\" width=\"500\" height=\"281\" src=\"https:\/\/www.youtube.com\/embed\/yCIh8pMPPks?start=8&#038;feature=oembed\" frameborder=\"0\" allow=\"accelerometer; autoplay; clipboard-write; encrypted-media; gyroscope; picture-in-picture; web-share\" referrerpolicy=\"strict-origin-when-cross-origin\" allowfullscreen><\/iframe> <\/div><figcaption class=\"wp-element-caption\">Sitio de trabajo de la m\u00e1quina de molino de martillos para madera.<\/figcaption><\/figure>    <h2 class=\"wp-block-heading\" id=\"h-brief-introduction-of-the-wood-hammer-mill\">Molino de martillos de madera personalizable<\/h2>    <p>Existen varios modelos de molinos de martillos para madera dise\u00f1ados para varios niveles de producci\u00f3n. Todas las trituradoras de virutas de martillo est\u00e1n equipadas con ciclones que recogen eficazmente el polvo y los residuos generados durante el funcionamiento. Esta caracter\u00edstica tambi\u00e9n ayuda a minimizar la contaminaci\u00f3n por polvo en el \u00e1rea de producci\u00f3n. <\/p>    <p>Las m\u00e1quinas suelen funcionar con un motor el\u00e9ctrico o di\u00e9sel, lo que garantiza que puedan satisfacer los diversos requisitos energ\u00e9ticos de los clientes. <\/p>    <p>Es importante tener en cuenta que los molinos de martillos para madera se diferencian de las trituradoras de madera, tanto en los tipos de materiales que procesan como en sus estructuras internas. Adem\u00e1s, este equipo opera con bajos niveles de ruido, es f\u00e1cil de usar y requiere un mantenimiento m\u00ednimo.<\/p>    <figure class=\"wp-block-gallery has-nested-images columns-default is-cropped wp-block-gallery-2 is-layout-flex wp-block-gallery-is-layout-flex\"> <figure class=\"wp-block-image size-large\"><img loading=\"lazy\" decoding=\"async\" width=\"720\" height=\"540\" data-id=\"471\" src=\"https:\/\/hnwoodmachinery.com\/wp-content\/uploads\/2022\/09\/hammer-mill-crusher-0.webp\" alt=\"trituradora de martillo\" class=\"wp-image-471\" title=\"trituradora de martillo\"\/><figcaption class=\"wp-element-caption\">trituradora de martillo<\/figcaption><\/figure>    <figure class=\"wp-block-image size-large\"><img loading=\"lazy\" decoding=\"async\" width=\"720\" height=\"540\" data-id=\"472\" src=\"https:\/\/hnwoodmachinery.com\/wp-content\/uploads\/2022\/09\/wood-hammer-mill-.webp\" alt=\"molino de martillos para madera\" class=\"wp-image-472\" title=\"molino de martillos para madera\"\/><figcaption class=\"wp-element-caption\">Molino de martillos de madera<\/figcaption><\/figure> <\/figure>    <h2 class=\"wp-block-heading\">Caracter\u00edsticas y beneficios de la m\u00e1quina<\/h2>    <ul class=\"wp-block-list\"> <li>Dise\u00f1o de gran apertura, adaptable y vers\u00e1til. <\/li>    <li>Varias configuraciones de rotor se adaptan a cualquier material.<\/li>    <li>Las cribas permiten un dimensionamiento preciso del producto y son f\u00e1ciles de reemplazar. <\/li>    <li>Las carcasas con bloqueo positivo ofrecen mayor seguridad contra explosiones y polvo. <\/li>    <li>El revestimiento de acero resistente al desgaste y las placas trituradoras de manganeso fundido garantizan una larga vida \u00fatil. <\/li>    <li>El acero de aleaci\u00f3n forjado y los ejes de alta resistencia minimizan la vibraci\u00f3n y prolongan la vida \u00fatil del rodamiento. <\/li> <\/ul>    <figure class=\"wp-block-gallery has-nested-images columns-default is-cropped wp-block-gallery-3 is-layout-flex wp-block-gallery-is-layout-flex\"> <figure class=\"wp-block-image size-large\"><img loading=\"lazy\" decoding=\"async\" width=\"720\" height=\"540\" data-id=\"1200\" src=\"https:\/\/hnwoodmachinery.com\/wp-content\/uploads\/2022\/07\/large-type-hammer-mill-crusher-manufacturer.webp\" alt=\"fabricante de trituradoras de martillos de tipo grande\" class=\"wp-image-1200\" title=\"\" srcset=\"https:\/\/hnwoodmachinery.com\/wp-content\/uploads\/2022\/07\/large-type-hammer-mill-crusher-manufacturer.webp 720w, https:\/\/hnwoodmachinery.com\/wp-content\/uploads\/2022\/07\/large-type-hammer-mill-crusher-manufacturer-300x225.webp 300w, https:\/\/hnwoodmachinery.com\/wp-content\/uploads\/2022\/07\/large-type-hammer-mill-crusher-manufacturer-16x12.webp 16w\" sizes=\"auto, (max-width: 720px) 100vw, 720px\" \/><figcaption class=\"wp-element-caption\">fabricante de trituradora de molino de martillos de tipo grande<\/figcaption><\/figure>    <figure class=\"wp-block-image size-large\"><img loading=\"lazy\" decoding=\"async\" width=\"720\" height=\"540\" data-id=\"1199\" src=\"https:\/\/hnwoodmachinery.com\/wp-content\/uploads\/2022\/07\/large-capacity-hammer-crushing-machine.webp\" alt=\"trituradora de martillos de gran capacidad\" class=\"wp-image-1199\" title=\"\" srcset=\"https:\/\/hnwoodmachinery.com\/wp-content\/uploads\/2022\/07\/large-capacity-hammer-crushing-machine.webp 720w, https:\/\/hnwoodmachinery.com\/wp-content\/uploads\/2022\/07\/large-capacity-hammer-crushing-machine-300x225.webp 300w, https:\/\/hnwoodmachinery.com\/wp-content\/uploads\/2022\/07\/large-capacity-hammer-crushing-machine-16x12.webp 16w\" sizes=\"auto, (max-width: 720px) 100vw, 720px\" \/><figcaption class=\"wp-element-caption\">M\u00e1quina trituradora de martillos de gran capacidad<\/figcaption><\/figure> <\/figure>    <h2 class=\"wp-block-heading\" id=\"h-application-range-of-wood-shaving-grinder\">Rango de aplicaci\u00f3n de la amoladora de martillos para madera<\/h2>    <p class=\"translation-block\"><strong>Plantas aplicables<\/strong><\/p>    <p>Esta gama de equipos est\u00e1 dise\u00f1ada para uso m\u00f3vil. Se utiliza com\u00fanmente en el \u00e1rea de preparaci\u00f3n de peque\u00f1as y medianas empresas fabricantes de tableros de part\u00edculas y de fibra. Adem\u00e1s, puede ser empleado por hogares individuales para producir astillas de madera comerciales.<\/p>    <p class=\"translation-block\"><strong>Materias primas y productos terminados aplicables<\/strong><\/p>    <p class=\"translation-block\">La trituradora de martillos est\u00e1 dise\u00f1ada principalmente para procesar varios tipos de madera, incluyendo pino, madera variada, madera de \u00e1lamo, abeto y bamb\u00fa crudo. Esta m\u00e1quina es particularmente adecuada para el procesamiento de astillas de madera en instalaciones de cultivo de hongos comestibles. Adem\u00e1s, la trituradora puede utilizarse para producir materias primas para <a href=\"https:\/\/en.wikipedia.org\/wiki\/Particle_board\" target=\"_blank\" rel=\"noopener\">tableros de part\u00edculas<\/a>, tableros de serr\u00edn y tableros de alta densidad.<\/p>   <div class=\"wp-block-image\"> <figure class=\"aligncenter size-full\"><img loading=\"lazy\" decoding=\"async\" width=\"720\" height=\"540\" src=\"https:\/\/hnwoodmachinery.com\/wp-content\/uploads\/2022\/09\/finished-product-of-the-wood-shaving-grinder.webp\" alt=\"el producto terminado de la trituradora de virutas de madera\" class=\"wp-image-474\" title=\"producto terminado de la trituradora de virutas de madera\"\/><figcaption class=\"wp-element-caption\">el producto terminado de la trituradora de virutas de madera<\/figcaption><\/figure> <\/div>   <h2 class=\"wp-block-heading\" id=\"h-working-principle-of-the-hammer-mill-wood-crusher\">Principio de funcionamiento de la trituradora de madera del molino de martillos<\/h2>    <p>La trituradora de madera con molino de martillos utiliza principalmente impacto para descomponer los materiales. Cuando el material ingresa a la m\u00e1quina, es aplastado por la fuerza del cabezal del martillo giratorio de alta velocidad. Adem\u00e1s, los materiales triturados chocan entre s\u00ed. <\/p>    <p>A trav\u00e9s de este proceso de trituraci\u00f3n repetido, el material se vuelve m\u00e1s peque\u00f1o que los orificios de la criba y se descarga a trav\u00e9s de los espacios. Los trozos m\u00e1s grandes se golpean nuevamente hasta que pasan a trav\u00e9s de la malla de la pantalla. En \u00faltima instancia, se consigue el producto con el tama\u00f1o de part\u00edcula deseado.<\/p>    <figure class=\"wp-block-embed aligncenter is-type-video is-provider-youtube wp-block-embed-youtube wp-embed-aspect-16-9 wp-has-aspect-ratio\"><div class=\"wp-block-embed__wrapper\"> <iframe loading=\"lazy\" title=\"Molino de martillos para madera \u4e28 Trituradora de molino de martillos para aserr\u00edn de madera\" width=\"500\" height=\"281\" src=\"https:\/\/www.youtube.com\/embed\/ZU7KSzZnOTI?feature=oembed\" frameborder=\"0\" allow=\"accelerometer; autoplay; clipboard-write; encrypted-media; gyroscope; picture-in-picture; web-share\" referrerpolicy=\"strict-origin-when-cross-origin\" allowfullscreen><\/iframe> <\/div><figcaption class=\"wp-element-caption\">maquina trituradora de martillos para madera<\/figcaption><\/figure>    <h2 class=\"wp-block-heading\" id=\"h-structure-of-the-hammer-wood-crusher\">Estructura de la trituradora de madera de martillo.<\/h2>    <p>La trituradora de madera de martillo incluye principalmente un marco, una carcasa, una mesa de soporte, una mesa de cuchillas fija, una criba y un marco de criba. Toda la m\u00e1quina presenta un dise\u00f1o compacto, un \u00e1rea de descarga de polvo ampliada, capacidades de trituraci\u00f3n efectivas y facilita el reemplazo del tamiz.<\/p>    <figure class=\"wp-block-gallery has-nested-images columns-default is-cropped wp-block-gallery-4 is-layout-flex wp-block-gallery-is-layout-flex\"> <figure class=\"wp-block-image size-large\"><img loading=\"lazy\" decoding=\"async\" width=\"720\" height=\"540\" data-id=\"478\" src=\"https:\/\/hnwoodmachinery.com\/wp-content\/uploads\/2022\/09\/hammer-mill-wood-crusher-.webp\" alt=\"molino de martillos trituradora de madera\" class=\"wp-image-478\" title=\"molino de martillos trituradora de madera\"\/><figcaption class=\"wp-element-caption\">Molino de martillos trituradora de madera<\/figcaption><\/figure>    <figure class=\"wp-block-image size-large\"><img loading=\"lazy\" decoding=\"async\" width=\"720\" height=\"540\" data-id=\"479\" src=\"https:\/\/hnwoodmachinery.com\/wp-content\/uploads\/2022\/09\/wood-hammer-mill\u2018s-hammer-.webp\" alt=\"martillo de molino de martillos para madera\" class=\"wp-image-479\" title=\"martillo de molino de martillos para madera\"\/><figcaption class=\"wp-element-caption\">Martillo de molino de martillos para madera<\/figcaption><\/figure> <\/figure>   <div class=\"wp-block-image\"> <figure class=\"aligncenter size-full\"><img loading=\"lazy\" decoding=\"async\" width=\"720\" height=\"540\" src=\"https:\/\/hnwoodmachinery.com\/wp-content\/uploads\/2022\/09\/hammer-wood-crusher\u2018s-structure-.webp\" alt=\"estructura de la trituradora de madera de martillo\" class=\"wp-image-476\" title=\"estructura de la trituradora de madera de martillo\"\/><figcaption class=\"wp-element-caption\">estructura de la trituradora de madera de martillo<\/figcaption><\/figure> <\/div>   <h2 class=\"wp-block-heading\" id=\"h-technical-parameters-of-the-hammer-mill-crusher\">Par\u00e1metros t\u00e9cnicos de la trituradora de martillos<\/h2>    <figure class=\"wp-block-table is-style-stripes\"><table><tbody><tr><td><strong>Modelo<\/strong><\/td><td>SL-60<\/td><td>SL-70<\/td><td>SL-80<\/td><td>SL-90<\/td><td>SL-1000<\/td><td>SL-1300<\/td><\/tr><tr><td>Potencia (kilovatios)<\/td><td>22<\/td><td>30<\/td><td>37<\/td><td>55<\/td><td>75<\/td><td>90<\/td><\/tr><tr><td>Martillos (uds.)<\/td><td>30<\/td><td>40<\/td><td>50<\/td><td>50<\/td><td>105<\/td><td>105<\/td><\/tr><tr><td>Ventilador (kilovatios)<\/td><td><\/td><td><\/td><td>7.5<\/td><td>7.5<\/td><td>11<\/td><td>22<\/td><\/tr><tr><td>Removedor de polvo (piezas)<\/td><td>5<\/td><td>5<\/td><td>5<\/td><td>5<\/td><td>14<\/td><td>14<\/td><\/tr><tr><td>Di\u00e1metro del cicl\u00f3n (m)<\/td><td>1<\/td><td>1<\/td><td>1<\/td><td>1<\/td><td>1<\/td><td>1<\/td><\/tr><tr><td>Capacidad(t\/h)<\/td><td>0.8-1<\/td><td>1-1.5<\/td><td>1.5-2<\/td><td>2-3<\/td><td>3-4<\/td><td>4-5<\/td><\/tr><\/tbody><\/table><figcaption class=\"wp-element-caption\">parametros del molino de martillos<\/figcaption><\/figure>    <h2 class=\"wp-block-heading\" id=\"h-the-difference-between-the-hammer-chip-crusher-and-the-wood-crusher\">Diferencia entre molino de martillos y trituradora de madera<\/h2>    <ol class=\"wp-block-list\"> <li>El aspecto de las dos m\u00e1quinas es ligeramente diferente. La trituradora de virutas de martillo tiene tornillos que sobresalen en la parte superior de la carcasa de la parte trituradora de la m\u00e1quina, mientras que toda la carcasa de la trituradora de madera es lisa.<\/li>    <li>Las pantallas de las m\u00e1quinas son diferentes. La criba del molino de martillos es de medio anillo. La pantalla de la trituradora de madera es un c\u00edrculo completo.<\/li>    <li>El material es diferente. El material que procesa el molino de martillos es madera toscamente procesada, c\u00e1scaras de coco, paja, cart\u00f3n, etc. La trituradora de madera procesa generalmente todo tipo de madera, tableros, muebles usados, etc.<\/li>    <li>La estructura interna de la m\u00e1quina es diferente. Trituradora de hoja de martillo interna principalmente hoja de martillo, trituradora de madera interna principalmente placa de cuchillo, hoja y hoja de martillo.<\/li> <\/ol>    <p class=\"translation-block\">Para obtener m\u00e1s informaci\u00f3n sobre trituradoras de madera, haga clic en <strong><em><a href=\"https:\/\/hnwoodmachinery.com\/es\/product\/wood-shredder-machine\/\">M\u00e1quina trituradora de madera para hacer serr\u00edn<\/a><\/em><\/strong>.<\/p>    <h2 class=\"wp-block-heading\" id=\"h-successful-case\">Caso exitoso<\/h2>    <p>Nuestro cliente tiene su sede en Colombia y se comunic\u00f3 con nosotros despu\u00e9s de ver nuestro video de YouTube. Durante nuestras conversaciones, descubrimos que su f\u00e1brica se especializa en transformar diferentes tipos de madera. Recientemente, necesitaban una trituradora para manipular diversos materiales de desecho de madera. <\/p>    <p>Despu\u00e9s de evaluar los requisitos de producci\u00f3n del cliente, nuestro gerente de ventas sugiri\u00f3 el molino de martillos modelo SL-WC700. El cliente qued\u00f3 satisfecho con la recomendaci\u00f3n y finalmente decidi\u00f3 realizar el pedido.<\/p>    <figure class=\"wp-block-gallery has-nested-images columns-default is-cropped wp-block-gallery-5 is-layout-flex wp-block-gallery-is-layout-flex\"> <figure class=\"wp-block-image size-large\"><img loading=\"lazy\" decoding=\"async\" width=\"720\" height=\"540\" data-id=\"482\" src=\"https:\/\/hnwoodmachinery.com\/wp-content\/uploads\/2022\/09\/wooden-case-packing-of-the-Wood-hammer-mill-_.webp\" alt=\"Embalaje de caja de madera del molino de martillos de madera. \" class=\"wp-image-482\" title=\"Embalaje de caja de madera del molino de martillos de madera. \"\/><figcaption class=\"wp-element-caption\">Embalaje de caja de madera del molino de martillos para madera<\/figcaption><\/figure>    <figure class=\"wp-block-image size-large\"><img loading=\"lazy\" decoding=\"async\" width=\"720\" height=\"540\" data-id=\"481\" src=\"https:\/\/hnwoodmachinery.com\/wp-content\/uploads\/2022\/09\/shipping-of-the-hammer-chip-crusher-.webp\" alt=\"env\u00edo de la trituradora de virutas de martillo\" class=\"wp-image-481\" title=\"env\u00edo de la trituradora de virutas de martillo\"\/><figcaption class=\"wp-element-caption\">Env\u00edo de la trituradora de virutas de martillo<\/figcaption><\/figure> <\/figure>    <p>Entendemos que las necesidades de cada cliente son \u00fanicas y ofrecemos servicios personalizados uno a uno. \u00bfTiene alguna pregunta? No dude en dejar un mensaje en el formulario de la derecha y le responderemos a la brevedad.<\/p>","protected":false},"excerpt":{"rendered":"<p>La trituradora de martillos para madera es reconocida por ofrecer \u00edndices de trituraci\u00f3n m\u00e1s altos en una amplia gama de materiales en el sector industrial, logrando una producci\u00f3n m\u00e1xima de 5 toneladas\/h. Produce material m\u00e1s fino que 3\/16 de pulgada (4 mm). <\/p>","protected":false},"author":1,"featured_media":467,"parent":0,"template":"","tags":[36,37,35,40],"product-type":[7],"class_list":["post-96","product","type-product","status-publish","has-post-thumbnail","hentry","tag-log","tag-sawdust","tag-wood","tag-wood-chips","product-type-wood-crusher"],"_links":{"self":[{"href":"https:\/\/hnwoodmachinery.com\/es\/wp-json\/wp\/v2\/product\/96","targetHints":{"allow":["GET"]}}],"collection":[{"href":"https:\/\/hnwoodmachinery.com\/es\/wp-json\/wp\/v2\/product"}],"about":[{"href":"https:\/\/hnwoodmachinery.com\/es\/wp-json\/wp\/v2\/types\/product"}],"author":[{"embeddable":true,"href":"https:\/\/hnwoodmachinery.com\/es\/wp-json\/wp\/v2\/users\/1"}],"wp:featuredmedia":[{"embeddable":true,"href":"https:\/\/hnwoodmachinery.com\/es\/wp-json\/wp\/v2\/media\/467"}],"wp:attachment":[{"href":"https:\/\/hnwoodmachinery.com\/es\/wp-json\/wp\/v2\/media?parent=96"}],"wp:term":[{"taxonomy":"post_tag","embeddable":true,"href":"https:\/\/hnwoodmachinery.com\/es\/wp-json\/wp\/v2\/tags?post=96"},{"taxonomy":"product-type","embeddable":true,"href":"https:\/\/hnwoodmachinery.com\/es\/wp-json\/wp\/v2\/product-type?post=96"}],"curies":[{"name":"wp","href":"https:\/\/api.w.org\/{rel}","templated":true}]}}