{"id":94,"date":"2022-07-18T08:56:45","date_gmt":"2022-07-18T08:56:45","guid":{"rendered":"https:\/\/hnwoodmachinery.com\/?post_type=product&#038;p=94"},"modified":"2024-09-25T18:28:48","modified_gmt":"2024-09-25T10:28:48","slug":"wood-chips-making-machine","status":"publish","type":"product","link":"https:\/\/hnwoodmachinery.com\/es\/product\/wood-chips-making-machine\/","title":{"rendered":"M\u00e1quina para fabricar astillas de madera, trituradora trituradora de madera a la venta"},"content":{"rendered":"<div class=\"kk-star-ratings kksr-auto kksr-align-left kksr-valign-top\"     data-payload='{&quot;align&quot;:&quot;left&quot;,&quot;id&quot;:&quot;94&quot;,&quot;slug&quot;:&quot;default&quot;,&quot;valign&quot;:&quot;top&quot;,&quot;ignore&quot;:&quot;&quot;,&quot;reference&quot;:&quot;auto&quot;,&quot;class&quot;:&quot;&quot;,&quot;count&quot;:&quot;84&quot;,&quot;legendonly&quot;:&quot;&quot;,&quot;readonly&quot;:&quot;&quot;,&quot;score&quot;:&quot;4.8&quot;,&quot;starsonly&quot;:&quot;&quot;,&quot;best&quot;:&quot;5&quot;,&quot;gap&quot;:&quot;5&quot;,&quot;greet&quot;:&quot;Rate this product&quot;,&quot;legend&quot;:&quot;4.8\\\/5 - (84 votos)&quot;,&quot;size&quot;:&quot;24&quot;,&quot;title&quot;:&quot;Wood Chips Making Machine Timber Chipper Shredder For Sale&quot;,&quot;width&quot;:&quot;136.7&quot;,&quot;_legend&quot;:&quot;{score}\\\/{best} - ({count} {votes})&quot;,&quot;font_factor&quot;:&quot;1.25&quot;}'>              <div class=\"kksr-stars\">      <div class=\"kksr-stars-inactive\">             <div class=\"kksr-star\" data-star=\"1\" style=\"padding-right: 5px\">               <div class=\"kksr-icon\" style=\"width: 24px; height: 24px;\"><\/div>         <\/div>             <div class=\"kksr-star\" data-star=\"2\" style=\"padding-right: 5px\">               <div class=\"kksr-icon\" style=\"width: 24px; height: 24px;\"><\/div>         <\/div>             <div class=\"kksr-star\" data-star=\"3\" style=\"padding-right: 5px\">               <div class=\"kksr-icon\" style=\"width: 24px; height: 24px;\"><\/div>         <\/div>             <div class=\"kksr-star\" data-star=\"4\" style=\"padding-right: 5px\">               <div class=\"kksr-icon\" style=\"width: 24px; height: 24px;\"><\/div>         <\/div>             <div class=\"kksr-star\" data-star=\"5\" style=\"padding-right: 5px\">               <div class=\"kksr-icon\" style=\"width: 24px; height: 24px;\"><\/div>         <\/div>     <\/div>      <div class=\"kksr-stars-active\" style=\"width: 136.7px;\">             <div class=\"kksr-star\" style=\"padding-right: 5px\">               <div class=\"kksr-icon\" style=\"width: 24px; height: 24px;\"><\/div>         <\/div>             <div class=\"kksr-star\" style=\"padding-right: 5px\">               <div class=\"kksr-icon\" style=\"width: 24px; height: 24px;\"><\/div>         <\/div>             <div class=\"kksr-star\" style=\"padding-right: 5px\">               <div class=\"kksr-icon\" style=\"width: 24px; height: 24px;\"><\/div>         <\/div>             <div class=\"kksr-star\" style=\"padding-right: 5px\">               <div class=\"kksr-icon\" style=\"width: 24px; height: 24px;\"><\/div>         <\/div>             <div class=\"kksr-star\" style=\"padding-right: 5px\">               <div class=\"kksr-icon\" style=\"width: 24px; height: 24px;\"><\/div>         <\/div>     <\/div> <\/div>                   <div class=\"kksr-legend\" style=\"font-size: 19.2px;\">             4.8\/5 - (84 votos)    <\/div>     <\/div>  <p>La m\u00e1quina para fabricar astillas de madera tipo disco crea astillas de madera de alta calidad que cumplen con los requisitos espec\u00edficos de diferentes industrias. Puede utilizarse en diversas aplicaciones, incluidos paneles, aserraderos, producci\u00f3n de pulpa y papel y el sector de la bioenerg\u00eda. <\/p>    <p>Ofrecemos una amplia selecci\u00f3n de di\u00e1metros de disco para satisfacer todos los requisitos. Adem\u00e1s, la cantidad de cuchillas en los discos se puede ajustar seg\u00fan las necesidades de cada aplicaci\u00f3n. Nuestras m\u00e1quinas pueden procesar hasta 650 m\u00b3 de astillas de madera por hora, con longitudes de astilla ajustables que van de 20 a 50 mm.<\/p>    <figure class=\"wp-block-embed aligncenter is-type-video is-provider-youtube wp-block-embed-youtube wp-embed-aspect-16-9 wp-has-aspect-ratio\"><div class=\"wp-block-embed__wrapper\"> <iframe loading=\"lazy\" title=\"Potente trituradora de madera industrial en acci\u00f3n: \u00a1Transformando troncos en madera astillada! #wood\" width=\"500\" height=\"281\" src=\"https:\/\/www.youtube.com\/embed\/STHJCMPGEbI?feature=oembed\" frameborder=\"0\" allow=\"accelerometer; autoplay; clipboard-write; encrypted-media; gyroscope; picture-in-picture; web-share\" referrerpolicy=\"strict-origin-when-cross-origin\" allowfullscreen><\/iframe> <\/div><figcaption class=\"wp-element-caption\">Sitio de trabajo de la m\u00e1quina industrial para fabricar astillas de madera<\/figcaption><\/figure>    <p>La m\u00e1quina tiene una estructura razonable y confiable, f\u00e1cil operaci\u00f3n, buena calidad del material terminado y alto rendimiento, lo que la convierte en maquinaria y equipo de trituraci\u00f3n de alta calidad. Desde su exportaci\u00f3n, nuestra astilladora de discos se ha vendido ampliamente en EE. UU., Filipinas, Uganda, Malasia, Singapur, Zambia y otros pa\u00edses.<\/p>    <h2 class=\"wp-block-heading\" id=\"h-shuliy-machinery-s-wood-chips-making-machine\">M\u00e1quina para fabricar astillas de madera personalizable<\/h2>    <p>Nuestra m\u00e1quina para fabricar astillas de madera es vers\u00e1til y viene en varios modelos para satisfacer los diversos requisitos de producci\u00f3n de nuestros clientes. La trituradora puede funcionar con un motor el\u00e9ctrico o di\u00e9sel. <\/p>    <p>Tambi\u00e9n ofrecemos opciones de personalizaci\u00f3n, como ajustar la altura y forma de la salida, a\u00f1adir rejillas y ruedas e incorporar cintas transportadoras. Esta flexibilidad nos permite satisfacer las necesidades \u00fanicas de cada cliente.<\/p>    <figure class=\"wp-block-gallery has-nested-images columns-default is-cropped wp-block-gallery-2 is-layout-flex wp-block-gallery-is-layout-flex\"> <figure class=\"wp-block-image size-large\"><img loading=\"lazy\" decoding=\"async\" width=\"720\" height=\"540\" data-id=\"459\" src=\"https:\/\/hnwoodmachinery.com\/wp-content\/uploads\/2022\/09\/wood-chipper-0.webp\" alt=\"astilladora de madera\" class=\"wp-image-459\" title=\"astilladora de madera\"\/><figcaption class=\"wp-element-caption\">Astilladora de madera<\/figcaption><\/figure>    <figure class=\"wp-block-image size-large\"><img loading=\"lazy\" decoding=\"async\" width=\"720\" height=\"540\" data-id=\"458\" src=\"https:\/\/hnwoodmachinery.com\/wp-content\/uploads\/2022\/09\/wood-chipping-machine-0.webp\" alt=\"m\u00e1quina trituradora de madera\" class=\"wp-image-458\" title=\"m\u00e1quina trituradora de madera\"\/><figcaption class=\"wp-element-caption\">M\u00e1quina trituradora de madera<\/figcaption><\/figure> <\/figure>    <p>Una m\u00e1quina m\u00f3vil para fabricar astillas de madera presenta un dise\u00f1o compacto y eficiente, lo que la hace f\u00e1cil de operar. Ofrece una gran capacidad de producci\u00f3n, produce astillas de madera de alta calidad y consume poca energ\u00eda, lo que la convierte en la elecci\u00f3n perfecta para cualquiera que busque producir astillas de madera de primera calidad.<\/p>    <figure class=\"wp-block-gallery has-nested-images columns-default is-cropped wp-block-gallery-3 is-layout-flex wp-block-gallery-is-layout-flex\"> <figure class=\"wp-block-image size-large\"><img loading=\"lazy\" decoding=\"async\" width=\"720\" height=\"540\" data-id=\"1118\" src=\"https:\/\/hnwoodmachinery.com\/wp-content\/uploads\/2022\/07\/mobile-type-diesel-wood-chipper.webp\" alt=\"trituradora de madera diesel de tipo m\u00f3vil\" class=\"wp-image-1118\" title=\"\" srcset=\"https:\/\/hnwoodmachinery.com\/wp-content\/uploads\/2022\/07\/mobile-type-diesel-wood-chipper.webp 720w, https:\/\/hnwoodmachinery.com\/wp-content\/uploads\/2022\/07\/mobile-type-diesel-wood-chipper-300x225.webp 300w, https:\/\/hnwoodmachinery.com\/wp-content\/uploads\/2022\/07\/mobile-type-diesel-wood-chipper-16x12.webp 16w\" sizes=\"auto, (max-width: 720px) 100vw, 720px\" \/><figcaption class=\"wp-element-caption\">Trituradora de madera di\u00e9sel tipo m\u00f3vil<\/figcaption><\/figure>    <figure class=\"wp-block-image size-large\"><img loading=\"lazy\" decoding=\"async\" width=\"720\" height=\"540\" data-id=\"1117\" src=\"https:\/\/hnwoodmachinery.com\/wp-content\/uploads\/2022\/07\/disc-wood-chipper-with-wheels.webp\" alt=\"trituradora de madera peque\u00f1a con ruedas\" class=\"wp-image-1117\" title=\"\" srcset=\"https:\/\/hnwoodmachinery.com\/wp-content\/uploads\/2022\/07\/disc-wood-chipper-with-wheels.webp 720w, https:\/\/hnwoodmachinery.com\/wp-content\/uploads\/2022\/07\/disc-wood-chipper-with-wheels-300x225.webp 300w, https:\/\/hnwoodmachinery.com\/wp-content\/uploads\/2022\/07\/disc-wood-chipper-with-wheels-16x12.webp 16w\" sizes=\"auto, (max-width: 720px) 100vw, 720px\" \/><figcaption class=\"wp-element-caption\">Peque\u00f1a trituradora de madera con ruedas<\/figcaption><\/figure> <\/figure>    <h2 class=\"wp-block-heading\" id=\"h-structure-of-wood-chipper\">Estructura de la trituradora de madera tipo disco.<\/h2>    <p>La m\u00e1quina para fabricar astillas de madera consta de varios componentes clave, que incluyen un cortador, una cuchilla, una base de cojinete, una caja de cojinetes, cojinetes, una correa, una polea, un motor o motor di\u00e9sel, un eje grande y una carcasa. <\/p>    <p>La astilladora de disco permite realizar ajustes en la cuchilla de astillado, lo que permite la producci\u00f3n de astillas de madera en diversas especificaciones y espesores. Adem\u00e1s, la longitud de las astillas de madera se puede modificar dentro de un rango designado.<\/p>    <figure class=\"wp-block-gallery has-nested-images columns-default is-cropped wp-block-gallery-4 is-layout-flex wp-block-gallery-is-layout-flex\"> <figure class=\"wp-block-image size-large\"><img loading=\"lazy\" decoding=\"async\" width=\"720\" height=\"540\" data-id=\"462\" src=\"https:\/\/hnwoodmachinery.com\/wp-content\/uploads\/2022\/09\/blade-0.webp\" alt=\"cuchilla\" class=\"wp-image-462\" title=\"cuchilla\"\/><figcaption class=\"wp-element-caption\">Cuchilla<\/figcaption><\/figure>    <figure class=\"wp-block-image size-large\"><img loading=\"lazy\" decoding=\"async\" width=\"720\" height=\"540\" data-id=\"461\" src=\"https:\/\/hnwoodmachinery.com\/wp-content\/uploads\/2022\/09\/cut-head-0.webp\" alt=\"Cuchillas trituradoras\" class=\"wp-image-461\" title=\"cortar cabeza \"\/><figcaption class=\"wp-element-caption\">Cuchillas trituradoras<\/figcaption><\/figure> <\/figure>    <h2 class=\"wp-block-heading\" id=\"h-the-working-principle-of-the-wood-chipper-shredder\">Principio de funcionamiento de la trituradora de madera<\/h2>    <p>La m\u00e1quina para fabricar astillas de madera funciona seg\u00fan el principio de corte de una cuchilla. Cuando se arranca el motor o el motor di\u00e9sel, utiliza una transmisi\u00f3n por correa para impulsar el disco cortador montado en el eje, lo que hace que las cuchillas unidas al disco giren continuamente. <\/p>    <p>La madera se introduce en el puerto de alimentaci\u00f3n, donde el disco cortador giratorio y las cuchillas la cortan en astillas de madera, que luego salen por el puerto de descarga.<\/p>    <figure class=\"wp-block-embed aligncenter is-type-video is-provider-youtube wp-block-embed-youtube wp-embed-aspect-16-9 wp-has-aspect-ratio\"><div class=\"wp-block-embed__wrapper\"> <iframe loading=\"lazy\" title=\"Peque\u00f1a trituradora de madera eficiente: \u00a1Mire nuestra trituradora de disco compacto en acci\u00f3n! #trituradora de madera\" width=\"500\" height=\"281\" src=\"https:\/\/www.youtube.com\/embed\/cKdPj8JPIjY?feature=oembed\" frameborder=\"0\" allow=\"accelerometer; autoplay; clipboard-write; encrypted-media; gyroscope; picture-in-picture; web-share\" referrerpolicy=\"strict-origin-when-cross-origin\" allowfullscreen><\/iframe> <\/div><figcaption class=\"wp-element-caption\">Video de trabajo de la m\u00e1quina port\u00e1til para fabricar astillas de madera.<\/figcaption><\/figure>    <h2 class=\"wp-block-heading\" id=\"h-application-range-of-wood-chipper-machine\">Rango de aplicaci\u00f3n de la m\u00e1quina trituradora de madera.<\/h2>    <p class=\"translation-block\"><strong>Materiales aplicables<\/strong><\/p>    <p>Se pueden astillar materias primas peque\u00f1as y grandes, incluidos troncos, chapas de tableros, chapas, bamb\u00fa, ramas de madera, tallos de ma\u00edz, tallos de algod\u00f3n y ca\u00f1as.<\/p>    <p class=\"translation-block\"><strong>Aplicaci\u00f3n de productos terminados<\/strong><\/p>    <p class=\"translation-block\">Las astillas de madera procesadas se pueden utilizar para la fabricaci\u00f3n de <a href=\"https:\/\/en.wikipedia.org\/wiki\/Papermaking\" target=\"_blank\" rel=\"noopener\">papel<\/a>, la fabricaci\u00f3n de paneles y como combustible de biomasa para la generaci\u00f3n de energ\u00eda.<\/p>   <div class=\"wp-block-image\"> <figure class=\"aligncenter size-full\"><img loading=\"lazy\" decoding=\"async\" width=\"720\" height=\"540\" src=\"https:\/\/hnwoodmachinery.com\/wp-content\/uploads\/2022\/09\/using-scope-0.webp\" alt=\"Utilizando el alcance de la m\u00e1quina para fabricar astillas de madera.\" class=\"wp-image-464\" title=\"Utilizando el alcance de la m\u00e1quina para fabricar astillas de madera.\"\/><figcaption class=\"wp-element-caption\">Utilizando el alcance de la m\u00e1quina para fabricar astillas de madera.<\/figcaption><\/figure> <\/div>   <h2 class=\"wp-block-heading\">Ventajas de la trituradora de madera industrial<\/h2>    <ul class=\"wp-block-list\"> <li>El dise\u00f1o robusto de la m\u00e1quina permite un f\u00e1cil mantenimiento y sus piezas desgastadas se pueden reemplazar para garantizar una larga vida \u00fatil y una disponibilidad \u00f3ptima. <\/li>    <li>Las longitudes de las herramientas se pueden ajustar con tornillos antes de la instalaci\u00f3n, lo que garantiza longitudes precisas de las herramientas y facilita cambios de herramientas r\u00e1pidos y sencillos. <\/li>    <li>El conducto de alimentaci\u00f3n est\u00e1 soldado o atornillado a la carcasa de la rebanadora y cuenta con placas de desgaste reemplazables. <\/li>    <li>Viene con cuchillos que son f\u00e1cilmente ajustables y reemplazables.<\/li> <\/ul>    <h2 class=\"wp-block-heading\" id=\"h-parameters-of-the-wood-chipper-shredder\">Par\u00e1metros t\u00e9cnicos de la trituradora de madera<\/h2>    <figure class=\"wp-block-table is-style-stripes\"><table><tbody><tr><td>Modelo<\/td><td>Rendimiento(t)<\/td><td>Potencia de soporte (kilovatios)<\/td><td>Peso \u00fanico (kg)<\/td><td>Velocidad del husillo (r\/min)<\/td><td>N\u00famero de hoja<\/td><td>Tama\u00f1o de entrada de alimentaci\u00f3n (mm)<\/td><\/tr><tr><td>SL-400<\/td><td>1<\/td><td>7.5<\/td><td>160<\/td><td>650<\/td><td>3<\/td><td>150\u00d7150<\/td><\/tr><tr><td>SL-600<\/td><td>2<\/td><td>15<\/td><td>380<\/td><td>600<\/td><td>3<\/td><td>180\u00d7150<\/td><\/tr><tr><td>SL-800<\/td><td>5<\/td><td>30<\/td><td>520<\/td><td>550<\/td><td>4<\/td><td>200\u00d7200<\/td><\/tr><tr><td>SL-1000<\/td><td>8<\/td><td>37<\/td><td>950<\/td><td>550<\/td><td>4-6<\/td><td>230\u00d7250<\/td><\/tr><tr><td>SL-1200<\/td><td>12<\/td><td>75<\/td><td>2000<\/td><td>500<\/td><td>4-6<\/td><td>330\u00d7300<\/td><\/tr><tr><td>SL-1400<\/td><td>15-16<\/td><td>110<\/td><td>2800<\/td><td>500<\/td><td>4-6<\/td><td>400\u00d7400<\/td><\/tr><tr><td>SL-1600<\/td><td>20<\/td><td>132<\/td><td>4600<\/td><td>500<\/td><td>4-6<\/td><td>480\u00d7450<\/td><\/tr><tr><td>SL-1800<\/td><td>25<\/td><td>160<\/td><td>6500<\/td><td>500<\/td><td>4-6<\/td><td>550\u00d7550<\/td><\/tr><\/tbody><\/table><figcaption class=\"wp-element-caption\">Datos t\u00e9cnicos de la m\u00e1quina trituradora de madera.<\/figcaption><\/figure>    <h2 class=\"wp-block-heading\" id=\"h-maintenance-of-commercial-wood-chipping-machine\">Mantenimiento de m\u00e1quina trituradora de madera comercial.<\/h2>    <ul class=\"wp-block-list\"> <li>Antes de que la trituradora funcione, es fundamental llenarla con aceite lubricante para garantizar que la m\u00e1quina funcione sin problemas.<\/li>    <li>Adem\u00e1s, antes de poner en marcha la m\u00e1quina, es importante comprobar el desgaste de las piezas, as\u00ed como asegurarse de que todos los componentes est\u00e9n correctamente apretados.<\/li>    <li>La m\u00e1quina fabricadora de astillas de madera debe alimentarse de manera uniforme para mantener tanto la calidad del proceso de trituraci\u00f3n como el resultado. Est\u00e1 estrictamente prohibido sobrecargar la m\u00e1quina para garantizar su correcto funcionamiento.<\/li>    <li>Mientras usa la trituradora, evite alterar los ajustes de potencia y velocidad y mantenga un \u00e1ngulo constante para la cuchilla trituradora.<\/li> <\/ul>   <div class=\"wp-block-image\"> <figure class=\"aligncenter size-full\"><img loading=\"lazy\" decoding=\"async\" width=\"720\" height=\"540\" src=\"https:\/\/hnwoodmachinery.com\/wp-content\/uploads\/2022\/09\/commercial-wood-chipps-making-machine-0.webp\" alt=\"m\u00e1quina comercial para fabricar astillas de madera\" class=\"wp-image-466\" title=\"M\u00e1quina comercial para fabricar astillas de madera.\"\/><figcaption class=\"wp-element-caption\">m\u00e1quina comercial para fabricar astillas de madera<\/figcaption><\/figure> <\/div>   <p class=\"translation-block\">Adem\u00e1s de esta m\u00e1quina, nuestra f\u00e1brica tambi\u00e9n procesa astilladoras de madera de gran capacidad. Para m\u00e1s detalles, haga clic en <a href=\"https:\/\/hnwoodmachinery.com\/es\/product\/drum-wood-chipper\/\"><strong><em>M\u00e1quina astilladora de troncos de tambor para la fabricaci\u00f3n de astillas de madera comercial<\/em><\/strong><\/a>. Si est\u00e1 interesado, no dude en ponerse en contacto con nosotros para obtener m\u00e1s informaci\u00f3n y presupuestos de m\u00e1quinas. Esperamos cooperar con usted.<\/p>","protected":false},"excerpt":{"rendered":"<p>La m\u00e1quina para fabricar astillas de madera tipo disco crea astillas de madera que se adhieren a diferentes industrias. Puede utilizarse en diversas aplicaciones, incluidas paneles, aserraderos y producci\u00f3n de pulpa y papel. <\/p>","protected":false},"author":1,"featured_media":456,"parent":0,"template":"","tags":[36,35,40],"product-type":[9],"class_list":["post-94","product","type-product","status-publish","has-post-thumbnail","hentry","tag-log","tag-wood","tag-wood-chips","product-type-wood-chipper"],"_links":{"self":[{"href":"https:\/\/hnwoodmachinery.com\/es\/wp-json\/wp\/v2\/product\/94","targetHints":{"allow":["GET"]}}],"collection":[{"href":"https:\/\/hnwoodmachinery.com\/es\/wp-json\/wp\/v2\/product"}],"about":[{"href":"https:\/\/hnwoodmachinery.com\/es\/wp-json\/wp\/v2\/types\/product"}],"author":[{"embeddable":true,"href":"https:\/\/hnwoodmachinery.com\/es\/wp-json\/wp\/v2\/users\/1"}],"wp:featuredmedia":[{"embeddable":true,"href":"https:\/\/hnwoodmachinery.com\/es\/wp-json\/wp\/v2\/media\/456"}],"wp:attachment":[{"href":"https:\/\/hnwoodmachinery.com\/es\/wp-json\/wp\/v2\/media?parent=94"}],"wp:term":[{"taxonomy":"post_tag","embeddable":true,"href":"https:\/\/hnwoodmachinery.com\/es\/wp-json\/wp\/v2\/tags?post=94"},{"taxonomy":"product-type","embeddable":true,"href":"https:\/\/hnwoodmachinery.com\/es\/wp-json\/wp\/v2\/product-type?post=94"}],"curies":[{"name":"wp","href":"https:\/\/api.w.org\/{rel}","templated":true}]}}