{"id":832,"date":"2023-03-21T14:48:03","date_gmt":"2023-03-21T06:48:03","guid":{"rendered":"https:\/\/hnwoodmachinery.com\/?post_type=product&#038;p=832"},"modified":"2023-03-21T14:53:14","modified_gmt":"2023-03-21T06:53:14","slug":"wood-pellet-production-line","status":"publish","type":"product","link":"https:\/\/hnwoodmachinery.com\/es\/product\/wood-pellet-production-line\/","title":{"rendered":"L\u00ednea de producci\u00f3n de pellets de madera para combustible de biomasa."},"content":{"rendered":"<div class=\"kk-star-ratings kksr-auto kksr-align-left kksr-valign-top\"     data-payload='{&quot;align&quot;:&quot;left&quot;,&quot;id&quot;:&quot;832&quot;,&quot;slug&quot;:&quot;default&quot;,&quot;valign&quot;:&quot;top&quot;,&quot;ignore&quot;:&quot;&quot;,&quot;reference&quot;:&quot;auto&quot;,&quot;class&quot;:&quot;&quot;,&quot;count&quot;:&quot;24&quot;,&quot;legendonly&quot;:&quot;&quot;,&quot;readonly&quot;:&quot;&quot;,&quot;score&quot;:&quot;4.8&quot;,&quot;starsonly&quot;:&quot;&quot;,&quot;best&quot;:&quot;5&quot;,&quot;gap&quot;:&quot;5&quot;,&quot;greet&quot;:&quot;Rate this product&quot;,&quot;legend&quot;:&quot;4.8\\\/5 - (24 votos)&quot;,&quot;size&quot;:&quot;24&quot;,&quot;title&quot;:&quot;Wood pellet production line for biomass fuel&quot;,&quot;width&quot;:&quot;136.7&quot;,&quot;_legend&quot;:&quot;{score}\\\/{best} - ({count} {votes})&quot;,&quot;font_factor&quot;:&quot;1.25&quot;}'>              <div class=\"kksr-stars\">      <div class=\"kksr-stars-inactive\">             <div class=\"kksr-star\" data-star=\"1\" style=\"padding-right: 5px\">               <div class=\"kksr-icon\" style=\"width: 24px; height: 24px;\"><\/div>         <\/div>             <div class=\"kksr-star\" data-star=\"2\" style=\"padding-right: 5px\">               <div class=\"kksr-icon\" style=\"width: 24px; height: 24px;\"><\/div>         <\/div>             <div class=\"kksr-star\" data-star=\"3\" style=\"padding-right: 5px\">               <div class=\"kksr-icon\" style=\"width: 24px; height: 24px;\"><\/div>         <\/div>             <div class=\"kksr-star\" data-star=\"4\" style=\"padding-right: 5px\">               <div class=\"kksr-icon\" style=\"width: 24px; height: 24px;\"><\/div>         <\/div>             <div class=\"kksr-star\" data-star=\"5\" style=\"padding-right: 5px\">               <div class=\"kksr-icon\" style=\"width: 24px; height: 24px;\"><\/div>         <\/div>     <\/div>      <div class=\"kksr-stars-active\" style=\"width: 136.7px;\">             <div class=\"kksr-star\" style=\"padding-right: 5px\">               <div class=\"kksr-icon\" style=\"width: 24px; height: 24px;\"><\/div>         <\/div>             <div class=\"kksr-star\" style=\"padding-right: 5px\">               <div class=\"kksr-icon\" style=\"width: 24px; height: 24px;\"><\/div>         <\/div>             <div class=\"kksr-star\" style=\"padding-right: 5px\">               <div class=\"kksr-icon\" style=\"width: 24px; height: 24px;\"><\/div>         <\/div>             <div class=\"kksr-star\" style=\"padding-right: 5px\">               <div class=\"kksr-icon\" style=\"width: 24px; height: 24px;\"><\/div>         <\/div>             <div class=\"kksr-star\" style=\"padding-right: 5px\">               <div class=\"kksr-icon\" style=\"width: 24px; height: 24px;\"><\/div>         <\/div>     <\/div> <\/div>                   <div class=\"kksr-legend\" style=\"font-size: 19.2px;\">             4.8\/5 - (24 votos)    <\/div>     <\/div>  <p>L\u00ednea de producci\u00f3n de pellets de madera, combustible de biomasa.<\/p>    <p>La l\u00ednea de producci\u00f3n de pellets de virutas de madera est\u00e1 dedicada a la producci\u00f3n de pellets de virutas de madera para combustible de biomasa. Como nuevo tipo de combustible respetuoso con el medio ambiente, existe una demanda creciente de pellets de madera. Adem\u00e1s, los pellets de madera tienen un punto de ignici\u00f3n bajo, una alta densidad energ\u00e9tica y un tiempo de combusti\u00f3n prolongado. Por lo tanto, cada vez m\u00e1s personas invierten en la industria de producci\u00f3n de pellets de madera.<\/p>    <p>Como fabricante profesional de maquinaria para madera, Shuli puede brindarle asesoramiento profesional sobre l\u00edneas de producci\u00f3n. \u00a1No dudes en venir a nosotros para obtener m\u00e1s informaci\u00f3n!<\/p>    <h2 class=\"wp-block-heading\">\u00bfQu\u00e9 es una l\u00ednea de producci\u00f3n de pellets de madera?<\/h2>    <p>Aunque el equipamiento espec\u00edfico de cada l\u00ednea de producci\u00f3n de pellets de madera es diferente, las siguientes m\u00e1quinas son los equipos que se deben incluir en la l\u00ednea de producci\u00f3n.<\/p>    <ol class=\"wp-block-list\"> <li>Molino de martillos o trituradora. En general, la materia prima no cumple con los requisitos de tama\u00f1o para la fabricaci\u00f3n de pellets de madera. Por tanto, necesitamos un molino de martillos para procesar la materia prima al tama\u00f1o deseado.<\/li>    <li>Los secadores tambi\u00e9n son necesarios para la l\u00ednea. La secadora puede procesar las astillas de madera hasta el nivel adecuado de sequedad.<\/li>    <li>El peletizador de astillas de madera es el componente principal de la l\u00ednea de producci\u00f3n de pellets de astillas de madera. Procesa el material en pellets. Posteriormente se puede a\u00f1adir un refrigerador de pellets y una m\u00e1quina envasadora seg\u00fan las necesidades del cliente.<\/li>    <li>Para poder conectar y transportar el material a las distintas m\u00e1quinas. La l\u00ednea de producci\u00f3n incluir\u00e1 una cinta transportadora, lo que ahorra mucha mano de obra.<\/li> <\/ol>    <h2 class=\"wp-block-heading\">\u00bfCu\u00e1les son las materias primas que maneja la l\u00ednea de pellets de madera?<\/h2>    <p>La l\u00ednea de producci\u00f3n de pellets de astillas de madera puede procesar una amplia gama de materias primas como madera, c\u00e1scaras de man\u00ed, bagazo, paja, aserr\u00edn, c\u00e1scaras de caf\u00e9, paja, tallos de girasol, tallos de algod\u00f3n, desechos de tabaco, fibras de bamb\u00fa, c\u00e1scaras de palma, c\u00e1scaras de soja, c\u00e1scaras de coco, etc.<\/p>    <h2 class=\"wp-block-heading\">Aplicaci\u00f3n de pellets de virutas de madera.<\/h2>    <p>Generalmente se utilizan pellets de madera como combustible. Se puede utilizar en la producci\u00f3n industrial y agr\u00edcola, generaci\u00f3n de energ\u00eda, calefacci\u00f3n, calderas, cocina, etc. La energ\u00eda es respetuosa con el medio ambiente y limpia, y el bajo costo es el combustible ideal.<\/p>    <h2 class=\"wp-block-heading\">Tipos de l\u00edneas de producci\u00f3n de peletizadoras de virutas de madera de Shuri<\/h2>    <p>Producimos m\u00e1quinas de diferentes capacidades as\u00ed como diversas m\u00e1quinas auxiliares. Como cada cliente requiere un rendimiento y unas necesidades diferentes, proporcionaremos la l\u00ednea de pellets de madera adecuada para cada caso.<\/p>    <p>La mayor\u00eda de l\u00edneas de producci\u00f3n de pellets incluyen m\u00e1quinas como molinos de martillos o trituradoras, cintas transportadoras, secadoras, refrigeradores de pellets, envasadoras, etc.<\/p>    <h2 class=\"wp-block-heading\">Pasos de trabajo de una l\u00ednea de producci\u00f3n de pellets.<\/h2>    <ol class=\"wp-block-list\"> <li>Primero, la trituradora de madera o la trituradora de madera con martillo procesar\u00e1n primero la materia prima hasta obtener un tama\u00f1o adecuado. Tambi\u00e9n limpiar\u00e1 las impurezas de la materia prima.<\/li>    <li>Luego, el tambor o secador rotatorio procesa la materia prima. Esto asegura que la materia prima tenga el contenido de humedad correcto.<\/li>    <li>A continuaci\u00f3n, se le da forma a la materia prima a trav\u00e9s de los orificios del granulador.<\/li>    <li>Si necesita empacar los pellets de madera, necesitar\u00e1 usar un refrigerador para reducir la temperatura.<\/li> <\/ol>    <p>Finalmente, se utiliza una sencilla m\u00e1quina envasadora para envasar los pellets, lo que facilita el almacenamiento y transporte de los pellets.<\/p>    <h2 class=\"wp-block-heading\">\u00bfQu\u00e9 debo considerar al elegir un buen proveedor de l\u00edneas de producci\u00f3n de pellets de madera?<\/h2>    <ol class=\"wp-block-list\"> <li>La calidad de la m\u00e1quina. La calidad de la m\u00e1quina es algo que el cliente debe tener en cuenta, est\u00e1 relacionado con los costes de producci\u00f3n y mantenimiento del cliente. Nosotros, como fabricantes profesionales de maquinaria para madera, fabricamos m\u00e1quinas utilizando materiales de alta calidad.<\/li>    <li>Comentarios de los clientes. Un buen equipamiento se refleja en la valoraci\u00f3n del cliente. Nuestra l\u00ednea de producci\u00f3n de f\u00e1bricas de pellets de madera se vende a muchos pa\u00edses y ha recibido mucho amor de nuestros clientes.<\/li>    <li>Respuesta positiva. La recepci\u00f3n oportuna de comentarios del fabricante puede ayudar a los clientes a resolver los problemas encontrados en el uso de la m\u00e1quina de manera oportuna. El uso de la m\u00e1quina ser\u00e1 m\u00e1s c\u00f3modo.<\/li>    <li>Servicio completo. Adem\u00e1s de un buen servicio de compra, los clientes tambi\u00e9n deben considerar el servicio postventa brindado por la f\u00e1brica. Nuestra f\u00e1brica brindar\u00e1 a los clientes un a\u00f1o de servicios posventa y servicios en l\u00ednea de por vida. Tambi\u00e9n podemos contratar ingenieros para ayudar a los clientes a instalar y poner en marcha el equipo.<\/li> <\/ol>    <h2 class=\"wp-block-heading\">\u00bfCu\u00e1l es el costo de una l\u00ednea de producci\u00f3n de pellets de pienso?<\/h2>    <p>El precio de una l\u00ednea de producci\u00f3n de pellets de madera variar\u00e1 dependiendo del tama\u00f1o de la m\u00e1quina, el n\u00famero de m\u00e1quinas auxiliares, los componentes incluidos y otros factores. Como planta, recomendaremos la l\u00ednea de producci\u00f3n de pellets de madera adecuada para los diferentes presupuestos y necesidades de nuestros clientes. Se recomienda la combinaci\u00f3n de l\u00edneas m\u00e1s rentable dentro del presupuesto del cliente.<\/p>","protected":false},"excerpt":{"rendered":"<p>wood pellet production line biomass fuel The wood chip pellet mill production line is dedicated to the production of biomass fuel wood chip pellets. As a new type of environmentally friendly fuel, there is an increasing demand for wood pellets. In addition, wood pellets have a low ignition point, a high energy density, and a [&hellip;]<\/p>\n","protected":false},"author":1,"featured_media":833,"parent":0,"template":"","tags":[],"product-type":[32],"class_list":["post-832","product","type-product","status-publish","has-post-thumbnail","hentry","product-type-production-line"],"_links":{"self":[{"href":"https:\/\/hnwoodmachinery.com\/es\/wp-json\/wp\/v2\/product\/832","targetHints":{"allow":["GET"]}}],"collection":[{"href":"https:\/\/hnwoodmachinery.com\/es\/wp-json\/wp\/v2\/product"}],"about":[{"href":"https:\/\/hnwoodmachinery.com\/es\/wp-json\/wp\/v2\/types\/product"}],"author":[{"embeddable":true,"href":"https:\/\/hnwoodmachinery.com\/es\/wp-json\/wp\/v2\/users\/1"}],"wp:featuredmedia":[{"embeddable":true,"href":"https:\/\/hnwoodmachinery.com\/es\/wp-json\/wp\/v2\/media\/833"}],"wp:attachment":[{"href":"https:\/\/hnwoodmachinery.com\/es\/wp-json\/wp\/v2\/media?parent=832"}],"wp:term":[{"taxonomy":"post_tag","embeddable":true,"href":"https:\/\/hnwoodmachinery.com\/es\/wp-json\/wp\/v2\/tags?post=832"},{"taxonomy":"product-type","embeddable":true,"href":"https:\/\/hnwoodmachinery.com\/es\/wp-json\/wp\/v2\/product-type?post=832"}],"curies":[{"name":"wp","href":"https:\/\/api.w.org\/{rel}","templated":true}]}}