{"id":745,"date":"2022-11-18T18:15:24","date_gmt":"2022-11-18T10:15:24","guid":{"rendered":"https:\/\/hnwoodmachinery.com\/?post_type=product&#038;p=745"},"modified":"2024-10-16T18:04:01","modified_gmt":"2024-10-16T10:04:01","slug":"wood-pellet-making-machine","status":"publish","type":"product","link":"https:\/\/hnwoodmachinery.com\/es\/product\/wood-pellet-making-machine\/","title":{"rendered":"M\u00e1quina para fabricar pellets de madera, molino de pellets con matriz de anillo a la venta"},"content":{"rendered":"<div class=\"kk-star-ratings kksr-auto kksr-align-left kksr-valign-top\"     data-payload='{&quot;align&quot;:&quot;left&quot;,&quot;id&quot;:&quot;745&quot;,&quot;slug&quot;:&quot;default&quot;,&quot;valign&quot;:&quot;top&quot;,&quot;ignore&quot;:&quot;&quot;,&quot;reference&quot;:&quot;auto&quot;,&quot;class&quot;:&quot;&quot;,&quot;count&quot;:&quot;88&quot;,&quot;legendonly&quot;:&quot;&quot;,&quot;readonly&quot;:&quot;&quot;,&quot;score&quot;:&quot;4.8&quot;,&quot;starsonly&quot;:&quot;&quot;,&quot;best&quot;:&quot;5&quot;,&quot;gap&quot;:&quot;5&quot;,&quot;greet&quot;:&quot;Rate this product&quot;,&quot;legend&quot;:&quot;4.8\\\/5 - (88 votos)&quot;,&quot;size&quot;:&quot;24&quot;,&quot;title&quot;:&quot;Wood Pellet Making Machine Ring Die Pellet Mill For Sale&quot;,&quot;width&quot;:&quot;136.7&quot;,&quot;_legend&quot;:&quot;{score}\\\/{best} - ({count} {votes})&quot;,&quot;font_factor&quot;:&quot;1.25&quot;}'>              <div class=\"kksr-stars\">      <div class=\"kksr-stars-inactive\">             <div class=\"kksr-star\" data-star=\"1\" style=\"padding-right: 5px\">               <div class=\"kksr-icon\" style=\"width: 24px; height: 24px;\"><\/div>         <\/div>             <div class=\"kksr-star\" data-star=\"2\" style=\"padding-right: 5px\">               <div class=\"kksr-icon\" style=\"width: 24px; height: 24px;\"><\/div>         <\/div>             <div class=\"kksr-star\" data-star=\"3\" style=\"padding-right: 5px\">               <div class=\"kksr-icon\" style=\"width: 24px; height: 24px;\"><\/div>         <\/div>             <div class=\"kksr-star\" data-star=\"4\" style=\"padding-right: 5px\">               <div class=\"kksr-icon\" style=\"width: 24px; height: 24px;\"><\/div>         <\/div>             <div class=\"kksr-star\" data-star=\"5\" style=\"padding-right: 5px\">               <div class=\"kksr-icon\" style=\"width: 24px; height: 24px;\"><\/div>         <\/div>     <\/div>      <div class=\"kksr-stars-active\" style=\"width: 136.7px;\">             <div class=\"kksr-star\" style=\"padding-right: 5px\">               <div class=\"kksr-icon\" style=\"width: 24px; height: 24px;\"><\/div>         <\/div>             <div class=\"kksr-star\" style=\"padding-right: 5px\">               <div class=\"kksr-icon\" style=\"width: 24px; height: 24px;\"><\/div>         <\/div>             <div class=\"kksr-star\" style=\"padding-right: 5px\">               <div class=\"kksr-icon\" style=\"width: 24px; height: 24px;\"><\/div>         <\/div>             <div class=\"kksr-star\" style=\"padding-right: 5px\">               <div class=\"kksr-icon\" style=\"width: 24px; height: 24px;\"><\/div>         <\/div>             <div class=\"kksr-star\" style=\"padding-right: 5px\">               <div class=\"kksr-icon\" style=\"width: 24px; height: 24px;\"><\/div>         <\/div>     <\/div> <\/div>                   <div class=\"kksr-legend\" style=\"font-size: 19.2px;\">             4.8\/5 - (88 votos)    <\/div>     <\/div>  <p>La m\u00e1quina para fabricar pellets de madera es un dispositivo que transforma diferentes tipos de madera triturada, paja vegetal, c\u00e1scaras de plantas y escoria en pellets de biocombustible. La peletizadora de matriz anular puede producir hasta 4000 kg\/h y a menudo se utiliza para producci\u00f3n a gran escala. Los gr\u00e1nulos de combustible renovable que crea son suaves y densos, lo que los convierte en la mejor opci\u00f3n para muchos usuarios.<\/p>    <figure class=\"wp-block-embed aligncenter is-type-video is-provider-youtube wp-block-embed-youtube wp-embed-aspect-16-9 wp-has-aspect-ratio\"><div class=\"wp-block-embed__wrapper\"> <iframe loading=\"lazy\" title=\"M\u00e1quina de pellets de madera para biomasa: producci\u00f3n eficiente de combustible para energ\u00edas renovables#biomasspelletmachine\" width=\"500\" height=\"281\" src=\"https:\/\/www.youtube.com\/embed\/Tn22Pr5sojQ?feature=oembed\" frameborder=\"0\" allow=\"accelerometer; autoplay; clipboard-write; encrypted-media; gyroscope; picture-in-picture; web-share\" referrerpolicy=\"strict-origin-when-cross-origin\" allowfullscreen><\/iframe> <\/div><figcaption class=\"wp-element-caption\">Video de trabajo de la m\u00e1quina para fabricar pellets de madera.<\/figcaption><\/figure>    <p>Shuliy ofrece una variedad de m\u00e1quinas para fabricar pellets de madera, cada una con diferentes capacidades de producci\u00f3n. Los clientes pueden elegir entre varios modelos seg\u00fan sus necesidades. Adem\u00e1s de estas m\u00e1quinas, tambi\u00e9n ofrecemos m\u00e1quinas peletizadoras de madera m\u00e1s peque\u00f1as para aquellos con menores requisitos de producci\u00f3n. <\/p>    <p>Nuestro objetivo es recomendar las m\u00e1quinas m\u00e1s adecuadas adaptadas a las necesidades espec\u00edficas de nuestros clientes. Para mejorar la conveniencia y la eficiencia, tambi\u00e9n suministramos m\u00e1quinas de alimentaci\u00f3n y cintas transportadoras, lo que permite una operaci\u00f3n continua y sin interrupciones.<\/p>    <figure class=\"wp-block-gallery has-nested-images columns-default is-cropped wp-block-gallery-2 is-layout-flex wp-block-gallery-is-layout-flex\"> <figure class=\"wp-block-image size-large\"><img loading=\"lazy\" decoding=\"async\" width=\"720\" height=\"540\" data-id=\"753\" src=\"https:\/\/hnwoodmachinery.com\/wp-content\/uploads\/2022\/11\/wood-pellet-making-machine-2-1.webp\" alt=\" m\u00e1quina para fabricar pellets de madera \" class=\"wp-image-753\" title=\" m\u00e1quina para fabricar pellets de madera \"\/><figcaption class=\"wp-element-caption\"> M\u00e1quina para fabricar pellets de madera <\/figcaption><\/figure>    <figure class=\"wp-block-image size-large\"><img loading=\"lazy\" decoding=\"async\" width=\"720\" height=\"540\" data-id=\"754\" src=\"https:\/\/hnwoodmachinery.com\/wp-content\/uploads\/2022\/11\/420-sawdust-pellet-machine-.jpg\" alt=\"peletizadora de aserr\u00edn 420\" class=\"wp-image-754\" title=\"peletizadora de aserr\u00edn 420\"\/><figcaption class=\"wp-element-caption\">M\u00e1quina de pellets de aserr\u00edn 420<\/figcaption><\/figure> <\/figure>    <h2 class=\"wp-block-heading\">Materias primas para la m\u00e1quina para fabricar pellets de madera.<\/h2>    <p>La f\u00e1brica de pellets de madera es capaz de procesar una variedad de materiales, centr\u00e1ndose principalmente en productos de madera como virutas, aserr\u00edn, ramas y troncos. <\/p>    <p>Adem\u00e1s, tambi\u00e9n puede manipular otras materias primas como fibra de palma, bagazo, c\u00e1scaras de man\u00ed, tallos de ma\u00edz, paja de trigo y numerosos desechos agr\u00edcolas. Estos materiales est\u00e1n f\u00e1cilmente disponibles, son rentables y pueden transformarse en gr\u00e1nulos de biomasa para diversas aplicaciones.<\/p>    <h2 class=\"wp-block-heading\">Uso de pellets de madera terminados.<\/h2>    <p>Los pellets de biomasa se utilizan principalmente en plantas de energ\u00eda de biomasa, calderas de biomasa, calefacci\u00f3n dom\u00e9stica y diversas aplicaciones industriales. Por lo tanto, invertir en el sector de combustibles de biomasa para establecer instalaciones de producci\u00f3n de pellets presenta un importante potencial de mercado.<\/p>    <figure class=\"wp-block-gallery has-nested-images columns-default is-cropped wp-block-gallery-3 is-layout-flex wp-block-gallery-is-layout-flex\"> <figure class=\"wp-block-image size-large\"><img loading=\"lazy\" decoding=\"async\" width=\"720\" height=\"540\" data-id=\"748\" src=\"https:\/\/hnwoodmachinery.com\/wp-content\/uploads\/2022\/11\/raw-material-of-the-wood-pellet-mill-.webp\" alt=\"materia prima de la f\u00e1brica de pellets de madera\" class=\"wp-image-748\" title=\"\"><figcaption class=\"wp-element-caption\">Materia prima de la f\u00e1brica de pellets de madera<\/figcaption><\/figure>    <figure class=\"wp-block-image size-large\"><img loading=\"lazy\" decoding=\"async\" width=\"720\" height=\"540\" data-id=\"749\" src=\"https:\/\/hnwoodmachinery.com\/wp-content\/uploads\/2022\/11\/finished-wood-pellets-.jpg\" alt=\"pellets de madera acabados\" class=\"wp-image-749\" title=\"\"><figcaption class=\"wp-element-caption\">Pellets de madera terminados<\/figcaption><\/figure> <\/figure>    <h2 class=\"wp-block-heading\">Estructura de la m\u00e1quina peletizadora de biomasa de madera.<\/h2>    <p>La m\u00e1quina fabricadora de pellets de madera consta de varios componentes clave, incluido el puerto de alimentaci\u00f3n, el cilindro de alimentaci\u00f3n, la ventana de observaci\u00f3n, la placa de cubierta, el motor, la cubierta antipolvo, el puerto de descarga, la caja de cambios y m\u00e1s. Su dise\u00f1o general es eficiente, requiere un espacio m\u00ednimo y al mismo tiempo es robusto, duradero y resistente al desgaste.<\/p>    <h2 class=\"wp-block-heading\">\u00bfC\u00f3mo funciona la extrusora de pellets de madera?<\/h2>   <div id=\"rank-math-howto\" class=\"rank-math-block\" > <div class=\"rank-math-howto-description\">  <\/div>  <div class=\"rank-math-steps\"> <div id=\"howto-step-1729071773263\" class=\"rank-math-step\"> <div class=\"rank-math-step-content\"><p>La materia prima se introduce en la peletizadora a trav\u00e9s de un alimentador de tornillo, que luego la dirige al acondicionador. En esta etapa, se agrega un adherente para ayudar a unir las part\u00edculas, facilitando la formaci\u00f3n de gr\u00e1nulos densos y s\u00f3lidos.<\/p> <\/div> <\/div> <div id=\"howto-step-1729071784026\" class=\"rank-math-step\"> <div class=\"rank-math-step-content\"><p>Despu\u00e9s del acondicionamiento, la materia prima pasa a la zona de peletizaci\u00f3n. Esta secci\u00f3n presenta una matriz en forma de anillo, raz\u00f3n por la cual este equipo de fabricaci\u00f3n de pellets de biomasa se conoce como f\u00e1brica de pellets con matriz anular. Dentro de la matriz anular hay de dos a cuatro rodillos. Cuando la materia prima ingresa a esta c\u00e1mara, la fuerza centr\u00edfuga la empuja contra la superficie interna del anillo. Normalmente, tanto el rodillo como el anillo giran, comprimiendo la materia prima entre sus superficies.<\/p> <\/div> <\/div> <div id=\"howto-step-1729071790244\" class=\"rank-math-step\"> <div class=\"rank-math-step-content\"><p>La materia prima comprimida sale a trav\u00e9s de los orificios de la matriz anular y emerge en forma de barras. Luego, una cortadora similar a un cuchillo corta estas barras para producir gr\u00e1nulos del tama\u00f1o deseado, lo que permite ajustar la longitud de los gr\u00e1nulos seg\u00fan los requisitos espec\u00edficos.<\/p> <\/div> <\/div> <\/div> <\/div>       <figure class=\"wp-block-embed aligncenter is-type-video is-provider-youtube wp-block-embed-youtube wp-embed-aspect-16-9 wp-has-aspect-ratio\"><div class=\"wp-block-embed__wrapper\"> <iframe loading=\"lazy\" title=\"\u00a1M\u00e1quina para fabricar pellets de madera de biomasa de alta capacidad! M\u00e1quina de pellets de aserr\u00edn \u4e28fabricante de pellets de madera\" width=\"500\" height=\"281\" src=\"https:\/\/www.youtube.com\/embed\/Lz747NqZSl4?feature=oembed\" frameborder=\"0\" allow=\"accelerometer; autoplay; clipboard-write; encrypted-media; gyroscope; picture-in-picture; web-share\" referrerpolicy=\"strict-origin-when-cross-origin\" allowfullscreen><\/iframe> <\/div><figcaption class=\"wp-element-caption\">Principio de funcionamiento de la f\u00e1brica de pellets de biomasa con matriz anular<\/figcaption><\/figure>    <h2 class=\"wp-block-heading\">Par\u00e1metros del fabricante de pellets de madera<\/h2>    <figure class=\"wp-block-table is-style-stripes\"><table><tbody><tr><td>Modelo<\/td><td>YGKJ380<\/td><td>YGKJ450<\/td><td>YGKJ560A<\/td><td>YGKJ560B<\/td><td>YGKJ560C<\/td><td>YGKJ700<\/td><td>YGKJ880<\/td><\/tr><tr><td>Capacidad (t\/h)&nbsp;<\/td><td>0.2-0.3<\/td><td>0.6-0.8<\/td><td>1-1.3<\/td><td>1.2-1.5<\/td><td>1.2-1.5<\/td><td>2-2.5&nbsp;<\/td><td>3-4&nbsp;<\/td><\/tr><tr><td>Potencia (kilovatios)<\/td><td>22+0.75<\/td><td>55+1.5+ 1.1+0.37+ 0.55<\/td><td>90+1.5+ 1.5+0.55+ 0.37<\/td><td>90+1.5+ 1.5+0.55+ 0.37<\/td><td>90+1.5+ 1.5+0.55+ 0.37<\/td><td>160+2.2+ 0.37+0.75 +1.5<\/td><td>220+3+0.5 5+2.2+1.1<\/td><\/tr><\/tbody><\/table><figcaption class=\"wp-element-caption\">Par\u00e1metro del fabricante de pellets de madera<\/figcaption><\/figure>    <h2 class=\"wp-block-heading\">\u00bfPor qu\u00e9 la f\u00e1brica de pellets con matriz anular es popular entre los inversores?<\/h2>    <ul class=\"wp-block-list\"> <li>Nuestra m\u00e1quina fabricadora de pellets de madera presenta un dise\u00f1o sencillo, es altamente adaptable, ocupa un espacio peque\u00f1o y funciona con un ruido m\u00ednimo.<\/li>    <li>Las fuentes de energ\u00eda tradicionales est\u00e1n luchando por mantenerse al d\u00eda con las demandas del mercado global, lo que hace que el combustible de pellets de biomasa sea una alternativa viable al carb\u00f3n.<\/li>    <li>El pienso en polvo y el polvo de hierba se pueden granular sin necesidad de a\u00f1adir l\u00edquido. Como resultado, el contenido de humedad del pienso granulado sigue siendo muy bajo, lo que facilita su almacenamiento.<\/li>    <li>Las materias primas para una m\u00e1quina peletizadora con matriz anular incluyen principalmente paja de cultivo y materiales similares. Estos insumos son econ\u00f3micos, lo que resulta en un bajo costo por tonelada. Adem\u00e1s, la m\u00e1quina cuenta con un alto rendimiento de procesamiento. Dada la importante demanda del mercado, esta industria resulta bastante rentable.<\/li> <\/ul>   <div class=\"wp-block-image\"> <figure class=\"aligncenter size-full\"><img loading=\"lazy\" decoding=\"async\" width=\"720\" height=\"540\" src=\"https:\/\/hnwoodmachinery.com\/wp-content\/uploads\/2022\/11\/wood-pellet-maker-.webp\" alt=\"fabricante de pellets de madera\" class=\"wp-image-750\" title=\"fabricante de pellets de madera\"\/><figcaption class=\"wp-element-caption\">fabricante de pellets de madera<\/figcaption><\/figure> <\/div>   <h2 class=\"wp-block-heading\">Diferencias y sugerencias entre las peletizadoras de matriz anular y de matriz plana.<\/h2>    <p class=\"translation-block\">Existen dos tipos generales de prensas de pellets de biomasa. Adem\u00e1s de esta m\u00e1quina, el otro tipo se llama <strong><em><a href=\"https:\/\/hnwoodmachinery.com\/es\/product\/biomass-pellet-machine\/\">prensa de pellets de matriz plana<\/a><\/em><\/strong>. Ambas tienen dise\u00f1os, principios de funcionamiento, capacidades de producci\u00f3n, etc. diferentes. Pero tienen la misma funci\u00f3n: la producci\u00f3n de pellets de biomasa.<\/p>    <ol class=\"wp-block-list\"> <li>La producci\u00f3n de una m\u00e1quina de pellets de matriz plana es t\u00edpicamente entre 1.5 y 3 kg, mientras que las m\u00e1quinas de fabricaci\u00f3n de pellets pueden producir de 0.2 a 0.3 toneladas. Por lo tanto, si buscas una mayor producci\u00f3n, es recomendable optar por una m\u00e1quina de pellets de matriz anular.<\/li>    <li>Hay diferentes m\u00e9todos de alimentaci\u00f3n a considerar. En una peletizadora de matriz plana, el material ingresa verticalmente a la c\u00e1mara de prensado debido a su peso. Por el contrario, la m\u00e1quina de fabricaci\u00f3n de pellets de madera utiliza un comedero curvo que rueda y comprime el alimento.<\/li>    <li>Cuando se trata de acabado de part\u00edculas y relaci\u00f3n de compresi\u00f3n, el granulador de matriz anular ofrece un rango ajustable m\u00e1s amplio en comparaci\u00f3n con la m\u00e1quina peletizadora de matriz plana. Los gr\u00e1nulos producidos por la m\u00e1quina de matriz anular tienden a tener un acabado m\u00e1s suave que los de la m\u00e1quina de matriz plana. Si tiene requisitos espec\u00edficos para la relaci\u00f3n de compresi\u00f3n y la apariencia de los productos granulados, junto con la necesidad de un mayor rendimiento, una m\u00e1quina fabricadora de pellets de madera ser\u00eda la mejor opci\u00f3n.<\/li> <\/ol>    <figure class=\"wp-block-gallery has-nested-images columns-default is-cropped wp-block-gallery-4 is-layout-flex wp-block-gallery-is-layout-flex\"> <figure class=\"wp-block-image size-large\"><img loading=\"lazy\" decoding=\"async\" width=\"720\" height=\"540\" data-id=\"751\" src=\"https:\/\/hnwoodmachinery.com\/wp-content\/uploads\/2022\/11\/wood-pellet-making-machine-1-.webp\" alt=\"m\u00e1quina para fabricar pellets de madera \" class=\"wp-image-751\" title=\"m\u00e1quina para fabricar pellets de madera \"\/><figcaption class=\"wp-element-caption\">M\u00e1quina para fabricar pellets de madera <\/figcaption><\/figure>    <figure class=\"wp-block-image size-large\"><img loading=\"lazy\" decoding=\"async\" width=\"720\" height=\"540\" data-id=\"752\" src=\"https:\/\/hnwoodmachinery.com\/wp-content\/uploads\/2022\/11\/flat-die-pellet-machine-.webp\" alt=\"m\u00e1quina de pellets de matriz plana\" class=\"wp-image-752\" title=\"m\u00e1quina de pellets de matriz plana\"\/><figcaption class=\"wp-element-caption\">M\u00e1quina de pellets de matriz plana<\/figcaption><\/figure> <\/figure>    <h2 class=\"wp-block-heading\">\u00bfPor qu\u00e9 elegir el molino de pellets de madera de Shuliy Machinery?<\/h2>    <p class=\"translation-block\">Nuestra prensa de pellets de biomasa es muy popular. Y muchas f\u00e1bricas de pellets de biomasa en el pa\u00eds y en el extranjero han elegido nuestra m\u00e1quina. Ahora nuestras m\u00e1quinas se han vendido a <a href=\"https:\/\/en.wikipedia.org\/wiki\/Uganda\" target=\"_blank\" rel=\"noopener\">Uganda<\/a>, Filipinas, Senegal, Malasia, M\u00e9xico, Australia y otros pa\u00edses.<\/p>    <ul class=\"wp-block-list\"> <li>Shuliy es un fabricante especializado de maquinaria para madera que aporta a\u00f1os de experiencia a la industria.<\/li>    <li>Nos especializamos en dise\u00f1ar y personalizar maquinaria \u00fanica dise\u00f1ada para satisfacer los requisitos espec\u00edficos de nuestra diversa clientela.<\/li>    <li>Nuestro dedicado equipo de servicio de ventas est\u00e1 disponible para brindar asistencia profesional a los clientes tanto en l\u00ednea como fuera de l\u00ednea.<\/li>    <li>Los clientes pueden realizar pagos en l\u00ednea c\u00f3modamente y controlar su log\u00edstica, lo que garantiza una experiencia de compra segura.<\/li>    <li>Todos los componentes de nuestras m\u00e1quinas est\u00e1n fabricados con materiales resistentes al desgaste y de alta calidad que normalmente se utilizan en maquinaria pesada.<\/li> <\/ul>   <div class=\"wp-block-image\"> <figure class=\"aligncenter size-full is-resized\"><img loading=\"lazy\" decoding=\"async\" width=\"720\" height=\"540\" src=\"https:\/\/hnwoodmachinery.com\/wp-content\/uploads\/2022\/11\/wood-pellet-mill-1-1.webp\" alt=\"molino de pellets de madera\" class=\"wp-image-756\" style=\"width:720px;height:auto\" title=\"molino de pellets de madera\"\/><figcaption class=\"wp-element-caption\">L\u00ednea de producci\u00f3n de f\u00e1brica de pellets de madera.<\/figcaption><\/figure> <\/div>   <p>Despu\u00e9s de examinar los costos y ganancias asociados con la industria de procesamiento de pellets de biomasa, queda claro que el potencial de inversi\u00f3n para la m\u00e1quina de pellets con matriz anular es bastante significativo y que sigue existiendo un margen de beneficio saludable. Si desea unirse a la industria de procesamiento de pellets de biomasa o necesita comprar una m\u00e1quina de pellets con matriz anular, puede contactarnos en cualquier momento.<\/p>","protected":false},"excerpt":{"rendered":"<p>La m\u00e1quina para fabricar pellets de madera es un dispositivo que transforma diferentes tipos de madera triturada, paja vegetal, c\u00e1scaras de plantas y escoria en pellets de biocombustible. Puede producir hasta 4000 kg\/h.<\/p>","protected":false},"author":1,"featured_media":746,"parent":0,"template":"","tags":[46,44,37,35,39],"product-type":[31],"class_list":["post-745","product","type-product","status-publish","has-post-thumbnail","hentry","tag-biomass","tag-biomass-pellet","tag-sawdust","tag-wood","tag-wood-pallet","product-type-wood-pellet-machine"],"_links":{"self":[{"href":"https:\/\/hnwoodmachinery.com\/es\/wp-json\/wp\/v2\/product\/745","targetHints":{"allow":["GET"]}}],"collection":[{"href":"https:\/\/hnwoodmachinery.com\/es\/wp-json\/wp\/v2\/product"}],"about":[{"href":"https:\/\/hnwoodmachinery.com\/es\/wp-json\/wp\/v2\/types\/product"}],"author":[{"embeddable":true,"href":"https:\/\/hnwoodmachinery.com\/es\/wp-json\/wp\/v2\/users\/1"}],"wp:featuredmedia":[{"embeddable":true,"href":"https:\/\/hnwoodmachinery.com\/es\/wp-json\/wp\/v2\/media\/746"}],"wp:attachment":[{"href":"https:\/\/hnwoodmachinery.com\/es\/wp-json\/wp\/v2\/media?parent=745"}],"wp:term":[{"taxonomy":"post_tag","embeddable":true,"href":"https:\/\/hnwoodmachinery.com\/es\/wp-json\/wp\/v2\/tags?post=745"},{"taxonomy":"product-type","embeddable":true,"href":"https:\/\/hnwoodmachinery.com\/es\/wp-json\/wp\/v2\/product-type?post=745"}],"curies":[{"name":"wp","href":"https:\/\/api.w.org\/{rel}","templated":true}]}}