{"id":730,"date":"2022-11-15T17:29:27","date_gmt":"2022-11-15T09:29:27","guid":{"rendered":"https:\/\/hnwoodmachinery.com\/?post_type=product&#038;p=730"},"modified":"2024-10-11T18:04:27","modified_gmt":"2024-10-11T10:04:27","slug":"biomass-pellet-machine","status":"publish","type":"product","link":"https:\/\/hnwoodmachinery.com\/es\/product\/biomass-pellet-machine\/","title":{"rendered":"M\u00e1quina de pellets de biomasa Molino de pellets de madera de matriz plana a la venta"},"content":{"rendered":"<div class=\"kk-star-ratings kksr-auto kksr-align-left kksr-valign-top\"     data-payload='{&quot;align&quot;:&quot;left&quot;,&quot;id&quot;:&quot;730&quot;,&quot;slug&quot;:&quot;default&quot;,&quot;valign&quot;:&quot;top&quot;,&quot;ignore&quot;:&quot;&quot;,&quot;reference&quot;:&quot;auto&quot;,&quot;class&quot;:&quot;&quot;,&quot;count&quot;:&quot;96&quot;,&quot;legendonly&quot;:&quot;&quot;,&quot;readonly&quot;:&quot;&quot;,&quot;score&quot;:&quot;4.8&quot;,&quot;starsonly&quot;:&quot;&quot;,&quot;best&quot;:&quot;5&quot;,&quot;gap&quot;:&quot;5&quot;,&quot;greet&quot;:&quot;Rate this product&quot;,&quot;legend&quot;:&quot;4.8\\\/5 - (96 votos)&quot;,&quot;size&quot;:&quot;24&quot;,&quot;title&quot;:&quot;Biomass Pellet Machine Flat Die Wood Pellet Mill For Sale&quot;,&quot;width&quot;:&quot;136.7&quot;,&quot;_legend&quot;:&quot;{score}\\\/{best} - ({count} {votes})&quot;,&quot;font_factor&quot;:&quot;1.25&quot;}'>              <div class=\"kksr-stars\">      <div class=\"kksr-stars-inactive\">             <div class=\"kksr-star\" data-star=\"1\" style=\"padding-right: 5px\">               <div class=\"kksr-icon\" style=\"width: 24px; height: 24px;\"><\/div>         <\/div>             <div class=\"kksr-star\" data-star=\"2\" style=\"padding-right: 5px\">               <div class=\"kksr-icon\" style=\"width: 24px; height: 24px;\"><\/div>         <\/div>             <div class=\"kksr-star\" data-star=\"3\" style=\"padding-right: 5px\">               <div class=\"kksr-icon\" style=\"width: 24px; height: 24px;\"><\/div>         <\/div>             <div class=\"kksr-star\" data-star=\"4\" style=\"padding-right: 5px\">               <div class=\"kksr-icon\" style=\"width: 24px; height: 24px;\"><\/div>         <\/div>             <div class=\"kksr-star\" data-star=\"5\" style=\"padding-right: 5px\">               <div class=\"kksr-icon\" style=\"width: 24px; height: 24px;\"><\/div>         <\/div>     <\/div>      <div class=\"kksr-stars-active\" style=\"width: 136.7px;\">             <div class=\"kksr-star\" style=\"padding-right: 5px\">               <div class=\"kksr-icon\" style=\"width: 24px; height: 24px;\"><\/div>         <\/div>             <div class=\"kksr-star\" style=\"padding-right: 5px\">               <div class=\"kksr-icon\" style=\"width: 24px; height: 24px;\"><\/div>         <\/div>             <div class=\"kksr-star\" style=\"padding-right: 5px\">               <div class=\"kksr-icon\" style=\"width: 24px; height: 24px;\"><\/div>         <\/div>             <div class=\"kksr-star\" style=\"padding-right: 5px\">               <div class=\"kksr-icon\" style=\"width: 24px; height: 24px;\"><\/div>         <\/div>             <div class=\"kksr-star\" style=\"padding-right: 5px\">               <div class=\"kksr-icon\" style=\"width: 24px; height: 24px;\"><\/div>         <\/div>     <\/div> <\/div>                   <div class=\"kksr-legend\" style=\"font-size: 19.2px;\">             4.8\/5 - (96 votos)    <\/div>     <\/div>  <p>Nuestra m\u00e1quina de pellets de biomasa de matriz plana es capaz de producir pellets de madera a partir de varios materiales como aserr\u00edn, papel reciclado, hierba, hojas y otros tipos de biomasa. Se utiliza com\u00fanmente en hogares, peque\u00f1as granjas y talleres. <\/p>    <p>Los gr\u00e1nulos creados pueden alcanzar longitudes de hasta 3 cm y son adecuados para aplicaciones como calefacci\u00f3n dom\u00e9stica, cocina y lecho para animales. Ofrecemos una gama de modelos de m\u00e1quinas para elegir, con capacidades de producci\u00f3n de hasta 700 kg\/h.<\/p>    <figure class=\"wp-block-embed aligncenter is-type-video is-provider-youtube wp-block-embed-youtube wp-embed-aspect-16-9 wp-has-aspect-ratio\"><div class=\"wp-block-embed__wrapper\"> <iframe loading=\"lazy\" title=\"Transformaci\u00f3n de residuos de madera en energ\u00eda: \u00a1Exhibici\u00f3n de la m\u00e1quina granuladora de pellets de madera!\" width=\"500\" height=\"281\" src=\"https:\/\/www.youtube.com\/embed\/PrQMhExEplU?start=3&#038;feature=oembed\" frameborder=\"0\" allow=\"accelerometer; autoplay; clipboard-write; encrypted-media; gyroscope; picture-in-picture; web-share\" referrerpolicy=\"strict-origin-when-cross-origin\" allowfullscreen><\/iframe> <\/div><figcaption class=\"wp-element-caption\">Video de funcionamiento de la m\u00e1quina para fabricar pellets de biomasa de madera<\/figcaption><\/figure>    <p>El di\u00e1metro del orificio plano de la matriz, que determina el tama\u00f1o del pellet de madera, se puede adaptar para satisfacer su materia prima espec\u00edfica y sus necesidades \u00fanicas. Hemos logrado relaciones de compresi\u00f3n \u00f3ptimas para m\u00e1s de 30 materias primas diferentes. Si tienes alg\u00fan tipo especial de materia prima, no dudes en envi\u00e1rnosla y la probaremos sin coste alguno.<\/p>    <p>El molde y la rueda de presi\u00f3n de la peletizadora est\u00e1n construidos con una aleaci\u00f3n de acero resistente al desgaste, lo que les confiere cualidades de resistencia, durabilidad y una vida \u00fatil prolongada. La peletizadora de biomasa presenta un dise\u00f1o sencillo, amplia aplicabilidad, tama\u00f1o compacto y funciona con poco ruido, lo que la convierte en un equipo esencial para muchos fabricantes de biomasa.<\/p>    <figure class=\"wp-block-gallery has-nested-images columns-default is-cropped wp-block-gallery-2 is-layout-flex wp-block-gallery-is-layout-flex\"> <figure class=\"wp-block-image size-large\"><img loading=\"lazy\" decoding=\"async\" width=\"720\" height=\"540\" data-id=\"735\" src=\"https:\/\/hnwoodmachinery.com\/wp-content\/uploads\/2022\/11\/biomass-pellet-machine-1-1.webp\" alt=\"peletizadora de biomasa\" class=\"wp-image-735\" title=\"peletizadora de biomasa\"\/><figcaption class=\"wp-element-caption\">M\u00e1quina de pellets de biomasa<\/figcaption><\/figure>    <figure class=\"wp-block-image size-large\"><img loading=\"lazy\" decoding=\"async\" width=\"720\" height=\"540\" data-id=\"736\" src=\"https:\/\/hnwoodmachinery.com\/wp-content\/uploads\/2022\/11\/wood-pellet-mill-.webp\" alt=\"molino de pellets de madera \" class=\"wp-image-736\" title=\"molino de pellets de madera \"\/><figcaption class=\"wp-element-caption\">Molino de pellets de madera <\/figcaption><\/figure> <\/figure>    <h2 class=\"wp-block-heading\">Materiales aplicables de la f\u00e1brica de pellets de madera.<\/h2>    <p class=\"translation-block\">La m\u00e1quina peletizadora de biomasa de madera es adecuada para una amplia gama de materiales. Pueden ser serr\u00edn o cultivos, como tallos de ma\u00edz, pajitas, c\u00e1scaras de cacahuete, mazorcas de ma\u00edz, tallos de algod\u00f3n, malezas, etc. Puede usar una trituradora para obtener materia prima de serr\u00edn. (<em>Leer m\u00e1s: <strong><a href=\"https:\/\/hnwoodmachinery.com\/es\/product\/wood-shredder-machine\/\">Trituradora de madera para hacer serr\u00edn<\/a><\/strong>&gt;&gt;<\/em>)<\/p>    <p class=\"translation-block\">El <a href=\"https:\/\/en.wikipedia.org\/wiki\/Pellet_fuel\" target=\"_blank\" rel=\"noopener\">combustible de pellet de biomasa<\/a> presume de un alto valor calor\u00edfico, que oscila entre aproximadamente 3900 y 4800 calor\u00edas por kilogramo. Durante la combusti\u00f3n, la emisi\u00f3n de componentes de gas nocivos es m\u00ednima, lo que resulta en menores emisiones de gas nocivas y proporciona ventajas medioambientales. Adem\u00e1s, las cenizas producidas despu\u00e9s de la quema pueden utilizarse como fertilizante de potasa, lo que supone un ahorro de costes.<\/p>    <figure class=\"wp-block-gallery has-nested-images columns-default is-cropped wp-block-gallery-3 is-layout-flex wp-block-gallery-is-layout-flex\"> <figure class=\"wp-block-image size-large\"><img loading=\"lazy\" decoding=\"async\" width=\"720\" height=\"540\" data-id=\"737\" src=\"https:\/\/hnwoodmachinery.com\/wp-content\/uploads\/2022\/11\/raw-material-wood-pellet-.webp\" alt=\"pellets de madera de materia prima \" class=\"wp-image-737\" title=\"pellets de madera de materia prima \"\/><figcaption class=\"wp-element-caption\">Pellet de madera de materia prima<\/figcaption><\/figure>    <figure class=\"wp-block-image size-large\"><img loading=\"lazy\" decoding=\"async\" width=\"720\" height=\"540\" data-id=\"738\" src=\"https:\/\/hnwoodmachinery.com\/wp-content\/uploads\/2022\/11\/usage-of-the-wood-pellets-.webp\" alt=\"uso de los pellets de madera\" class=\"wp-image-738\" title=\"uso de los pellets de madera\"\/><figcaption class=\"wp-element-caption\">Uso de pellets de madera<\/figcaption><\/figure> <\/figure>    <h2 class=\"wp-block-heading\">Principio de funcionamiento de la peletizadora de biomasa<\/h2>    <p>La m\u00e1quina extrusora de pellets de madera funciona mediante un motor (o motor di\u00e9sel) que acciona los engranajes y transfiere potencia al eje principal. Como resultado de la fuerza de fricci\u00f3n, el rodillo de presi\u00f3n gira, generando calor por fricci\u00f3n entre el rodillo de presi\u00f3n y la matriz, lo que ayuda a plastificar el material en polvo.<\/p>    <p>Luego, el rodillo de presi\u00f3n empuja el material a trav\u00e9s del orificio de la matriz. Finalmente, la bandeja de lanzamiento transporta los pellets de madera terminados fuera de la m\u00e1quina de pellets de biomasa a trav\u00e9s del puerto de descarga.<\/p>    <figure class=\"wp-block-gallery has-nested-images columns-default is-cropped wp-block-gallery-4 is-layout-flex wp-block-gallery-is-layout-flex\"> <figure class=\"wp-block-image size-large\"><img loading=\"lazy\" decoding=\"async\" width=\"720\" height=\"540\" data-id=\"739\" src=\"https:\/\/hnwoodmachinery.com\/wp-content\/uploads\/2022\/11\/wood-pellet-machine-.webp\" alt=\"m\u00e1quina de pellets de madera \" class=\"wp-image-739\" title=\"m\u00e1quina de pellets de madera \"\/><figcaption class=\"wp-element-caption\">M\u00e1quina de pellets de madera <\/figcaption><\/figure>    <figure class=\"wp-block-image size-large\"><img loading=\"lazy\" decoding=\"async\" width=\"720\" height=\"540\" data-id=\"741\" src=\"https:\/\/hnwoodmachinery.com\/wp-content\/uploads\/2022\/11\/inner-structure-of-the-wood-pellet-extruder-.webp\" alt=\"Estructura interna de la extrusora de pellets de madera.\" class=\"wp-image-741\" title=\"Estructura interna de la extrusora de pellets de madera.\"\/><figcaption class=\"wp-element-caption\">Estructura interna de la extrusora de pellets de madera<\/figcaption><\/figure> <\/figure>    <figure class=\"wp-block-embed aligncenter is-type-video is-provider-youtube wp-block-embed-youtube wp-embed-aspect-16-9 wp-has-aspect-ratio\"><div class=\"wp-block-embed__wrapper\"> <iframe loading=\"lazy\" title=\"\u00a1Proceso de fabricaci\u00f3n de pellets de biomasa de energ\u00eda limpia en una f\u00e1brica de pellets de madera! \ud83c\udf3f\ud83d\udd25#woodpellet\" width=\"500\" height=\"281\" src=\"https:\/\/www.youtube.com\/embed\/MVtJtbLRF0I?start=13&#038;feature=oembed\" frameborder=\"0\" allow=\"accelerometer; autoplay; clipboard-write; encrypted-media; gyroscope; picture-in-picture; web-share\" referrerpolicy=\"strict-origin-when-cross-origin\" allowfullscreen><\/iframe> <\/div><figcaption class=\"wp-element-caption\">V\u00eddeo de trabajo de la f\u00e1brica de pellets de madera.<\/figcaption><\/figure>    <h2 class=\"wp-block-heading\">Venta de pellets de madera terminados<\/h2>    <p>Recogida de materia prima \u2192 secado de materia prima \u2192 granulaci\u00f3n y moldeado \u2192 ensacado y venta.<\/p>    <p>Notas:<\/p>    <ol class=\"wp-block-list\"> <li>Como no es necesario triturar el aserr\u00edn, se omite el enlace de trituraci\u00f3n y se puede granular directamente despu\u00e9s del secado.<\/li>    <li>El contenido de humedad despu\u00e9s del secado debe ser 15-18%. Si el contenido de humedad es demasiado grande o demasiado peque\u00f1o, no favorece la formaci\u00f3n de part\u00edculas.<\/li> <\/ol>    <figure class=\"wp-block-gallery has-nested-images columns-default is-cropped wp-block-gallery-5 is-layout-flex wp-block-gallery-is-layout-flex\"> <figure class=\"wp-block-image size-large\"><img loading=\"lazy\" decoding=\"async\" width=\"720\" height=\"540\" data-id=\"1128\" src=\"https:\/\/hnwoodmachinery.com\/wp-content\/uploads\/2022\/11\/sawdust-raw-material.webp\" alt=\"materia prima de aserr\u00edn\" class=\"wp-image-1128\" title=\"\" srcset=\"https:\/\/hnwoodmachinery.com\/wp-content\/uploads\/2022\/11\/sawdust-raw-material.webp 720w, https:\/\/hnwoodmachinery.com\/wp-content\/uploads\/2022\/11\/sawdust-raw-material-300x225.webp 300w, https:\/\/hnwoodmachinery.com\/wp-content\/uploads\/2022\/11\/sawdust-raw-material-16x12.webp 16w\" sizes=\"auto, (max-width: 720px) 100vw, 720px\" \/><figcaption class=\"wp-element-caption\">Materia prima de aserr\u00edn<\/figcaption><\/figure>    <figure class=\"wp-block-image size-large\"><img loading=\"lazy\" decoding=\"async\" width=\"720\" height=\"540\" data-id=\"743\" src=\"https:\/\/hnwoodmachinery.com\/wp-content\/uploads\/2022\/11\/finished-wood-pellets-.webp\" alt=\"pellets de madera acabados\" class=\"wp-image-743\" title=\"\"><figcaption class=\"wp-element-caption\">Pellets de madera terminados<\/figcaption><\/figure> <\/figure>    <h2 class=\"wp-block-heading\">Caracter\u00edsticas de la m\u00e1quina para fabricar pellets de madera.<\/h2>    <ul class=\"wp-block-list\"> <li>El material est\u00e1 seco y se seca sin perder humedad. Cuenta con engranaje diferencial, transmisi\u00f3n por junta universal, bajo consumo de energ\u00eda y alto rendimiento.<\/li>    <li>Esta m\u00e1quina para fabricar pellets de madera utiliza tecnolog\u00eda avanzada para la granulaci\u00f3n y el pulido por extrusi\u00f3n, abordando de manera efectiva los desaf\u00edos de la granulaci\u00f3n que se encuentran en los m\u00e9todos tradicionales.<\/li>    <li>Las part\u00edculas de aserr\u00edn resultantes son uniformes, lisas y redondas, exhibiendo alta resistencia y excelente fluidez.<\/li>    <li>Los rodillos y moldes, a menudo denominados placas o discos, est\u00e1n construidos con una aleaci\u00f3n de acero altamente resistente al desgaste que se somete a un tratamiento t\u00e9rmico especial para lograr una alta dureza y una mayor durabilidad.<\/li>    <li>Los engranajes de la transmisi\u00f3n est\u00e1n fabricados con acero de aleaci\u00f3n de alta calidad y ofrecen beneficios como un funcionamiento suave, bajos niveles de ruido, alta capacidad de carga, m\u00ednimo aumento de temperatura y excelente resistencia a la presi\u00f3n.<\/li>    <li>Esta peletizadora de biomasa tiene una amplia gama de aplicaciones. Puede emplearse para la regranulaci\u00f3n de residuos org\u00e1nicos en plantas de combustible de biomasa, plantas de energ\u00eda, cr\u00eda de animales, f\u00e1bricas de piensos y otras industrias.<\/li> <\/ul>    <figure class=\"wp-block-gallery has-nested-images columns-default is-cropped wp-block-gallery-6 is-layout-flex wp-block-gallery-is-layout-flex\"> <figure class=\"wp-block-image size-full\"><img loading=\"lazy\" decoding=\"async\" width=\"720\" height=\"540\" data-id=\"1130\" src=\"http:\/\/hnwoodmachinery.com\/wp-content\/uploads\/2022\/11\/biomass-pellets-mill.webp\" alt=\"molino de pellets de biomasa\" class=\"wp-image-1130\" title=\"\" srcset=\"https:\/\/hnwoodmachinery.com\/wp-content\/uploads\/2022\/11\/biomass-pellets-mill.webp 720w, https:\/\/hnwoodmachinery.com\/wp-content\/uploads\/2022\/11\/biomass-pellets-mill-300x225.webp 300w, https:\/\/hnwoodmachinery.com\/wp-content\/uploads\/2022\/11\/biomass-pellets-mill-16x12.webp 16w\" sizes=\"auto, (max-width: 720px) 100vw, 720px\" \/><figcaption class=\"wp-element-caption\">Molino de pellets de biomasa<\/figcaption><\/figure>    <figure class=\"wp-block-image size-large\"><img loading=\"lazy\" decoding=\"async\" width=\"720\" height=\"540\" data-id=\"742\" src=\"https:\/\/hnwoodmachinery.com\/wp-content\/uploads\/2022\/11\/wood-pellet-making-machine-.webp\" alt=\"m\u00e1quina para fabricar pellets de madera\" class=\"wp-image-742\" title=\"\"><figcaption class=\"wp-element-caption\">M\u00e1quina para fabricar pellets de madera<\/figcaption><\/figure> <\/figure>    <h2 class=\"wp-block-heading\">Par\u00e1metros de la m\u00e1quina de pellets de aserr\u00edn de madera<\/h2>    <figure class=\"wp-block-table is-style-stripes\"><table><tbody><tr><td>Modelo<\/td><td>300<\/td><td>400<\/td><td>450<\/td><\/tr><tr><td>Potencia (kilovatios)<\/td><td>22+0.37<\/td><td>37+0.37<\/td><td>55+0.37<\/td><\/tr><tr><td>Producci\u00f3n (kg\/h)<\/td><td>150-300<\/td><td>200-500<\/td><td>300-700<\/td><\/tr><\/tbody><\/table><figcaption class=\"wp-element-caption\">Datos t\u00e9cnicos de la m\u00e1quina para fabricar pellets de biomasa.<\/figcaption><\/figure>    <p class=\"translation-block\">Adem\u00e1s de esta m\u00e1quina peletizadora de biomasa de matriz plana, tambi\u00e9n producimos m\u00e1quinas peletizadoras de biomasa de matriz anular. (<em>Publicaci\u00f3n relacionada: <strong><a href=\"https:\/\/hnwoodmachinery.com\/es\/product\/wood-pellet-making-machine\/\">M\u00e1quina para fabricar pellets de madera \u4e28 Molino de pellets de madera a la venta<\/a><\/strong>&gt;&gt;<\/em>)<\/p>    <h2 class=\"wp-block-heading\">\u00bfC\u00f3mo iniciar un negocio de fabricaci\u00f3n de pellets de biomasa?<\/h2>    <p>Como combustible renovable respetuoso con el medio ambiente, los pellets de biomasa se utilizan principalmente para sustituir el carb\u00f3n, el gas natural, etc., y su negocio de producci\u00f3n atrae cada vez a m\u00e1s inversores. Entonces, \u00bfa qu\u00e9 debes prestar atenci\u00f3n si tambi\u00e9n planeas realizar este proyecto?<\/p>    <ul class=\"wp-block-list\"> <li>\u00bfCu\u00e1l es el prop\u00f3sito de los pellets que quieres crear? <\/li>    <li>\u00bfCu\u00e1ntos pellets pretende producir? <\/li>    <li>\u00bfQu\u00e9 materias primas piensas utilizar? <\/li>    <li>\u00bfCu\u00e1l es su presupuesto para este proyecto?<\/li> <\/ul>    <p>Nuestra f\u00e1brica est\u00e1 especializada desde hace muchos a\u00f1os en la fabricaci\u00f3n de maquinaria para el procesamiento y reciclaje de la madera. Si se dedica a este negocio, somos su mejor opci\u00f3n. Navegue por este sitio web, anime a todos a consultar en cualquier momento y bienvenido a visitar nuestra f\u00e1brica. Esperamos cooperar con usted.<\/p>","protected":false},"excerpt":{"rendered":"<p>La peletizadora de biomasa es principalmente adecuada para la granulaci\u00f3n de fibras gruesas, como astillas de madera, c\u00e1scaras de arroz, tallos de algod\u00f3n, etc. Es una herramienta port\u00e1til para procesar combustible de pellets. <\/p>","protected":false},"author":1,"featured_media":732,"parent":0,"template":"","tags":[44,45],"product-type":[31],"class_list":["post-730","product","type-product","status-publish","has-post-thumbnail","hentry","tag-biomass-pellet","tag-wood-pellet","product-type-wood-pellet-machine"],"_links":{"self":[{"href":"https:\/\/hnwoodmachinery.com\/es\/wp-json\/wp\/v2\/product\/730","targetHints":{"allow":["GET"]}}],"collection":[{"href":"https:\/\/hnwoodmachinery.com\/es\/wp-json\/wp\/v2\/product"}],"about":[{"href":"https:\/\/hnwoodmachinery.com\/es\/wp-json\/wp\/v2\/types\/product"}],"author":[{"embeddable":true,"href":"https:\/\/hnwoodmachinery.com\/es\/wp-json\/wp\/v2\/users\/1"}],"wp:featuredmedia":[{"embeddable":true,"href":"https:\/\/hnwoodmachinery.com\/es\/wp-json\/wp\/v2\/media\/732"}],"wp:attachment":[{"href":"https:\/\/hnwoodmachinery.com\/es\/wp-json\/wp\/v2\/media?parent=730"}],"wp:term":[{"taxonomy":"post_tag","embeddable":true,"href":"https:\/\/hnwoodmachinery.com\/es\/wp-json\/wp\/v2\/tags?post=730"},{"taxonomy":"product-type","embeddable":true,"href":"https:\/\/hnwoodmachinery.com\/es\/wp-json\/wp\/v2\/product-type?post=730"}],"curies":[{"name":"wp","href":"https:\/\/api.w.org\/{rel}","templated":true}]}}