{"id":668,"date":"2022-10-12T17:18:55","date_gmt":"2022-10-12T09:18:55","guid":{"rendered":"https:\/\/hnwoodmachinery.com\/?post_type=product&#038;p=668"},"modified":"2024-09-14T18:21:05","modified_gmt":"2024-09-14T10:21:05","slug":"pallet-block-making-machine","status":"publish","type":"product","link":"https:\/\/hnwoodmachinery.com\/es\/product\/pallet-block-making-machine\/","title":{"rendered":"M\u00e1quina para fabricar bloques de paletas Equipo formador de bloques de aserr\u00edn de madera"},"content":{"rendered":"<div class=\"kk-star-ratings kksr-auto kksr-align-left kksr-valign-top\"     data-payload='{&quot;align&quot;:&quot;left&quot;,&quot;id&quot;:&quot;668&quot;,&quot;slug&quot;:&quot;default&quot;,&quot;valign&quot;:&quot;top&quot;,&quot;ignore&quot;:&quot;&quot;,&quot;reference&quot;:&quot;auto&quot;,&quot;class&quot;:&quot;&quot;,&quot;count&quot;:&quot;92&quot;,&quot;legendonly&quot;:&quot;&quot;,&quot;readonly&quot;:&quot;&quot;,&quot;score&quot;:&quot;4.8&quot;,&quot;starsonly&quot;:&quot;&quot;,&quot;best&quot;:&quot;5&quot;,&quot;gap&quot;:&quot;5&quot;,&quot;greet&quot;:&quot;Rate this product&quot;,&quot;legend&quot;:&quot;4.8\\\/5 - (92 votos)&quot;,&quot;size&quot;:&quot;24&quot;,&quot;title&quot;:&quot;Pallet Block Making Machine Wood Sawdust Block Forming Equipment&quot;,&quot;width&quot;:&quot;136.7&quot;,&quot;_legend&quot;:&quot;{score}\\\/{best} - ({count} {votes})&quot;,&quot;font_factor&quot;:&quot;1.25&quot;}'>              <div class=\"kksr-stars\">      <div class=\"kksr-stars-inactive\">             <div class=\"kksr-star\" data-star=\"1\" style=\"padding-right: 5px\">               <div class=\"kksr-icon\" style=\"width: 24px; height: 24px;\"><\/div>         <\/div>             <div class=\"kksr-star\" data-star=\"2\" style=\"padding-right: 5px\">               <div class=\"kksr-icon\" style=\"width: 24px; height: 24px;\"><\/div>         <\/div>             <div class=\"kksr-star\" data-star=\"3\" style=\"padding-right: 5px\">               <div class=\"kksr-icon\" style=\"width: 24px; height: 24px;\"><\/div>         <\/div>             <div class=\"kksr-star\" data-star=\"4\" style=\"padding-right: 5px\">               <div class=\"kksr-icon\" style=\"width: 24px; height: 24px;\"><\/div>         <\/div>             <div class=\"kksr-star\" data-star=\"5\" style=\"padding-right: 5px\">               <div class=\"kksr-icon\" style=\"width: 24px; height: 24px;\"><\/div>         <\/div>     <\/div>      <div class=\"kksr-stars-active\" style=\"width: 136.7px;\">             <div class=\"kksr-star\" style=\"padding-right: 5px\">               <div class=\"kksr-icon\" style=\"width: 24px; height: 24px;\"><\/div>         <\/div>             <div class=\"kksr-star\" style=\"padding-right: 5px\">               <div class=\"kksr-icon\" style=\"width: 24px; height: 24px;\"><\/div>         <\/div>             <div class=\"kksr-star\" style=\"padding-right: 5px\">               <div class=\"kksr-icon\" style=\"width: 24px; height: 24px;\"><\/div>         <\/div>             <div class=\"kksr-star\" style=\"padding-right: 5px\">               <div class=\"kksr-icon\" style=\"width: 24px; height: 24px;\"><\/div>         <\/div>             <div class=\"kksr-star\" style=\"padding-right: 5px\">               <div class=\"kksr-icon\" style=\"width: 24px; height: 24px;\"><\/div>         <\/div>     <\/div> <\/div>                   <div class=\"kksr-legend\" style=\"font-size: 19.2px;\">             4.8\/5 - (92 votos)    <\/div>     <\/div>  <p>La m\u00e1quina para fabricar bloques de paletas est\u00e1 especializada en la producci\u00f3n de bloques de esteras con patas de bandeja de arrastre y esteras de capa protectora, que se utilizan para el transporte y el almacenamiento. Puede procesar unos 4 m\u00b3 de materias primas al d\u00eda.  La densidad del producto final puede alcanzar 550-1000 kg\/m\u00b3. <\/p>    <p>Podemos personalizar la forma y el tama\u00f1o del bloque de madera acabado, desde 75 mm hasta 145 mm. Nuestra m\u00e1quina para fabricar bloques de paletas puede producir dos tipos de bloques de madera, macizos y huecos. Puedes elegir seg\u00fan tus necesidades.<\/p>    <figure class=\"wp-block-embed aligncenter is-type-video is-provider-youtube wp-block-embed-youtube wp-embed-aspect-16-9 wp-has-aspect-ratio\"><div class=\"wp-block-embed__wrapper\"> <iframe loading=\"lazy\" title=\"\u00a1La m\u00e1quina para fabricar bloques de aserr\u00edn m\u00e1s nueva de Shuliy Machinery! m\u00e1quina para fabricar bloques de madera comprimida\" width=\"500\" height=\"281\" src=\"https:\/\/www.youtube.com\/embed\/U64tcpbFAhQ?feature=oembed\" frameborder=\"0\" allow=\"accelerometer; autoplay; clipboard-write; encrypted-media; gyroscope; picture-in-picture; web-share\" referrerpolicy=\"strict-origin-when-cross-origin\" allowfullscreen><\/iframe> <\/div><figcaption class=\"wp-element-caption\">Video de trabajo de la m\u00e1quina prensadora de bloques de paletas de madera<\/figcaption><\/figure>    <p>La m\u00e1quina para fabricar bloques para paletas de Shuliy puede producir bloques de madera de alta calidad utilizando aserr\u00edn como materia prima. Los productos terminados no tienen restos sueltos y presentan buena resistencia al agua. Esta m\u00e1quina ha sido bien recibida por numerosos clientes.<\/p>    <p>Adem\u00e1s, ofrecemos dos tipos de m\u00e1quinas bloqueras de aserr\u00edn: una es el modelo com\u00fan y la otra es el modelo est\u00e1ndar europeo. La m\u00e1quina est\u00e1ndar europea es un poco m\u00e1s cara. Sin embargo, existen diferencias entre las dos m\u00e1quinas. Si est\u00e1 interesado, p\u00f3ngase en contacto con nosotros para obtener m\u00e1s informaci\u00f3n.<\/p>    <figure class=\"wp-block-gallery has-nested-images columns-default is-cropped wp-block-gallery-2 is-layout-flex wp-block-gallery-is-layout-flex\"> <figure class=\"wp-block-image size-large\"><img loading=\"lazy\" decoding=\"async\" width=\"720\" height=\"540\" data-id=\"670\" src=\"https:\/\/hnwoodmachinery.com\/wp-content\/uploads\/2022\/10\/pallet-block-making-machine-2.webp\" alt=\"m\u00e1quina para fabricar bloques de paletas\" class=\"wp-image-670\" title=\"m\u00e1quina para fabricar bloques de paletas\"\/><figcaption class=\"wp-element-caption\">M\u00e1quina para fabricar bloques de paletas<\/figcaption><\/figure>    <figure class=\"wp-block-image size-large\"><img loading=\"lazy\" decoding=\"async\" width=\"720\" height=\"540\" data-id=\"671\" src=\"https:\/\/hnwoodmachinery.com\/wp-content\/uploads\/2022\/10\/sawdust-block-making-machine-.webp\" alt=\"m\u00e1quina para fabricar bloques de aserr\u00edn\" class=\"wp-image-671\" title=\"m\u00e1quina para fabricar bloques de aserr\u00edn\"\/><figcaption class=\"wp-element-caption\">M\u00e1quina para fabricar bloques de aserr\u00edn<\/figcaption><\/figure> <\/figure>    <h2 class=\"wp-block-heading\">Materias primas utilizadas en la m\u00e1quina para fabricar bloques de aserr\u00edn.<\/h2>    <p class=\"translation-block\">Las materias primas utilizadas en la m\u00e1quina de fabricaci\u00f3n de bloques de aserr\u00edn son generalmente aserr\u00edn de madera, astillas de madera, virutas de madera, etc., similares a las materias primas utilizadas en la <a href=\"https:\/\/hnwoodmachinery.com\/es\/product\/hydraulic-wood-pallet-machine\/\">m\u00e1quina de fabricaci\u00f3n de palets de madera prensada<\/a>.<\/p>   <div class=\"wp-block-image\"> <figure class=\"aligncenter size-full\"><img loading=\"lazy\" decoding=\"async\" width=\"720\" height=\"540\" src=\"https:\/\/hnwoodmachinery.com\/wp-content\/uploads\/2022\/10\/raw-material-of-the-sawdust-brick-press-machine-.jpg\" alt=\"Materia prima de la m\u00e1quina prensadora de ladrillos de aserr\u00edn.\" class=\"wp-image-677\" title=\"Materia prima de la m\u00e1quina prensadora de ladrillos de aserr\u00edn.\"\/><figcaption class=\"wp-element-caption\">Materia prima de la m\u00e1quina prensadora de ladrillos de aserr\u00edn.<\/figcaption><\/figure> <\/div>   <h2 class=\"wp-block-heading\">Dos tipos de bloques de madera.<\/h2>    <p>Hay dos tipos de bloques de madera que producimos: macizos y huecos. Pero recomendamos los bloques huecos porque son transpirables, permiten que el calor se disipe y evitan la acumulaci\u00f3n de humedad.<\/p>    <figure class=\"wp-block-gallery aligncenter has-nested-images columns-default is-cropped wp-block-gallery-3 is-layout-flex wp-block-gallery-is-layout-flex\"><div class=\"wp-block-image\"> <figure class=\"aligncenter size-large\"><img loading=\"lazy\" decoding=\"async\" width=\"720\" height=\"540\" data-id=\"672\" src=\"https:\/\/hnwoodmachinery.com\/wp-content\/uploads\/2022\/10\/sawdust-wood-blocks-.webp\" alt=\"bloques de madera de aserr\u00edn \" class=\"wp-image-672\" title=\"bloques de madera de aserr\u00edn \"\/><figcaption class=\"wp-element-caption\">bloques de madera de aserr\u00edn<\/figcaption><\/figure> <\/div><\/figure>    <h2 class=\"wp-block-heading\">Los tama\u00f1os de los bloques de madera de aserr\u00edn.<\/h2>    <p class=\"translation-block\"><strong>Tama\u00f1o general:<\/strong> 80*80mm, 90*90mm, 100*100mm.  <\/p>    <p class=\"translation-block\"><strong>Tama\u00f1o est\u00e1ndar europeo:<\/strong> generalmente superior a 100mm, por ejemplo, 145*105mm.<\/p>   <div class=\"wp-block-image\"> <figure class=\"aligncenter size-full\"><img loading=\"lazy\" decoding=\"async\" width=\"720\" height=\"540\" src=\"https:\/\/hnwoodmachinery.com\/wp-content\/uploads\/2022\/10\/different-type-of-wood-block-makers-.webp\" alt=\"diferentes tipos de fabricantes de bloques de madera\" class=\"wp-image-673\" title=\"diferentes tipos de fabricantes de bloques de madera\"\/><figcaption class=\"wp-element-caption\">diferentes tipos de fabricantes de bloques de madera<\/figcaption><\/figure> <\/div>   <h2 class=\"wp-block-heading\">Estructura de la m\u00e1quina de prensado en caliente de bloques de madera de aserr\u00edn<\/h2>    <p>La m\u00e1quina para fabricar bloques de paletas contiene un gabinete de control el\u00e9ctrico, tolva, dispositivo de empuje hidr\u00e1ulico, dispositivo de calentamiento y formaci\u00f3n, salida (con doble salida y triple salida), sierra (manual o autom\u00e1tica), etc.<\/p>    <figure class=\"wp-block-gallery has-nested-images columns-default is-cropped wp-block-gallery-4 is-layout-flex wp-block-gallery-is-layout-flex\"> <figure class=\"wp-block-image size-large\"><img loading=\"lazy\" decoding=\"async\" width=\"720\" height=\"540\" data-id=\"674\" src=\"https:\/\/hnwoodmachinery.com\/wp-content\/uploads\/2022\/10\/hopper-of-the-sawdust-wood-block-hot-press-machine-.webp\" alt=\"M\u00e1quina de prensado en caliente de bloques de madera de aserr\u00edn\" class=\"wp-image-674\" title=\"M\u00e1quina de prensado en caliente de bloques de madera de aserr\u00edn\"\/><figcaption class=\"wp-element-caption\">M\u00e1quina de prensado en caliente de bloques de madera de aserr\u00edn<\/figcaption><\/figure>    <figure class=\"wp-block-image size-large\"><img loading=\"lazy\" decoding=\"async\" width=\"720\" height=\"540\" data-id=\"675\" src=\"https:\/\/hnwoodmachinery.com\/wp-content\/uploads\/2022\/10\/heating-device-of-the-pallet-block-maker-.webp\" alt=\"parte calefactora de la m\u00e1quina bloquera de paletas \" class=\"wp-image-675\" title=\"parte calefactora de la m\u00e1quina bloquera de paletas \"\/><figcaption class=\"wp-element-caption\">Calentar parte de la m\u00e1quina bloquera de paletas <\/figcaption><\/figure>    <figure class=\"wp-block-image size-large\"><img loading=\"lazy\" decoding=\"async\" width=\"720\" height=\"540\" data-id=\"676\" src=\"https:\/\/hnwoodmachinery.com\/wp-content\/uploads\/2022\/10\/control-panel-of-the-sawdust-block-maker-.jpg\" alt=\"Panel de control de la m\u00e1quina para fabricar bloques de aserr\u00edn.\" class=\"wp-image-676\" title=\"Panel de control de la m\u00e1quina para fabricar bloques de aserr\u00edn.\"\/><figcaption class=\"wp-element-caption\">Panel de control de la fabricante de bloques de aserr\u00edn<\/figcaption><\/figure> <\/figure>    <h2 class=\"wp-block-heading\">Par\u00e1metros de la m\u00e1quina formadora de bloques de aserr\u00edn<\/h2>    <figure class=\"wp-block-table is-style-stripes\"><table><tbody><tr><td>Tama\u00f1o<\/td><td>90*90mm (Personalizable)<\/td><\/tr><tr><td>Motor<\/td><td>15-18kw<\/td><\/tr><tr><td>Capacidad<\/td><td>4 m\u00b3\/24h (diferente para diferentes materiales)<\/td><\/tr><tr><td>Densidad<\/td><td>550-600kg\/m\u00b3<\/td><\/tr><tr><td>Material de consumo<\/td><td>550-600 kg\/m\u00b3 (virutas de madera, aserr\u00edn)<\/td><\/tr><tr><td>Consumo de pegamento<\/td><td>80-100kg\/m\u00b3<\/td><\/tr><tr><td>Control de temperatura<\/td><td>PID<\/td><\/tr><tr><td>Dimensi\u00f3n<\/td><td>4800*760*1300mm<\/td><\/tr><tr><td>Peso<\/td><td>1300 kilogramos<\/td><\/tr><\/tbody><\/table><figcaption class=\"wp-element-caption\">Par\u00e1metro del fabricante de bloques de aserr\u00edn<\/figcaption><\/figure>    <h2 class=\"wp-block-heading\">Principio de funcionamiento de la m\u00e1quina bloquera de paletas.<\/h2>    <ol class=\"wp-block-list\"> <li>El cilindro hidr\u00e1ulico genera alta presi\u00f3n, impulsando el pist\u00f3n para extruir y dar forma a los materiales. <\/li>    <li>La placa calefactora, fijada a alta temperatura, ayuda a solidificar y moldear el pegamento de urea-formaldeh\u00eddo. <\/li>    <li>Luego, el material se corta a una longitud espec\u00edfica, normalmente alrededor de 1,2 metros. <\/li>    <li>Despu\u00e9s del enfriamiento, las largas tiras de madera de los productos semiacabados se cortan hasta su tama\u00f1o final.<\/li> <\/ol>    <figure class=\"wp-block-embed aligncenter is-type-video is-provider-youtube wp-block-embed-youtube wp-embed-aspect-16-9 wp-has-aspect-ratio\"><div class=\"wp-block-embed__wrapper\"> <iframe loading=\"lazy\" title=\"Revolucionando la carpinter\u00eda: \u00a1Presentamos la m\u00e1quina definitiva para fabricar bloques de paletas de madera! #woodmachine\" width=\"500\" height=\"281\" src=\"https:\/\/www.youtube.com\/embed\/PGEoARZKCAw?feature=oembed\" frameborder=\"0\" allow=\"accelerometer; autoplay; clipboard-write; encrypted-media; gyroscope; picture-in-picture; web-share\" referrerpolicy=\"strict-origin-when-cross-origin\" allowfullscreen><\/iframe> <\/div><figcaption class=\"wp-element-caption\">Principio de funcionamiento de la m\u00e1quina prensadora de bloques de madera<\/figcaption><\/figure>    <h2 class=\"wp-block-heading\">Las m\u00e1quinas trabajan junto con la fabricante de bloques de aserr\u00edn.<\/h2>    <p>La m\u00e1quina para fabricar bloques de aserr\u00edn se puede combinar con una trituradora, un secador de flujo de aire (con el horno), una mezcladora de encolado, una cortadora de bloques de madera, etc. para formar una l\u00ednea de producci\u00f3n. Podemos adaptar la l\u00ednea de producci\u00f3n de la m\u00e1quina bloquera de madera de acuerdo con la situaci\u00f3n real del cliente.<\/p>    <figure class=\"wp-block-gallery has-nested-images columns-default is-cropped wp-block-gallery-5 is-layout-flex wp-block-gallery-is-layout-flex\"> <figure class=\"wp-block-image size-large\"><img loading=\"lazy\" decoding=\"async\" width=\"720\" height=\"540\" data-id=\"1108\" src=\"https:\/\/hnwoodmachinery.com\/wp-content\/uploads\/2022\/10\/glue-mixer.webp\" alt=\"mezclador de pegamento\" class=\"wp-image-1108\" title=\"\" srcset=\"https:\/\/hnwoodmachinery.com\/wp-content\/uploads\/2022\/10\/glue-mixer.webp 720w, https:\/\/hnwoodmachinery.com\/wp-content\/uploads\/2022\/10\/glue-mixer-300x225.webp 300w, https:\/\/hnwoodmachinery.com\/wp-content\/uploads\/2022\/10\/glue-mixer-16x12.webp 16w\" sizes=\"auto, (max-width: 720px) 100vw, 720px\" \/><figcaption class=\"wp-element-caption\">Mezclador de pegamento<\/figcaption><\/figure>    <figure class=\"wp-block-image size-large\"><img loading=\"lazy\" decoding=\"async\" width=\"720\" height=\"540\" data-id=\"1107\" src=\"https:\/\/hnwoodmachinery.com\/wp-content\/uploads\/2022\/10\/dicing-machine.webp\" alt=\"m\u00e1quina para cortar bloques de madera\" class=\"wp-image-1107\" title=\"\" srcset=\"https:\/\/hnwoodmachinery.com\/wp-content\/uploads\/2022\/10\/dicing-machine.webp 720w, https:\/\/hnwoodmachinery.com\/wp-content\/uploads\/2022\/10\/dicing-machine-300x225.webp 300w, https:\/\/hnwoodmachinery.com\/wp-content\/uploads\/2022\/10\/dicing-machine-16x12.webp 16w\" sizes=\"auto, (max-width: 720px) 100vw, 720px\" \/><figcaption class=\"wp-element-caption\">M\u00e1quina para cortar bloques de madera<\/figcaption><\/figure> <\/figure>    <h2 class=\"wp-block-heading\">Beneficios de la m\u00e1quina para fabricar bloques de aserr\u00edn<\/h2>    <ul class=\"wp-block-list\"> <li>Hay varios tipos de <a href=\"https:\/\/en.wikipedia.org\/wiki\/Sawdust\" target=\"_blank\" rel=\"noopener\">serr\u00edn<\/a> m\u00e1quinas para fabricar bloques, que pueden satisfacer las necesidades de diferentes clientes.<\/li>    <li>El buen efecto de trabajo, las briquetas hermosas, limpias y duraderas producidas.<\/li>    <li>La m\u00e1quina para fabricar bloques de paletas es duradera y tiene una larga vida \u00fatil.<\/li>    <li>F\u00e1cil de usar, con armario de control el\u00e9ctrico y f\u00e1cil de operar.<\/li>    <li>F\u00e1cil de operar, una persona puede operar 3 m\u00e1quinas.<\/li>    <li>La m\u00e1quina puede reciclar eficazmente los residuos de madera.<\/li> <\/ul>    <figure class=\"wp-block-gallery has-nested-images columns-default is-cropped wp-block-gallery-6 is-layout-flex wp-block-gallery-is-layout-flex\"> <figure class=\"wp-block-image size-large\"><img loading=\"lazy\" decoding=\"async\" width=\"720\" height=\"540\" data-id=\"678\" src=\"https:\/\/hnwoodmachinery.com\/wp-content\/uploads\/2022\/10\/pallet-machine-maker-.webp\" alt=\"fabricante de m\u00e1quinas de paletas\" class=\"wp-image-678\" title=\"fabricante de m\u00e1quinas de paletas\"\/><figcaption class=\"wp-element-caption\">Fabricante de m\u00e1quinas de paletas<\/figcaption><\/figure>    <figure class=\"wp-block-image size-large\"><img loading=\"lazy\" decoding=\"async\" width=\"720\" height=\"540\" data-id=\"679\" src=\"https:\/\/hnwoodmachinery.com\/wp-content\/uploads\/2022\/10\/pallet-block-making-machine-3.webp\" alt=\"m\u00e1quina para fabricar bloques de paletas\" class=\"wp-image-679\" title=\"m\u00e1quina para fabricar bloques de paletas\"\/><figcaption class=\"wp-element-caption\">M\u00e1quina para fabricar bloques de paletas<\/figcaption><\/figure> <\/figure>    <h2 class=\"wp-block-heading\">\u00bfCu\u00e1les son las ventajas de los bloques de madera de aserr\u00edn?<\/h2>    <ul class=\"wp-block-list\"> <li>Debido a que el bloque de madera se forma mediante extrusi\u00f3n a alta temperatura, no requiere fumigaci\u00f3n.<\/li>    <li>Bajo costo de producci\u00f3n. El bloque de estera de madera se compone de astillas de madera y la materia prima es barata y f\u00e1cil de obtener.<\/li>    <li>Alto rendimiento de carga. Puede admitir la mayor\u00eda de los art\u00edculos y se usa ampliamente.<\/li> <\/ul>    <figure class=\"wp-block-gallery has-nested-images columns-default is-cropped wp-block-gallery-7 is-layout-flex wp-block-gallery-is-layout-flex\"> <figure class=\"wp-block-image size-large\"><img loading=\"lazy\" decoding=\"async\" width=\"720\" height=\"540\" data-id=\"680\" src=\"https:\/\/hnwoodmachinery.com\/wp-content\/uploads\/2022\/10\/wood-blocks-.webp\" alt=\"bloques de madera \" class=\"wp-image-680\" title=\"bloques de madera \"\/><figcaption class=\"wp-element-caption\">Bloques de madera <\/figcaption><\/figure>    <figure class=\"wp-block-image size-large\"><img loading=\"lazy\" decoding=\"async\" width=\"720\" height=\"540\" data-id=\"681\" src=\"https:\/\/hnwoodmachinery.com\/wp-content\/uploads\/2022\/10\/finished-sawdust-wood-blocks-.webp\" alt=\"bloques de madera de aserr\u00edn terminados \" class=\"wp-image-681\" title=\"bloques de madera de aserr\u00edn terminados \"\/><figcaption class=\"wp-element-caption\">Bloques de madera de aserr\u00edn terminados <\/figcaption><\/figure> <\/figure>    <p>Nuestra f\u00e1brica produce equipos de procesamiento de madera durante muchos a\u00f1os y tiene una gran experiencia. Si est\u00e1 involucrado en esta industria, es posible que desee navegar por este sitio web y no dude en contactarnos. Seremos tu mejor opci\u00f3n.<\/p>","protected":false},"excerpt":{"rendered":"<p>La m\u00e1quina para fabricar bloques de paletas est\u00e1 especializada en la producci\u00f3n de bloques de esteras con patas de bandeja de arrastre y esteras de capa protectora. <\/p>","protected":false},"author":1,"featured_media":669,"parent":0,"template":"","tags":[35,43],"product-type":[30],"class_list":["post-668","product","type-product","status-publish","has-post-thumbnail","hentry","tag-wood","tag-wood-block","product-type-wood-forming-machine"],"_links":{"self":[{"href":"https:\/\/hnwoodmachinery.com\/es\/wp-json\/wp\/v2\/product\/668","targetHints":{"allow":["GET"]}}],"collection":[{"href":"https:\/\/hnwoodmachinery.com\/es\/wp-json\/wp\/v2\/product"}],"about":[{"href":"https:\/\/hnwoodmachinery.com\/es\/wp-json\/wp\/v2\/types\/product"}],"author":[{"embeddable":true,"href":"https:\/\/hnwoodmachinery.com\/es\/wp-json\/wp\/v2\/users\/1"}],"wp:featuredmedia":[{"embeddable":true,"href":"https:\/\/hnwoodmachinery.com\/es\/wp-json\/wp\/v2\/media\/669"}],"wp:attachment":[{"href":"https:\/\/hnwoodmachinery.com\/es\/wp-json\/wp\/v2\/media?parent=668"}],"wp:term":[{"taxonomy":"post_tag","embeddable":true,"href":"https:\/\/hnwoodmachinery.com\/es\/wp-json\/wp\/v2\/tags?post=668"},{"taxonomy":"product-type","embeddable":true,"href":"https:\/\/hnwoodmachinery.com\/es\/wp-json\/wp\/v2\/product-type?post=668"}],"curies":[{"name":"wp","href":"https:\/\/api.w.org\/{rel}","templated":true}]}}