{"id":651,"date":"2022-10-11T18:12:30","date_gmt":"2022-10-11T10:12:30","guid":{"rendered":"https:\/\/hnwoodmachinery.com\/?post_type=product&#038;p=651"},"modified":"2024-09-13T18:29:07","modified_gmt":"2024-09-13T10:29:07","slug":"hydraulic-wood-pallet-machine","status":"publish","type":"product","link":"https:\/\/hnwoodmachinery.com\/es\/product\/hydraulic-wood-pallet-machine\/","title":{"rendered":"M\u00e1quina hidr\u00e1ulica de paletas de madera Presswood Equipo de prensa de paletas"},"content":{"rendered":"<div class=\"kk-star-ratings kksr-auto kksr-align-left kksr-valign-top\"     data-payload='{&quot;align&quot;:&quot;left&quot;,&quot;id&quot;:&quot;651&quot;,&quot;slug&quot;:&quot;default&quot;,&quot;valign&quot;:&quot;top&quot;,&quot;ignore&quot;:&quot;&quot;,&quot;reference&quot;:&quot;auto&quot;,&quot;class&quot;:&quot;&quot;,&quot;count&quot;:&quot;90&quot;,&quot;legendonly&quot;:&quot;&quot;,&quot;readonly&quot;:&quot;&quot;,&quot;score&quot;:&quot;4.8&quot;,&quot;starsonly&quot;:&quot;&quot;,&quot;best&quot;:&quot;5&quot;,&quot;gap&quot;:&quot;5&quot;,&quot;greet&quot;:&quot;Rate this product&quot;,&quot;legend&quot;:&quot;4.8\\\/5 - (90 votos)&quot;,&quot;size&quot;:&quot;24&quot;,&quot;title&quot;:&quot;Hydraulic Wood Pallet Machine Presswood Pallet Press Equipment&quot;,&quot;width&quot;:&quot;136.7&quot;,&quot;_legend&quot;:&quot;{score}\\\/{best} - ({count} {votes})&quot;,&quot;font_factor&quot;:&quot;1.25&quot;}'>              <div class=\"kksr-stars\">      <div class=\"kksr-stars-inactive\">             <div class=\"kksr-star\" data-star=\"1\" style=\"padding-right: 5px\">               <div class=\"kksr-icon\" style=\"width: 24px; height: 24px;\"><\/div>         <\/div>             <div class=\"kksr-star\" data-star=\"2\" style=\"padding-right: 5px\">               <div class=\"kksr-icon\" style=\"width: 24px; height: 24px;\"><\/div>         <\/div>             <div class=\"kksr-star\" data-star=\"3\" style=\"padding-right: 5px\">               <div class=\"kksr-icon\" style=\"width: 24px; height: 24px;\"><\/div>         <\/div>             <div class=\"kksr-star\" data-star=\"4\" style=\"padding-right: 5px\">               <div class=\"kksr-icon\" style=\"width: 24px; height: 24px;\"><\/div>         <\/div>             <div class=\"kksr-star\" data-star=\"5\" style=\"padding-right: 5px\">               <div class=\"kksr-icon\" style=\"width: 24px; height: 24px;\"><\/div>         <\/div>     <\/div>      <div class=\"kksr-stars-active\" style=\"width: 136.7px;\">             <div class=\"kksr-star\" style=\"padding-right: 5px\">               <div class=\"kksr-icon\" style=\"width: 24px; height: 24px;\"><\/div>         <\/div>             <div class=\"kksr-star\" style=\"padding-right: 5px\">               <div class=\"kksr-icon\" style=\"width: 24px; height: 24px;\"><\/div>         <\/div>             <div class=\"kksr-star\" style=\"padding-right: 5px\">               <div class=\"kksr-icon\" style=\"width: 24px; height: 24px;\"><\/div>         <\/div>             <div class=\"kksr-star\" style=\"padding-right: 5px\">               <div class=\"kksr-icon\" style=\"width: 24px; height: 24px;\"><\/div>         <\/div>             <div class=\"kksr-star\" style=\"padding-right: 5px\">               <div class=\"kksr-icon\" style=\"width: 24px; height: 24px;\"><\/div>         <\/div>     <\/div> <\/div>                   <div class=\"kksr-legend\" style=\"font-size: 19.2px;\">             4.8\/5 - (90 votos)    <\/div>     <\/div>  <p>La m\u00e1quina hidr\u00e1ulica para paletas de madera moldea eficientemente aserr\u00edn de madera y diversas materias primas en un solo proceso de prensado en caliente. Produce un pal\u00e9 cada 4-5 minutos, lo que da como resultado m\u00e1s de 200 pal\u00e9s al d\u00eda. <\/p>    <p>Esta m\u00e1quina prensadora de paletas de madera procesa una variedad de materias primas, incluidas astillas de madera, c\u00e1scaras de coco y aserr\u00edn de madera residual. Los pallets de madera producidos por esta m\u00e1quina son robustos, duraderos y de uso com\u00fan. Ofrecemos una variedad de modelos para nuestros palets de madera y tambi\u00e9n se pueden personalizar en diferentes formas. Esto nos permite satisfacer las diversas necesidades de nuestros clientes.<\/p>    <figure class=\"wp-block-embed aligncenter is-type-video is-provider-youtube wp-block-embed-youtube wp-embed-aspect-16-9 wp-has-aspect-ratio\"><div class=\"wp-block-embed__wrapper\"> <iframe loading=\"lazy\" title=\"M\u00e1quina automatizada para paletas de madera prensada en acci\u00f3n: \u00a1revolucionando la producci\u00f3n de paletas! #woodmachine\" width=\"500\" height=\"281\" src=\"https:\/\/www.youtube.com\/embed\/n4uJwvmJ9R0?feature=oembed\" frameborder=\"0\" allow=\"accelerometer; autoplay; clipboard-write; encrypted-media; gyroscope; picture-in-picture; web-share\" referrerpolicy=\"strict-origin-when-cross-origin\" allowfullscreen><\/iframe> <\/div><figcaption class=\"wp-element-caption\">Video de trabajo de la m\u00e1quina prensadora de paletas de madera.<\/figcaption><\/figure>    <p class=\"translation-block\">Nuestras m\u00e1quinas de palets de madera son populares en varios pa\u00edses, incluidos Canad\u00e1, Egipto, Malasia, Madagascar, M\u00e9xico y Eslovaquia. Adem\u00e1s, producimos <a href=\"https:\/\/hnwoodmachinery.com\/es\/product\/wood-hammer-mill\/\">m\u00e1quinas para hacer aserr\u00edn<\/a> que se pueden utilizar junto con la m\u00e1quina hidr\u00e1ulica de palets de madera.<\/p>    <figure class=\"wp-block-gallery has-nested-images columns-default is-cropped wp-block-gallery-2 is-layout-flex wp-block-gallery-is-layout-flex\"> <figure class=\"wp-block-image size-large\"><img loading=\"lazy\" decoding=\"async\" width=\"720\" height=\"540\" data-id=\"654\" src=\"https:\/\/hnwoodmachinery.com\/wp-content\/uploads\/2022\/10\/hydraulic-wood-pallet-machine-1.webp\" alt=\"m\u00e1quina hidr\u00e1ulica de paletas de madera\" class=\"wp-image-654\" title=\"m\u00e1quina hidr\u00e1ulica de paletas de madera\"\/><figcaption class=\"wp-element-caption\">M\u00e1quina hidr\u00e1ulica de paletas de madera<\/figcaption><\/figure>    <figure class=\"wp-block-image size-large\"><img loading=\"lazy\" decoding=\"async\" width=\"720\" height=\"540\" data-id=\"655\" src=\"https:\/\/hnwoodmachinery.com\/wp-content\/uploads\/2022\/10\/press-wood-pallet-making-machine-.webp\" alt=\"prensa de la m\u00e1quina para fabricar paletas de madera\" class=\"wp-image-655\" title=\"prensa de la m\u00e1quina para fabricar paletas de madera\"\/><figcaption class=\"wp-element-caption\">Presione la m\u00e1quina para fabricar paletas de madera<\/figcaption><\/figure> <\/figure>    <h2 class=\"wp-block-heading\">Materiales procesados \u200b\u200bpor la m\u00e1quina prensadora de paletas de madera.<\/h2>    <p class=\"translation-block\"><strong>Materia prima:<\/strong> las materias primas que se pueden procesar con la m\u00e1quina de palets de madera son bastante diversas. T\u00edpicamente, estas incluyen c\u00e1scaras de coco, fibras de coco, papel, materiales de biomasa, astillas de madera reciclada, aserr\u00edn, virutas y varios tipos de astillas de madera.<\/p>   <div class=\"wp-block-image\"> <figure class=\"aligncenter size-full\"><img loading=\"lazy\" decoding=\"async\" width=\"720\" height=\"540\" src=\"https:\/\/hnwoodmachinery.com\/wp-content\/uploads\/2022\/10\/raw-material-of-the-wood-pallet-.webp\" alt=\"materia prima de la plataforma de madera\" class=\"wp-image-656\" title=\"materia prima de la plataforma de madera\"\/><figcaption class=\"wp-element-caption\">materia prima de la plataforma de madera<\/figcaption><\/figure> <\/div>   <p class=\"translation-block\"><strong>Aplicaci\u00f3n de los palets de madera:<\/strong> los palets de madera son capaces de transportar objetos pesados y trasladar varios art\u00edculos, incluidos alimentos, medicinas, productos agr\u00edcolas y fertilizantes.<\/p>   <div class=\"wp-block-image\"> <figure class=\"aligncenter size-full\"><img loading=\"lazy\" decoding=\"async\" width=\"720\" height=\"540\" src=\"https:\/\/hnwoodmachinery.com\/wp-content\/uploads\/2022\/10\/Application-of-wood-pallet-.webp\" alt=\"Aplicaci\u00f3n de palet de madera.\" class=\"wp-image-657\" title=\"Aplicaci\u00f3n de palet de madera.\"\/><figcaption class=\"wp-element-caption\"><strong>Aplicaci\u00f3n de palet de madera.<\/strong><\/figcaption><\/figure> <\/div>   <h2 class=\"wp-block-heading\">Estructura de la m\u00e1quina prensadora de paletas.<\/h2>    <p>La m\u00e1quina hidr\u00e1ulica para paletas de madera consta principalmente de una estaci\u00f3n de bomba hidr\u00e1ulica, un cilindro hidr\u00e1ulico, troqueles superiores e inferiores, un gabinete de control, una m\u00e1quina de temperatura del molde y otros componentes. Varios modelos de m\u00e1quinas generan diferentes presiones.<\/p>    <figure class=\"wp-block-gallery has-nested-images columns-default is-cropped wp-block-gallery-3 is-layout-flex wp-block-gallery-is-layout-flex\"> <figure class=\"wp-block-image size-large\"><img loading=\"lazy\" decoding=\"async\" width=\"720\" height=\"540\" data-id=\"658\" src=\"https:\/\/hnwoodmachinery.com\/wp-content\/uploads\/2022\/10\/pallet-press-machine\u2018control-panel-.webp\" alt=\"Panel de control de la m\u00e1quina prensadora de paletas\" class=\"wp-image-658\" title=\"Panel de control de la m\u00e1quina prensadora de paletas\"\/><figcaption class=\"wp-element-caption\">Panel de control de la m\u00e1quina prensadora de paletas<\/figcaption><\/figure>    <figure class=\"wp-block-image size-large\"><img loading=\"lazy\" decoding=\"async\" width=\"720\" height=\"540\" data-id=\"659\" src=\"https:\/\/hnwoodmachinery.com\/wp-content\/uploads\/2022\/10\/molding-part-.webp\" alt=\"\" class=\"wp-image-659\" title=\"\"><figcaption class=\"wp-element-caption\">Pieza de moldeo <\/figcaption><\/figure>    <figure class=\"wp-block-image size-large\"><img loading=\"lazy\" decoding=\"async\" width=\"720\" height=\"540\" data-id=\"660\" src=\"https:\/\/hnwoodmachinery.com\/wp-content\/uploads\/2022\/10\/upper-part-of-the-wood-pallet-machine-.webp\" alt=\"parte superior de la m\u00e1quina de paletas de madera\" class=\"wp-image-660\" title=\"parte superior de la m\u00e1quina de paletas de madera\"\/><figcaption class=\"wp-element-caption\">Parte superior de la m\u00e1quina de paletas de madera<\/figcaption><\/figure> <\/figure>    <h2 class=\"wp-block-heading\">Flujo de trabajo de la m\u00e1quina prensadora de pellets de aserr\u00edn<\/h2>   <div id=\"rank-math-howto\" class=\"rank-math-block\" > <div class=\"rank-math-howto-description\">  <\/div>  <div class=\"rank-math-steps\"> <div id=\"howto-step-1717482181808\" class=\"rank-math-step\"> <div class=\"rank-math-step-content\"><p>Los trabajadores comienzan colocando la materia prima en forma plana en el molde de la m\u00e1quina hidr\u00e1ulica de paletas de madera.<\/p> <\/div> <\/div> <div id=\"howto-step-1717482237057\" class=\"rank-math-step\"> <div class=\"rank-math-step-content\"><p>Encienda la m\u00e1quina y config\u00farela varias veces. Despu\u00e9s de eso, la m\u00e1quina comienza a prensar en caliente la materia prima.<\/p> <\/div> <\/div> <div id=\"howto-step-1717482241247\" class=\"rank-math-step\"> <div class=\"rank-math-step-content\"><p>Despu\u00e9s de unos 4 a 5 minutos, se completa el proceso de fabricaci\u00f3n de la plataforma de madera.<\/p> <\/div> <\/div> <\/div> <\/div>       <figure class=\"wp-block-embed aligncenter is-type-video is-provider-youtube wp-block-embed-youtube wp-embed-aspect-16-9 wp-has-aspect-ratio\"><div class=\"wp-block-embed__wrapper\"> <iframe loading=\"lazy\" title=\"Eficiencia elevada: \u00a1sea testigo de nuestra m\u00e1quina moldeadora de paletas de madera prensada en acci\u00f3n! #procesamiento de la madera\" width=\"500\" height=\"281\" src=\"https:\/\/www.youtube.com\/embed\/BRzDbvVdf7U?feature=oembed\" frameborder=\"0\" allow=\"accelerometer; autoplay; clipboard-write; encrypted-media; gyroscope; picture-in-picture; web-share\" referrerpolicy=\"strict-origin-when-cross-origin\" allowfullscreen><\/iframe> <\/div><figcaption class=\"wp-element-caption\">Video de procesamiento de m\u00e1quina hidr\u00e1ulica de paletas de madera<\/figcaption><\/figure>    <h2 class=\"wp-block-heading\">Par\u00e1metros t\u00e9cnicos de la m\u00e1quina para fabricar paletas prensadas en caliente.<\/h2>    <figure class=\"wp-block-table is-style-stripes\"><table><tbody><tr><td>Modelo<\/td><td>SL-800-102 con dos moldes<\/td><\/tr><tr><td>Tama\u00f1o de los moldes<\/td><td>1200*800 mm (personalizable)<\/td><\/tr><tr><td>Voltaje<\/td><td>11kw (m\u00e1s nuevo)<\/td><\/tr><tr><td>Capacidad<\/td><td>220 unidades\/d\u00eda<\/td><\/tr><tr><td>Presi\u00f3n laboral<\/td><td>25MPa<\/td><\/tr><tr><td>Cilindro de aceite<\/td><td>\u03a6360*4 Uds.<\/td><\/tr><tr><td>Ataque<\/td><td>400 mm<\/td><\/tr><tr><td>Dimensi\u00f3n<\/td><td>3,3mX3mX3,2m<\/td><\/tr><tr><td>Peso<\/td><td>25 toneladas<\/td><\/tr><\/tbody><\/table><figcaption class=\"wp-element-caption\">Par\u00e1metro de la m\u00e1quina para fabricar paletas de prensa en caliente<\/figcaption><\/figure>    <h2 class=\"wp-block-heading\">\u00bfPor qu\u00e9 elegir nuestra m\u00e1quina de paletas de madera?<\/h2>    <ul class=\"wp-block-list\"> <li>La m\u00e1quina hidr\u00e1ulica para paletas de madera es vers\u00e1til y puede utilizar una variedad de materias primas, incluidos diferentes tipos de aserr\u00edn de madera y materiales de fibra larga. Esta flexibilidad permite a los usuarios minimizar su entrada de materia prima.<\/li>    <li>Hay varios modelos disponibles de esta m\u00e1quina, que permiten la producci\u00f3n de palets de madera en varios tama\u00f1os.<\/li>    <li>La m\u00e1quina prensadora de paletas de madera funciona a alta presi\u00f3n, lo que da como resultado paletas de madera s\u00f3lidas y duraderas.<\/li>    <li>Con una estructura de cuatro postes, el equipo es estable, f\u00e1cil de mantener y est\u00e1 dise\u00f1ado para una larga vida \u00fatil.<\/li>    <li>El sistema de control PLC es f\u00e1cil de usar y le permite configurar el tiempo y la temperatura seg\u00fan sus necesidades.<\/li> <\/ul>    <figure class=\"wp-block-gallery has-nested-images columns-default is-cropped wp-block-gallery-4 is-layout-flex wp-block-gallery-is-layout-flex\"> <figure class=\"wp-block-image size-large\"><img loading=\"lazy\" decoding=\"async\" width=\"720\" height=\"540\" data-id=\"666\" src=\"https:\/\/hnwoodmachinery.com\/wp-content\/uploads\/2022\/10\/wood-pallet-machine-.webp\" alt=\"m\u00e1quina de paletas de madera\" class=\"wp-image-666\" title=\"m\u00e1quina de paletas de madera\"\/><figcaption class=\"wp-element-caption\">M\u00e1quina de paletas de madera<\/figcaption><\/figure>    <figure class=\"wp-block-image size-large\"><img loading=\"lazy\" decoding=\"async\" width=\"720\" height=\"540\" data-id=\"667\" src=\"https:\/\/hnwoodmachinery.com\/wp-content\/uploads\/2022\/10\/wood-pallets-2.webp\" alt=\"Paleta de madera \" class=\"wp-image-667\" title=\"Paleta de madera \"\/><figcaption class=\"wp-element-caption\">Paleta de madera <\/figcaption><\/figure> <\/figure>    <h2 class=\"wp-block-heading\">\u00bfCu\u00e1les son las ventajas de los palets de madera?<\/h2>    <ul class=\"wp-block-list\"> <li>Los pallets de madera no requieren fumigaci\u00f3n, lo que permite una f\u00e1cil importaci\u00f3n y exportaci\u00f3n.<\/li>    <li>Cumplen con los est\u00e1ndares de protecci\u00f3n ambiental y tienen bajos costos de producci\u00f3n.<\/li>    <li>Las paletas de madera mantienen una forma estable, resisten la deformaci\u00f3n y tienen una larga vida \u00fatil.<\/li>    <li>Se caracterizan por su alta precisi\u00f3n y su dise\u00f1o ligero.<\/li> <\/ul>    <figure class=\"wp-block-gallery has-nested-images columns-default is-cropped wp-block-gallery-5 is-layout-flex wp-block-gallery-is-layout-flex\"> <figure class=\"wp-block-image size-large\"><img loading=\"lazy\" decoding=\"async\" width=\"720\" height=\"540\" data-id=\"661\" src=\"https:\/\/hnwoodmachinery.com\/wp-content\/uploads\/2022\/10\/finished-wood-pallet-.webp\" alt=\"paleta de madera terminada\" class=\"wp-image-661\" title=\"paleta de madera terminada\"\/><figcaption class=\"wp-element-caption\">Palet de madera terminada<\/figcaption><\/figure>    <figure class=\"wp-block-image size-large\"><img loading=\"lazy\" decoding=\"async\" width=\"720\" height=\"540\" data-id=\"662\" src=\"https:\/\/hnwoodmachinery.com\/wp-content\/uploads\/2022\/10\/wood-pallets-.webp\" alt=\"palets de madera\" class=\"wp-image-662\" title=\"palets de madera\"\/><figcaption class=\"wp-element-caption\">Palets de madera<\/figcaption><\/figure> <\/figure>    <figure class=\"wp-block-gallery has-nested-images columns-default is-cropped wp-block-gallery-6 is-layout-flex wp-block-gallery-is-layout-flex\"> <figure class=\"wp-block-image size-large\"><img loading=\"lazy\" decoding=\"async\" width=\"720\" height=\"540\" data-id=\"1103\" src=\"https:\/\/hnwoodmachinery.com\/wp-content\/uploads\/2022\/10\/wooden-pallets.webp\" alt=\"palets de madera\" class=\"wp-image-1103\" title=\"\" srcset=\"https:\/\/hnwoodmachinery.com\/wp-content\/uploads\/2022\/10\/wooden-pallets.webp 720w, https:\/\/hnwoodmachinery.com\/wp-content\/uploads\/2022\/10\/wooden-pallets-300x225.webp 300w, https:\/\/hnwoodmachinery.com\/wp-content\/uploads\/2022\/10\/wooden-pallets-16x12.webp 16w\" sizes=\"auto, (max-width: 720px) 100vw, 720px\" \/><figcaption class=\"wp-element-caption\">Palets de madera<\/figcaption><\/figure>    <figure class=\"wp-block-image size-large\"><img loading=\"lazy\" decoding=\"async\" width=\"720\" height=\"540\" data-id=\"1102\" src=\"https:\/\/hnwoodmachinery.com\/wp-content\/uploads\/2022\/10\/presswood-pallet-production.webp\" alt=\"producci\u00f3n de paletas de madera prensada\" class=\"wp-image-1102\" title=\"\" srcset=\"https:\/\/hnwoodmachinery.com\/wp-content\/uploads\/2022\/10\/presswood-pallet-production.webp 720w, https:\/\/hnwoodmachinery.com\/wp-content\/uploads\/2022\/10\/presswood-pallet-production-300x225.webp 300w, https:\/\/hnwoodmachinery.com\/wp-content\/uploads\/2022\/10\/presswood-pallet-production-16x12.webp 16w\" sizes=\"auto, (max-width: 720px) 100vw, 720px\" \/><figcaption class=\"wp-element-caption\">Producci\u00f3n de paletas de madera prensada<\/figcaption><\/figure> <\/figure>    <h2 class=\"wp-block-heading\">Preguntas m\u00e1s frecuentes<\/h2>   <div id=\"rank-math-faq\" class=\"rank-math-block\"> <div class=\"rank-math-list\"> <div id=\"faq-question-1717482314554\" class=\"rank-math-list-item\"> <h3 class=\"rank-math-question\">\u00bfSe puede personalizar el tama\u00f1o de los palets de madera?<\/h3> <div class=\"rank-math-answer\">  <p>S\u00ed, es posible.<\/p>  <\/div> <\/div> <div id=\"faq-question-1717482319564\" class=\"rank-math-list-item\"> <h3 class=\"rank-math-question\">\u00bfSe puede sustituir el molde de los palets de madera? \u00bfSe puede personalizar?<\/h3> <div class=\"rank-math-answer\">  <p>Los moldes se pueden cambiar. Podemos personalizar el molde de palets de madera seg\u00fan los requisitos del cliente.<\/p>  <\/div> <\/div> <div id=\"faq-question-1717482326171\" class=\"rank-math-list-item\"> <h3 class=\"rank-math-question\">\u00bfCu\u00e1l es el peso de los pallets de madera que se pueden transportar?<\/h3> <div class=\"rank-math-answer\">  <p>Carga est\u00e1tica: 3, 5, 10 toneladas. Carga din\u00e1mica: 3-5 toneladas.<\/p>  <\/div> <\/div> <div id=\"faq-question-1717482333756\" class=\"rank-math-list-item\"> <h3 class=\"rank-math-question\">\u00bfCu\u00e1l es el requisito de humedad de la materia prima?<\/h3> <div class=\"rank-math-answer\">  <p>Cuanta menos humedad mejor. Generalmente se trata de 10%.<\/p>  <\/div> <\/div> <div id=\"faq-question-1717482341738\" class=\"rank-math-list-item\"> <h3 class=\"rank-math-question\">\u00bfCu\u00e1nto tiempo se tarda en fabricar un palet de madera?<\/h3> <div class=\"rank-math-answer\">  <p>4-5 minutos.<\/p>  <\/div> <\/div> <\/div> <\/div>   <figure class=\"wp-block-gallery has-nested-images columns-default is-cropped wp-block-gallery-7 is-layout-flex wp-block-gallery-is-layout-flex\"> <figure class=\"wp-block-image size-large\"><img loading=\"lazy\" decoding=\"async\" width=\"720\" height=\"540\" data-id=\"664\" src=\"https:\/\/hnwoodmachinery.com\/wp-content\/uploads\/2022\/10\/sawdust-pellet-press-machines-mold-1-1.jpg\" alt=\"Molde de la m\u00e1quina de prensa de pellets de aserr\u00edn\" class=\"wp-image-664\" title=\"Molde de la m\u00e1quina de prensa de pellets de aserr\u00edn\"\/><figcaption class=\"wp-element-caption\">Molde de la m\u00e1quina prensadora de pellets de aserr\u00edn<\/figcaption><\/figure>    <figure class=\"wp-block-image size-large\"><img loading=\"lazy\" decoding=\"async\" width=\"720\" height=\"540\" data-id=\"665\" src=\"https:\/\/hnwoodmachinery.com\/wp-content\/uploads\/2022\/10\/hot-press-pallet-making-machine-.jpg\" alt=\"Molde de la m\u00e1quina para fabricar paletas de prensado en caliente \" class=\"wp-image-665\" title=\"Molde de la m\u00e1quina para fabricar paletas de prensado en caliente \"\/><figcaption class=\"wp-element-caption\">Molde de la m\u00e1quina para fabricar paletas de prensado en caliente <\/figcaption><\/figure> <\/figure>    <h2 class=\"wp-block-heading\">M\u00e1quina de paletas de madera vendida a Canad\u00e1<\/h2>    <p class=\"translation-block\">Un cliente de <a href=\"https:\/\/en.wikipedia.org\/wiki\/Canada\" target=\"_blank\" rel=\"noopener\">Canad\u00e1<\/a> realiz\u00f3 un pedido de una m\u00e1quina hidr\u00e1ulica de palets de madera TP-800-102 con nosotros la semana pasada. A trav\u00e9s de nuestras discusiones, descubrimos que el cliente opera una f\u00e1brica de palets de madera y est\u00e1 buscando adquirir una nueva m\u00e1quina. <\/p>    <p>Anteriormente, el cliente utilizaba una m\u00e1quina de paletas de madera con estructura m\u00e1s antigua. Sugerimos el nuevo modelo, destacando su menor tama\u00f1o, mayor eficiencia y durabilidad del producto terminado. Despu\u00e9s de brindar una introducci\u00f3n detallada a la m\u00e1quina, el cliente decidi\u00f3 seguir adelante con la compra de la m\u00e1quina para paletas de madera.<\/p>","protected":false},"excerpt":{"rendered":"<p>La m\u00e1quina hidr\u00e1ulica para paletas de madera moldea eficientemente aserr\u00edn de madera y diversas materias primas en un solo proceso de prensado en caliente. Produce un pal\u00e9 cada 4-5 minutos, lo que da como resultado m\u00e1s de 200 pal\u00e9s al d\u00eda. <\/p>","protected":false},"author":1,"featured_media":653,"parent":0,"template":"","tags":[35,39],"product-type":[30],"class_list":["post-651","product","type-product","status-publish","has-post-thumbnail","hentry","tag-wood","tag-wood-pallet","product-type-wood-forming-machine"],"_links":{"self":[{"href":"https:\/\/hnwoodmachinery.com\/es\/wp-json\/wp\/v2\/product\/651","targetHints":{"allow":["GET"]}}],"collection":[{"href":"https:\/\/hnwoodmachinery.com\/es\/wp-json\/wp\/v2\/product"}],"about":[{"href":"https:\/\/hnwoodmachinery.com\/es\/wp-json\/wp\/v2\/types\/product"}],"author":[{"embeddable":true,"href":"https:\/\/hnwoodmachinery.com\/es\/wp-json\/wp\/v2\/users\/1"}],"wp:featuredmedia":[{"embeddable":true,"href":"https:\/\/hnwoodmachinery.com\/es\/wp-json\/wp\/v2\/media\/653"}],"wp:attachment":[{"href":"https:\/\/hnwoodmachinery.com\/es\/wp-json\/wp\/v2\/media?parent=651"}],"wp:term":[{"taxonomy":"post_tag","embeddable":true,"href":"https:\/\/hnwoodmachinery.com\/es\/wp-json\/wp\/v2\/tags?post=651"},{"taxonomy":"product-type","embeddable":true,"href":"https:\/\/hnwoodmachinery.com\/es\/wp-json\/wp\/v2\/product-type?post=651"}],"curies":[{"name":"wp","href":"https:\/\/api.w.org\/{rel}","templated":true}]}}