{"id":30,"date":"2022-07-18T03:48:36","date_gmt":"2022-07-18T03:48:36","guid":{"rendered":"https:\/\/hnwoodmachinery.com\/?post_type=product&#038;p=30"},"modified":"2024-09-11T17:57:28","modified_gmt":"2024-09-11T09:57:28","slug":"shavings-for-animal-bedding","status":"publish","type":"product","link":"https:\/\/hnwoodmachinery.com\/es\/product\/shavings-for-animal-bedding\/","title":{"rendered":"Virutas para lecho de animales M\u00e1quina de afeitar de madera a buen precio"},"content":{"rendered":"<div class=\"kk-star-ratings kksr-auto kksr-align-left kksr-valign-top\"     data-payload='{&quot;align&quot;:&quot;left&quot;,&quot;id&quot;:&quot;30&quot;,&quot;slug&quot;:&quot;default&quot;,&quot;valign&quot;:&quot;top&quot;,&quot;ignore&quot;:&quot;&quot;,&quot;reference&quot;:&quot;auto&quot;,&quot;class&quot;:&quot;&quot;,&quot;count&quot;:&quot;92&quot;,&quot;legendonly&quot;:&quot;&quot;,&quot;readonly&quot;:&quot;&quot;,&quot;score&quot;:&quot;4.8&quot;,&quot;starsonly&quot;:&quot;&quot;,&quot;best&quot;:&quot;5&quot;,&quot;gap&quot;:&quot;5&quot;,&quot;greet&quot;:&quot;Rate this product&quot;,&quot;legend&quot;:&quot;4.8\\\/5 - (92 votos)&quot;,&quot;size&quot;:&quot;24&quot;,&quot;title&quot;:&quot;Shavings For Animal Bedding Good Price Wood Shaving Machine&quot;,&quot;width&quot;:&quot;136.7&quot;,&quot;_legend&quot;:&quot;{score}\\\/{best} - ({count} {votes})&quot;,&quot;font_factor&quot;:&quot;1.25&quot;}'>              <div class=\"kksr-stars\">      <div class=\"kksr-stars-inactive\">             <div class=\"kksr-star\" data-star=\"1\" style=\"padding-right: 5px\">               <div class=\"kksr-icon\" style=\"width: 24px; height: 24px;\"><\/div>         <\/div>             <div class=\"kksr-star\" data-star=\"2\" style=\"padding-right: 5px\">               <div class=\"kksr-icon\" style=\"width: 24px; height: 24px;\"><\/div>         <\/div>             <div class=\"kksr-star\" data-star=\"3\" style=\"padding-right: 5px\">               <div class=\"kksr-icon\" style=\"width: 24px; height: 24px;\"><\/div>         <\/div>             <div class=\"kksr-star\" data-star=\"4\" style=\"padding-right: 5px\">               <div class=\"kksr-icon\" style=\"width: 24px; height: 24px;\"><\/div>         <\/div>             <div class=\"kksr-star\" data-star=\"5\" style=\"padding-right: 5px\">               <div class=\"kksr-icon\" style=\"width: 24px; height: 24px;\"><\/div>         <\/div>     <\/div>      <div class=\"kksr-stars-active\" style=\"width: 136.7px;\">             <div class=\"kksr-star\" style=\"padding-right: 5px\">               <div class=\"kksr-icon\" style=\"width: 24px; height: 24px;\"><\/div>         <\/div>             <div class=\"kksr-star\" style=\"padding-right: 5px\">               <div class=\"kksr-icon\" style=\"width: 24px; height: 24px;\"><\/div>         <\/div>             <div class=\"kksr-star\" style=\"padding-right: 5px\">               <div class=\"kksr-icon\" style=\"width: 24px; height: 24px;\"><\/div>         <\/div>             <div class=\"kksr-star\" style=\"padding-right: 5px\">               <div class=\"kksr-icon\" style=\"width: 24px; height: 24px;\"><\/div>         <\/div>             <div class=\"kksr-star\" style=\"padding-right: 5px\">               <div class=\"kksr-icon\" style=\"width: 24px; height: 24px;\"><\/div>         <\/div>     <\/div> <\/div>                   <div class=\"kksr-legend\" style=\"font-size: 19.2px;\">             4.8\/5 - (92 votos)    <\/div>     <\/div>  <p>La m\u00e1quina afeitadora de madera est\u00e1 especialmente dise\u00f1ada para afeitar troncos redondos de diferentes di\u00e1metros y convertirlos en virutas de madera de buena calidad para lechos de animales. Funciona girando su cuchilla para producir virutas ultrafinas con una precisi\u00f3n de hasta 0,5 mm. <\/p>    <p>Puede manipular hasta 3.000 kg de troncos cada hora, lo que ayuda a reducir el consumo de energ\u00eda en el proceso de producci\u00f3n del 20%. Ya sea que se utilice en la fabricaci\u00f3n de muebles, la producci\u00f3n de tableros o el pretratamiento de materiales de construcci\u00f3n, contribuye a mejorar la eficiencia de la producci\u00f3n.<\/p>    <p>Las virutas terminadas tienen tama\u00f1os ajustables y se pueden utilizar como lecho para la cr\u00eda y reproducci\u00f3n de ganado como caballos, cerdos, vacas, ovejas, pollos, mascotas, etc. Es muy beneficioso para la industria de la cr\u00eda de caballos, la cr\u00eda de animales o la industria de la cr\u00eda de animales. .<\/p>    <figure class=\"wp-block-embed aligncenter is-type-video is-provider-youtube wp-block-embed-youtube wp-embed-aspect-16-9 wp-has-aspect-ratio\"><div class=\"wp-block-embed__wrapper\"> <iframe loading=\"lazy\" title=\"Convertir residuos en tesoros: \u00a1una operaci\u00f3n asombrosa de una m\u00e1quina trituradora de madera altamente eficiente!\" width=\"500\" height=\"281\" src=\"https:\/\/www.youtube.com\/embed\/AT86gcX0xlU?feature=oembed\" frameborder=\"0\" allow=\"accelerometer; autoplay; clipboard-write; encrypted-media; gyroscope; picture-in-picture; web-share\" referrerpolicy=\"strict-origin-when-cross-origin\" allowfullscreen><\/iframe> <\/div><figcaption class=\"wp-element-caption\">V\u00eddeo de trabajo de virutas de madera para lechos de animales.<\/figcaption><\/figure>    <h2 class=\"wp-block-heading\" id=\"h-brief-introduction-shavings-for-animal-bedding\">Virutas de m\u00e1quina personalizables para lechos de animales<\/h2>    <p>La m\u00e1quina de afeitar para madera de Shuliy tiene diferentes modelos. Podemos satisfacer las necesidades de m\u00e1s clientes. Tambi\u00e9n podemos personalizar la m\u00e1quina seg\u00fan las necesidades espec\u00edficas de nuestros clientes. <\/p>    <p>Por ejemplo, podemos elevar el marco de las virutas para lecho de animales y a\u00f1adir dos ruedas grandes para facilitar al cliente el movimiento de la m\u00e1quina, etc. La profundidad de la cuchilla se puede ajustar seg\u00fan sea necesario para obtener virutas de diferentes espesores. <\/p>    <p>En cuanto a la potencia, la m\u00e1quina puede equiparse con un motor di\u00e9sel y un motor el\u00e9ctrico. Los pa\u00edses a los que exportamos frecuentemente son Sud\u00e1frica y sus alrededores.<\/p>    <figure class=\"wp-block-gallery has-nested-images columns-2 is-cropped wp-block-gallery-2 is-layout-flex wp-block-gallery-is-layout-flex\"> <figure class=\"wp-block-image size-large\"><img loading=\"lazy\" decoding=\"async\" width=\"720\" height=\"540\" data-id=\"441\" src=\"https:\/\/hnwoodmachinery.com\/wp-content\/uploads\/2022\/09\/wood-shaving-machine-0.webp\" alt=\"virutas para cama de animales\" class=\"wp-image-441\" title=\"virutas para cama de animales\"\/><figcaption class=\"wp-element-caption\">Virutas para lecho de animales<\/figcaption><\/figure>    <figure class=\"wp-block-image size-large\"><img loading=\"lazy\" decoding=\"async\" width=\"720\" height=\"540\" data-id=\"442\" src=\"https:\/\/hnwoodmachinery.com\/wp-content\/uploads\/2022\/09\/wood-shaving-machine-for-animal-bedding-0.webp\" alt=\"M\u00e1quina de afeitar de madera para camas de animales.\" class=\"wp-image-442\" title=\"M\u00e1quina de afeitar de madera para camas de animales.\"\/><figcaption class=\"wp-element-caption\">M\u00e1quina de afeitar de madera para lecho de animales<\/figcaption><\/figure>    <figure class=\"wp-block-image size-large\"><img loading=\"lazy\" decoding=\"async\" width=\"720\" height=\"540\" data-id=\"1162\" src=\"https:\/\/hnwoodmachinery.com\/wp-content\/uploads\/2022\/07\/portable-wood-shaving-machine-.webp\" alt=\"m\u00e1quina de afeitar de madera port\u00e1til\" class=\"wp-image-1162\" title=\"\" srcset=\"https:\/\/hnwoodmachinery.com\/wp-content\/uploads\/2022\/07\/portable-wood-shaving-machine-.webp 720w, https:\/\/hnwoodmachinery.com\/wp-content\/uploads\/2022\/07\/portable-wood-shaving-machine--300x225.webp 300w, https:\/\/hnwoodmachinery.com\/wp-content\/uploads\/2022\/07\/portable-wood-shaving-machine--16x12.webp 16w\" sizes=\"auto, (max-width: 720px) 100vw, 720px\" \/><figcaption class=\"wp-element-caption\">M\u00e1quina de afeitar de madera port\u00e1til<\/figcaption><\/figure>    <figure class=\"wp-block-image size-large\"><img loading=\"lazy\" decoding=\"async\" width=\"720\" height=\"540\" data-id=\"1161\" src=\"https:\/\/hnwoodmachinery.com\/wp-content\/uploads\/2022\/07\/diesel-wood-shaver-machine.webp\" alt=\"m\u00e1quina de afeitar de madera diesel\" class=\"wp-image-1161\" title=\"\" srcset=\"https:\/\/hnwoodmachinery.com\/wp-content\/uploads\/2022\/07\/diesel-wood-shaver-machine.webp 720w, https:\/\/hnwoodmachinery.com\/wp-content\/uploads\/2022\/07\/diesel-wood-shaver-machine-300x225.webp 300w, https:\/\/hnwoodmachinery.com\/wp-content\/uploads\/2022\/07\/diesel-wood-shaver-machine-16x12.webp 16w\" sizes=\"auto, (max-width: 720px) 100vw, 720px\" \/><figcaption class=\"wp-element-caption\">M\u00e1quina afeitadora de madera di\u00e9sel<\/figcaption><\/figure> <\/figure>    <p class=\"translation-block\">Antes de hacer virutas, puede pretratar los troncos con nuestra <a href=\"https:\/\/hnwoodmachinery.com\/es\/product\/log-debarker-machine\/\">desbarkadora de troncos<\/a>.<\/p>    <h2 class=\"wp-block-heading\" id=\"h-application-scope-of-wood-shaving-machine\">\u00c1mbito de aplicaci\u00f3n de la m\u00e1quina de afeitar para madera.<\/h2>    <p class=\"translation-block\"><strong>Materia prima:<\/strong> troncos (mejor despu\u00e9s de descortezar), ramas, etc.<\/p>    <p class=\"translation-block\"><strong>Aplicaci\u00f3n de productos terminados<\/strong><\/p>    <ul class=\"wp-block-list\"> <li>Puede convertirse en tableros de part\u00edculas (madera contrachapada), usarse como materia prima para papel de pulpa de madera en f\u00e1bricas de papel y como relleno para el transporte de mercanc\u00edas fr\u00e1giles en empresas de transporte. <\/li>    <li>Tambi\u00e9n se utiliza como relleno para cerdos, vacas, ovejas y diversos animales de peque\u00f1a escala en sus nidos, y como bioenerg\u00eda.<\/li>    <li>Esta m\u00e1quina es utilizada por peque\u00f1as y medianas empresas, as\u00ed como por hogares individuales que procesan madera, como f\u00e1bricas de tableros de part\u00edculas, f\u00e1bricas de tableros, f\u00e1bricas de papel, combustibles bioenerg\u00e9ticos, camas para mascotas, cr\u00eda de aves de corral para nidos y log\u00edstica fr\u00e1gil. lecho. <\/li>    <li>Tambi\u00e9n se utiliza en la plantaci\u00f3n de hongos y en bases de cultivo.<\/li> <\/ul>   <div class=\"wp-block-image\"> <figure class=\"aligncenter size-full\"><img loading=\"lazy\" decoding=\"async\" width=\"720\" height=\"540\" src=\"https:\/\/hnwoodmachinery.com\/wp-content\/uploads\/2022\/09\/applications-of-wood-shaving-machine-0.webp\" alt=\"Aplicaciones de la m\u00e1quina de afeitar para madera.\" class=\"wp-image-444\" title=\"Aplicaciones de la m\u00e1quina de afeitar para madera.\"\/><figcaption class=\"wp-element-caption\">Aplicaciones de la m\u00e1quina de afeitar para madera.<\/figcaption><\/figure> <\/div>  <div class=\"wp-block-image\"> <figure class=\"aligncenter size-full\"><img loading=\"lazy\" decoding=\"async\" width=\"720\" height=\"540\" src=\"http:\/\/hnwoodmachinery.com\/wp-content\/uploads\/2022\/07\/wood-shavings-machine-application.webp\" alt=\"Aplicaci\u00f3n de la m\u00e1quina de virutas de madera.\" class=\"wp-image-1067\" title=\"\" srcset=\"https:\/\/hnwoodmachinery.com\/wp-content\/uploads\/2022\/07\/wood-shavings-machine-application.webp 720w, https:\/\/hnwoodmachinery.com\/wp-content\/uploads\/2022\/07\/wood-shavings-machine-application-300x225.webp 300w, https:\/\/hnwoodmachinery.com\/wp-content\/uploads\/2022\/07\/wood-shavings-machine-application-16x12.webp 16w\" sizes=\"auto, (max-width: 720px) 100vw, 720px\" \/><figcaption class=\"wp-element-caption\">virutas de madera para camas de animales<\/figcaption><\/figure> <\/div>   <h2 class=\"wp-block-heading\" id=\"h-technical-information-on-the-industrial-wood-shaving-machine\">Informaci\u00f3n t\u00e9cnica sobre m\u00e1quina afeitadora de madera industrial.<\/h2>    <figure class=\"wp-block-table is-style-stripes\"><table><tbody><tr><td><strong>MODELO<\/strong><strong><\/strong><\/td><td><strong>CAPACIDAD<\/strong><strong><\/strong><\/td><td><strong>TAMA\u00d1O DE ENTRADA<\/strong><strong><\/strong><\/td><td><strong>FUERZA<\/strong><strong><\/strong><\/td><\/tr><tr><td>SL-420<\/td><td>300 kg\/h<\/td><td>6cm<\/td><td>7,5 kw<\/td><\/tr><tr><td>SL-600<\/td><td>500 kg\/h<\/td><td>12cm<\/td><td>15kW<\/td><\/tr><tr><td>SL-800<\/td><td>1000 kg\/h<\/td><td>16cm<\/td><td>30kw<\/td><\/tr><tr><td>SL-1000<\/td><td>1500 kg\/h<\/td><td>20 cent\u00edmetros<\/td><td>55kw<\/td><\/tr><tr><td>SL-1200<\/td><td>2000 kg\/h<\/td><td>24cm<\/td><td>55kw<\/td><\/tr><tr><td>SL-1500<\/td><td>2500 kg\/h<\/td><td>32cm<\/td><td>75kw<\/td><\/tr><\/tbody><\/table><figcaption class=\"wp-element-caption\">Par\u00e1metros de virutas de madera para lechos de animales.<\/figcaption><\/figure>    <h2 class=\"wp-block-heading\" id=\"h-structure-of-pine-wood-shaving-machine\">Estructura de la m\u00e1quina para fabricar virutas de madera de pino.<\/h2>    <p>La m\u00e1quina afeitadora de madera de pino incluye principalmente el marco, el puerto de alimentaci\u00f3n, la placa de la cuchilla, la cuchilla, la pantalla, el puerto de descarga, etc. Generalmente, el tama\u00f1o peque\u00f1o de la m\u00e1quina afeitadora tambi\u00e9n viene con Shakelong, que puede concentrar el polvo producido por la m\u00e1quina cuando trabaja. . Tambi\u00e9n podemos elevar el marco e instalar las ruedas seg\u00fan los requisitos del cliente.<\/p>    <h2 class=\"wp-block-heading\" id=\"h-how-does-the-animal-bedding-machine-work\">\u00bfC\u00f3mo funciona la m\u00e1quina afeitadora de troncos?<\/h2>   <div id=\"rank-math-howto\" class=\"rank-math-block\" > <div class=\"rank-math-howto-description\">  <\/div>  <div class=\"rank-math-steps\"> <div id=\"howto-step-1717403657746\" class=\"rank-math-step\"> <div class=\"rank-math-step-content\"><p>Despu\u00e9s de que la materia prima ingresa al puerto de alimentaci\u00f3n, ser\u00e1 aplastada por el impacto del martillo giratorio de alta velocidad. Luego, el cuchillo de corte lo cortar\u00e1 en la c\u00e1mara de trituraci\u00f3n.<\/p> <\/div> <\/div> <div id=\"howto-step-1717403675893\" class=\"rank-math-step\"> <div class=\"rank-math-step-content\"><p>Luego, el viento generado por la pala de viento incorporada se enviar\u00e1 a la salida del material a trav\u00e9s de la pantalla, o se utilizar\u00e1 un ventilador externo para bombear el viento a la salida del material.<\/p> <\/div> <\/div> <div id=\"howto-step-1717403683686\" class=\"rank-math-step\"> <div class=\"rank-math-step-content\"><p>El tama\u00f1o de las virutas se determina ajustando la longitud de la hoja y el tama\u00f1o de apertura de la pantalla para satisfacer diversas necesidades.<\/p> <\/div> <\/div> <\/div> <\/div>       <figure class=\"wp-block-embed aligncenter is-type-video is-provider-youtube wp-block-embed-youtube wp-embed-aspect-16-9 wp-has-aspect-ratio\"><div class=\"wp-block-embed__wrapper\"> <iframe loading=\"lazy\" title=\"\u00a1Venta caliente de m\u00e1quina de afeitar para madera! m\u00e1quina de afeitar de madera port\u00e1til \u4e28 m\u00e1quina de afeitar de madera de disco\" width=\"500\" height=\"281\" src=\"https:\/\/www.youtube.com\/embed\/Ioj-kvQLih4?start=1&#038;feature=oembed\" frameborder=\"0\" allow=\"accelerometer; autoplay; clipboard-write; encrypted-media; gyroscope; picture-in-picture; web-share\" referrerpolicy=\"strict-origin-when-cross-origin\" allowfullscreen><\/iframe> <\/div><figcaption class=\"wp-element-caption\">c\u00f3mo funciona la m\u00e1quina afeitadora de madera<\/figcaption><\/figure>    <h2 class=\"wp-block-heading\" id=\"h-disk-wood-shaving-machine-s-knife-and-blade\">Cuchilla y cuchilla de m\u00e1quina de afeitar de madera de disco<\/h2>    <ul class=\"wp-block-list\"> <li>El sistema de virutas es la parte m\u00e1s importante de la m\u00e1quina, que contiene la placa de cuchillas y la cuchilla.<\/li>    <li>El disco cortador y la cuchilla que producimos est\u00e1n hechos de material de alta calidad, resistentes, duraderos, afilados y proporcionan un buen efecto de afeitado.<\/li>    <li>Adem\u00e1s, el n\u00famero de aspas var\u00eda de un modelo a otro, existiendo opciones de cuatro y ocho aspas.<\/li>    <li>La inclinaci\u00f3n de la hoja se puede ajustar para controlar el grosor de las virutas.<\/li> <\/ul>    <figure class=\"wp-block-gallery has-nested-images columns-default is-cropped wp-block-gallery-3 is-layout-flex wp-block-gallery-is-layout-flex\"> <figure class=\"wp-block-image size-large\"><img loading=\"lazy\" decoding=\"async\" width=\"720\" height=\"540\" data-id=\"448\" src=\"https:\/\/hnwoodmachinery.com\/wp-content\/uploads\/2022\/09\/blade.webp\" alt=\"cuchilla\" class=\"wp-image-448\" title=\"cuchilla\"\/><figcaption class=\"wp-element-caption\">Cuchilla<\/figcaption><\/figure>    <figure class=\"wp-block-image size-large\"><img loading=\"lazy\" decoding=\"async\" width=\"720\" height=\"540\" data-id=\"449\" src=\"https:\/\/hnwoodmachinery.com\/wp-content\/uploads\/2022\/09\/cutter-.webp\" alt=\"cortador \" class=\"wp-image-449\" title=\"cortador \"\/><figcaption class=\"wp-element-caption\">Cortador <\/figcaption><\/figure> <\/figure>    <h2 class=\"wp-block-heading\" id=\"h-highlights-of-the-commercial-wood-shaving-machine\">Aspectos destacados de la viruta de madera comercial<\/h2>    <ul class=\"wp-block-list\"> <li>La m\u00e1quina afeitadora de madera comercial tiene un dise\u00f1o razonable, f\u00e1cil instalaci\u00f3n, operaci\u00f3n y mantenimiento convenientes.<\/li>    <li>Cuchillos seguros, duraderos y silenciosos.<\/li>    <li>Dise\u00f1o razonable, fabricado en acero con alto contenido de manganeso, estructura compacta.<\/li>    <li>Impulsado por un solo motor, tiene alta eficiencia y rendimiento de alto costo.<\/li>    <li>Las virutas para lechos de animales tienen una velocidad de producci\u00f3n r\u00e1pida, lo que ahorra mucho tiempo y mano de obra.<\/li>    <li>Las virutas terminadas producidas son finas, suaves y de buena textura.<\/li>    <li>La presi\u00f3n de contacto entre la madera y la hoja permanece constante, y la velocidad alternativa de la madera tambi\u00e9n permanece constante, produciendo virutas de espesor uniforme.<\/li> <\/ul>   <div class=\"wp-block-image\"> <figure class=\"aligncenter size-full\"><img loading=\"lazy\" decoding=\"async\" width=\"720\" height=\"540\" src=\"https:\/\/hnwoodmachinery.com\/wp-content\/uploads\/2022\/09\/commercial-wood-shaving-machines-0.webp\" alt=\"m\u00e1quinas de afeitar de madera comerciales\" class=\"wp-image-446\" title=\"m\u00e1quinas de afeitar de madera comerciales\"\/><figcaption class=\"wp-element-caption\">m\u00e1quinas de afeitar de madera comerciales<\/figcaption><\/figure> <\/div>   <h2 class=\"wp-block-heading\" id=\"h-successful-case\">Caso exitoso<\/h2>    <p class=\"translation-block\">El cliente es de <a href=\"https:\/\/en.wikipedia.org\/wiki\/Abkhazia\" target=\"_blank\" rel=\"noopener\">Abjasia<\/a> y es gerente de compras de un aserradero. Se puso en contacto con nosotros despu\u00e9s de ver nuestro video de YouTube. A trav\u00e9s de la comunicaci\u00f3n, el cliente expres\u00f3 la necesidad de un tipo de viruta m\u00e1s grande para lecho de animales. <\/p>    <p>Nuestro gerente de ventas proporcion\u00f3 al cliente fotograf\u00edas, videos y par\u00e1metros de la m\u00e1quina afeitadora de madera m\u00e1s grande. Finalmente, el cliente eligi\u00f3 el modelo SL-800 con una capacidad de 1000KG\/H. Despu\u00e9s de eso, proporcionamos r\u00e1pidamente el PI de la m\u00e1quina. El cliente qued\u00f3 satisfecho y hizo un pedido de la afeitadora despu\u00e9s de verla.<\/p>    <figure class=\"wp-block-gallery has-nested-images columns-default is-cropped wp-block-gallery-4 is-layout-flex wp-block-gallery-is-layout-flex\"> <figure class=\"wp-block-image size-large\"><img loading=\"lazy\" decoding=\"async\" width=\"720\" height=\"540\" data-id=\"450\" src=\"https:\/\/hnwoodmachinery.com\/wp-content\/uploads\/2022\/09\/shipping-of-the-portable-wood-shaving-machine-0.webp\" alt=\"Env\u00edo de la m\u00e1quina de afeitar de madera port\u00e1til.\" class=\"wp-image-450\" title=\"Env\u00edo de la m\u00e1quina de afeitar de madera port\u00e1til.\"\/><figcaption class=\"wp-element-caption\">Env\u00edo de la m\u00e1quina de afeitar de madera port\u00e1til<\/figcaption><\/figure>    <figure class=\"wp-block-image size-large\"><img loading=\"lazy\" decoding=\"async\" width=\"720\" height=\"540\" data-id=\"451\" src=\"https:\/\/hnwoodmachinery.com\/wp-content\/uploads\/2022\/09\/wooden-case-packing-of-wood-shaving-machine-0.webp\" alt=\"Embalaje en caja de madera de m\u00e1quina de afeitar para madera\" class=\"wp-image-451\" title=\"Embalaje en caja de madera de m\u00e1quina de afeitar para madera\"\/><figcaption class=\"wp-element-caption\">Embalaje de caja de madera de m\u00e1quina de afeitar para madera<\/figcaption><\/figure> <\/figure>    <h2 class=\"wp-block-heading\">Nuestro servicio<\/h2>    <p>Proporcionamos un conjunto de repuestos y embalaje. Todas las m\u00e1quinas se prueban antes del env\u00edo. Adem\u00e1s, las m\u00e1quinas se embalan en cajas de madera est\u00e1ndar de exportaci\u00f3n y nuestra empresa cooperativa de transporte a largo plazo las enviar\u00e1 a tiempo y de forma segura.<\/p>    <p>Para el servicio posventa, ofrecemos un per\u00edodo de garant\u00eda de un a\u00f1o y usted puede comprarnos repuestos. Al mismo tiempo, podemos brindar consultas profesionales y soluciones a problemas.<\/p>","protected":false},"excerpt":{"rendered":"<p>Las virutas para lechos de animales pueden procesar segmentos de madera hasta obtener virutas finas de espesor uniforme. Es ampliamente utilizado en lechos, paneles, muebles y otras industrias de cobertizos para animales.<\/p>","protected":false},"author":1,"featured_media":439,"parent":0,"template":"","tags":[38,35],"product-type":[8],"class_list":["post-30","product","type-product","status-publish","has-post-thumbnail","hentry","tag-shavings","tag-wood","product-type-wood-shaving-machine"],"_links":{"self":[{"href":"https:\/\/hnwoodmachinery.com\/es\/wp-json\/wp\/v2\/product\/30","targetHints":{"allow":["GET"]}}],"collection":[{"href":"https:\/\/hnwoodmachinery.com\/es\/wp-json\/wp\/v2\/product"}],"about":[{"href":"https:\/\/hnwoodmachinery.com\/es\/wp-json\/wp\/v2\/types\/product"}],"author":[{"embeddable":true,"href":"https:\/\/hnwoodmachinery.com\/es\/wp-json\/wp\/v2\/users\/1"}],"wp:featuredmedia":[{"embeddable":true,"href":"https:\/\/hnwoodmachinery.com\/es\/wp-json\/wp\/v2\/media\/439"}],"wp:attachment":[{"href":"https:\/\/hnwoodmachinery.com\/es\/wp-json\/wp\/v2\/media?parent=30"}],"wp:term":[{"taxonomy":"post_tag","embeddable":true,"href":"https:\/\/hnwoodmachinery.com\/es\/wp-json\/wp\/v2\/tags?post=30"},{"taxonomy":"product-type","embeddable":true,"href":"https:\/\/hnwoodmachinery.com\/es\/wp-json\/wp\/v2\/product-type?post=30"}],"curies":[{"name":"wp","href":"https:\/\/api.w.org\/{rel}","templated":true}]}}