{"id":28,"date":"2022-07-18T03:46:28","date_gmt":"2022-07-18T03:46:28","guid":{"rendered":"https:\/\/hnwoodmachinery.com\/?post_type=product&#038;p=28"},"modified":"2024-09-26T18:32:42","modified_gmt":"2024-09-26T10:32:42","slug":"wood-shredder-machine","status":"publish","type":"product","link":"https:\/\/hnwoodmachinery.com\/es\/product\/wood-shredder-machine\/","title":{"rendered":"M\u00e1quina trituradora de madera para hacer aserr\u00edn"},"content":{"rendered":"<div class=\"kk-star-ratings kksr-auto kksr-align-left kksr-valign-top\"     data-payload='{&quot;align&quot;:&quot;left&quot;,&quot;id&quot;:&quot;28&quot;,&quot;slug&quot;:&quot;default&quot;,&quot;valign&quot;:&quot;top&quot;,&quot;ignore&quot;:&quot;&quot;,&quot;reference&quot;:&quot;auto&quot;,&quot;class&quot;:&quot;&quot;,&quot;count&quot;:&quot;92&quot;,&quot;legendonly&quot;:&quot;&quot;,&quot;readonly&quot;:&quot;&quot;,&quot;score&quot;:&quot;4.8&quot;,&quot;starsonly&quot;:&quot;&quot;,&quot;best&quot;:&quot;5&quot;,&quot;gap&quot;:&quot;5&quot;,&quot;greet&quot;:&quot;Rate this product&quot;,&quot;legend&quot;:&quot;4.8\\\/5 - (92 votos)&quot;,&quot;size&quot;:&quot;24&quot;,&quot;title&quot;:&quot;Wood Shredder Machine For Sawdust Making&quot;,&quot;width&quot;:&quot;136.7&quot;,&quot;_legend&quot;:&quot;{score}\\\/{best} - ({count} {votes})&quot;,&quot;font_factor&quot;:&quot;1.25&quot;}'>              <div class=\"kksr-stars\">      <div class=\"kksr-stars-inactive\">             <div class=\"kksr-star\" data-star=\"1\" style=\"padding-right: 5px\">               <div class=\"kksr-icon\" style=\"width: 24px; height: 24px;\"><\/div>         <\/div>             <div class=\"kksr-star\" data-star=\"2\" style=\"padding-right: 5px\">               <div class=\"kksr-icon\" style=\"width: 24px; height: 24px;\"><\/div>         <\/div>             <div class=\"kksr-star\" data-star=\"3\" style=\"padding-right: 5px\">               <div class=\"kksr-icon\" style=\"width: 24px; height: 24px;\"><\/div>         <\/div>             <div class=\"kksr-star\" data-star=\"4\" style=\"padding-right: 5px\">               <div class=\"kksr-icon\" style=\"width: 24px; height: 24px;\"><\/div>         <\/div>             <div class=\"kksr-star\" data-star=\"5\" style=\"padding-right: 5px\">               <div class=\"kksr-icon\" style=\"width: 24px; height: 24px;\"><\/div>         <\/div>     <\/div>      <div class=\"kksr-stars-active\" style=\"width: 136.7px;\">             <div class=\"kksr-star\" style=\"padding-right: 5px\">               <div class=\"kksr-icon\" style=\"width: 24px; height: 24px;\"><\/div>         <\/div>             <div class=\"kksr-star\" style=\"padding-right: 5px\">               <div class=\"kksr-icon\" style=\"width: 24px; height: 24px;\"><\/div>         <\/div>             <div class=\"kksr-star\" style=\"padding-right: 5px\">               <div class=\"kksr-icon\" style=\"width: 24px; height: 24px;\"><\/div>         <\/div>             <div class=\"kksr-star\" style=\"padding-right: 5px\">               <div class=\"kksr-icon\" style=\"width: 24px; height: 24px;\"><\/div>         <\/div>             <div class=\"kksr-star\" style=\"padding-right: 5px\">               <div class=\"kksr-icon\" style=\"width: 24px; height: 24px;\"><\/div>         <\/div>     <\/div> <\/div>                   <div class=\"kksr-legend\" style=\"font-size: 19.2px;\">             4.8\/5 - (92 votos)    <\/div>     <\/div>  <p>La m\u00e1quina trituradora de madera transforma eficientemente la madera en aserr\u00edn o astillas de madera. Esta serie de productos est\u00e1 dise\u00f1ada utilizando los principios de impacto, cizallamiento, impacto mutuo y rectificado. Puede alcanzar una producci\u00f3n m\u00e1xima de hasta 4 toneladas por hora. <\/p>    <p>Inicialmente, la m\u00e1quina corta grandes trozos de madera antes de triturarlos finamente para garantizar un procesamiento eficaz. Este m\u00e9todo reduce significativamente el volumen de residuos de madera, lo que permite procesarlos posteriormente para obtener pellets de madera o utilizarlos como combustible en plantas de cogeneraci\u00f3n o tratamiento de residuos.<\/p>    <figure class=\"wp-block-embed aligncenter is-type-video is-provider-youtube wp-block-embed-youtube wp-embed-aspect-16-9 wp-has-aspect-ratio\"><div class=\"wp-block-embed__wrapper\"> <iframe loading=\"lazy\" title=\"Trituradora de madera: trituraci\u00f3n de alta eficiencia que le ayuda a eliminar los residuos de madera f\u00e1cilmente. #wood #woodcrusher\" width=\"500\" height=\"281\" src=\"https:\/\/www.youtube.com\/embed\/AaxrdfNcGS0?feature=oembed\" frameborder=\"0\" allow=\"accelerometer; autoplay; clipboard-write; encrypted-media; gyroscope; picture-in-picture; web-share\" referrerpolicy=\"strict-origin-when-cross-origin\" allowfullscreen><\/iframe> <\/div><figcaption class=\"wp-element-caption\">Video de trabajo de una trituradora de madera port\u00e1til.<\/figcaption><\/figure>    <p>Hay cinco modelos en la serie de m\u00e1quinas trituradoras de madera que pueden satisfacer las necesidades de la mayor\u00eda de los usuarios. En t\u00e9rminos de potencia, la trituradora de madera puede funcionar con un motor el\u00e9ctrico o con un generador di\u00e9sel. Adem\u00e1s, para producir astillas de madera de diferente finura, ofrecemos diferentes tama\u00f1os de cribas. <\/p>    <p class=\"translation-block\">La m\u00e1quina trituradora de madera se parece a la trituradora de martillos y a la <a href=\"https:\/\/hnwoodmachinery.com\/es\/product\/wood-chips-making-machine\/\">m\u00e1quina de virutas de madera<\/a>. Por lo tanto, recomendaremos la m\u00e1quina que mejor se adapte a las necesidades de nuestros clientes. Si tiene alguna pregunta, no dude en ponerse en contacto con nosotros.<\/p>    <figure class=\"wp-block-gallery has-nested-images columns-default is-cropped wp-block-gallery-2 is-layout-flex wp-block-gallery-is-layout-flex\"> <figure class=\"wp-block-image size-large\"><img loading=\"lazy\" decoding=\"async\" width=\"720\" height=\"540\" data-id=\"489\" src=\"https:\/\/hnwoodmachinery.com\/wp-content\/uploads\/2022\/09\/wood-crusher-machine-.webp\" alt=\"maquina trituradora de madera\" class=\"wp-image-489\" title=\"maquina trituradora de madera\"\/><figcaption class=\"wp-element-caption\">M\u00e1quina trituradora de madera<\/figcaption><\/figure>    <figure class=\"wp-block-image size-large\"><img loading=\"lazy\" decoding=\"async\" width=\"720\" height=\"540\" data-id=\"490\" src=\"https:\/\/hnwoodmachinery.com\/wp-content\/uploads\/2022\/09\/wood-shredder-machine-.webp\" alt=\"m\u00e1quina trituradora de madera\" class=\"wp-image-490\" title=\"m\u00e1quina trituradora de madera\"\/><figcaption class=\"wp-element-caption\">M\u00e1quina trituradora de madera<\/figcaption><\/figure> <\/figure>    <h2 class=\"wp-block-heading\">Caracter\u00edsticas de nuestra m\u00e1quina para fabricar aserr\u00edn<\/h2>    <ol class=\"wp-block-list\"> <li>El dise\u00f1o bien pensado mejora la eficiencia de trituraci\u00f3n del 50% en comparaci\u00f3n con los modelos tradicionales. <\/li>    <li>Visualmente atractivo, con un alto rendimiento que oscila entre 400 y 2000 kg\/h. <\/li>    <li>Impulsado por un \u00fanico motor, ofrece ahorro energ\u00e9tico y reducci\u00f3n de costes. <\/li>    <li>Los materiales triturados son aptos para el procesamiento de pellets o briquetas.<\/li> <\/ol>    <h2 class=\"wp-block-heading\">Amplia aplicaci\u00f3n de la m\u00e1quina trituradora de madera.<\/h2>    <p>La trituradora de madera es capaz de descomponer eficientemente diversos materiales, incluidos troncos, ramas, tablas de desperdicio y restos de madera de la construcci\u00f3n. Puede manejar todo tipo y tama\u00f1o de madera, lo que lo hace perfecto para moler madera, madera sin tratar, paletas, puertas, listones, marcos y m\u00e1s.<\/p>    <h2 class=\"wp-block-heading\" id=\"h-structure-of-wood-crusher-machine\">Estructura de la m\u00e1quina trituradora de madera.<\/h2>    <p>La m\u00e1quina trituradora de madera consta principalmente de los siguientes componentes: la base de la m\u00e1quina, el puerto de alimentaci\u00f3n, la placa de la cuchilla, la hoja, la hoja del martillo, la carcasa de la m\u00e1quina y el gabinete de control el\u00e9ctrico.<\/p>   <div class=\"wp-block-image\"> <figure class=\"aligncenter size-full\"><img loading=\"lazy\" decoding=\"async\" width=\"720\" height=\"540\" src=\"https:\/\/hnwoodmachinery.com\/wp-content\/uploads\/2022\/09\/sawdust-making-machines-structure-.webp\" alt=\"estructura de la m\u00e1quina para fabricar aserr\u00edn\" class=\"wp-image-491\" title=\"estructura de la m\u00e1quina para fabricar aserr\u00edn\"\/><figcaption class=\"wp-element-caption\">estructura de la m\u00e1quina para fabricar aserr\u00edn<\/figcaption><\/figure> <\/div>   <p>Diferentes tamices pueden crear distintos tama\u00f1os de astillas de madera. Cuando funciona una m\u00e1quina productora de aserr\u00edn, el material en la c\u00e1mara de trituraci\u00f3n se tritura finamente de manera eficiente. Puede elegir el tama\u00f1o correcto de la pantalla seg\u00fan sus necesidades.<\/p>    <p>Adem\u00e1s, la m\u00e1quina trituradora de madera cuenta con un alto rendimiento, un bajo consumo de energ\u00eda y produce part\u00edculas finas y uniformes. Adem\u00e1s, este equipo se caracteriza por su bajo nivel de ruido, m\u00ednimo polvo, ausencia de contaminaci\u00f3n, operaci\u00f3n sencilla, bajos costos de mantenimiento y facilidad de uso.<\/p>    <figure class=\"wp-block-gallery has-nested-images columns-default is-cropped wp-block-gallery-3 is-layout-flex wp-block-gallery-is-layout-flex\"> <figure class=\"wp-block-image size-large\"><img loading=\"lazy\" decoding=\"async\" width=\"720\" height=\"540\" data-id=\"493\" src=\"https:\/\/hnwoodmachinery.com\/wp-content\/uploads\/2022\/09\/wood-shredder-machines-hammer-0.webp\" alt=\"martillo de la m\u00e1quina trituradora de madera\" class=\"wp-image-493\" title=\"martillo de la m\u00e1quina trituradora de madera\"\/><figcaption class=\"wp-element-caption\">Martillo de la m\u00e1quina trituradora de madera<\/figcaption><\/figure>    <figure class=\"wp-block-image size-large\"><img loading=\"lazy\" decoding=\"async\" width=\"720\" height=\"540\" data-id=\"492\" src=\"https:\/\/hnwoodmachinery.com\/wp-content\/uploads\/2022\/09\/screen-.webp\" alt=\"pantalla de la m\u00e1quina trituradora\" class=\"wp-image-492\" title=\"\"><figcaption class=\"wp-element-caption\">Pantalla de la m\u00e1quina trituradora<\/figcaption><\/figure> <\/figure>    <h2 class=\"wp-block-heading\" id=\"h-usage-of-the-pallet-wood-shredder\">Exhibici\u00f3n y uso de productos terminados.<\/h2>    <p>Las materias primas que pueden procesarse con una trituradora de madera son diversas, pero existen requisitos de tama\u00f1o est\u00e1ndar. En t\u00e9rminos generales, puede triturar ramas y tallos de \u00e1rboles con un di\u00e1metro que oscila entre 70 mm y 250 mm. Los materiales triturados resultantes son part\u00edculas con un di\u00e1metro de aproximadamente 3-5 mm.<\/p>    <p class=\"translation-block\">La m\u00e1quina trituradora de madera est\u00e1 dise\u00f1ada para diversas tareas de trituraci\u00f3n y reciclaje de madera, incluyendo <a href=\"https:\/\/en.wikipedia.org\/wiki\/Hardwood\" target=\"_blank\" rel=\"noopener\">maderas duras<\/a>, maderas blandas, tableros de part\u00edculas, madera contrachapada y materiales de desecho como sof\u00e1s y armarios de madera. <\/p>    <p>Adem\u00e1s, puede manipular astillas de bamb\u00fa, paja, tallos de ma\u00edz, tallos de sorgo y otros materiales fibrosos. Tambi\u00e9n es adecuado para producir materias primas para tableros de part\u00edculas, tableros de aserr\u00edn y tableros de alta densidad.<\/p>   <div class=\"wp-block-image\"> <figure class=\"aligncenter size-full\"><img loading=\"lazy\" decoding=\"async\" width=\"720\" height=\"540\" src=\"https:\/\/hnwoodmachinery.com\/wp-content\/uploads\/2022\/09\/wood-crushers-finished-wood-sawdust-.webp\" alt=\"Aserr\u00edn de madera acabado de la trituradora de madera.\" class=\"wp-image-495\" title=\"Aserr\u00edn de madera acabado de la trituradora de madera.\"\/><figcaption class=\"wp-element-caption\">aserr\u00edn de madera acabado de la trituradora de madera<\/figcaption><\/figure> <\/div>   <h2 class=\"wp-block-heading\" id=\"h-working-principle-of-the-industrial-wood-crusher\">Principio de funcionamiento de la trituradora de madera industrial<\/h2>    <p>La madera se introduce por la entrada. A medida que las palas cortan y trituran el material, el rotor crea un flujo de aire de alta velocidad que se mueve en la misma direcci\u00f3n que las palas. Este flujo de aire acelera el material, provocando que sea impactado repetidamente y triturado m\u00e1s a fondo. <\/p>    <p>Al mismo tiempo, este proceso aumenta la velocidad de trituraci\u00f3n del material. Al final, las astillas de madera resultantes son expulsadas por el flujo de vapor de alta velocidad producido por la pala de viento sobre la placa de la cuchilla trituradora.<\/p>    <figure class=\"wp-block-embed aligncenter is-type-video is-provider-youtube wp-block-embed-youtube wp-embed-aspect-16-9 wp-has-aspect-ratio\"><div class=\"wp-block-embed__wrapper\"> <iframe loading=\"lazy\" title=\"\u00bfC\u00f3mo funciona la m\u00e1quina trituradora de madera? trituradora de madera m\u00f3vil \u4e28 m\u00e1quina trituradora de madera\" width=\"500\" height=\"281\" src=\"https:\/\/www.youtube.com\/embed\/U4E0BGeTqng?feature=oembed\" frameborder=\"0\" allow=\"accelerometer; autoplay; clipboard-write; encrypted-media; gyroscope; picture-in-picture; web-share\" referrerpolicy=\"strict-origin-when-cross-origin\" allowfullscreen><\/iframe> <\/div><figcaption class=\"wp-element-caption\">c\u00f3mo funciona la m\u00e1quina trituradora de madera<\/figcaption><\/figure>    <h2 class=\"wp-block-heading\" id=\"h-technical-parameter-of-wood-chipper-shredder\">Par\u00e1metros t\u00e9cnicos de la trituradora de madera<\/h2>    <figure class=\"wp-block-table is-style-stripes\"><table><tbody><tr><td><strong>Modelo<\/strong><\/td><td><strong>Capacidad<\/strong><\/td><td><strong>Tama\u00f1o de salida<\/strong><\/td><td><strong>Fuerza<\/strong><\/td><\/tr><tr><td>SL-420<\/td><td>600-800 kg\/h<\/td><td>0,3-0,8 cm<\/td><td>7,5-11kw<\/td><\/tr><tr><td>SL-500<\/td><td>1000-1500 kg\/h<\/td><td>0,3-0,8 cm<\/td><td>18,5 kw<\/td><\/tr><tr><td>SL-600<\/td><td>1500-2000 kg\/h<\/td><td>0,3-0,8 cm<\/td><td>30kw<\/td><\/tr><tr><td>SL-700<\/td><td>2000-2500 kg\/h<\/td><td>0,3-0,8 cm<\/td><td>37kw<\/td><\/tr><tr><td>SL-900<\/td><td>2500-3000 kg\/h<\/td><td>0,3-0,8 cm<\/td><td>55kw<\/td><\/tr><tr><td>SL-1000<\/td><td>3000-4000 kg\/h<\/td><td>0,3-0,8 cm<\/td><td>75+7,5 kw<\/td><\/tr><\/tbody><\/table><figcaption class=\"wp-element-caption\">Par\u00e1metro de la trituradora de madera<\/figcaption><\/figure>    <h2 class=\"wp-block-heading\">Hay diferentes modos de energ\u00eda disponibles<\/h2>    <p>La m\u00e1quina para fabricar aserr\u00edn de madera puede funcionar con motores el\u00e9ctricos, motores di\u00e9sel o grupos electr\u00f3genos di\u00e9sel. Puede seleccionar la opci\u00f3n que mejor se adapte a sus condiciones de trabajo locales. Ofrecemos personalizaci\u00f3n y recomendaremos la soluci\u00f3n de energ\u00eda m\u00e1s adecuada seg\u00fan sus necesidades espec\u00edficas.<\/p>    <figure class=\"wp-block-gallery has-nested-images columns-default is-cropped wp-block-gallery-4 is-layout-flex wp-block-gallery-is-layout-flex\"> <figure class=\"wp-block-image size-large\"><img loading=\"lazy\" decoding=\"async\" width=\"720\" height=\"540\" data-id=\"1058\" src=\"https:\/\/hnwoodmachinery.com\/wp-content\/uploads\/2022\/07\/motor-wood-crusher.webp\" alt=\"trituradora de madera con motor\" class=\"wp-image-1058\" title=\"\" srcset=\"https:\/\/hnwoodmachinery.com\/wp-content\/uploads\/2022\/07\/motor-wood-crusher.webp 720w, https:\/\/hnwoodmachinery.com\/wp-content\/uploads\/2022\/07\/motor-wood-crusher-300x225.webp 300w, https:\/\/hnwoodmachinery.com\/wp-content\/uploads\/2022\/07\/motor-wood-crusher-16x12.webp 16w\" sizes=\"auto, (max-width: 720px) 100vw, 720px\" \/><figcaption class=\"wp-element-caption\">Trituradora de madera con motor<\/figcaption><\/figure>    <figure class=\"wp-block-image size-large\"><img loading=\"lazy\" decoding=\"async\" width=\"720\" height=\"540\" data-id=\"1057\" src=\"https:\/\/hnwoodmachinery.com\/wp-content\/uploads\/2022\/07\/diesel-engine-wood-shredder.webp\" alt=\"trituradora de madera con motor diesel\" class=\"wp-image-1057\" title=\"\" srcset=\"https:\/\/hnwoodmachinery.com\/wp-content\/uploads\/2022\/07\/diesel-engine-wood-shredder.webp 720w, https:\/\/hnwoodmachinery.com\/wp-content\/uploads\/2022\/07\/diesel-engine-wood-shredder-300x225.webp 300w, https:\/\/hnwoodmachinery.com\/wp-content\/uploads\/2022\/07\/diesel-engine-wood-shredder-16x12.webp 16w\" sizes=\"auto, (max-width: 720px) 100vw, 720px\" \/><figcaption class=\"wp-element-caption\">Trituradora de madera con motor di\u00e9sel<\/figcaption><\/figure> <\/figure>    <h2 class=\"wp-block-heading\">Trituradora de madera tipo m\u00f3vil<\/h2>    <p>Podemos colocar ruedas en la parte inferior de la m\u00e1quina para facilitar a los usuarios moverla a diferentes ubicaciones.<\/p>    <figure class=\"wp-block-gallery has-nested-images columns-default is-cropped wp-block-gallery-5 is-layout-flex wp-block-gallery-is-layout-flex\"> <figure class=\"wp-block-image size-large\"><img loading=\"lazy\" decoding=\"async\" width=\"540\" height=\"720\" data-id=\"1191\" src=\"https:\/\/hnwoodmachinery.com\/wp-content\/uploads\/2022\/07\/moblie-wood-shredder-machine.webp\" alt=\"m\u00e1quina trituradora de madera m\u00f3vil\" class=\"wp-image-1191\" title=\"\" srcset=\"https:\/\/hnwoodmachinery.com\/wp-content\/uploads\/2022\/07\/moblie-wood-shredder-machine.webp 540w, https:\/\/hnwoodmachinery.com\/wp-content\/uploads\/2022\/07\/moblie-wood-shredder-machine-225x300.webp 225w, https:\/\/hnwoodmachinery.com\/wp-content\/uploads\/2022\/07\/moblie-wood-shredder-machine-9x12.webp 9w\" sizes=\"auto, (max-width: 540px) 100vw, 540px\" \/><figcaption class=\"wp-element-caption\">M\u00e1quina trituradora de madera m\u00f3vil<\/figcaption><\/figure>    <figure class=\"wp-block-image size-large\"><img loading=\"lazy\" decoding=\"async\" width=\"540\" height=\"720\" data-id=\"1192\" src=\"https:\/\/hnwoodmachinery.com\/wp-content\/uploads\/2022\/07\/portable-wood-crusher-machine.webp\" alt=\"maquina trituradora de madera portatil\" class=\"wp-image-1192\" title=\"\" srcset=\"https:\/\/hnwoodmachinery.com\/wp-content\/uploads\/2022\/07\/portable-wood-crusher-machine.webp 540w, https:\/\/hnwoodmachinery.com\/wp-content\/uploads\/2022\/07\/portable-wood-crusher-machine-225x300.webp 225w, https:\/\/hnwoodmachinery.com\/wp-content\/uploads\/2022\/07\/portable-wood-crusher-machine-9x12.webp 9w\" sizes=\"auto, (max-width: 540px) 100vw, 540px\" \/><figcaption class=\"wp-element-caption\">M\u00e1quina trituradora de madera port\u00e1til<\/figcaption><\/figure> <\/figure>    <h2 class=\"wp-block-heading\" id=\"h-industrial-wood-shredder-shipped-to-mauritius\">Trituradora de madera industrial enviada a Mauricio<\/h2>    <p>Este cliente tiene experiencia en la importaci\u00f3n y anteriormente compr\u00f3 dos m\u00e1quinas procesadoras de madera de China. Ahora est\u00e1 buscando otra m\u00e1quina trituradora de madera para producir astillas de madera para los nidos de las gallinas. Seg\u00fan el tama\u00f1o y el rendimiento de los troncos que manipula, recomendamos la trituradora de madera SL-1000.<\/p>   <div class=\"wp-block-image\"> <figure class=\"aligncenter size-large\"><img loading=\"lazy\" decoding=\"async\" width=\"720\" height=\"540\" src=\"https:\/\/hnwoodmachinery.com\/wp-content\/uploads\/2022\/09\/packaging-of-the-log-pulverizer-.webp\" alt=\"Aserr\u00edn de madera acabado de la trituradora de madera.\" class=\"wp-image-497\" title=\"Aserr\u00edn de madera acabado de la trituradora de madera.\"\/><figcaption class=\"wp-element-caption\">aserr\u00edn de madera acabado de la trituradora de madera<\/figcaption><\/figure> <\/div>   <p>El cliente qued\u00f3 satisfecho con la m\u00e1quina despu\u00e9s de usarla durante un tiempo. En consecuencia, decidi\u00f3 encargar uno para iniciar su negocio de creaci\u00f3n de nidos para gallinas utilizando astillas de madera. Aqu\u00ed hay una imagen del embalaje y entrega de la trituradora de madera industrial. Si est\u00e1 interesado en m\u00e1quinas para procesar madera, no dude en explorar este sitio web y comunicarse con nosotros.<\/p>","protected":false},"excerpt":{"rendered":"<p>La m\u00e1quina trituradora de madera puede triturar directamente la madera para convertirla en aserr\u00edn o astillas de madera, y es una m\u00e1quina importante para reciclar y reutilizar la madera de desecho.<\/p>","protected":false},"author":1,"featured_media":486,"parent":0,"template":"","tags":[37,35],"product-type":[7],"class_list":["post-28","product","type-product","status-publish","has-post-thumbnail","hentry","tag-sawdust","tag-wood","product-type-wood-crusher"],"_links":{"self":[{"href":"https:\/\/hnwoodmachinery.com\/es\/wp-json\/wp\/v2\/product\/28","targetHints":{"allow":["GET"]}}],"collection":[{"href":"https:\/\/hnwoodmachinery.com\/es\/wp-json\/wp\/v2\/product"}],"about":[{"href":"https:\/\/hnwoodmachinery.com\/es\/wp-json\/wp\/v2\/types\/product"}],"author":[{"embeddable":true,"href":"https:\/\/hnwoodmachinery.com\/es\/wp-json\/wp\/v2\/users\/1"}],"wp:featuredmedia":[{"embeddable":true,"href":"https:\/\/hnwoodmachinery.com\/es\/wp-json\/wp\/v2\/media\/486"}],"wp:attachment":[{"href":"https:\/\/hnwoodmachinery.com\/es\/wp-json\/wp\/v2\/media?parent=28"}],"wp:term":[{"taxonomy":"post_tag","embeddable":true,"href":"https:\/\/hnwoodmachinery.com\/es\/wp-json\/wp\/v2\/tags?post=28"},{"taxonomy":"product-type","embeddable":true,"href":"https:\/\/hnwoodmachinery.com\/es\/wp-json\/wp\/v2\/product-type?post=28"}],"curies":[{"name":"wp","href":"https:\/\/api.w.org\/{rel}","templated":true}]}}