{"id":23,"date":"2022-07-18T03:37:21","date_gmt":"2022-07-18T03:37:21","guid":{"rendered":"https:\/\/hnwoodmachinery.com\/?post_type=product&#038;p=23"},"modified":"2024-09-12T18:33:58","modified_gmt":"2024-09-12T10:33:58","slug":"log-debarker-machine","status":"publish","type":"product","link":"https:\/\/hnwoodmachinery.com\/es\/product\/log-debarker-machine\/","title":{"rendered":"M\u00e1quina descortezadora de troncos para pelar madera"},"content":{"rendered":"<div class=\"kk-star-ratings kksr-auto kksr-align-left kksr-valign-top\"     data-payload='{&quot;align&quot;:&quot;left&quot;,&quot;id&quot;:&quot;23&quot;,&quot;slug&quot;:&quot;default&quot;,&quot;valign&quot;:&quot;top&quot;,&quot;ignore&quot;:&quot;&quot;,&quot;reference&quot;:&quot;auto&quot;,&quot;class&quot;:&quot;&quot;,&quot;count&quot;:&quot;95&quot;,&quot;legendonly&quot;:&quot;&quot;,&quot;readonly&quot;:&quot;&quot;,&quot;score&quot;:&quot;4.8&quot;,&quot;starsonly&quot;:&quot;&quot;,&quot;best&quot;:&quot;5&quot;,&quot;gap&quot;:&quot;5&quot;,&quot;greet&quot;:&quot;Rate this product&quot;,&quot;legend&quot;:&quot;4.8\\\/5 - (95 votos)&quot;,&quot;size&quot;:&quot;24&quot;,&quot;title&quot;:&quot;Log Debarker Machine For Wood Timber Peeling&quot;,&quot;width&quot;:&quot;136.7&quot;,&quot;_legend&quot;:&quot;{score}\\\/{best} - ({count} {votes})&quot;,&quot;font_factor&quot;:&quot;1.25&quot;}'>              <div class=\"kksr-stars\">      <div class=\"kksr-stars-inactive\">             <div class=\"kksr-star\" data-star=\"1\" style=\"padding-right: 5px\">               <div class=\"kksr-icon\" style=\"width: 24px; height: 24px;\"><\/div>         <\/div>             <div class=\"kksr-star\" data-star=\"2\" style=\"padding-right: 5px\">               <div class=\"kksr-icon\" style=\"width: 24px; height: 24px;\"><\/div>         <\/div>             <div class=\"kksr-star\" data-star=\"3\" style=\"padding-right: 5px\">               <div class=\"kksr-icon\" style=\"width: 24px; height: 24px;\"><\/div>         <\/div>             <div class=\"kksr-star\" data-star=\"4\" style=\"padding-right: 5px\">               <div class=\"kksr-icon\" style=\"width: 24px; height: 24px;\"><\/div>         <\/div>             <div class=\"kksr-star\" data-star=\"5\" style=\"padding-right: 5px\">               <div class=\"kksr-icon\" style=\"width: 24px; height: 24px;\"><\/div>         <\/div>     <\/div>      <div class=\"kksr-stars-active\" style=\"width: 136.7px;\">             <div class=\"kksr-star\" style=\"padding-right: 5px\">               <div class=\"kksr-icon\" style=\"width: 24px; height: 24px;\"><\/div>         <\/div>             <div class=\"kksr-star\" style=\"padding-right: 5px\">               <div class=\"kksr-icon\" style=\"width: 24px; height: 24px;\"><\/div>         <\/div>             <div class=\"kksr-star\" style=\"padding-right: 5px\">               <div class=\"kksr-icon\" style=\"width: 24px; height: 24px;\"><\/div>         <\/div>             <div class=\"kksr-star\" style=\"padding-right: 5px\">               <div class=\"kksr-icon\" style=\"width: 24px; height: 24px;\"><\/div>         <\/div>             <div class=\"kksr-star\" style=\"padding-right: 5px\">               <div class=\"kksr-icon\" style=\"width: 24px; height: 24px;\"><\/div>         <\/div>     <\/div> <\/div>                   <div class=\"kksr-legend\" style=\"font-size: 19.2px;\">             4.8\/5 - (95 votos)    <\/div>     <\/div>  <p>La m\u00e1quina descortezadora de troncos de madera utiliza tecnolog\u00eda de descortezado rotativo de \u00faltima generaci\u00f3n equipada con cuchillas de aleaci\u00f3n de alta resistencia para descortezar troncos de manera efectiva. Puede procesar hasta 20 toneladas de troncos por hora, lo que aumenta la eficiencia en m\u00e1s de 301 TP3T en comparaci\u00f3n con los equipos convencionales. <\/p>    <p>Con su profundidad de pelado controlada con precisi\u00f3n y su sistema de ajuste autom\u00e1tico, cada pieza de madera logra un pelado uniforme y sin da\u00f1os, al tiempo que reduce el consumo de energ\u00eda hasta en 20%.<\/p>    <figure class=\"wp-block-embed aligncenter is-type-video is-provider-youtube wp-block-embed-youtube wp-embed-aspect-16-9 wp-has-aspect-ratio\"><div class=\"wp-block-embed__wrapper\"> <iframe loading=\"lazy\" title=\"Una nueva vida para la madera: \u00a1descubra el sorprendente proceso del pelador de madera! \ud83c\udf33\ud83d\udd27#woodcraft\" width=\"500\" height=\"281\" src=\"https:\/\/www.youtube.com\/embed\/lwGNGeHfYN0?feature=oembed\" frameborder=\"0\" allow=\"accelerometer; autoplay; clipboard-write; encrypted-media; gyroscope; picture-in-picture; web-share\" referrerpolicy=\"strict-origin-when-cross-origin\" allowfullscreen><\/iframe> <\/div><figcaption class=\"wp-element-caption\">Video de trabajo de la m\u00e1quina descortezadora de troncos de madera.<\/figcaption><\/figure>    <p>En general, cuanto m\u00e1s h\u00fameda est\u00e9 la corteza de la madera, mejor ser\u00e1 el efecto de la m\u00e1quina. La madera tratada se puede procesar de diversas formas, como cortar madera, afeitarla, triturarla, etc. <\/p>    <h2 class=\"wp-block-heading\" id=\"h-brief-introduction-of-log-debarker-machine\">Disponible m\u00e1quina descortezadora de troncos de madera<\/h2>    <p>Nuestra f\u00e1brica produce dos tipos de m\u00e1quinas peladoras de madera: una es una m\u00e1quina peladora de madera vertical peque\u00f1a y la otra es una m\u00e1quina peladora de madera horizontal grande. Sus m\u00e9todos de descortezado y su producci\u00f3n difieren, lo que permite a los clientes elegir la m\u00e1quina que mejor se adapta a sus necesidades.<\/p>    <p>Desde nuestro establecimiento, hemos exportado frecuentemente la m\u00e1quina descortezadora de troncos a varios pa\u00edses, incluidos Estados Unidos, pa\u00edses europeos, Sud\u00e1frica y Australia. Nuestros clientes han desarrollado relaciones a largo plazo con nosotros debido al bajo precio, la durabilidad y el rendimiento efectivo de la m\u00e1quina.<\/p>    <figure class=\"wp-block-gallery has-nested-images columns-default is-cropped wp-block-gallery-2 is-layout-flex wp-block-gallery-is-layout-flex\"> <figure class=\"wp-block-image size-large\"><img loading=\"lazy\" decoding=\"async\" width=\"720\" height=\"540\" data-id=\"426\" src=\"https:\/\/hnwoodmachinery.com\/wp-content\/uploads\/2022\/09\/best-log-debarker-0.webp\" alt=\"mejor descortezador de troncos \" class=\"wp-image-426\" title=\"mejor descortezador de troncos \"\/><figcaption class=\"wp-element-caption\">La mejor m\u00e1quina descortezadora de troncos<\/figcaption><\/figure>    <figure class=\"wp-block-image size-large\"><img loading=\"lazy\" decoding=\"async\" width=\"720\" height=\"540\" data-id=\"427\" src=\"https:\/\/hnwoodmachinery.com\/wp-content\/uploads\/2022\/09\/wood-peeling-machine-0.webp\" alt=\"peladora de madera \" class=\"wp-image-427\" title=\"peladora de madera \"\/><figcaption class=\"wp-element-caption\">Peladora de madera<\/figcaption><\/figure> <\/figure>    <h2 class=\"wp-block-heading\" id=\"h-using-scopes-of-the-wood-peeling-machine\">Uso de alcances de la m\u00e1quina peladora de madera.<\/h2>    <p>La m\u00e1quina descortezadora de troncos es adecuada para descortezar maderas de con\u00edferas reci\u00e9n cortadas y algunas maderas duras, as\u00ed como para descortezar maderas congeladas y secas. <\/p>    <p>Se utiliza ampliamente en f\u00e1bricas de papel, f\u00e1bricas de celulosa, f\u00e1bricas de astillas de madera, silvicultura, productores de pellets de combustible y otras empresas de procesamiento de madera, como aserraderos y f\u00e1bricas de tableros artificiales (f\u00e1bricas de contrachapado, f\u00e1bricas de MDF). <\/p>    <p>Adem\u00e1s, la m\u00e1quina peladora de madera es muy adecuada para operaciones de l\u00edneas de montaje y es un equipo esencial en la producci\u00f3n automatizada.<\/p>   <div class=\"wp-block-image\"> <figure class=\"aligncenter size-full\"><img loading=\"lazy\" decoding=\"async\" width=\"720\" height=\"540\" src=\"https:\/\/hnwoodmachinery.com\/wp-content\/uploads\/2022\/09\/using-scope-of-wood-peeling-machine-0.webp\" alt=\"utilizando el alcance de la m\u00e1quina peladora de madera\" class=\"wp-image-429\" title=\"utilizando el alcance de la m\u00e1quina peladora de madera\"\/><figcaption class=\"wp-element-caption\">utilizando el alcance de la m\u00e1quina peladora de madera<\/figcaption><\/figure> <\/div>   <h2 class=\"wp-block-heading\" id=\"h-model-1-vertical-wood-peeling-machine\">Tipo 1: Peladora de madera vertical<\/h2>    <p>La producci\u00f3n de la m\u00e1quina peladora de madera vertical es relativamente peque\u00f1a. Este tipo de m\u00e1quina descortezadora de troncos es adecuada para procesar troncos, troncos, secciones y otras maderas. Permite doblar madera hasta 8% y un di\u00e1metro de tronco en el rango de 5-35 cm.<\/p>    <p>Cuanto m\u00e1s fresco est\u00e9 el tronco, mayor ser\u00e1 la eficacia del ladrido y mejor ser\u00e1 el efecto del ladrido. En cuanto a la fuente de energ\u00eda, puede ser un motor el\u00e9ctrico o un motor di\u00e9sel. Los clientes pueden elegir seg\u00fan sus necesidades.<\/p>   <div class=\"wp-block-image\"> <figure class=\"aligncenter size-full\"><img loading=\"lazy\" decoding=\"async\" width=\"720\" height=\"540\" src=\"https:\/\/hnwoodmachinery.com\/wp-content\/uploads\/2022\/09\/wood-debarker-0.webp\" alt=\"descortezador de madera \" class=\"wp-image-432\" title=\"descortezador de madera \"\/><figcaption class=\"wp-element-caption\">m\u00e1quina descortezadora de troncos de madera<\/figcaption><\/figure> <\/div>   <h3 class=\"wp-block-heading\" id=\"h-structure-of-the-high-speed-wood-peeling-machine\">Estructura de la m\u00e1quina peladora de madera de alta velocidad.<\/h3>    <p>Una m\u00e1quina peladora de madera vertical, tambi\u00e9n conocida como m\u00e1quina peladora de madera de tipo anillo, se compone principalmente de un mecanismo de alimentaci\u00f3n, un mecanismo de descarga, una placa de cuchillas, un sistema de transmisi\u00f3n y un marco inferior, junto con otras partes. Este dise\u00f1o permite una alimentaci\u00f3n m\u00e1s sencilla. <\/p>    <p>Adem\u00e1s, soldamos un canal largo y un soporte en la abertura de alimentaci\u00f3n. Adem\u00e1s, se pueden instalar estantes y ruedas en la m\u00e1quina descortezadora de troncos seg\u00fan los requisitos del cliente, lo que la hace conveniente para el transporte.<\/p>   <div class=\"wp-block-image\"> <figure class=\"aligncenter size-full\"><img loading=\"lazy\" decoding=\"async\" width=\"720\" height=\"540\" src=\"https:\/\/hnwoodmachinery.com\/wp-content\/uploads\/2022\/09\/structure-of-the-wood-skin-removing-machine-0.webp\" alt=\"estructura de la m\u00e1quina quita piel de madera \" class=\"wp-image-433\" title=\"estructura de la m\u00e1quina quita piel de madera \"\/><figcaption class=\"wp-element-caption\">estructura de la m\u00e1quina quita piel de madera<\/figcaption><\/figure> <\/div>   <h3 class=\"wp-block-heading\" id=\"h-technical-parameter-of-the-small-log-debarker\">Par\u00e1metro t\u00e9cnico del descortezador de troncos peque\u00f1os.<\/h3>    <figure class=\"wp-block-table is-style-stripes\"><table><tbody><tr><td>Modelo<\/td><td>SL-260<\/td><td>SL-300<\/td><\/tr><tr><td>Di\u00e1metro m\u00e1ximo<\/td><td>260 mm<\/td><td>300 mm<\/td><\/tr><tr><td>Cantidad de cuchillos (piezas)<\/td><td>4<\/td><td>4<\/td><\/tr><tr><td>Potencia principal (kw)<\/td><td>7.5&nbsp;<\/td><td>7.5&nbsp;<\/td><\/tr><tr><td>Potencia de conducci\u00f3n (kw)<\/td><td>1.5&nbsp;<\/td><td>1.5&nbsp;<\/td><\/tr><tr><td>Peso(T)<\/td><td>1.2<\/td><td>1.5<\/td><\/tr><tr><td>Tama\u00f1o (largo x ancho x alto) (m)<\/td><td>2.2*1.3*1.1<\/td><td>2.5*1.8*1.1<\/td><\/tr><\/tbody><\/table><figcaption class=\"wp-element-caption\">Par\u00e1metros del descortezador de troncos peque\u00f1os<\/figcaption><\/figure>    <h3 class=\"wp-block-heading\" id=\"h-how-does-the-industrial-log-debarker-work\">\u00bfC\u00f3mo funciona la descortezadora de troncos industrial?<\/h3>    <p>El descortezador de troncos industrial adopta una tecnolog\u00eda de velocidad variable continua para ajustar autom\u00e1ticamente la velocidad de alimentaci\u00f3n. Esto le permite ser adecuado para pelar varios tipos de madera con diferentes especies, grados de di\u00e1metro y curvaturas. <\/p>    <p>El descortezador de tipo anillo utiliza un principio de funcionamiento de corte giratorio con una cuchilla de anillo. Cada madera se pela y trata individualmente, lo que da como resultado un efecto de tratamiento mejor y m\u00e1s completo.<\/p>    <figure class=\"wp-block-embed is-type-video is-provider-youtube wp-block-embed-youtube wp-embed-aspect-16-9 wp-has-aspect-ratio\"><div class=\"wp-block-embed__wrapper\"> <iframe loading=\"lazy\" title=\"La mejor descortezadora de troncos, peladora de madera redonda, peladora de troncos de madera\" width=\"500\" height=\"281\" src=\"https:\/\/www.youtube.com\/embed\/AitTndc2M6k?feature=oembed\" frameborder=\"0\" allow=\"accelerometer; autoplay; clipboard-write; encrypted-media; gyroscope; picture-in-picture; web-share\" referrerpolicy=\"strict-origin-when-cross-origin\" allowfullscreen><\/iframe> <\/div><figcaption class=\"wp-element-caption\">Video de trabajo de la m\u00e1quina descortezadora de troncos.<\/figcaption><\/figure>    <h2 class=\"wp-block-heading\" id=\"h-type-2-horizontal-wood-peeling-machine\">Tipo 2: Peladora de madera horizontal<\/h2>    <p>Una m\u00e1quina peladora de madera horizontal, tambi\u00e9n conocida como m\u00e1quina peladora de madera de tipo artesa, tiene un alto rendimiento. Puede procesar diversas especies, formas y longitudes de madera en lotes. <\/p>    <p>El di\u00e1metro del material a procesar por la m\u00e1quina descortezadora de troncos debe ser inferior a 30 cm. Al utilizar pinzas y cintas transportadoras de malla junto con la m\u00e1quina, puede operar de manera m\u00e1s eficiente y ahorrar una cantidad significativa de mano de obra.<\/p>   <div class=\"wp-block-image\"> <figure class=\"aligncenter size-full\"><img loading=\"lazy\" decoding=\"async\" width=\"720\" height=\"540\" src=\"https:\/\/hnwoodmachinery.com\/wp-content\/uploads\/2022\/09\/commercial-log-debarker-0.webp\" alt=\"estructura de la m\u00e1quina quita piel de madera \" class=\"wp-image-434\" title=\"estructura de la m\u00e1quina quita piel de madera \"\/><figcaption class=\"wp-element-caption\">estructura de la m\u00e1quina quita piel de madera<\/figcaption><\/figure> <\/div>   <h3 class=\"wp-block-heading\" id=\"h-what-is-the-structure-of-a-horizontal-wood-skinning-machine\">Estructura de la m\u00e1quina peladora de madera horizontal.<\/h3>    <p>La estructura de la m\u00e1quina desolladora tipo artesa es simple. La m\u00e1quina descortezadora de troncos incluye principalmente un bastidor, un mecanismo de desollado, un sistema de transmisi\u00f3n, un deflector, un rotor con dientes desolladores y una unidad de potencia.<\/p>   <div class=\"wp-block-image\"> <figure class=\"aligncenter size-full\"><img loading=\"lazy\" decoding=\"async\" width=\"720\" height=\"540\" src=\"https:\/\/hnwoodmachinery.com\/wp-content\/uploads\/2022\/09\/wood-peeling-machine\u2018s-structure-0.webp\" alt=\"estructura de la m\u00e1quina quita piel de madera \" class=\"wp-image-435\" title=\"estructura de la m\u00e1quina quita piel de madera \"\/><figcaption class=\"wp-element-caption\">estructura de la m\u00e1quina quita piel de madera<\/figcaption><\/figure> <\/div>   <h3 class=\"wp-block-heading\" id=\"h-detailed-information-on-the-log-peeler\">Informaci\u00f3n detallada sobre la peladora de troncos<\/h3>    <figure class=\"wp-block-table is-style-stripes\"><table><tbody><tr><td>Modelo<\/td><td>SL-700<\/td><td>SL-800<\/td><\/tr><tr><td>Di\u00e1metro m\u00e1ximo<\/td><td>400<\/td><td>500<\/td><\/tr><tr><td>Longitud de madera (m)<\/td><td>2-5<\/td><td>2-6<\/td><\/tr><tr><td>Capacidad (t\/h)<\/td><td>10-12<\/td><td>15-18<\/td><\/tr><tr><td>Potencia (kilovatios)<\/td><td>11*2<\/td><td>15*2<\/td><\/tr><tr><td>Peso(T)<\/td><td>3.5<\/td><td>6<\/td><\/tr><tr><td>Tama\u00f1o (largo x ancho x alto) (m)<\/td><td>6*2.5*1.6<\/td><td>6*2.8*1.7<\/td><\/tr><\/tbody><\/table><figcaption class=\"wp-element-caption\">par\u00e1metro del pelador de troncos<\/figcaption><\/figure>    <h3 class=\"wp-block-heading\" id=\"h-working-principle-of-the-double-roller-wood-peeling-machine\">Principio de funcionamiento de la peladora de madera de doble rodillo.<\/h3>    <p>Una m\u00e1quina peladora de madera de doble rodillo utiliza la fuerza \u00fanica generada por el rotor con dientes de corteza para mover la secci\u00f3n de madera en el ciclo de la placa de ranura del silo. <\/p>    <p>Tambi\u00e9n hace que la secci\u00f3n de madera gire alrededor de su eje y realice saltos irregulares. Como resultado, hay una fricci\u00f3n continua entre la secci\u00f3n de madera y los dientes, as\u00ed como entre la secci\u00f3n de madera y la ranura del granero, lo que logra un efecto de pelado eficiente.<\/p>    <figure class=\"wp-block-embed aligncenter is-type-video is-provider-youtube wp-block-embed-youtube wp-embed-aspect-16-9 wp-has-aspect-ratio\"><div class=\"wp-block-embed__wrapper\"> <iframe loading=\"lazy\" title=\"M\u00e1quina descortezadora de troncos de madera Equipo de procesamiento de madera aserrada #wood #woodmachine\" width=\"500\" height=\"281\" src=\"https:\/\/www.youtube.com\/embed\/JSPAvQG3i-M?feature=oembed\" frameborder=\"0\" allow=\"accelerometer; autoplay; clipboard-write; encrypted-media; gyroscope; picture-in-picture; web-share\" referrerpolicy=\"strict-origin-when-cross-origin\" allowfullscreen><\/iframe> <\/div><figcaption class=\"wp-element-caption\">V\u00eddeo de trabajo de la m\u00e1quina descortezadora de troncos de madera horizontal.<\/figcaption><\/figure>    <h3 class=\"wp-block-heading\" id=\"h-features-of-a-wood-barking-machine\">Caracter\u00edsticas de la m\u00e1quina descortezadora de troncos de madera.<\/h3>    <ul class=\"wp-block-list\"> <li>La m\u00e1quina descortezadora de madera tiene una amplia gama de aplicaciones y puede manejar varios tama\u00f1os y especies de madera.<\/li>    <li>Tiene una alta tasa de pelado, alcanzando una eficiencia superior a 95%.<\/li>    <li>La m\u00e1quina es sencilla y c\u00f3moda de utilizar, ya que solo se necesita un empleado para completar todo el trabajo de pelado.<\/li>    <li>Tiene un bajo consumo de energ\u00eda y una baja tasa de fallas, adem\u00e1s de una larga vida \u00fatil. La m\u00e1quina se puede utilizar en el suelo sin instalaci\u00f3n adicional, lo que facilita su uso.<\/li>    <li>Ambas m\u00e1quinas tienen una alta eficiencia y pueden funcionar de forma continua. La descortezadora horizontal puede procesar una gran cantidad de madera a la vez.<\/li> <\/ul>    <h2 class=\"wp-block-heading\">Caracter\u00edsticas de ambas peladoras de madera<\/h2>    <ul class=\"wp-block-list\"> <li>Las peladoras de madera verticales generalmente manejan di\u00e1metros de madera relativamente grandes. Sin embargo, las mejores materias primas no deber\u00edan estar demasiado dobladas. La m\u00e1quina requiere que los empleados introduzcan continuamente la madera en ella. <\/li>    <li>Las peladoras de madera horizontales pueden manejar madera doblada y de menor di\u00e1metro. Estas m\u00e1quinas pueden procesar varios materiales a granel a la vez. Generalmente se utilizan junto con pinzas de agarre y cintas transportadoras. Su alta eficiencia de trabajo cumple con los requisitos de plantas de procesamiento de madera medianas y grandes.<\/li> <\/ul>    <h2 class=\"wp-block-heading\" id=\"h-successful-case\">Caso exitoso<\/h2>    <p class=\"translation-block\">Nuestro cliente de <a href=\"https:\/\/en.wikipedia.org\/wiki\/United_States\" target=\"_blank\" rel=\"noopener\">Am\u00e9rica<\/a> es propietario de un aserradero. Nos envi\u00f3 una consulta directa para una m\u00e1quina descortezadora de troncos. Despu\u00e9s de la comunicaci\u00f3n, entendimos que el cliente necesitaba procesar troncos m\u00e1s gruesos. As\u00ed que le proporcionamos directamente al cliente im\u00e1genes y videos del modelo m\u00e1s grande de la m\u00e1quina peladora. El cliente tambi\u00e9n indic\u00f3 que la m\u00e1quina cumpl\u00eda con los requisitos. <\/p>    <p>Luego nuestro vendedor proporcion\u00f3 una cotizaci\u00f3n al cliente. Despu\u00e9s de que el cliente confirmara todos los detalles de la m\u00e1quina. El cliente realiz\u00f3 el pedido y preparamos la m\u00e1quina para la producci\u00f3n. Despu\u00e9s de eso, la m\u00e1quina se env\u00eda al destino.<\/p>    <figure class=\"wp-block-gallery has-nested-images columns-default is-cropped wp-block-gallery-3 is-layout-flex wp-block-gallery-is-layout-flex\"> <figure class=\"wp-block-image size-large\"><img loading=\"lazy\" decoding=\"async\" width=\"720\" height=\"540\" data-id=\"436\" src=\"https:\/\/hnwoodmachinery.com\/wp-content\/uploads\/2022\/09\/wooden-case-packing-of-the-wood-flaker-machine-0.webp\" alt=\"Embalaje de cajas de madera de la m\u00e1quina trituradora de madera \" class=\"wp-image-436\" title=\"Embalaje de cajas de madera de la m\u00e1quina trituradora de madera \"\/><figcaption class=\"wp-element-caption\">Embalaje de cajas de madera de la m\u00e1quina trituradora de madera<\/figcaption><\/figure>    <figure class=\"wp-block-image size-large\"><img loading=\"lazy\" decoding=\"async\" width=\"720\" height=\"540\" data-id=\"437\" src=\"https:\/\/hnwoodmachinery.com\/wp-content\/uploads\/2022\/09\/wood-debarker-.webp\" alt=\"descortezador de madera\" class=\"wp-image-437\" title=\"descortezador de madera\"\/><figcaption class=\"wp-element-caption\">Descortezador de madera<\/figcaption><\/figure> <\/figure>    <h2 class=\"wp-block-heading\" id=\"h-what-are-the-reasons-for-choosing-the-shuliy-log-debarker\">\u00bfPor qu\u00e9 elegir la descortezadora de troncos Shuliy?<\/h2>    <ul class=\"wp-block-list\"> <li>Shuliy Machinery es un fabricante profesional de maquinaria para madera. Podemos ofrecer a los clientes precios favorables y m\u00e1quinas de alta calidad.<\/li>    <li>Podemos resolver la mayor\u00eda de los problemas encontrados por los clientes r\u00e1pidamente. Tenemos un profundo conocimiento de la maquinaria para la madera y podemos proporcionar informaci\u00f3n sobre cualquier aspecto que los clientes quieran conocer.<\/li>    <li>Tenemos una amplia experiencia en exportaci\u00f3n y podemos ayudar a los clientes a resolver r\u00e1pidamente los problemas relacionados con la exportaci\u00f3n.<\/li>    <li>Nuestras m\u00e1quinas se han exportado a numerosos pa\u00edses y todos los clientes est\u00e1n satisfechos con nuestras m\u00e1quinas.<\/li> <\/ul>    <p class=\"translation-block\">Tambi\u00e9n tenemos <a href=\"https:\/\/hnwoodmachinery.com\/es\/product\/automatic-saw-mill-machine\/\">m\u00e1quinas de aserradero de madera<\/a> y <a href=\"https:\/\/hnwoodmachinery.com\/es\/product\/wood-hammer-mill\/\">m\u00e1quinas para hacer serr\u00edn<\/a>. La m\u00e1quina descortezadora de troncos se puede utilizar para proyectos de carpinter\u00eda y tambi\u00e9n es ideal para agricultores y usuarios de troncos. Le invitamos sinceramente a consultar en cualquier momento para obtener informaci\u00f3n m\u00e1s detallada sobre m\u00e1quinas para el procesamiento de madera y le damos la bienvenida a visitar nuestra f\u00e1brica. Esperamos cooperar con usted.<\/p>","protected":false},"excerpt":{"rendered":"<p>La m\u00e1quina descortezadora de troncos de madera utiliza tecnolog\u00eda de descortezado rotativo de \u00faltima generaci\u00f3n equipada con cuchillas de aleaci\u00f3n de alta resistencia para descortezar troncos de manera efectiva. Puede procesar hasta 20 toneladas de troncos por hora.<\/p>","protected":false},"author":1,"featured_media":430,"parent":0,"template":"","tags":[36,41,35],"product-type":[5],"class_list":["post-23","product","type-product","status-publish","has-post-thumbnail","hentry","tag-log","tag-timber","tag-wood","product-type-wood-debarker"],"_links":{"self":[{"href":"https:\/\/hnwoodmachinery.com\/es\/wp-json\/wp\/v2\/product\/23","targetHints":{"allow":["GET"]}}],"collection":[{"href":"https:\/\/hnwoodmachinery.com\/es\/wp-json\/wp\/v2\/product"}],"about":[{"href":"https:\/\/hnwoodmachinery.com\/es\/wp-json\/wp\/v2\/types\/product"}],"author":[{"embeddable":true,"href":"https:\/\/hnwoodmachinery.com\/es\/wp-json\/wp\/v2\/users\/1"}],"wp:featuredmedia":[{"embeddable":true,"href":"https:\/\/hnwoodmachinery.com\/es\/wp-json\/wp\/v2\/media\/430"}],"wp:attachment":[{"href":"https:\/\/hnwoodmachinery.com\/es\/wp-json\/wp\/v2\/media?parent=23"}],"wp:term":[{"taxonomy":"post_tag","embeddable":true,"href":"https:\/\/hnwoodmachinery.com\/es\/wp-json\/wp\/v2\/tags?post=23"},{"taxonomy":"product-type","embeddable":true,"href":"https:\/\/hnwoodmachinery.com\/es\/wp-json\/wp\/v2\/product-type?post=23"}],"curies":[{"name":"wp","href":"https:\/\/api.w.org\/{rel}","templated":true}]}}