{"id":222,"date":"2022-07-25T07:25:37","date_gmt":"2022-07-25T07:25:37","guid":{"rendered":"https:\/\/hnwoodmachinery.com\/?post_type=product&#038;p=222"},"modified":"2024-09-29T18:27:49","modified_gmt":"2024-09-29T10:27:49","slug":"comprehensive-pallet-crusher","status":"publish","type":"product","link":"https:\/\/hnwoodmachinery.com\/es\/product\/comprehensive-pallet-crusher\/","title":{"rendered":"Trituradora de paletas integral Molinillo de madera industrial de alta capacidad"},"content":{"rendered":"<div class=\"kk-star-ratings kksr-auto kksr-align-left kksr-valign-top\"     data-payload='{&quot;align&quot;:&quot;left&quot;,&quot;id&quot;:&quot;222&quot;,&quot;slug&quot;:&quot;default&quot;,&quot;valign&quot;:&quot;top&quot;,&quot;ignore&quot;:&quot;&quot;,&quot;reference&quot;:&quot;auto&quot;,&quot;class&quot;:&quot;&quot;,&quot;count&quot;:&quot;91&quot;,&quot;legendonly&quot;:&quot;&quot;,&quot;readonly&quot;:&quot;&quot;,&quot;score&quot;:&quot;4.9&quot;,&quot;starsonly&quot;:&quot;&quot;,&quot;best&quot;:&quot;5&quot;,&quot;gap&quot;:&quot;5&quot;,&quot;greet&quot;:&quot;Rate this product&quot;,&quot;legend&quot;:&quot;4.9\\\/5 - (91 votos)&quot;,&quot;size&quot;:&quot;24&quot;,&quot;title&quot;:&quot;Comprehensive Pallet Crusher High Capacity Industrial Wood Grinder&quot;,&quot;width&quot;:&quot;139.6&quot;,&quot;_legend&quot;:&quot;{score}\\\/{best} - ({count} {votes})&quot;,&quot;font_factor&quot;:&quot;1.25&quot;}'>              <div class=\"kksr-stars\">      <div class=\"kksr-stars-inactive\">             <div class=\"kksr-star\" data-star=\"1\" style=\"padding-right: 5px\">               <div class=\"kksr-icon\" style=\"width: 24px; height: 24px;\"><\/div>         <\/div>             <div class=\"kksr-star\" data-star=\"2\" style=\"padding-right: 5px\">               <div class=\"kksr-icon\" style=\"width: 24px; height: 24px;\"><\/div>         <\/div>             <div class=\"kksr-star\" data-star=\"3\" style=\"padding-right: 5px\">               <div class=\"kksr-icon\" style=\"width: 24px; height: 24px;\"><\/div>         <\/div>             <div class=\"kksr-star\" data-star=\"4\" style=\"padding-right: 5px\">               <div class=\"kksr-icon\" style=\"width: 24px; height: 24px;\"><\/div>         <\/div>             <div class=\"kksr-star\" data-star=\"5\" style=\"padding-right: 5px\">               <div class=\"kksr-icon\" style=\"width: 24px; height: 24px;\"><\/div>         <\/div>     <\/div>      <div class=\"kksr-stars-active\" style=\"width: 139.6px;\">             <div class=\"kksr-star\" style=\"padding-right: 5px\">               <div class=\"kksr-icon\" style=\"width: 24px; height: 24px;\"><\/div>         <\/div>             <div class=\"kksr-star\" style=\"padding-right: 5px\">               <div class=\"kksr-icon\" style=\"width: 24px; height: 24px;\"><\/div>         <\/div>             <div class=\"kksr-star\" style=\"padding-right: 5px\">               <div class=\"kksr-icon\" style=\"width: 24px; height: 24px;\"><\/div>         <\/div>             <div class=\"kksr-star\" style=\"padding-right: 5px\">               <div class=\"kksr-icon\" style=\"width: 24px; height: 24px;\"><\/div>         <\/div>             <div class=\"kksr-star\" style=\"padding-right: 5px\">               <div class=\"kksr-icon\" style=\"width: 24px; height: 24px;\"><\/div>         <\/div>     <\/div> <\/div>                   <div class=\"kksr-legend\" style=\"font-size: 19.2px;\">             4.9\/5 - (91 votos)    <\/div>     <\/div>  <p class=\"translation-block\">La <strong>trituradora integral de palets<\/strong> se utiliza en diversas industrias para procesar diferentes tipos de madera. Puede procesar madera con clavos, palets de madera, residuos de madera de obras de construcci\u00f3n, soportes de madera, ramas, madera aserrada, etc., as\u00ed como una variedad de paja a granel, ca\u00f1as y otros materiales no madereros, con una amplia gama de aplicaciones. <\/p>    <p>En comparaci\u00f3n con otras trituradoras, la trituradora integral adopta alimentaci\u00f3n de transporte de placa de cadena, lo que puede hacer que la alimentaci\u00f3n sea m\u00e1s suave y mejorar en gran medida la capacidad de producci\u00f3n, hasta 30 toneladas por hora.<\/p>    <figure class=\"wp-block-embed aligncenter is-type-video is-provider-youtube wp-block-embed-youtube wp-embed-aspect-16-9 wp-has-aspect-ratio\"><div class=\"wp-block-embed__wrapper\"> <iframe loading=\"lazy\" title=\"Trituradora de madera gigante: \u00a1el desaf\u00edo definitivo de triturar con potencia grandes paletas de madera! \ud83d\udd25#madera\" width=\"500\" height=\"281\" src=\"https:\/\/www.youtube.com\/embed\/bjuIT1J-sVk?feature=oembed\" frameborder=\"0\" allow=\"accelerometer; autoplay; clipboard-write; encrypted-media; gyroscope; picture-in-picture; web-share\" referrerpolicy=\"strict-origin-when-cross-origin\" allowfullscreen><\/iframe> <\/div><figcaption class=\"wp-element-caption\">video completo de trabajo de la maquina trituradora de paletas<\/figcaption><\/figure>    <p>La trituradora de paletas integral Shuliy cuenta con una cinta transportadora de alimentaci\u00f3n que permite a los usuarios colocar tablas, madera y otros materiales directamente sobre ella. A continuaci\u00f3n, la cinta transportadora transporta autom\u00e1ticamente el material al sistema de trituraci\u00f3n, lo que ahorra energ\u00eda de forma significativa. Esta m\u00e1quina es adecuada para el procesamiento de madera tanto por lotes como en continuo.<\/p>    <p class=\"translation-block\">La m\u00e1quina cuenta con un dispositivo de succi\u00f3n magn\u00e9tica en su salida, capaz de eliminar clavos, escombros y otros materiales del producto terminado. Adem\u00e1s, ofrecemos varios modelos de trituradoras de madera para satisfacer las diversas necesidades de nuestros clientes. Adem\u00e1s, tambi\u00e9n disponemos de <a href=\"https:\/\/hnwoodmachinery.com\/es\/product\/wood-shredder-machine\/\">trituradoras de madera m\u00e1s peque\u00f1as<\/a> que pueden procesar principalmente troncos, ramas, etc.<\/p>    <figure class=\"wp-block-gallery has-nested-images columns-default is-cropped wp-block-gallery-2 is-layout-flex wp-block-gallery-is-layout-flex\"> <figure class=\"wp-block-image size-large\"><img loading=\"lazy\" decoding=\"async\" width=\"720\" height=\"540\" data-id=\"415\" src=\"https:\/\/hnwoodmachinery.com\/wp-content\/uploads\/2022\/09\/comprehensive-pallet-crusher-a.webp\" alt=\"trituradora de paletas completa\" class=\"wp-image-415\" title=\"trituradora de paletas completa\"\/><figcaption class=\"wp-element-caption\">Trituradora de paletas integral<\/figcaption><\/figure>    <figure class=\"wp-block-image size-large\"><img loading=\"lazy\" decoding=\"async\" width=\"720\" height=\"540\" data-id=\"416\" src=\"https:\/\/hnwoodmachinery.com\/wp-content\/uploads\/2022\/09\/newly-manufactured-pallet-crusher-machine-a.webp\" alt=\"trituradora de paletas de madera industrial\" class=\"wp-image-416\" title=\"trituradora de paletas de madera industrial\"\/><figcaption class=\"wp-element-caption\">Trituradora de paletas de madera industrial<\/figcaption><\/figure> <\/figure>    <p>&nbsp;&nbsp;&nbsp;&nbsp;&nbsp;&nbsp;&nbsp;&nbsp;&nbsp;&nbsp;&nbsp;&nbsp;&nbsp;&nbsp;&nbsp;&nbsp;&nbsp;&nbsp;&nbsp;&nbsp;&nbsp;&nbsp;&nbsp;&nbsp;&nbsp;<\/p>    <h2 class=\"wp-block-heading\">\u00c1mbito de aplicaci\u00f3n de la amoladora de madera industrial.<\/h2>    <p>La trituradora de madera industrial es capaz de procesar diversos materiales de desecho de madera, incluidas cajas de embalaje, plantillas, tablas, ramas, contenedores de madera, paletas, tallos de ma\u00edz, troncos y m\u00e1s, todo mientras tritura eficazmente el ensilaje. Su funcionalidad es robusta, s\u00f3lida y duradera, lo que la hace adecuada para una amplia gama de materiales.<\/p>    <p class=\"translation-block\"><strong>Alcance de aplicaci\u00f3n de los astillas de madera terminadas<\/strong>: Las astillas de madera sirven como materia prima principal para pellets de biomasa, tableros de ingenier\u00eda, producci\u00f3n de carb\u00f3n vegetal, fertilizantes org\u00e1nicos y m\u00e1s. Tambi\u00e9n son esenciales para centrales el\u00e9ctricas, instalaciones de fabricaci\u00f3n de <a href=\"https:\/\/en.wikipedia.org\/wiki\/Pellet_fuel\" target=\"_blank\" rel=\"noopener\">pellets de biomasa<\/a>, producci\u00f3n de tableros de ingenier\u00eda y diversas otras industrias.<\/p>   <div class=\"wp-block-image\"> <figure class=\"aligncenter size-full\"><img loading=\"lazy\" decoding=\"async\" width=\"720\" height=\"540\" src=\"https:\/\/hnwoodmachinery.com\/wp-content\/uploads\/2022\/09\/applications-of-industial-wood-grinder-machine-0.webp\" alt=\"Aplicaciones de la m\u00e1quina trituradora de madera industrial.\" class=\"wp-image-417\" title=\"Aplicaciones de la m\u00e1quina trituradora de madera industrial.\"\/><figcaption class=\"wp-element-caption\">Aplicaciones de la m\u00e1quina trituradora de madera industrial.<\/figcaption><\/figure> <\/div>   <h2 class=\"wp-block-heading\">Caracter\u00edsticas notables de la trituradora de paletas de madera<\/h2>    <ul class=\"wp-block-list\"> <li>Puede adaptarse a diversas condiciones geogr\u00e1ficas y del terreno para la instalaci\u00f3n y uso de equipos, sin verse afectado por los climas estacionales y otros factores externos.<\/li>    <li>Nuestra avanzada trituradora de paletas cuenta con control autom\u00e1tico, junto con alimentaci\u00f3n y descarga autom\u00e1ticas, lo que mejora la capacidad de producci\u00f3n. Adem\u00e1s, garantiza la separaci\u00f3n hombre-m\u00e1quina, aumentando as\u00ed la seguridad del funcionamiento de la m\u00e1quina.<\/li>    <li>La trituradora integral es capaz de procesar todo tipo de residuos de madera, incluidos aquellos con clavos met\u00e1licos. Puede albergar una amplia gama de materias primas, como troncos, ramas, muebles desechados y tablas.<\/li>    <li>Utiliza una placa de cadena para la alimentaci\u00f3n, lo que permite una entrada de material m\u00e1s suave y aumenta significativamente la capacidad de producci\u00f3n.\u3000\u3000<\/li> <\/ul>   <div class=\"wp-block-image\"> <figure class=\"aligncenter size-full\"><img loading=\"lazy\" decoding=\"async\" width=\"720\" height=\"540\" src=\"https:\/\/hnwoodmachinery.com\/wp-content\/uploads\/2022\/09\/industrial-wood-pallet-shredders-for-sale_.webp\" alt=\"trituradoras de paletas de madera industriales\" class=\"wp-image-418\" title=\"trituradoras de paletas de madera industriales\"\/><figcaption class=\"wp-element-caption\">trituradoras de paletas de madera industriales<\/figcaption><\/figure> <\/div>   <h2 class=\"wp-block-heading\">Par\u00e1metros de la m\u00e1quina trituradora de madera industrial<\/h2>    <figure class=\"wp-block-table is-style-stripes\"><table><tbody><tr><td>Modelo<\/td><td>SL-C-1300<\/td><td>SL-C-1400<\/td><td>SL-C-1600<\/td><\/tr><tr><td>Tama\u00f1o de entrada de alimentaci\u00f3n<\/td><td>1300*500mm<\/td><td>1400*800mm<\/td><td>1600*800mm<\/td><\/tr><tr><td>Di\u00e1metro m\u00e1ximo de alimentaci\u00f3n<\/td><td>400 mm<\/td><td>500 mm<\/td><td>600 mm<\/td><\/tr><tr><td>Tama\u00f1o de salida<\/td><td>Menos de 100 mm<\/td><td>Menos de 100 mm<\/td><td>Menos de 100 mm<\/td><\/tr><tr><td>Transportador de entrada<\/td><td>6m<\/td><td>6m<\/td><td>6m<\/td><\/tr><tr><td>Transportador de salida<\/td><td>8m<\/td><td>10m<\/td><td>10m<\/td><\/tr><tr><td>Cantidad de martillo<\/td><td>20 piezas<\/td><td>32 piezas<\/td><td>66 piezas<\/td><\/tr><tr><td>Capacidad<\/td><td>8-10 t\/h<\/td><td>10-15t\/h<\/td><td>20-30t\/h<\/td><\/tr><tr><td>Poder total<\/td><td>156,5kW<\/td><td>213,5kW<\/td><td>233,5kW<\/td><\/tr><tr><td>Tama\u00f1o global<\/td><td>8600*2000*2300mm<\/td><td>9600*2400*3300mm<\/td><td>12500*2800*3200mm<\/td><\/tr><\/tbody><\/table><figcaption class=\"wp-element-caption\">datos tecnicos completos de la trituradora de paletas<\/figcaption><\/figure>    <h2 class=\"wp-block-heading\">\u00bfCu\u00e1les son los componentes de la trituradora de paletas de madera?<\/h2>    <p>La trituradora de paletas integral consta principalmente de un transportador de alimentaci\u00f3n, un dispositivo de alimentaci\u00f3n, un rodillo de cuchillas, una criba, un puerto de descarga, un dispositivo de succi\u00f3n magn\u00e9tico, etc. La estructura de la m\u00e1quina es avanzada y razonable, y es f\u00e1cil de operar y mantener.<\/p>   <div class=\"wp-block-image\"> <figure class=\"aligncenter size-full\"><img loading=\"lazy\" decoding=\"async\" width=\"720\" height=\"540\" src=\"https:\/\/hnwoodmachinery.com\/wp-content\/uploads\/2022\/09\/structure-of-the-wood-crusher-machine_.webp\" alt=\"estructura de la m\u00e1quina trituradora de madera\" class=\"wp-image-419\" title=\"estructura de la m\u00e1quina trituradora de madera\"\/><figcaption class=\"wp-element-caption\">estructura de la m\u00e1quina trituradora de madera<\/figcaption><\/figure> <\/div>   <h2 class=\"wp-block-heading\">\u00bfC\u00f3mo funciona una trituradora de madera de gran capacidad?<\/h2>   <div id=\"rank-math-howto\" class=\"rank-math-block\" > <div class=\"rank-math-howto-description\">  <\/div>  <div class=\"rank-math-steps\"> <div id=\"howto-step-1717405163877\" class=\"rank-math-step\"> <div class=\"rank-math-step-content\"><p>La m\u00e1quina trituradora de paletas integral utiliza principalmente la fuerza del impacto para romper la madera. Durante el funcionamiento, el motor impulsa el rotor interior para que gire a altas velocidades, lo que permite que la madera entre a la c\u00e1mara de trituraci\u00f3n de manera uniforme.<\/p> <\/div> <\/div> <div id=\"howto-step-1717405183757\" class=\"rank-math-step\"> <div class=\"rank-math-step-content\"><p>Los martillos giratorios de alta velocidad golpean la madera y la hacen a\u00f1icos. Mientras tanto, la madera, influenciada por su peso, es impulsada desde los martillos hacia el deflector.<\/p> <\/div> <\/div> <div id=\"howto-step-1717405206741\" class=\"rank-math-step\"> <div class=\"rank-math-step-content\"><p>En la parte inferior de la m\u00e1quina hay una placa de tamiz; la madera triturada pasa a trav\u00e9s de aberturas m\u00e1s peque\u00f1as que el tama\u00f1o de la malla, mientras que los trozos m\u00e1s grandes permanecen en el tamiz para ser procesados \u200b\u200bpor los martillos.<\/p> <\/div> <\/div> <\/div> <\/div>       <figure class=\"wp-block-embed aligncenter is-type-video is-provider-youtube wp-block-embed-youtube wp-embed-aspect-16-9 wp-has-aspect-ratio\"><div class=\"wp-block-embed__wrapper\"> <iframe loading=\"lazy\" title=\"Potente trituradora de paletas de madera en acci\u00f3n: \u00a1Tecnolog\u00eda eficiente de reducci\u00f3n de desechos de madera! #crusher #wood\" width=\"500\" height=\"281\" src=\"https:\/\/www.youtube.com\/embed\/jimooBVD8i8?feature=oembed\" frameborder=\"0\" allow=\"accelerometer; autoplay; clipboard-write; encrypted-media; gyroscope; picture-in-picture; web-share\" referrerpolicy=\"strict-origin-when-cross-origin\" allowfullscreen><\/iframe> <\/div><figcaption class=\"wp-element-caption\">principio de funcionamiento completo de la trituradora de paletas<\/figcaption><\/figure>    <h2 class=\"wp-block-heading\">Exportaci\u00f3n de trituradora integral a Singapur<\/h2>    <p>Un cliente de Singapur se comunic\u00f3 con nosotros por correo electr\u00f3nico y expres\u00f3 su necesidad de una trituradora de paletas integral. Anteriormente hab\u00eda visitado nuestro sitio web y encontr\u00f3 nuestra informaci\u00f3n de contacto. Poco despu\u00e9s, nuestro director comercial respondi\u00f3 a su correo electr\u00f3nico. <\/p>    <p>Confirmamos con el cliente que procesaba tableros de madera como materia prima. Las dimensiones de los tableros son 1200x1100x150mm y contienen clavos. Tambi\u00e9n le proporcionamos fotograf\u00edas, especificaciones y un v\u00eddeo de la m\u00e1quina. Nuestra trituradora integrada es ideal para este tipo de materia prima. Despu\u00e9s de pensarlo un poco, el cliente decidi\u00f3 realizar la compra.<\/p>   <div class=\"wp-block-image\"> <figure class=\"aligncenter size-full\"><img loading=\"lazy\" decoding=\"async\" width=\"720\" height=\"540\" src=\"https:\/\/hnwoodmachinery.com\/wp-content\/uploads\/2022\/09\/comprehensive-crusher_.webp\" alt=\"trituradora integral\" class=\"wp-image-421\" title=\"trituradora integral\"\/><figcaption class=\"wp-element-caption\">trituradora integral<\/figcaption><\/figure> <\/div>   <h2 class=\"wp-block-heading\">Bienvenido a contactarnos<\/h2>    <p>Nuestra f\u00e1brica se ha especializado en la producci\u00f3n de maquinaria para el procesamiento de madera durante muchos a\u00f1os, aportando una gran experiencia y tecnolog\u00eda avanzada. Nos dedicamos a ofrecer trituradoras integradas de gran capacidad y alta calidad que satisfacen diversas necesidades de reciclaje de madera. No dude en comunicarse en cualquier momento para obtener m\u00e1s informaci\u00f3n sobre nuestros productos o visitar nuestra f\u00e1brica. Esperamos tener la oportunidad de trabajar juntos.<\/p>","protected":false},"excerpt":{"rendered":"<p>La trituradora de paletas integral tiene una amplia gama de aplicaciones. Es adecuado para varios tipos de madera, con gran rendimiento, alta eficiencia, resistencia al desgaste y durabilidad.<\/p>","protected":false},"author":1,"featured_media":520,"parent":0,"template":"","tags":[35,40,39],"product-type":[7],"class_list":["post-222","product","type-product","status-publish","has-post-thumbnail","hentry","tag-wood","tag-wood-chips","tag-wood-pallet","product-type-wood-crusher"],"_links":{"self":[{"href":"https:\/\/hnwoodmachinery.com\/es\/wp-json\/wp\/v2\/product\/222","targetHints":{"allow":["GET"]}}],"collection":[{"href":"https:\/\/hnwoodmachinery.com\/es\/wp-json\/wp\/v2\/product"}],"about":[{"href":"https:\/\/hnwoodmachinery.com\/es\/wp-json\/wp\/v2\/types\/product"}],"author":[{"embeddable":true,"href":"https:\/\/hnwoodmachinery.com\/es\/wp-json\/wp\/v2\/users\/1"}],"wp:featuredmedia":[{"embeddable":true,"href":"https:\/\/hnwoodmachinery.com\/es\/wp-json\/wp\/v2\/media\/520"}],"wp:attachment":[{"href":"https:\/\/hnwoodmachinery.com\/es\/wp-json\/wp\/v2\/media?parent=222"}],"wp:term":[{"taxonomy":"post_tag","embeddable":true,"href":"https:\/\/hnwoodmachinery.com\/es\/wp-json\/wp\/v2\/tags?post=222"},{"taxonomy":"product-type","embeddable":true,"href":"https:\/\/hnwoodmachinery.com\/es\/wp-json\/wp\/v2\/product-type?post=222"}],"curies":[{"name":"wp","href":"https:\/\/api.w.org\/{rel}","templated":true}]}}