{"id":207,"date":"2022-07-22T08:10:18","date_gmt":"2022-07-22T08:10:18","guid":{"rendered":"https:\/\/hnwoodmachinery.com\/?post_type=product&#038;p=207"},"modified":"2024-09-24T18:28:36","modified_gmt":"2024-09-24T10:28:36","slug":"drum-wood-chipper","status":"publish","type":"product","link":"https:\/\/hnwoodmachinery.com\/es\/product\/drum-wood-chipper\/","title":{"rendered":"M\u00e1quina trituradora de madera de tambor, m\u00e1quina para fabricar astillas de madera comerciales"},"content":{"rendered":"<div class=\"kk-star-ratings kksr-auto kksr-align-left kksr-valign-top\"     data-payload='{&quot;align&quot;:&quot;left&quot;,&quot;id&quot;:&quot;207&quot;,&quot;slug&quot;:&quot;default&quot;,&quot;valign&quot;:&quot;top&quot;,&quot;ignore&quot;:&quot;&quot;,&quot;reference&quot;:&quot;auto&quot;,&quot;class&quot;:&quot;&quot;,&quot;count&quot;:&quot;94&quot;,&quot;legendonly&quot;:&quot;&quot;,&quot;readonly&quot;:&quot;&quot;,&quot;score&quot;:&quot;4.8&quot;,&quot;starsonly&quot;:&quot;&quot;,&quot;best&quot;:&quot;5&quot;,&quot;gap&quot;:&quot;5&quot;,&quot;greet&quot;:&quot;Rate this product&quot;,&quot;legend&quot;:&quot;4.8\\\/5 - (94 votos)&quot;,&quot;size&quot;:&quot;24&quot;,&quot;title&quot;:&quot;Drum Wood Chipper Commercial Timber Chips Making Machine&quot;,&quot;width&quot;:&quot;136.7&quot;,&quot;_legend&quot;:&quot;{score}\\\/{best} - ({count} {votes})&quot;,&quot;font_factor&quot;:&quot;1.25&quot;}'>              <div class=\"kksr-stars\">      <div class=\"kksr-stars-inactive\">             <div class=\"kksr-star\" data-star=\"1\" style=\"padding-right: 5px\">               <div class=\"kksr-icon\" style=\"width: 24px; height: 24px;\"><\/div>         <\/div>             <div class=\"kksr-star\" data-star=\"2\" style=\"padding-right: 5px\">               <div class=\"kksr-icon\" style=\"width: 24px; height: 24px;\"><\/div>         <\/div>             <div class=\"kksr-star\" data-star=\"3\" style=\"padding-right: 5px\">               <div class=\"kksr-icon\" style=\"width: 24px; height: 24px;\"><\/div>         <\/div>             <div class=\"kksr-star\" data-star=\"4\" style=\"padding-right: 5px\">               <div class=\"kksr-icon\" style=\"width: 24px; height: 24px;\"><\/div>         <\/div>             <div class=\"kksr-star\" data-star=\"5\" style=\"padding-right: 5px\">               <div class=\"kksr-icon\" style=\"width: 24px; height: 24px;\"><\/div>         <\/div>     <\/div>      <div class=\"kksr-stars-active\" style=\"width: 136.7px;\">             <div class=\"kksr-star\" style=\"padding-right: 5px\">               <div class=\"kksr-icon\" style=\"width: 24px; height: 24px;\"><\/div>         <\/div>             <div class=\"kksr-star\" style=\"padding-right: 5px\">               <div class=\"kksr-icon\" style=\"width: 24px; height: 24px;\"><\/div>         <\/div>             <div class=\"kksr-star\" style=\"padding-right: 5px\">               <div class=\"kksr-icon\" style=\"width: 24px; height: 24px;\"><\/div>         <\/div>             <div class=\"kksr-star\" style=\"padding-right: 5px\">               <div class=\"kksr-icon\" style=\"width: 24px; height: 24px;\"><\/div>         <\/div>             <div class=\"kksr-star\" style=\"padding-right: 5px\">               <div class=\"kksr-icon\" style=\"width: 24px; height: 24px;\"><\/div>         <\/div>     <\/div> <\/div>                   <div class=\"kksr-legend\" style=\"font-size: 19.2px;\">             4.8\/5 - (94 votos)    <\/div>     <\/div>  <p>La trituradora de madera de tambor est\u00e1 equipada con un sistema de corte avanzado. Puede manipular f\u00e1cilmente troncos y ramas de diversas durezas para operaciones de astillado precisas y r\u00e1pidas, con una capacidad de procesamiento de hasta 15 toneladas de madera por hora. <\/p>    <p>Debido al alto rendimiento de esta m\u00e1quina, generalmente se utiliza en procesadores de madera medianos y grandes. Las astillas de madera se utilizan generalmente para trituraci\u00f3n gruesa antes de triturar madera, fabricaci\u00f3n de papel, combustible y fabricaci\u00f3n de todo tipo de tableros, etc.<\/p>    <figure class=\"wp-block-embed aligncenter is-type-video is-provider-youtube wp-block-embed-youtube wp-embed-aspect-16-9 wp-has-aspect-ratio\"><div class=\"wp-block-embed__wrapper\"> <iframe loading=\"lazy\" title=\"Liberando el poder de la trituradora de madera tipo tambor de gran capacidad: \u00a1Trituraci\u00f3n de madera como un profesional!\" width=\"500\" height=\"281\" src=\"https:\/\/www.youtube.com\/embed\/EXLexC2cebo?start=4&#038;feature=oembed\" frameborder=\"0\" allow=\"accelerometer; autoplay; clipboard-write; encrypted-media; gyroscope; picture-in-picture; web-share\" referrerpolicy=\"strict-origin-when-cross-origin\" allowfullscreen><\/iframe> <\/div><figcaption class=\"wp-element-caption\">Video de trabajo de la m\u00e1quina trituradora de madera de tambor grande<\/figcaption><\/figure>    <p>La astilladora de tambor est\u00e1 equipada con una cinta transportadora para alimentaci\u00f3n autom\u00e1tica, lo que reduce significativamente los requisitos de tiempo y mano de obra. Adem\u00e1s, los rodillos de presi\u00f3n de la trituradora de tambor empujan activamente el material hacia el sistema de trituraci\u00f3n. <\/p>    <p class=\"translation-block\">Esta m\u00e1quina se puede integrar con una cinta transportadora y un molino de martillos para crear una l\u00ednea de producci\u00f3n completa para el procesamiento de astillas de madera. Adem\u00e1s, tambi\u00e9n fabricamos <a href=\"https:\/\/hnwoodmachinery.com\/es\/product\/wood-chips-making-machine\/\">picadoras de madera peque\u00f1as<\/a>.<\/p>   <div class=\"wp-block-image\"> <figure class=\"aligncenter size-full\"><img loading=\"lazy\" decoding=\"async\" width=\"720\" height=\"540\" src=\"https:\/\/hnwoodmachinery.com\/wp-content\/uploads\/2022\/09\/industrial-wood-chipper0.webp\" alt=\"trituradora de madera industrial\" class=\"wp-image-407\" title=\"trituradora de madera industrial\"\/><figcaption class=\"wp-element-caption\">trituradora de madera industrial<\/figcaption><\/figure> <\/div>   <h2 class=\"wp-block-heading\">Aplicaciones relacionadas con trituradoras de madera comerciales<\/h2>    <p class=\"translation-block\"><strong>Materias primas:<\/strong> esta m\u00e1quina astilladora de tambor es capaz de procesar diversos materiales como madera virgen, madera aserrada, troncos y madera de peque\u00f1o di\u00e1metro. (Tenga en cuenta que los materiales utilizados con esta m\u00e1quina no deben contener clavos).<\/p>    <p class=\"translation-block\"><strong>\u00c1mbito de aplicaci\u00f3n de las astillas de madera:<\/strong> las astillas de madera producidas se pueden utilizar para la fabricaci\u00f3n de papel, la fabricaci\u00f3n de tableros de part\u00edculas y tableros de fibra, o como combustible. Adem\u00e1s, podemos vender las astillas de madera directamente.<\/p>   <div class=\"wp-block-image\"> <figure class=\"aligncenter size-full\"><img loading=\"lazy\" decoding=\"async\" width=\"720\" height=\"540\" src=\"https:\/\/hnwoodmachinery.com\/wp-content\/uploads\/2022\/09\/using-scope-of-the-wood-chipper-0-2.webp\" alt=\"utilizando el alcance de la trituradora de madera\" class=\"wp-image-412\" title=\"utilizando el alcance de la trituradora de madera\"\/><figcaption class=\"wp-element-caption\">utilizando el alcance de la trituradora de madera de tambor<\/figcaption><\/figure> <\/div>   <h2 class=\"wp-block-heading\">Beneficios \u00fanicos de la trituradora de madera industrial<\/h2>    <ul class=\"wp-block-list\"> <li>Trabajo fuerte. Puede procesar diversos materiales de manera eficiente. El procesamiento del producto final es bueno.<\/li>    <li>Larga vida \u00fatil de la m\u00e1quina: el rodillo de cuchillas, la placa de cuchillas y las cuchillas de la m\u00e1quina est\u00e1n fabricados con materiales de alta calidad, resistentes al desgaste y duraderos.<\/li>    <li>La trituradora de madera de tambor tiene un gabinete de control el\u00e9ctrico independiente, por lo que la m\u00e1quina es segura de usar y f\u00e1cil de operar.<\/li>    <li>La astilladora puede ajustar autom\u00e1ticamente el tama\u00f1o del puerto de alimentaci\u00f3n. Seg\u00fan los diferentes espesores de la materia prima, el rodillo de alimentaci\u00f3n superior puede flotar hacia arriba y hacia abajo dentro de un rango determinado con la ayuda de un sistema hidr\u00e1ulico.<\/li> <\/ul>   <div class=\"wp-block-image\"> <figure class=\"aligncenter size-full\"><img loading=\"lazy\" decoding=\"async\" width=\"720\" height=\"540\" src=\"https:\/\/hnwoodmachinery.com\/wp-content\/uploads\/2022\/09\/drum-wood-chipper-0.webp\" alt=\"trituradora de madera industrial\" class=\"wp-image-409\" title=\"trituradora de madera industrial\"\/><figcaption class=\"wp-element-caption\">trituradora de madera industrial<\/figcaption><\/figure> <\/div>   <h2 class=\"wp-block-heading\">Estructura interna de la trituradora de madera de tambor.<\/h2>    <p>La trituradora de madera de tambor incluye principalmente el cuerpo, el rodillo de cuchillas, el mecanismo de alimentaci\u00f3n y descarga, el sistema hidr\u00e1ulico, el dispositivo de alimentaci\u00f3n y otras partes.<\/p>    <ul class=\"wp-block-list\"> <li>Cuerpo: todo soldado con placa de acero de alta resistencia, que es la base de soporte de toda la m\u00e1quina. <\/li>    <li>Rodillo de cuchillas: hay varias cuchillas voladoras instaladas en la barra de cuchillas. Y fijamos las cuchillas voladoras en el rodillo de cuchillas a trav\u00e9s del bloque de presi\u00f3n.<\/li>    <li>Sistema hidr\u00e1ulico: el cilindro de aceite es alimentado por la bomba de aceite, que puede arrancar la tapa y facilitar el reemplazo de la cuchilla. El conjunto del rodillo de alimentaci\u00f3n superior se puede levantar durante el mantenimiento, lo que facilita el ajuste del espacio entre la cuchilla volante y la cuchilla inferior.<\/li>    <li>Mecanismo de alimentaci\u00f3n hacia arriba y hacia abajo: se compone de una interfaz de alimentaci\u00f3n, un rodillo de alimentaci\u00f3n hacia arriba y hacia abajo y un mecanismo de ajuste del espacio de alimentaci\u00f3n. La madera que ingresa desde la interfaz de alimentaci\u00f3n es presionada por los rodillos de alimentaci\u00f3n superior e inferior y alimentada al mecanismo de astillado a una velocidad determinada.<\/li> <\/ul>   <div class=\"wp-block-image\"> <figure class=\"aligncenter size-full\"><img loading=\"lazy\" decoding=\"async\" width=\"720\" height=\"540\" src=\"https:\/\/hnwoodmachinery.com\/wp-content\/uploads\/2022\/09\/drum-wood-chippers-structure-0.webp\" alt=\"trituradora de madera industrial\" class=\"wp-image-408\" title=\"trituradora de madera industrial\"\/><figcaption class=\"wp-element-caption\">trituradora de madera industrial<\/figcaption><\/figure> <\/div>   <h2 class=\"wp-block-heading\">Especificaciones de trituradoras de madera comerciales grandes<\/h2>    <figure class=\"wp-block-table is-style-stripes\"><table><tbody><tr><td><strong>Modelo<\/strong><\/td><td><strong>SL-218<\/strong><\/td><td><strong>SL-216<\/strong><\/td><\/tr><tr><td><strong>Cantidad de cuchillos<\/strong><\/td><td>2<\/td><td>2<\/td><\/tr><tr><td><strong>Tama\u00f1o de alimentaci\u00f3n<\/strong><strong><\/strong><\/td><td>300*680\u00a0mil\u00edmetro<\/td><td>230*500 mil\u00edmetros<\/td><\/tr><tr><td><strong>Capacidad<\/strong><strong><\/strong><\/td><td>10-15 t\/h<\/td><td>5-8t\/h<\/td><\/tr><tr><td><strong>Dimensi\u00f3n de la materia prima<\/strong><strong><\/strong><\/td><td>\u2264300 mm<\/td><td>\u2264230\u00a0mm<\/td><\/tr><tr><td><strong>Tama\u00f1o de astillas de madera<\/strong><strong><\/strong><\/td><td>25 mm (ajustable)<\/td><td>25 mm (ajustable)<\/td><\/tr><tr><td><strong>Poder principal<\/strong><strong><\/strong><\/td><td>110 kilovatios<\/td><td>55 kilovatios<\/td><\/tr><tr><td><strong>Peso<\/strong><strong><\/strong><\/td><td>8600 kilos<\/td><td>5600 kilogramos<\/td><\/tr><tr><td><strong>Transportador de entrada de alimentaci\u00f3n<\/strong><strong><\/strong><\/td><td>6 metros<\/td><td>6 metros<\/td><\/tr><tr><td><strong>Transportador de salida<\/strong><strong><\/strong><\/td><td>8 metros<\/td><td>8 metros<\/td><\/tr><tr><td><strong>Tama\u00f1o de embalaje<\/strong><\/td><td>3105*2300*1650\u00a0mil\u00edmetro<\/td><td>2735*2200*1200 mil\u00edmetros<\/td><\/tr><\/tbody><\/table><figcaption class=\"wp-element-caption\">datos t\u00e9cnicos de la trituradora de madera de tambor<\/figcaption><\/figure>    <h2 class=\"wp-block-heading\">\u00bfC\u00f3mo funciona esta m\u00e1quina para fabricar astillas de madera?<\/h2>   <div id=\"rank-math-howto\" class=\"rank-math-block\" > <div class=\"rank-math-howto-description\">  <\/div>  <div class=\"rank-math-steps\"> <div id=\"howto-step-1717407006129\" class=\"rank-math-step\"> <div class=\"rank-math-step-content\"><p>La madera se alimenta a trav\u00e9s del puerto de alimentaci\u00f3n y cuando entra en contacto con la cuchilla de corte, se corta siguiendo la rotaci\u00f3n de alta velocidad de la cuchilla de corte.<\/p> <\/div> <\/div> <div id=\"howto-step-1717407019499\" class=\"rank-math-step\"> <div class=\"rank-math-step-content\"><p>El mecanismo de corte es una rueda de tambor giratoria con varias cuchillas voladoras montadas en ella. Los cuchillos giran para procesar la madera en pedazos.<\/p> <\/div> <\/div> <div id=\"howto-step-1717407032563\" class=\"rank-math-step\"> <div class=\"rank-math-step-content\"><p class=\"translation-block\">Hay varios agujeros cuadrados en el borde exterior de la rueda del tambor, y los trozos cortados de material calificado caen a trav\u00e9s de los agujeros de la malla y se descargan por la parte inferior. Los trozos de material m\u00e1s grandes se volver\u00e1n a cortar en la m\u00e1quina <a href=\"https:\/\/en.wikipedia.org\/wiki\/Woodchipper\" target=\"_blank\" rel=\"noopener\">astilladora de madera<\/a>.<\/p> <\/div> <\/div> <\/div> <\/div>       <figure class=\"wp-block-embed aligncenter is-type-video is-provider-youtube wp-block-embed-youtube wp-embed-aspect-16-9 wp-has-aspect-ratio\"><div class=\"wp-block-embed__wrapper\"> <iframe loading=\"lazy\" title=\"Gran trituradora de madera industrial \u4e28 trituradora de madera de tambor a la venta\" width=\"500\" height=\"281\" src=\"https:\/\/www.youtube.com\/embed\/4ADKE0Xolj8?feature=oembed\" frameborder=\"0\" allow=\"accelerometer; autoplay; clipboard-write; encrypted-media; gyroscope; picture-in-picture; web-share\" referrerpolicy=\"strict-origin-when-cross-origin\" allowfullscreen><\/iframe> <\/div><figcaption class=\"wp-element-caption\">Video de trabajo de la m\u00e1quina para fabricar astillas de madera.<\/figcaption><\/figure>   <div class=\"wp-block-image\"> <figure class=\"aligncenter size-full\"><img loading=\"lazy\" decoding=\"async\" width=\"720\" height=\"540\" src=\"http:\/\/hnwoodmachinery.com\/wp-content\/uploads\/2022\/07\/wood-chips-making-machine.webp\" alt=\"m\u00e1quina para fabricar astillas de madera\" class=\"wp-image-1080\" title=\"\" srcset=\"https:\/\/hnwoodmachinery.com\/wp-content\/uploads\/2022\/07\/wood-chips-making-machine.webp 720w, https:\/\/hnwoodmachinery.com\/wp-content\/uploads\/2022\/07\/wood-chips-making-machine-300x225.webp 300w, https:\/\/hnwoodmachinery.com\/wp-content\/uploads\/2022\/07\/wood-chips-making-machine-16x12.webp 16w\" sizes=\"auto, (max-width: 720px) 100vw, 720px\" \/><figcaption class=\"wp-element-caption\">m\u00e1quina trituradora de madera de tambor<\/figcaption><\/figure> <\/div>   <h2 class=\"wp-block-heading\">\u00bfPor qu\u00e9 elegir la trituradora de madera de tambor de Shuliy?<\/h2>    <ul class=\"wp-block-list\"> <li>Rotor de palas de nuevo dise\u00f1o, las palas son f\u00e1ciles de cambiar.<\/li>    <li>La cubierta de la c\u00e1mara de trituraci\u00f3n se puede abrir hidr\u00e1ulicamente para facilitar el mantenimiento y el reemplazo de las cuchillas.<\/li>    <li>El tama\u00f1o de la pantalla se puede personalizar seg\u00fan los diferentes requisitos del tama\u00f1o del producto final. El sistema de amortiguaci\u00f3n hidr\u00e1ulico garantiza un funcionamiento suave.<\/li>    <li>Dispositivo de alimentaci\u00f3n inversa, la m\u00e1quina de cinta se puede invertir para avanzar. Este dispositivo puede proteger la m\u00e1quina cuando se encuentre con grandes trozos de madera.<\/li>    <li>Con mayor capacidad y mayor tama\u00f1o de alimentaci\u00f3n que los modelos tradicionales, puede cortar troncos con un di\u00e1metro de 230-500 mm.<\/li> <\/ul>   <div class=\"wp-block-image\"> <figure class=\"aligncenter size-full\"><img loading=\"lazy\" decoding=\"async\" width=\"720\" height=\"540\" src=\"https:\/\/hnwoodmachinery.com\/wp-content\/uploads\/2022\/09\/commercial-wood-chipper-0.webp\" alt=\"trituradora de madera comercial\" class=\"wp-image-413\" title=\"trituradora de madera comercial\"\/><figcaption class=\"wp-element-caption\">trituradora de madera comercial<\/figcaption><\/figure> <\/div>   <p>Nuestra f\u00e1brica se ha especializado en la producci\u00f3n y fabricaci\u00f3n de maquinaria para procesamiento de madera durante muchos a\u00f1os, adquiriendo una rica experiencia y tecnolog\u00eda avanzada. Le invitamos sinceramente a consultarnos en cualquier momento y le damos una calurosa bienvenida a visitar nuestra f\u00e1brica. Esperamos cooperar con usted.<\/p>","protected":false},"excerpt":{"rendered":"<p>La trituradora de madera de tambor es una gran m\u00e1quina trituradora de madera industrial. Esta m\u00e1quina tiene una gran producci\u00f3n y se utiliza generalmente en f\u00e1bricas de procesamiento de madera medianas y grandes.<\/p>","protected":false},"author":1,"featured_media":403,"parent":0,"template":"","tags":[41,35,40],"product-type":[9],"class_list":["post-207","product","type-product","status-publish","has-post-thumbnail","hentry","tag-timber","tag-wood","tag-wood-chips","product-type-wood-chipper"],"_links":{"self":[{"href":"https:\/\/hnwoodmachinery.com\/es\/wp-json\/wp\/v2\/product\/207","targetHints":{"allow":["GET"]}}],"collection":[{"href":"https:\/\/hnwoodmachinery.com\/es\/wp-json\/wp\/v2\/product"}],"about":[{"href":"https:\/\/hnwoodmachinery.com\/es\/wp-json\/wp\/v2\/types\/product"}],"author":[{"embeddable":true,"href":"https:\/\/hnwoodmachinery.com\/es\/wp-json\/wp\/v2\/users\/1"}],"wp:featuredmedia":[{"embeddable":true,"href":"https:\/\/hnwoodmachinery.com\/es\/wp-json\/wp\/v2\/media\/403"}],"wp:attachment":[{"href":"https:\/\/hnwoodmachinery.com\/es\/wp-json\/wp\/v2\/media?parent=207"}],"wp:term":[{"taxonomy":"post_tag","embeddable":true,"href":"https:\/\/hnwoodmachinery.com\/es\/wp-json\/wp\/v2\/tags?post=207"},{"taxonomy":"product-type","embeddable":true,"href":"https:\/\/hnwoodmachinery.com\/es\/wp-json\/wp\/v2\/product-type?post=207"}],"curies":[{"name":"wp","href":"https:\/\/api.w.org\/{rel}","templated":true}]}}