{"id":3,"date":"2022-07-15T10:01:21","date_gmt":"2022-07-15T10:01:21","guid":{"rendered":"http:\/\/hnwoodmachinery.com\/?page_id=3"},"modified":"2022-09-22T15:00:54","modified_gmt":"2022-09-22T07:00:54","slug":"about-us","status":"publish","type":"page","link":"https:\/\/hnwoodmachinery.com\/es\/about-us\/","title":{"rendered":"Sobre nosotros"},"content":{"rendered":"<div class=\"wp-block-media-text alignwide is-stacked-on-mobile\"><figure class=\"wp-block-media-text__media\"><img loading=\"lazy\" decoding=\"async\" width=\"720\" height=\"540\" src=\"https:\/\/hnwoodmachinery.com\/wp-content\/uploads\/2022\/09\/our-factory-.webp\" alt=\"nuestra f\u00e1brica\" class=\"wp-image-615 size-full\" title=\"\"><\/figure><div class=\"wp-block-media-text__content\"> <p class=\"translation-block\">Shuliy Machinery est\u00e1 ubicada en Zhengzhou, provincia de Henan, China. Es un gran fabricante de maquinaria para el procesamiento de madera. Establecida en 2011. Tenemos una rica experiencia en exportaci\u00f3n. Y exportamos m\u00e1quinas a muchos pa\u00edses, como <strong>Emiratos \u00c1rabes Unidos, Sud\u00e1frica, Per\u00fa, Libia, Bulgaria, Nueva Zelanda, EE. UU., Canad\u00e1, Filipinas, Malasia,<\/strong> y otros pa\u00edses diferentes. Brindamos maquinaria de alta calidad, precio asequible y servicio atento a cada cliente. Por lo tanto, hemos mantenido una cooperaci\u00f3n a largo plazo con muchos pa\u00edses.<\/p> <\/div><\/div>    <h2 class=\"wp-block-heading\" id=\"h-main-products\">Productos principales<\/h2>    <p class=\"translation-block\">Los principales productos de Shuliy Machinery incluyen <strong>descascaradora de madera<\/strong>, <strong>serrer\u00eda<\/strong>, <strong>m\u00e1quina de virutas de madera<\/strong>, <strong>trituradora de madera<\/strong>, <strong>picadora de madera<\/strong>, picadora de madera industrial, <strong>trituradora integral<\/strong>, etc. Adem\u00e1s, tambi\u00e9n podemos proporcionar a los clientes una l\u00ednea de producci\u00f3n de m\u00e1quinas, lo que es m\u00e1s conveniente para el trabajo diario de los clientes y mejora la eficiencia.<\/p>    <figure class=\"wp-block-gallery has-nested-images columns-2 is-cropped wp-block-gallery-2 is-layout-flex wp-block-gallery-is-layout-flex\"> <figure class=\"wp-block-image size-large\"><img loading=\"lazy\" decoding=\"async\" width=\"720\" height=\"540\" data-id=\"618\" src=\"https:\/\/hnwoodmachinery.com\/wp-content\/uploads\/2022\/09\/hammer-wood-mill-machine-.webp\" alt=\"molino de martillo para madera\" class=\"wp-image-618\" title=\"molino de martillo para madera\"\/><figcaption>M\u00e1quina de molino de madera de martillo<\/figcaption><\/figure>    <figure class=\"wp-block-image size-large\"><img loading=\"lazy\" decoding=\"async\" width=\"720\" height=\"540\" data-id=\"619\" src=\"https:\/\/hnwoodmachinery.com\/wp-content\/uploads\/2022\/09\/wood-chipper-.webp\" alt=\"\" class=\"wp-image-619\" title=\"\"><figcaption>Astilladora de madera<\/figcaption><\/figure>    <figure class=\"wp-block-image size-full\"><img loading=\"lazy\" decoding=\"async\" width=\"720\" height=\"540\" data-id=\"620\" src=\"https:\/\/hnwoodmachinery.com\/wp-content\/uploads\/2022\/09\/wood-peeling-machine-.webp\" alt=\"peladora de madera\" class=\"wp-image-620\" title=\"peladora de madera\"\/><figcaption>Peladora de madera<\/figcaption><\/figure>    <figure class=\"wp-block-image size-large\"><img loading=\"lazy\" decoding=\"async\" width=\"720\" height=\"540\" data-id=\"621\" src=\"https:\/\/hnwoodmachinery.com\/wp-content\/uploads\/2022\/09\/wood-shaving-machine-1-1.webp\" alt=\"maquina de afeitar para madera\" class=\"wp-image-621\" title=\"maquina de afeitar para madera\"\/><figcaption>M\u00e1quina de afeitar para madera<\/figcaption><\/figure> <\/figure>    <h2 class=\"wp-block-heading\" id=\"h-our-services\">Nuestros servicios<\/h2>    <p>1. Conocimiento profesional de la m\u00e1quina. Cada miembro de nuestro personal tiene un conocimiento profundo de nuestras m\u00e1quinas y podemos brindar respuestas profesionales a nuestros clientes de manera oportuna durante la conversaci\u00f3n con ellos. Al mismo tiempo, brindaremos soluciones de m\u00e1quinas profesionales de acuerdo con las necesidades espec\u00edficas de los clientes.<\/p>    <p>2. M\u00e1quinas de embalaje y env\u00edo. Antes de enviar cualquier m\u00e1quina a su destino, la protegeremos empac\u00e1ndola en una caja de madera resistente. Tambi\u00e9n proporcionamos informaci\u00f3n log\u00edstica oportuna a nuestros clientes.<\/p>    <p>3. Instalaci\u00f3n y uso de la m\u00e1quina. Ayudaremos al cliente a instalar la m\u00e1quina, ya sea mediante instrucciones en l\u00ednea o solicitando que un ingeniero instale la m\u00e1quina.<\/p>    <p>4. Dise\u00f1o de f\u00e1brica. Ayudaremos a los clientes a planificar el \u00e1rea de la f\u00e1brica y la ubicaci\u00f3n de los equipos de la f\u00e1brica, proporcionaremos dibujos, etc.<\/p>    <figure class=\"wp-block-gallery has-nested-images columns-2 is-cropped wp-block-gallery-3 is-layout-flex wp-block-gallery-is-layout-flex\"> <figure class=\"wp-block-image size-large\"><img loading=\"lazy\" decoding=\"async\" width=\"720\" height=\"540\" data-id=\"624\" src=\"https:\/\/hnwoodmachinery.com\/wp-content\/uploads\/2022\/09\/vertical-log-debarker-machine-packaging-.webp\" alt=\"Embalaje de m\u00e1quina descortezadora de troncos vertical\" class=\"wp-image-624\" title=\"Embalaje de m\u00e1quina descortezadora de troncos vertical\"\/><figcaption>Embalaje de m\u00e1quina descortezadora de troncos vertical<\/figcaption><\/figure>    <figure class=\"wp-block-image size-large\"><img loading=\"lazy\" decoding=\"async\" width=\"720\" height=\"540\" data-id=\"625\" src=\"https:\/\/hnwoodmachinery.com\/wp-content\/uploads\/2022\/09\/wooden-case-packing-.webp\" alt=\"embalaje de caja de madera\" class=\"wp-image-625\" title=\"embalaje de caja de madera\"\/><figcaption>Embalaje de caja de madera<\/figcaption><\/figure>    <figure class=\"wp-block-image size-large\"><img loading=\"lazy\" decoding=\"async\" width=\"720\" height=\"540\" data-id=\"627\" src=\"https:\/\/hnwoodmachinery.com\/wp-content\/uploads\/2022\/09\/loading-of-the-wood-log-peeling-machine-.webp\" alt=\"Carga de la m\u00e1quina peladora de troncos de madera.\" class=\"wp-image-627\" title=\"Carga de la m\u00e1quina peladora de troncos de madera.\"\/><figcaption>Carga de la m\u00e1quina peladora de troncos de madera<\/figcaption><\/figure>    <figure class=\"wp-block-image size-large\"><img loading=\"lazy\" decoding=\"async\" width=\"720\" height=\"540\" data-id=\"628\" src=\"https:\/\/hnwoodmachinery.com\/wp-content\/uploads\/2022\/09\/shipping-of-the-machine-1.webp\" alt=\"env\u00edo de la m\u00e1quina\" class=\"wp-image-628\" title=\"env\u00edo de la m\u00e1quina\"\/><figcaption>Env\u00edo de la m\u00e1quina<\/figcaption><\/figure> <\/figure>    <h2 class=\"wp-block-heading\" id=\"h-professional-wood-machines-manufacturer\">Fabricante profesional de m\u00e1quinas para madera.<\/h2>    <p>Como fabricante de maquinaria para madera, Shuliy Machinery cuenta con un equipo profesional de dise\u00f1o de I+D. El material, estructura y apariencia de cada m\u00e1quina son cuidadosamente estudiados y dise\u00f1ados. Estamos comprometidos a mantener el ritmo de los tiempos para fabricar maquinaria de madera potente, duradera y de mejor calidad para nuestros clientes.<\/p>    <p>\u00a1Shuliy\u00a0Machinery espera cooperar con usted!<\/p>    <figure class=\"wp-block-image size-full\"><img loading=\"lazy\" decoding=\"async\" width=\"720\" height=\"540\" src=\"https:\/\/hnwoodmachinery.com\/wp-content\/uploads\/2022\/09\/manufacturing-situation-.webp\" alt=\"situaci\u00f3n de fabricaci\u00f3n\" class=\"wp-image-631\" title=\"situaci\u00f3n de fabricaci\u00f3n\"\/><figcaption>Situaci\u00f3n de fabricaci\u00f3n<\/figcaption><\/figure>    <p><\/p>","protected":false},"excerpt":{"rendered":"<p>Shuliy\u00a0Machinery est\u00e1 ubicada en Zhengzhou, provincia de Henan, China. Es un gran fabricante de maquinaria para el manejo de madera.<\/p>","protected":false},"author":1,"featured_media":0,"parent":0,"menu_order":0,"comment_status":"closed","ping_status":"closed","template":"","meta":{"footnotes":""},"class_list":["post-3","page","type-page","status-publish","hentry"],"_links":{"self":[{"href":"https:\/\/hnwoodmachinery.com\/es\/wp-json\/wp\/v2\/pages\/3","targetHints":{"allow":["GET"]}}],"collection":[{"href":"https:\/\/hnwoodmachinery.com\/es\/wp-json\/wp\/v2\/pages"}],"about":[{"href":"https:\/\/hnwoodmachinery.com\/es\/wp-json\/wp\/v2\/types\/page"}],"author":[{"embeddable":true,"href":"https:\/\/hnwoodmachinery.com\/es\/wp-json\/wp\/v2\/users\/1"}],"replies":[{"embeddable":true,"href":"https:\/\/hnwoodmachinery.com\/es\/wp-json\/wp\/v2\/comments?post=3"}],"version-history":[{"count":0,"href":"https:\/\/hnwoodmachinery.com\/es\/wp-json\/wp\/v2\/pages\/3\/revisions"}],"wp:attachment":[{"href":"https:\/\/hnwoodmachinery.com\/es\/wp-json\/wp\/v2\/media?parent=3"}],"curies":[{"name":"wp","href":"https:\/\/api.w.org\/{rel}","templated":true}]}}