{"id":96,"date":"2022-07-18T09:02:16","date_gmt":"2022-07-18T09:02:16","guid":{"rendered":"https:\/\/hnwoodmachinery.com\/?post_type=product&#038;p=96"},"modified":"2024-09-27T18:30:34","modified_gmt":"2024-09-27T10:30:34","slug":"wood-hammer-mill","status":"publish","type":"product","link":"https:\/\/hnwoodmachinery.com\/de\/product\/wood-hammer-mill\/","title":{"rendered":"Holzhammerm\u00fchle, industrieller Hammerm\u00fchlenbrecher f\u00fcr Rundholz"},"content":{"rendered":"<div class=\"kk-star-ratings kksr-auto kksr-align-left kksr-valign-top\"     data-payload='{&quot;align&quot;:&quot;left&quot;,&quot;id&quot;:&quot;96&quot;,&quot;slug&quot;:&quot;default&quot;,&quot;valign&quot;:&quot;top&quot;,&quot;ignore&quot;:&quot;&quot;,&quot;reference&quot;:&quot;auto&quot;,&quot;class&quot;:&quot;&quot;,&quot;count&quot;:&quot;96&quot;,&quot;legendonly&quot;:&quot;&quot;,&quot;readonly&quot;:&quot;&quot;,&quot;score&quot;:&quot;4.8&quot;,&quot;starsonly&quot;:&quot;&quot;,&quot;best&quot;:&quot;5&quot;,&quot;gap&quot;:&quot;5&quot;,&quot;greet&quot;:&quot;Rate this product&quot;,&quot;legend&quot;:&quot;4.8\\\/5 - (96 votes)&quot;,&quot;size&quot;:&quot;24&quot;,&quot;title&quot;:&quot;Wood Hammer Mill Industrial Log Timber Hammermill Crusher&quot;,&quot;width&quot;:&quot;136.7&quot;,&quot;_legend&quot;:&quot;{score}\\\/{best} - ({count} {votes})&quot;,&quot;font_factor&quot;:&quot;1.25&quot;}'>              <div class=\"kksr-stars\">      <div class=\"kksr-stars-inactive\">             <div class=\"kksr-star\" data-star=\"1\" style=\"padding-right: 5px\">               <div class=\"kksr-icon\" style=\"width: 24px; height: 24px;\"><\/div>         <\/div>             <div class=\"kksr-star\" data-star=\"2\" style=\"padding-right: 5px\">               <div class=\"kksr-icon\" style=\"width: 24px; height: 24px;\"><\/div>         <\/div>             <div class=\"kksr-star\" data-star=\"3\" style=\"padding-right: 5px\">               <div class=\"kksr-icon\" style=\"width: 24px; height: 24px;\"><\/div>         <\/div>             <div class=\"kksr-star\" data-star=\"4\" style=\"padding-right: 5px\">               <div class=\"kksr-icon\" style=\"width: 24px; height: 24px;\"><\/div>         <\/div>             <div class=\"kksr-star\" data-star=\"5\" style=\"padding-right: 5px\">               <div class=\"kksr-icon\" style=\"width: 24px; height: 24px;\"><\/div>         <\/div>     <\/div>      <div class=\"kksr-stars-active\" style=\"width: 136.7px;\">             <div class=\"kksr-star\" style=\"padding-right: 5px\">               <div class=\"kksr-icon\" style=\"width: 24px; height: 24px;\"><\/div>         <\/div>             <div class=\"kksr-star\" style=\"padding-right: 5px\">               <div class=\"kksr-icon\" style=\"width: 24px; height: 24px;\"><\/div>         <\/div>             <div class=\"kksr-star\" style=\"padding-right: 5px\">               <div class=\"kksr-icon\" style=\"width: 24px; height: 24px;\"><\/div>         <\/div>             <div class=\"kksr-star\" style=\"padding-right: 5px\">               <div class=\"kksr-icon\" style=\"width: 24px; height: 24px;\"><\/div>         <\/div>             <div class=\"kksr-star\" style=\"padding-right: 5px\">               <div class=\"kksr-icon\" style=\"width: 24px; height: 24px;\"><\/div>         <\/div>     <\/div> <\/div>                   <div class=\"kksr-legend\" style=\"font-size: 19.2px;\">             4,8\/5 - (96 Stimmen)    <\/div>     <\/div>  <p>Der Holzhammerm\u00fchlenbrecher ist daf\u00fcr bekannt, h\u00f6here Zerkleinerungsverh\u00e4ltnisse bei einer Vielzahl von Materialien im Industriesektor zu liefern und eine maximale Leistung von 5 Tonnen pro Stunde zu erreichen. Es produziert Material, das feiner als 3\/16 Zoll (4 mm) ist. Sein robustes und langlebiges Design erm\u00f6glicht die Anwendung gr\u00f6\u00dferer Kr\u00e4fte, was zu einer h\u00f6heren Produktivit\u00e4t bei gleichzeitiger Maximierung der Gr\u00f6\u00dfe und Qualit\u00e4t des Endprodukts f\u00fchrt.<\/p>    <p>Dieser Hammerbrecher zeichnet sich durch einen hohen Wirkungsgrad, einen einfachen Aufbau, stabile Arbeit, einen geringen Energieverbrauch und niedrige Verarbeitungskosten aus. Es kann auch zum Hacken von Stroh, Stroh, Pappe, Holzkohle und anderen Materialien verwendet werden. Normalerweise wird die Holzhammerm\u00fchle in Produktionslinien verwendet, um das Material nach der Verarbeitung durch einen Trommelhacker oder einen integrierten Brecher weiter zu zerkleinern.<\/p>    <figure class=\"wp-block-embed aligncenter is-type-video is-provider-youtube wp-block-embed-youtube wp-embed-aspect-16-9 wp-has-aspect-ratio\"><div class=\"wp-block-embed__wrapper\"> <iframe loading=\"lazy\" title=\"Leistungsstarker Hammerm\u00fchlenbrecher: Ein gro\u00dfartiges Werkzeug f\u00fcr die effiziente Verarbeitung von Abfallmaterialien!#Holzbearbeitung\" width=\"500\" height=\"281\" src=\"https:\/\/www.youtube.com\/embed\/yCIh8pMPPks?start=8&#038;feature=oembed\" frameborder=\"0\" allow=\"accelerometer; autoplay; clipboard-write; encrypted-media; gyroscope; picture-in-picture; web-share\" referrerpolicy=\"strict-origin-when-cross-origin\" allowfullscreen><\/iframe> <\/div><figcaption class=\"wp-element-caption\">Baustelle der Holzhammerm\u00fchle<\/figcaption><\/figure>    <h2 class=\"wp-block-heading\" id=\"h-brief-introduction-of-the-wood-hammer-mill\">Anpassbare Holzhammerm\u00fchle<\/h2>    <p>Es gibt verschiedene Modelle von Holzhammerm\u00fchlen, die f\u00fcr unterschiedliche Leistungsstufen ausgelegt sind. Alle Hammer-Spanbrecher sind mit Zyklonen ausgestattet, die den beim Betrieb entstehenden Staub und Schmutz effektiv auffangen. Diese Funktion tr\u00e4gt auch dazu bei, die Staubbelastung im Produktionsbereich zu minimieren. <\/p>    <p>Die Maschinen werden in der Regel entweder von einem Elektromotor oder einem Dieselmotor angetrieben, um sicherzustellen, dass sie den unterschiedlichen Leistungsanforderungen der Kunden gerecht werden. <\/p>    <p>Es ist wichtig zu beachten, dass Holzschlagm\u00fchlen sich von Holzschleifern unterscheiden, sowohl in den Arten von Materialien, die sie verarbeiten, als auch in ihrer inneren Struktur. Dar\u00fcber hinaus arbeitet dieses Ger\u00e4t mit niedrigen Ger\u00e4uschpegeln, ist benutzerfreundlich und erfordert nur minimale Wartung.<\/p>    <figure class=\"wp-block-gallery has-nested-images columns-default is-cropped wp-block-gallery-2 is-layout-flex wp-block-gallery-is-layout-flex\"> <figure class=\"wp-block-image size-large\"><img loading=\"lazy\" decoding=\"async\" width=\"720\" height=\"540\" data-id=\"471\" src=\"https:\/\/hnwoodmachinery.com\/wp-content\/uploads\/2022\/09\/hammer-mill-crusher-0.webp\" alt=\"Hammerm\u00fchlenbrecher\" class=\"wp-image-471\" title=\"Hammerm\u00fchlenbrecher\"\/><figcaption class=\"wp-element-caption\">Hammerm\u00fchlenbrecher<\/figcaption><\/figure>    <figure class=\"wp-block-image size-large\"><img loading=\"lazy\" decoding=\"async\" width=\"720\" height=\"540\" data-id=\"472\" src=\"https:\/\/hnwoodmachinery.com\/wp-content\/uploads\/2022\/09\/wood-hammer-mill-.webp\" alt=\"Holzhammerm\u00fchle\" class=\"wp-image-472\" title=\"Holzhammerm\u00fchle\"\/><figcaption class=\"wp-element-caption\">Holzhammerm\u00fchle<\/figcaption><\/figure> <\/figure>    <h2 class=\"wp-block-heading\">Maschinenmerkmale und Vorteile<\/h2>    <ul class=\"wp-block-list\"> <li>Gro\u00dfe \u00d6ffnung, anpassungsf\u00e4higes und vielseitiges Design. <\/li>    <li>Verschiedene Rotorkonfigurationen passen zu jedem Material.<\/li>    <li>Siebe erm\u00f6glichen eine pr\u00e4zise Produktdimensionierung und sind leicht auszutauschen. <\/li>    <li>Formschl\u00fcssige Geh\u00e4use bieten zus\u00e4tzliche Sicherheit gegen Bersten und Staub. <\/li>    <li>Verschlei\u00dffeste Stahlauskleidung und Brechplatten aus Manganguss sorgen f\u00fcr eine lange Lebensdauer. <\/li>    <li>Geschmiedeter legierter Stahl und besonders robuste Wellen minimieren Vibrationen und verl\u00e4ngern die Lagerlebensdauer. <\/li> <\/ul>    <figure class=\"wp-block-gallery has-nested-images columns-default is-cropped wp-block-gallery-3 is-layout-flex wp-block-gallery-is-layout-flex\"> <figure class=\"wp-block-image size-large\"><img loading=\"lazy\" decoding=\"async\" width=\"720\" height=\"540\" data-id=\"1200\" src=\"https:\/\/hnwoodmachinery.com\/wp-content\/uploads\/2022\/07\/large-type-hammer-mill-crusher-manufacturer.webp\" alt=\"Hersteller von gro\u00dfen Hammerm\u00fchlen\" class=\"wp-image-1200\" title=\"\" srcset=\"https:\/\/hnwoodmachinery.com\/wp-content\/uploads\/2022\/07\/large-type-hammer-mill-crusher-manufacturer.webp 720w, https:\/\/hnwoodmachinery.com\/wp-content\/uploads\/2022\/07\/large-type-hammer-mill-crusher-manufacturer-300x225.webp 300w, https:\/\/hnwoodmachinery.com\/wp-content\/uploads\/2022\/07\/large-type-hammer-mill-crusher-manufacturer-16x12.webp 16w\" sizes=\"auto, (max-width: 720px) 100vw, 720px\" \/><figcaption class=\"wp-element-caption\">Hersteller gro\u00dfer Hammerm\u00fchlenbrecher<\/figcaption><\/figure>    <figure class=\"wp-block-image size-large\"><img loading=\"lazy\" decoding=\"async\" width=\"720\" height=\"540\" data-id=\"1199\" src=\"https:\/\/hnwoodmachinery.com\/wp-content\/uploads\/2022\/07\/large-capacity-hammer-crushing-machine.webp\" alt=\"Hammerzerkleinerungsmaschine mit gro\u00dfer Kapazit\u00e4t\" class=\"wp-image-1199\" title=\"\" srcset=\"https:\/\/hnwoodmachinery.com\/wp-content\/uploads\/2022\/07\/large-capacity-hammer-crushing-machine.webp 720w, https:\/\/hnwoodmachinery.com\/wp-content\/uploads\/2022\/07\/large-capacity-hammer-crushing-machine-300x225.webp 300w, https:\/\/hnwoodmachinery.com\/wp-content\/uploads\/2022\/07\/large-capacity-hammer-crushing-machine-16x12.webp 16w\" sizes=\"auto, (max-width: 720px) 100vw, 720px\" \/><figcaption class=\"wp-element-caption\">Hammerzerkleinerungsmaschine mit gro\u00dfer Kapazit\u00e4t<\/figcaption><\/figure> <\/figure>    <h2 class=\"wp-block-heading\" id=\"h-application-range-of-wood-shaving-grinder\">Anwendungsbereich der Holzhammerschleifmaschine<\/h2>    <p class=\"translation-block\"><strong>Anwendbare Pflanzen<\/strong><\/p>    <p>Dieses Ger\u00e4tesortiment ist f\u00fcr den mobilen Einsatz konzipiert. Es wird h\u00e4ufig im Aufbereitungsbereich kleiner bis mittlerer Spanplatten- und Faserplattenhersteller eingesetzt. Dar\u00fcber hinaus kann es von einzelnen Haushalten zur Produktion von gewerblichen Hackschnitzeln genutzt werden.<\/p>    <p class=\"translation-block\"><strong>Anwendbare Rohstoffe und Fertigprodukte<\/strong><\/p>    <p class=\"translation-block\">Der Hammerholzzerkleinerer ist haupts\u00e4chlich f\u00fcr die Verarbeitung verschiedener Holzarten konzipiert, einschlie\u00dflich Kiefer, Mischholz, Yangholz, Fichtenholz und rohem Bambus. Diese Maschine eignet sich besonders gut f\u00fcr die Holzschnitzelverarbeitung in Einrichtungen zur Kultivierung essbarer Pilze. Dar\u00fcber hinaus kann der Zerkleinerer zur Herstellung von Rohstoffen f\u00fcr <a href=\"https:\/\/en.wikipedia.org\/wiki\/Particle_board\" target=\"_blank\" rel=\"noopener\">Spanplatten<\/a>, S\u00e4gesp\u00e4neplatten und Hochdichteplatten verwendet werden.<\/p>   <div class=\"wp-block-image\"> <figure class=\"aligncenter size-full\"><img loading=\"lazy\" decoding=\"async\" width=\"720\" height=\"540\" src=\"https:\/\/hnwoodmachinery.com\/wp-content\/uploads\/2022\/09\/finished-product-of-the-wood-shaving-grinder.webp\" alt=\"das fertige Produkt des Holzsp\u00e4ne-Schleifers\" class=\"wp-image-474\" title=\"Fertiges Produkt des Holzsp\u00e4nezerkleiners\"\/><figcaption class=\"wp-element-caption\">das fertige Produkt der Holzsp\u00e4nem\u00fchle<\/figcaption><\/figure> <\/div>   <h2 class=\"wp-block-heading\" id=\"h-working-principle-of-the-hammer-mill-wood-crusher\">Funktionsprinzip des Hammerm\u00fchlen-Holzbrechers<\/h2>    <p>Der Hammerm\u00fchlen-Holzbrecher nutzt in erster Linie den Schlag, um Materialien zu zerkleinern. Wenn das Material in die Maschine gelangt, wird es durch die Kraft des mit hoher Geschwindigkeit rotierenden Hammerkopfes zerkleinert. Au\u00dferdem kollidieren die zerkleinerten Materialien miteinander. <\/p>    <p>Durch diesen wiederholten Zerkleinerungsprozess wird das Material kleiner als die Siebl\u00f6cher und wird durch die L\u00fccken ausgetragen. Gr\u00f6\u00dfere St\u00fccke werden noch einmal zersto\u00dfen, bis sie durch das Siebgewebe passen. Letztendlich wird das gew\u00fcnschte Partikelgr\u00f6\u00dfenprodukt erreicht.<\/p>    <figure class=\"wp-block-embed aligncenter is-type-video is-provider-youtube wp-block-embed-youtube wp-embed-aspect-16-9 wp-has-aspect-ratio\"><div class=\"wp-block-embed__wrapper\"> <iframe loading=\"lazy\" title=\"Holzhammerm\u00fchlenmaschine, Holzs\u00e4gemehl-Hammerm\u00fchlenbrecher\" width=\"500\" height=\"281\" src=\"https:\/\/www.youtube.com\/embed\/ZU7KSzZnOTI?feature=oembed\" frameborder=\"0\" allow=\"accelerometer; autoplay; clipboard-write; encrypted-media; gyroscope; picture-in-picture; web-share\" referrerpolicy=\"strict-origin-when-cross-origin\" allowfullscreen><\/iframe> <\/div><figcaption class=\"wp-element-caption\">Holzhammerm\u00fchle-Zerkleinerungsmaschine<\/figcaption><\/figure>    <h2 class=\"wp-block-heading\" id=\"h-structure-of-the-hammer-wood-crusher\">Aufbau des Hammerholzbrechers<\/h2>    <p>Der Hammerholzbrecher besteht haupts\u00e4chlich aus einem Rahmen, einem Geh\u00e4use, einem Lagertisch, einem festen Messertisch, einem Sieb und einem Siebrahmen. Die gesamte Maschine zeichnet sich durch ein kompaktes Design, einen erweiterten Pulveraustragsbereich, effektive Zerkleinerungsfunktionen und einen einfachen Siebwechsel aus.<\/p>    <figure class=\"wp-block-gallery has-nested-images columns-default is-cropped wp-block-gallery-4 is-layout-flex wp-block-gallery-is-layout-flex\"> <figure class=\"wp-block-image size-large\"><img loading=\"lazy\" decoding=\"async\" width=\"720\" height=\"540\" data-id=\"478\" src=\"https:\/\/hnwoodmachinery.com\/wp-content\/uploads\/2022\/09\/hammer-mill-wood-crusher-.webp\" alt=\"Hammerm\u00fchle Holzbrecher\" class=\"wp-image-478\" title=\"Hammerm\u00fchle Holzbrecher\"\/><figcaption class=\"wp-element-caption\">Hammerm\u00fchle Holzbrecher<\/figcaption><\/figure>    <figure class=\"wp-block-image size-large\"><img loading=\"lazy\" decoding=\"async\" width=\"720\" height=\"540\" data-id=\"479\" src=\"https:\/\/hnwoodmachinery.com\/wp-content\/uploads\/2022\/09\/wood-hammer-mill\u2018s-hammer-.webp\" alt=\"Hammer der Holzschlagm\u00fchle\" class=\"wp-image-479\" title=\"Hammer der Holzschlagm\u00fchle\"\/><figcaption class=\"wp-element-caption\">Hammer der Holzhammerm\u00fchle<\/figcaption><\/figure> <\/figure>   <div class=\"wp-block-image\"> <figure class=\"aligncenter size-full\"><img loading=\"lazy\" decoding=\"async\" width=\"720\" height=\"540\" src=\"https:\/\/hnwoodmachinery.com\/wp-content\/uploads\/2022\/09\/hammer-wood-crusher\u2018s-structure-.webp\" alt=\"Struktur des Hammerholzbrechers\" class=\"wp-image-476\" title=\"Struktur des Hammerholzbrechers\"\/><figcaption class=\"wp-element-caption\">Struktur des Hammerholzbrechers<\/figcaption><\/figure> <\/div>   <h2 class=\"wp-block-heading\" id=\"h-technical-parameters-of-the-hammer-mill-crusher\">Technische Parameter des Hammerm\u00fchlenbrechers<\/h2>    <figure class=\"wp-block-table is-style-stripes\"><table><tbody><tr><td><strong>Modell<\/strong><\/td><td>SL-60<\/td><td>SL-70<\/td><td>SL-80<\/td><td>SL-90<\/td><td>SL-1000<\/td><td>SL-1300<\/td><\/tr><tr><td>Leistung (kW)<\/td><td>22<\/td><td>30<\/td><td>37<\/td><td>55<\/td><td>75<\/td><td>90<\/td><\/tr><tr><td>H\u00e4mmer (St\u00fcck)<\/td><td>30<\/td><td>40<\/td><td>50<\/td><td>50<\/td><td>105<\/td><td>105<\/td><\/tr><tr><td>L\u00fcfter (kW)<\/td><td><\/td><td><\/td><td>7.5<\/td><td>7.5<\/td><td>11<\/td><td>22<\/td><\/tr><tr><td>Staubentferner (Stk.)<\/td><td>5<\/td><td>5<\/td><td>5<\/td><td>5<\/td><td>14<\/td><td>14<\/td><\/tr><tr><td>Zyklondurchmesser (m)<\/td><td>1<\/td><td>1<\/td><td>1<\/td><td>1<\/td><td>1<\/td><td>1<\/td><\/tr><tr><td>Kapazit\u00e4t (t\/h)<\/td><td>0.8-1<\/td><td>1-1.5<\/td><td>1.5-2<\/td><td>2-3<\/td><td>3-4<\/td><td>4-5<\/td><\/tr><\/tbody><\/table><figcaption class=\"wp-element-caption\">Parameter des Hammerm\u00fchlenbrechers<\/figcaption><\/figure>    <h2 class=\"wp-block-heading\" id=\"h-the-difference-between-the-hammer-chip-crusher-and-the-wood-crusher\">Unterschied zwischen Hammerm\u00fchle und Holzbrecher<\/h2>    <ol class=\"wp-block-list\"> <li>Das Aussehen der beiden Maschinen unterscheidet sich geringf\u00fcgig. Der Hammer-Spanbrecher verf\u00fcgt \u00fcber vorstehende Schrauben an der Oberseite des Geh\u00e4uses des Zerkleinerungsteils der Maschine, w\u00e4hrend das gesamte Geh\u00e4use des Holzbrechers glatt ist.<\/li>    <li>Die Bildschirme der Maschinen sind unterschiedlich. Das Sieb der Hammerm\u00fchle ist ein Halbring. Das Sieb des Holzbrechers ist ein Vollkreis.<\/li>    <li>Das Material ist unterschiedlich. Das von der Hammerm\u00fchle verarbeitete Material ist grob verarbeitetes Holz, Kokosnussschalen, Stroh, Pappe usw. Der Holzbrecher verarbeitet im Allgemeinen alle Arten von Holz, Brettern, gebrauchten M\u00f6beln usw.<\/li>    <li>Der innere Aufbau der Maschine ist unterschiedlich. Hammerklingen-Zerkleinerer innen, haupts\u00e4chlich Hammerklinge, Holzzerkleinerer innen, haupts\u00e4chlich Messerplatte, Klinge und Hammerklinge.<\/li> <\/ol>    <p class=\"translation-block\">Um mehr \u00fcber Holzzerkleinerer zu erfahren, klicken Sie bitte auf <strong><em><a href=\"https:\/\/hnwoodmachinery.com\/de\/product\/wood-shredder-machine\/\">Holzzerkleinerungsmaschine zur Herstellung von S\u00e4gesp\u00e4nen<\/a><\/em><\/strong>.<\/p>    <h2 class=\"wp-block-heading\" id=\"h-successful-case\">Erfolgreicher Fall<\/h2>    <p>Unser Kunde hat seinen Sitz in Kolumbien und hat sich an uns gewandt, nachdem er sich unser YouTube-Video angesehen hatte. W\u00e4hrend unserer Gespr\u00e4che stellten wir fest, dass ihre Fabrik auf die Verarbeitung verschiedener Holzarten spezialisiert ist. K\u00fcrzlich ben\u00f6tigten sie einen Schredder zur Verarbeitung verschiedener Altholzmaterialien. <\/p>    <p>Nach der Bewertung der Produktionsanforderungen des Kunden schlug unser Verkaufsleiter das Hammerm\u00fchlenmodell SL-WC700 vor. Der Kunde war mit der Empfehlung zufrieden und entschied sich schlie\u00dflich, eine Bestellung f\u00fcr eine aufzugeben.<\/p>    <figure class=\"wp-block-gallery has-nested-images columns-default is-cropped wp-block-gallery-5 is-layout-flex wp-block-gallery-is-layout-flex\"> <figure class=\"wp-block-image size-large\"><img loading=\"lazy\" decoding=\"async\" width=\"720\" height=\"540\" data-id=\"482\" src=\"https:\/\/hnwoodmachinery.com\/wp-content\/uploads\/2022\/09\/wooden-case-packing-of-the-Wood-hammer-mill-_.webp\" alt=\"Holzkastenverpackung der Holzschlagm\u00fchle \" class=\"wp-image-482\" title=\"Holzkastenverpackung der Holzschlagm\u00fchle \"\/><figcaption class=\"wp-element-caption\">Holzkistenverpackung der Holzhammerm\u00fchle<\/figcaption><\/figure>    <figure class=\"wp-block-image size-large\"><img loading=\"lazy\" decoding=\"async\" width=\"720\" height=\"540\" data-id=\"481\" src=\"https:\/\/hnwoodmachinery.com\/wp-content\/uploads\/2022\/09\/shipping-of-the-hammer-chip-crusher-.webp\" alt=\"Versand des Hammer-Schredderers\" class=\"wp-image-481\" title=\"Versand des Hammer-Schredderers\"\/><figcaption class=\"wp-element-caption\">Versand des Hammer-Spanbrechers<\/figcaption><\/figure> <\/figure>    <p>Wir verstehen, dass die Bed\u00fcrfnisse jedes Kunden einzigartig sind, und bieten individuelle Dienstleistungen an. Haben Sie Fragen? Z\u00f6gern Sie nicht, eine Nachricht im Formular rechts zu hinterlassen, und wir werden umgehend antworten.<\/p>","protected":false},"excerpt":{"rendered":"<p>Der Holzhammerm\u00fchlenbrecher ist daf\u00fcr bekannt, im Industriesektor h\u00f6here Zerkleinerungsverh\u00e4ltnisse bei einer Vielzahl von Materialien zu erzielen und eine maximale Leistung von 5 Tonnen\/h zu erreichen. Es produziert Material, das feiner als 3\/16 Zoll (4 mm) ist. <\/p>","protected":false},"author":1,"featured_media":467,"parent":0,"template":"","tags":[36,37,35,40],"product-type":[7],"class_list":["post-96","product","type-product","status-publish","has-post-thumbnail","hentry","tag-log","tag-sawdust","tag-wood","tag-wood-chips","product-type-wood-crusher"],"_links":{"self":[{"href":"https:\/\/hnwoodmachinery.com\/de\/wp-json\/wp\/v2\/product\/96","targetHints":{"allow":["GET"]}}],"collection":[{"href":"https:\/\/hnwoodmachinery.com\/de\/wp-json\/wp\/v2\/product"}],"about":[{"href":"https:\/\/hnwoodmachinery.com\/de\/wp-json\/wp\/v2\/types\/product"}],"author":[{"embeddable":true,"href":"https:\/\/hnwoodmachinery.com\/de\/wp-json\/wp\/v2\/users\/1"}],"wp:featuredmedia":[{"embeddable":true,"href":"https:\/\/hnwoodmachinery.com\/de\/wp-json\/wp\/v2\/media\/467"}],"wp:attachment":[{"href":"https:\/\/hnwoodmachinery.com\/de\/wp-json\/wp\/v2\/media?parent=96"}],"wp:term":[{"taxonomy":"post_tag","embeddable":true,"href":"https:\/\/hnwoodmachinery.com\/de\/wp-json\/wp\/v2\/tags?post=96"},{"taxonomy":"product-type","embeddable":true,"href":"https:\/\/hnwoodmachinery.com\/de\/wp-json\/wp\/v2\/product-type?post=96"}],"curies":[{"name":"wp","href":"https:\/\/api.w.org\/{rel}","templated":true}]}}