{"id":94,"date":"2022-07-18T08:56:45","date_gmt":"2022-07-18T08:56:45","guid":{"rendered":"https:\/\/hnwoodmachinery.com\/?post_type=product&#038;p=94"},"modified":"2024-09-25T18:28:48","modified_gmt":"2024-09-25T10:28:48","slug":"wood-chips-making-machine","status":"publish","type":"product","link":"https:\/\/hnwoodmachinery.com\/de\/product\/wood-chips-making-machine\/","title":{"rendered":"Maschine zur Herstellung von Holzsp\u00e4nen, Holzhacker, Schredder zu verkaufen"},"content":{"rendered":"<div class=\"kk-star-ratings kksr-auto kksr-align-left kksr-valign-top\"     data-payload='{&quot;align&quot;:&quot;left&quot;,&quot;id&quot;:&quot;94&quot;,&quot;slug&quot;:&quot;default&quot;,&quot;valign&quot;:&quot;top&quot;,&quot;ignore&quot;:&quot;&quot;,&quot;reference&quot;:&quot;auto&quot;,&quot;class&quot;:&quot;&quot;,&quot;count&quot;:&quot;84&quot;,&quot;legendonly&quot;:&quot;&quot;,&quot;readonly&quot;:&quot;&quot;,&quot;score&quot;:&quot;4.8&quot;,&quot;starsonly&quot;:&quot;&quot;,&quot;best&quot;:&quot;5&quot;,&quot;gap&quot;:&quot;5&quot;,&quot;greet&quot;:&quot;Rate this product&quot;,&quot;legend&quot;:&quot;4.8\\\/5 - (84 votes)&quot;,&quot;size&quot;:&quot;24&quot;,&quot;title&quot;:&quot;Wood Chips Making Machine Timber Chipper Shredder For Sale&quot;,&quot;width&quot;:&quot;136.7&quot;,&quot;_legend&quot;:&quot;{score}\\\/{best} - ({count} {votes})&quot;,&quot;font_factor&quot;:&quot;1.25&quot;}'>              <div class=\"kksr-stars\">      <div class=\"kksr-stars-inactive\">             <div class=\"kksr-star\" data-star=\"1\" style=\"padding-right: 5px\">               <div class=\"kksr-icon\" style=\"width: 24px; height: 24px;\"><\/div>         <\/div>             <div class=\"kksr-star\" data-star=\"2\" style=\"padding-right: 5px\">               <div class=\"kksr-icon\" style=\"width: 24px; height: 24px;\"><\/div>         <\/div>             <div class=\"kksr-star\" data-star=\"3\" style=\"padding-right: 5px\">               <div class=\"kksr-icon\" style=\"width: 24px; height: 24px;\"><\/div>         <\/div>             <div class=\"kksr-star\" data-star=\"4\" style=\"padding-right: 5px\">               <div class=\"kksr-icon\" style=\"width: 24px; height: 24px;\"><\/div>         <\/div>             <div class=\"kksr-star\" data-star=\"5\" style=\"padding-right: 5px\">               <div class=\"kksr-icon\" style=\"width: 24px; height: 24px;\"><\/div>         <\/div>     <\/div>      <div class=\"kksr-stars-active\" style=\"width: 136.7px;\">             <div class=\"kksr-star\" style=\"padding-right: 5px\">               <div class=\"kksr-icon\" style=\"width: 24px; height: 24px;\"><\/div>         <\/div>             <div class=\"kksr-star\" style=\"padding-right: 5px\">               <div class=\"kksr-icon\" style=\"width: 24px; height: 24px;\"><\/div>         <\/div>             <div class=\"kksr-star\" style=\"padding-right: 5px\">               <div class=\"kksr-icon\" style=\"width: 24px; height: 24px;\"><\/div>         <\/div>             <div class=\"kksr-star\" style=\"padding-right: 5px\">               <div class=\"kksr-icon\" style=\"width: 24px; height: 24px;\"><\/div>         <\/div>             <div class=\"kksr-star\" style=\"padding-right: 5px\">               <div class=\"kksr-icon\" style=\"width: 24px; height: 24px;\"><\/div>         <\/div>     <\/div> <\/div>                   <div class=\"kksr-legend\" style=\"font-size: 19.2px;\">             4,8\/5 - (84 Stimmen)    <\/div>     <\/div>  <p>Die Scheibenhackschnitzelmaschine erzeugt hochwertige Hackschnitzel, die den spezifischen Anforderungen verschiedener Branchen entsprechen. Es kann in verschiedenen Anwendungen eingesetzt werden, darunter Platten, S\u00e4gewerke, Zellstoff- und Papierproduktion und der Bioenergiesektor. <\/p>    <p>F\u00fcr jeden Bedarf bieten wir eine vielf\u00e4ltige Auswahl an Scheibendurchmessern an. Dar\u00fcber hinaus kann die Anzahl der Messer auf den Scheiben entsprechend den Anforderungen der jeweiligen Anwendung angepasst werden. Unsere Maschinen k\u00f6nnen bis zu 650 m\u00b3 Hackschnitzel pro Stunde verarbeiten, wobei die Hackschnitzell\u00e4ngen von 20 bis 50 mm einstellbar sind.<\/p>    <figure class=\"wp-block-embed aligncenter is-type-video is-provider-youtube wp-block-embed-youtube wp-embed-aspect-16-9 wp-has-aspect-ratio\"><div class=\"wp-block-embed__wrapper\"> <iframe loading=\"lazy\" title=\"Leistungsstarker industrieller Holzhacker-Schredder in Aktion: Verwandelt Baumst\u00e4mme in Hackschnitzel!#Holz\" width=\"500\" height=\"281\" src=\"https:\/\/www.youtube.com\/embed\/STHJCMPGEbI?feature=oembed\" frameborder=\"0\" allow=\"accelerometer; autoplay; clipboard-write; encrypted-media; gyroscope; picture-in-picture; web-share\" referrerpolicy=\"strict-origin-when-cross-origin\" allowfullscreen><\/iframe> <\/div><figcaption class=\"wp-element-caption\">Industriestandort f\u00fcr die Herstellung von Hackschnitzeln<\/figcaption><\/figure>    <p>Die Maschine verf\u00fcgt \u00fcber eine vern\u00fcnftige und zuverl\u00e4ssige Struktur, eine einfache Bedienung, eine gute Qualit\u00e4t des fertigen Materials und eine hohe Leistung, was sie zu hochwertigen Hackmaschinen und -ger\u00e4ten macht. Seit seinem Export wurde unser Scheibenhacker in gro\u00dfem Umfang in die USA, auf die Philippinen, nach Uganda, Malaysia, Singapur, Sambia und in andere L\u00e4nder verkauft.<\/p>    <h2 class=\"wp-block-heading\" id=\"h-shuliy-machinery-s-wood-chips-making-machine\">Anpassbare Maschine zur Herstellung von Hackschnitzeln<\/h2>    <p>Unsere Hackschnitzelmaschine ist vielseitig und in verschiedenen Modellen erh\u00e4ltlich, um den unterschiedlichen Produktionsanforderungen unserer Kunden gerecht zu werden. Der Hacker kann entweder mit einem Elektromotor oder einem Dieselmotor angetrieben werden. <\/p>    <p>Wir bieten auch individuelle Optionen an, wie z. B. die Anpassung der H\u00f6he und Form des Auslasses, das Hinzuf\u00fcgen von Gestellen und R\u00e4dern sowie die Integration von F\u00f6rderb\u00e4ndern. Diese Flexibilit\u00e4t erm\u00f6glicht es uns, die individuellen Bed\u00fcrfnisse jedes Kunden zu erf\u00fcllen.<\/p>    <figure class=\"wp-block-gallery has-nested-images columns-default is-cropped wp-block-gallery-2 is-layout-flex wp-block-gallery-is-layout-flex\"> <figure class=\"wp-block-image size-large\"><img loading=\"lazy\" decoding=\"async\" width=\"720\" height=\"540\" data-id=\"459\" src=\"https:\/\/hnwoodmachinery.com\/wp-content\/uploads\/2022\/09\/wood-chipper-0.webp\" alt=\"Holzhacker\" class=\"wp-image-459\" title=\"Holzhacker\"\/><figcaption class=\"wp-element-caption\">Holzhacker<\/figcaption><\/figure>    <figure class=\"wp-block-image size-large\"><img loading=\"lazy\" decoding=\"async\" width=\"720\" height=\"540\" data-id=\"458\" src=\"https:\/\/hnwoodmachinery.com\/wp-content\/uploads\/2022\/09\/wood-chipping-machine-0.webp\" alt=\"Holzhackmaschine\" class=\"wp-image-458\" title=\"Holzhackmaschine\"\/><figcaption class=\"wp-element-caption\">Holzhackmaschine<\/figcaption><\/figure> <\/figure>    <p>Eine mobile Hackschnitzelmaschine zeichnet sich durch ein kompaktes und effizientes Design aus, das eine einfache Bedienung erm\u00f6glicht. Es bietet eine gro\u00dfe Produktionskapazit\u00e4t, produziert hochwertige Hackschnitzel und verbraucht wenig Energie, was es zur perfekten Wahl f\u00fcr alle macht, die erstklassige Hackschnitzel produzieren m\u00f6chten.<\/p>    <figure class=\"wp-block-gallery has-nested-images columns-default is-cropped wp-block-gallery-3 is-layout-flex wp-block-gallery-is-layout-flex\"> <figure class=\"wp-block-image size-large\"><img loading=\"lazy\" decoding=\"async\" width=\"720\" height=\"540\" data-id=\"1118\" src=\"https:\/\/hnwoodmachinery.com\/wp-content\/uploads\/2022\/07\/mobile-type-diesel-wood-chipper.webp\" alt=\"Mobiler Diesel-Holzhacker\" class=\"wp-image-1118\" title=\"\" srcset=\"https:\/\/hnwoodmachinery.com\/wp-content\/uploads\/2022\/07\/mobile-type-diesel-wood-chipper.webp 720w, https:\/\/hnwoodmachinery.com\/wp-content\/uploads\/2022\/07\/mobile-type-diesel-wood-chipper-300x225.webp 300w, https:\/\/hnwoodmachinery.com\/wp-content\/uploads\/2022\/07\/mobile-type-diesel-wood-chipper-16x12.webp 16w\" sizes=\"auto, (max-width: 720px) 100vw, 720px\" \/><figcaption class=\"wp-element-caption\">Mobiler Diesel-Holzh\u00e4cksler<\/figcaption><\/figure>    <figure class=\"wp-block-image size-large\"><img loading=\"lazy\" decoding=\"async\" width=\"720\" height=\"540\" data-id=\"1117\" src=\"https:\/\/hnwoodmachinery.com\/wp-content\/uploads\/2022\/07\/disc-wood-chipper-with-wheels.webp\" alt=\"kleiner Holzhacker mit R\u00e4dern\" class=\"wp-image-1117\" title=\"\" srcset=\"https:\/\/hnwoodmachinery.com\/wp-content\/uploads\/2022\/07\/disc-wood-chipper-with-wheels.webp 720w, https:\/\/hnwoodmachinery.com\/wp-content\/uploads\/2022\/07\/disc-wood-chipper-with-wheels-300x225.webp 300w, https:\/\/hnwoodmachinery.com\/wp-content\/uploads\/2022\/07\/disc-wood-chipper-with-wheels-16x12.webp 16w\" sizes=\"auto, (max-width: 720px) 100vw, 720px\" \/><figcaption class=\"wp-element-caption\">Kleiner Holzhacker mit R\u00e4dern<\/figcaption><\/figure> <\/figure>    <h2 class=\"wp-block-heading\" id=\"h-structure-of-wood-chipper\">Aufbau des Scheibenholzhackers<\/h2>    <p>Die Hackschnitzelmaschine besteht aus mehreren Schl\u00fcsselkomponenten, darunter Schneidwerk, Messer, Lagerbasis, Lagergeh\u00e4use, Lager, Riemen, Riemenscheibe, Motor oder Dieselmotor, gro\u00dfe Welle und Geh\u00e4use. <\/p>    <p>Der Scheibenhacker erm\u00f6glicht die Anpassung des Hackmessers und erm\u00f6glicht so die Produktion von Hackschnitzeln in verschiedenen Spezifikationen und Dicken. Dar\u00fcber hinaus kann die L\u00e4nge der Hackschnitzel innerhalb eines vorgegebenen Bereichs ver\u00e4ndert werden.<\/p>    <figure class=\"wp-block-gallery has-nested-images columns-default is-cropped wp-block-gallery-4 is-layout-flex wp-block-gallery-is-layout-flex\"> <figure class=\"wp-block-image size-large\"><img loading=\"lazy\" decoding=\"async\" width=\"720\" height=\"540\" data-id=\"462\" src=\"https:\/\/hnwoodmachinery.com\/wp-content\/uploads\/2022\/09\/blade-0.webp\" alt=\"Klinge\" class=\"wp-image-462\" title=\"Klinge\"\/><figcaption class=\"wp-element-caption\">Klinge<\/figcaption><\/figure>    <figure class=\"wp-block-image size-large\"><img loading=\"lazy\" decoding=\"async\" width=\"720\" height=\"540\" data-id=\"461\" src=\"https:\/\/hnwoodmachinery.com\/wp-content\/uploads\/2022\/09\/cut-head-0.webp\" alt=\"Zerkleinerungsmesser\" class=\"wp-image-461\" title=\"Kopf schneiden \"\/><figcaption class=\"wp-element-caption\">Zerkleinernde Klingen<\/figcaption><\/figure> <\/figure>    <h2 class=\"wp-block-heading\" id=\"h-the-working-principle-of-the-wood-chipper-shredder\">Funktionsprinzip des Holzh\u00e4ckslers<\/h2>    <p>Die Hackschnitzelmaschine arbeitet nach dem Schneidprinzip einer Klinge. Wenn der Motor oder Dieselmotor gestartet wird, treibt er \u00fcber einen Riemenantrieb die auf der Spindel montierte Messerscheibe an, wodurch die an der Scheibe befestigten Messer kontinuierlich rotieren. <\/p>    <p>Das Holz wird in die Einf\u00fcll\u00f6ffnung eingespeist, wo es von der rotierenden Schneidscheibe und den Messern in Holzsp\u00e4ne geschnitten wird, die dann durch die Auslass\u00f6ffnung austreten.<\/p>    <figure class=\"wp-block-embed aligncenter is-type-video is-provider-youtube wp-block-embed-youtube wp-embed-aspect-16-9 wp-has-aspect-ratio\"><div class=\"wp-block-embed__wrapper\"> <iframe loading=\"lazy\" title=\"Effizienter kleiner Holzh\u00e4cksler: Sehen Sie sich unseren Kompaktscheiben-H\u00e4cksler in Aktion an! #Holzh\u00e4cksler\" width=\"500\" height=\"281\" src=\"https:\/\/www.youtube.com\/embed\/cKdPj8JPIjY?feature=oembed\" frameborder=\"0\" allow=\"accelerometer; autoplay; clipboard-write; encrypted-media; gyroscope; picture-in-picture; web-share\" referrerpolicy=\"strict-origin-when-cross-origin\" allowfullscreen><\/iframe> <\/div><figcaption class=\"wp-element-caption\">Arbeitsvideo einer tragbaren Hackschnitzelmaschine<\/figcaption><\/figure>    <h2 class=\"wp-block-heading\" id=\"h-application-range-of-wood-chipper-machine\">Anwendungsbereich der Holzhackmaschine<\/h2>    <p class=\"translation-block\"><strong>Anwendbare Materialien<\/strong><\/p>    <p>Kleine und gro\u00dfe Rohstoffe wie Baumst\u00e4mme, Brettfurnier, Furnier, Bambus, Astholz, Maisst\u00e4ngel, Baumwollst\u00e4ngel und Schilf k\u00f6nnen zerkleinert werden.<\/p>    <p class=\"translation-block\"><strong>Anwendung fertiger Produkte<\/strong><\/p>    <p class=\"translation-block\">Die verarbeiteten Holzsp\u00e4ne k\u00f6nnen f\u00fcr <a href=\"https:\/\/en.wikipedia.org\/wiki\/Papermaking\" target=\"_blank\" rel=\"noopener\">Papierherstellung<\/a>, Plattenherstellung und als Biomassebrennstoff zur Stromerzeugung verwendet werden.<\/p>   <div class=\"wp-block-image\"> <figure class=\"aligncenter size-full\"><img loading=\"lazy\" decoding=\"async\" width=\"720\" height=\"540\" src=\"https:\/\/hnwoodmachinery.com\/wp-content\/uploads\/2022\/09\/using-scope-0.webp\" alt=\"Verwendung des Umfangs der Hackschnitzelmaschine\" class=\"wp-image-464\" title=\"Verwendung des Umfangs der Hackschnitzelmaschine\"\/><figcaption class=\"wp-element-caption\">Verwendung des Umfangs der Hackschnitzelmaschine<\/figcaption><\/figure> <\/div>   <h2 class=\"wp-block-heading\">Vorteile eines industriellen Holzhackers<\/h2>    <ul class=\"wp-block-list\"> <li>Das robuste Design der Maschine erm\u00f6glicht eine einfache Wartung, und ihre abgenutzten Teile k\u00f6nnen ersetzt werden, um eine lange Lebensdauer und optimale Verf\u00fcgbarkeit zu gew\u00e4hrleisten. <\/li>    <li>Die Werkzeugl\u00e4ngen k\u00f6nnen vor der Installation mit Schrauben angepasst werden, um genaue Werkzeugl\u00e4ngen zu gew\u00e4hrleisten und einen schnellen und einfachen Werkzeugwechsel zu erm\u00f6glichen. <\/li>    <li>Der Einf\u00fcllschacht ist entweder am Slicergeh\u00e4use angeschwei\u00dft oder angeschraubt und verf\u00fcgt \u00fcber austauschbare Verschlei\u00dfplatten. <\/li>    <li>Im Lieferumfang sind Messer enthalten, die leicht verstellbar und austauschbar sind.<\/li> <\/ul>    <h2 class=\"wp-block-heading\" id=\"h-parameters-of-the-wood-chipper-shredder\">Technische Parameter des Holzh\u00e4ckslers<\/h2>    <figure class=\"wp-block-table is-style-stripes\"><table><tbody><tr><td>Modell<\/td><td>Ertrag(T)<\/td><td>Unterst\u00fctzungsleistung (KW)<\/td><td>Einzelgewicht (kg)<\/td><td>Spindelgeschwindigkeit (U\/min)<\/td><td>Klingennummer<\/td><td>Gr\u00f6\u00dfe des Zufuhreinlasses (mm)<\/td><\/tr><tr><td>SL-400<\/td><td>1<\/td><td>7.5<\/td><td>160<\/td><td>650<\/td><td>3<\/td><td>150\u00d7150<\/td><\/tr><tr><td>SL-600<\/td><td>2<\/td><td>15<\/td><td>380<\/td><td>600<\/td><td>3<\/td><td>180\u00d7150<\/td><\/tr><tr><td>SL-800<\/td><td>5<\/td><td>30<\/td><td>520<\/td><td>550<\/td><td>4<\/td><td>200\u00d7200<\/td><\/tr><tr><td>SL-1000<\/td><td>8<\/td><td>37<\/td><td>950<\/td><td>550<\/td><td>4-6<\/td><td>230\u00d7250<\/td><\/tr><tr><td>SL-1200<\/td><td>12<\/td><td>75<\/td><td>2000<\/td><td>500<\/td><td>4-6<\/td><td>330\u00d7300<\/td><\/tr><tr><td>SL-1400<\/td><td>15-16<\/td><td>110<\/td><td>2800<\/td><td>500<\/td><td>4-6<\/td><td>400\u00d7400<\/td><\/tr><tr><td>SL-1600<\/td><td>20<\/td><td>132<\/td><td>4600<\/td><td>500<\/td><td>4-6<\/td><td>480\u00d7450<\/td><\/tr><tr><td>SL-1800<\/td><td>25<\/td><td>160<\/td><td>6500<\/td><td>500<\/td><td>4-6<\/td><td>550\u00d7550<\/td><\/tr><\/tbody><\/table><figcaption class=\"wp-element-caption\">Technische Daten der Holzhackmaschine<\/figcaption><\/figure>    <h2 class=\"wp-block-heading\" id=\"h-maintenance-of-commercial-wood-chipping-machine\">Wartung einer gewerblichen Holzhackmaschine<\/h2>    <ul class=\"wp-block-list\"> <li>Bevor der H\u00e4cksler in Betrieb genommen wird, muss er unbedingt mit Schmier\u00f6l gef\u00fcllt werden, um einen reibungslosen Betrieb der Maschine zu gew\u00e4hrleisten.<\/li>    <li>Dar\u00fcber hinaus ist es wichtig, vor dem Starten der Maschine die Teile auf Verschlei\u00df zu pr\u00fcfen und sicherzustellen, dass alle Komponenten ordnungsgem\u00e4\u00df festgezogen sind.<\/li>    <li>Die Hackschnitzelmaschine sollte gleichm\u00e4\u00dfig beschickt werden, um sowohl die Qualit\u00e4t des Zerkleinerungsprozesses als auch die Leistung aufrechtzuerhalten. Um die ordnungsgem\u00e4\u00dfe Funktion der Maschine zu gew\u00e4hrleisten, ist eine \u00dcberlastung der Maschine strengstens untersagt.<\/li>    <li>Vermeiden Sie beim Einsatz des H\u00e4ckslers eine \u00c4nderung der Leistungs- und Geschwindigkeitseinstellungen und achten Sie auf einen gleichm\u00e4\u00dfigen Winkel des Schleifmessers.<\/li> <\/ul>   <div class=\"wp-block-image\"> <figure class=\"aligncenter size-full\"><img loading=\"lazy\" decoding=\"async\" width=\"720\" height=\"540\" src=\"https:\/\/hnwoodmachinery.com\/wp-content\/uploads\/2022\/09\/commercial-wood-chipps-making-machine-0.webp\" alt=\"kommerzielle Hackschnitzelmaschine\" class=\"wp-image-466\" title=\"Maschine zur Herstellung von Holzsp\u00e4nen\"\/><figcaption class=\"wp-element-caption\">kommerzielle Hackschnitzelmaschine<\/figcaption><\/figure> <\/div>   <p class=\"translation-block\">Neben dieser Maschine verarbeitet unser Werk auch Holzschredder mit gro\u00dfem Fassungsverm\u00f6gen. F\u00fcr weitere Informationen klicken Sie bitte auf <a href=\"https:\/\/hnwoodmachinery.com\/de\/product\/drum-wood-chipper\/\"><strong><em>Drum Wood Chipper Commercial Timber Chips Making Machine<\/em><\/strong><\/a>. Wenn Sie interessiert sind, k\u00f6nnen Sie uns gerne f\u00fcr weitere Informationen und Maschinenangebote kontaktieren. Wir freuen uns auf die Zusammenarbeit mit Ihnen.<\/p>","protected":false},"excerpt":{"rendered":"<p>Die Scheibenhackschnitzelmaschine erzeugt Hackschnitzel, die f\u00fcr verschiedene Branchen geeignet sind. Es kann in verschiedenen Anwendungen eingesetzt werden, einschlie\u00dflich Platten, S\u00e4gewerken, Zellstoff- und Papierproduktion. <\/p>","protected":false},"author":1,"featured_media":456,"parent":0,"template":"","tags":[36,35,40],"product-type":[9],"class_list":["post-94","product","type-product","status-publish","has-post-thumbnail","hentry","tag-log","tag-wood","tag-wood-chips","product-type-wood-chipper"],"_links":{"self":[{"href":"https:\/\/hnwoodmachinery.com\/de\/wp-json\/wp\/v2\/product\/94","targetHints":{"allow":["GET"]}}],"collection":[{"href":"https:\/\/hnwoodmachinery.com\/de\/wp-json\/wp\/v2\/product"}],"about":[{"href":"https:\/\/hnwoodmachinery.com\/de\/wp-json\/wp\/v2\/types\/product"}],"author":[{"embeddable":true,"href":"https:\/\/hnwoodmachinery.com\/de\/wp-json\/wp\/v2\/users\/1"}],"wp:featuredmedia":[{"embeddable":true,"href":"https:\/\/hnwoodmachinery.com\/de\/wp-json\/wp\/v2\/media\/456"}],"wp:attachment":[{"href":"https:\/\/hnwoodmachinery.com\/de\/wp-json\/wp\/v2\/media?parent=94"}],"wp:term":[{"taxonomy":"post_tag","embeddable":true,"href":"https:\/\/hnwoodmachinery.com\/de\/wp-json\/wp\/v2\/tags?post=94"},{"taxonomy":"product-type","embeddable":true,"href":"https:\/\/hnwoodmachinery.com\/de\/wp-json\/wp\/v2\/product-type?post=94"}],"curies":[{"name":"wp","href":"https:\/\/api.w.org\/{rel}","templated":true}]}}