{"id":832,"date":"2023-03-21T14:48:03","date_gmt":"2023-03-21T06:48:03","guid":{"rendered":"https:\/\/hnwoodmachinery.com\/?post_type=product&#038;p=832"},"modified":"2023-03-21T14:53:14","modified_gmt":"2023-03-21T06:53:14","slug":"wood-pellet-production-line","status":"publish","type":"product","link":"https:\/\/hnwoodmachinery.com\/de\/product\/wood-pellet-production-line\/","title":{"rendered":"Produktionslinie f\u00fcr Holzpellets f\u00fcr Biomassebrennstoff"},"content":{"rendered":"<div class=\"kk-star-ratings kksr-auto kksr-align-left kksr-valign-top\"     data-payload='{&quot;align&quot;:&quot;left&quot;,&quot;id&quot;:&quot;832&quot;,&quot;slug&quot;:&quot;default&quot;,&quot;valign&quot;:&quot;top&quot;,&quot;ignore&quot;:&quot;&quot;,&quot;reference&quot;:&quot;auto&quot;,&quot;class&quot;:&quot;&quot;,&quot;count&quot;:&quot;24&quot;,&quot;legendonly&quot;:&quot;&quot;,&quot;readonly&quot;:&quot;&quot;,&quot;score&quot;:&quot;4.8&quot;,&quot;starsonly&quot;:&quot;&quot;,&quot;best&quot;:&quot;5&quot;,&quot;gap&quot;:&quot;5&quot;,&quot;greet&quot;:&quot;Rate this product&quot;,&quot;legend&quot;:&quot;4.8\\\/5 - (24 votes)&quot;,&quot;size&quot;:&quot;24&quot;,&quot;title&quot;:&quot;Wood pellet production line for biomass fuel&quot;,&quot;width&quot;:&quot;136.7&quot;,&quot;_legend&quot;:&quot;{score}\\\/{best} - ({count} {votes})&quot;,&quot;font_factor&quot;:&quot;1.25&quot;}'>              <div class=\"kksr-stars\">      <div class=\"kksr-stars-inactive\">             <div class=\"kksr-star\" data-star=\"1\" style=\"padding-right: 5px\">               <div class=\"kksr-icon\" style=\"width: 24px; height: 24px;\"><\/div>         <\/div>             <div class=\"kksr-star\" data-star=\"2\" style=\"padding-right: 5px\">               <div class=\"kksr-icon\" style=\"width: 24px; height: 24px;\"><\/div>         <\/div>             <div class=\"kksr-star\" data-star=\"3\" style=\"padding-right: 5px\">               <div class=\"kksr-icon\" style=\"width: 24px; height: 24px;\"><\/div>         <\/div>             <div class=\"kksr-star\" data-star=\"4\" style=\"padding-right: 5px\">               <div class=\"kksr-icon\" style=\"width: 24px; height: 24px;\"><\/div>         <\/div>             <div class=\"kksr-star\" data-star=\"5\" style=\"padding-right: 5px\">               <div class=\"kksr-icon\" style=\"width: 24px; height: 24px;\"><\/div>         <\/div>     <\/div>      <div class=\"kksr-stars-active\" style=\"width: 136.7px;\">             <div class=\"kksr-star\" style=\"padding-right: 5px\">               <div class=\"kksr-icon\" style=\"width: 24px; height: 24px;\"><\/div>         <\/div>             <div class=\"kksr-star\" style=\"padding-right: 5px\">               <div class=\"kksr-icon\" style=\"width: 24px; height: 24px;\"><\/div>         <\/div>             <div class=\"kksr-star\" style=\"padding-right: 5px\">               <div class=\"kksr-icon\" style=\"width: 24px; height: 24px;\"><\/div>         <\/div>             <div class=\"kksr-star\" style=\"padding-right: 5px\">               <div class=\"kksr-icon\" style=\"width: 24px; height: 24px;\"><\/div>         <\/div>             <div class=\"kksr-star\" style=\"padding-right: 5px\">               <div class=\"kksr-icon\" style=\"width: 24px; height: 24px;\"><\/div>         <\/div>     <\/div> <\/div>                   <div class=\"kksr-legend\" style=\"font-size: 19.2px;\">             4,8\/5 - (24 Stimmen)    <\/div>     <\/div>  <p>Holzpellet-Produktionslinie, Biomasse-Brennstoff<\/p>    <p>Die Produktionslinie der Holzschnitzelpelletm\u00fchle ist auf die Produktion von Holzschnitzelpellets als Biomassebrennstoff ausgerichtet. Als neuer umweltfreundlicher Brennstoff werden Holzpellets zunehmend nachgefragt. Dar\u00fcber hinaus zeichnen sich Holzpellets durch einen niedrigen Z\u00fcndpunkt, eine hohe Energiedichte und eine lange Brenndauer aus. Daher investieren immer mehr Menschen in die Holzpelletproduktionsindustrie.<\/p>    <p>Als professioneller Hersteller von Holzmaschinen kann Shuli Sie professionell zu Produktionslinien beraten. F\u00fcr weitere Informationen kommen Sie gerne auf uns zu!<\/p>    <h2 class=\"wp-block-heading\">Was ist eine Produktionslinie f\u00fcr Holzpellets?<\/h2>    <p>Obwohl die spezifische Ausr\u00fcstung jeder Produktionslinie f\u00fcr Holzpellets unterschiedlich ist, sind die folgenden Maschinen die Ausr\u00fcstung, die in die Produktionslinie einbezogen werden muss.<\/p>    <ol class=\"wp-block-list\"> <li>Hammerm\u00fchle oder Brecher. Im Allgemeinen erf\u00fcllt der Rohstoff nicht die Gr\u00f6\u00dfenanforderungen f\u00fcr die Herstellung von Holzpellets. Daher ben\u00f6tigen wir eine Hammerm\u00fchle, um das Rohmaterial auf die gew\u00fcnschte Gr\u00f6\u00dfe zu verarbeiten.<\/li>    <li>F\u00fcr die Linie sind au\u00dferdem Trockner erforderlich. Der Trockner kann die Hackschnitzel auf den richtigen Trockengrad aufbereiten.<\/li>    <li>Der Hackschnitzelpelletizer ist die Kernkomponente der Produktionslinie f\u00fcr Hackschnitzelpellets. Es verarbeitet das Material zu Pellets. Ein Pelletk\u00fchler und eine Verpackungsmaschine k\u00f6nnen nach Kundenwunsch nachtr\u00e4glich erg\u00e4nzt werden.<\/li>    <li>Um das Material an die verschiedenen Maschinen anschlie\u00dfen und transportieren zu k\u00f6nnen. Die Produktionslinie wird \u00fcber ein F\u00f6rderband verf\u00fcgen, wodurch viel Personal eingespart wird.<\/li> <\/ol>    <h2 class=\"wp-block-heading\">Welche Rohstoffe werden in der Holzpelletlinie verarbeitet?<\/h2>    <p>Die Produktionslinie f\u00fcr Hackschnitzelpellets kann ein breites Spektrum an Rohstoffen wie Holz, Erdnussschalen, Bagasse, Stroh, S\u00e4gemehl, Kaffeeschalen, Stroh, Sonnenblumenstiele, Baumwollstiele, Tabakabf\u00e4lle, Bambusfasern, Palmschalen, Sojabohnenschalen, verarbeiten. Kokosnussschalen usw.<\/p>    <h2 class=\"wp-block-heading\">Einsatz von Hackschnitzelpellets<\/h2>    <p>Als Brennstoff werden in der Regel Holzpellets verwendet. Es kann in der industriellen und landwirtschaftlichen Produktion, bei der Stromerzeugung, beim Heizen, in Kesseln, beim Kochen usw. eingesetzt werden. Die Energie ist umweltfreundlich und sauber, und die niedrigen Kosten sind die ideale Brennstoffenergie.<\/p>    <h2 class=\"wp-block-heading\">Arten von Produktionslinien f\u00fcr Hackschnitzelpelletm\u00fchlen von Shuri<\/h2>    <p>Wir produzieren Maschinen mit unterschiedlichen Kapazit\u00e4ten sowie verschiedene Hilfsmaschinen. Da jeder Kunde eine andere Leistung und einen anderen Bedarf ben\u00f6tigt, bieten wir f\u00fcr jeden Fall die richtige Holzpelletlinie an.<\/p>    <p>Die meisten Pelletproduktionslinien umfassen Maschinen wie Hammerm\u00fchlen oder Brecher, F\u00f6rderb\u00e4nder, Trockner, Pelletk\u00fchler, Verpackungsmaschinen usw.<\/p>    <h2 class=\"wp-block-heading\">Arbeitsschritte einer Pelletproduktionslinie.<\/h2>    <ol class=\"wp-block-list\"> <li>Der Holzh\u00e4cksler oder Hammerhackschnitzelzerkleinerer verarbeitet zun\u00e4chst das Rohmaterial auf eine geeignete Gr\u00f6\u00dfe. Au\u00dferdem werden die Verunreinigungen aus dem Rohmaterial entfernt.<\/li>    <li>Anschlie\u00dfend verarbeitet der Trommel- oder Rotationstrockner das Rohmaterial. Dadurch wird sichergestellt, dass das Rohmaterial den richtigen Feuchtigkeitsgehalt aufweist.<\/li>    <li>Anschlie\u00dfend wird das Rohmaterial durch die Matrizenl\u00f6cher des Granulators geformt.<\/li>    <li>Wenn Sie die Holzpellets verpacken m\u00fcssen, m\u00fcssen Sie einen K\u00fchler verwenden, um die Temperatur zu senken.<\/li> <\/ol>    <p>Zum Verpacken der Pellets kommt schlie\u00dflich eine einfache Verpackungsmaschine zum Einsatz, die die Lagerung und den Transport der Pellets erleichtert.<\/p>    <h2 class=\"wp-block-heading\">Was sollte ich bei der Auswahl eines guten Lieferanten f\u00fcr Holzpellet-Produktionslinien beachten?<\/h2>    <ol class=\"wp-block-list\"> <li>Die Qualit\u00e4t der Maschine. Die Qualit\u00e4t der Maschine ist etwas, das der Kunde ber\u00fccksichtigen muss, er h\u00e4ngt mit der Produktion und den Wartungskosten des Kunden zusammen. Wir als Hersteller von professionellen Holzmaschinen und Herstellungsmaschinen mit hochwertigen Materialien herstellen.<\/li>    <li>Feedback von Kunden. Gute Ausr\u00fcstung spiegelt sich in der Bewertung des Kunden wider. Unsere Produktionslinie f\u00fcr Holzpelletm\u00fchlen wird in viele L\u00e4nder verkauft und hat viel Liebe von unseren Kunden erhalten.<\/li>    <li>Positive Resonanz. Der rechtzeitige Erhalt von R\u00fcckmeldungen des Herstellers kann Kunden dabei helfen, die bei der Verwendung der Maschine aufgetretenen Probleme rechtzeitig zu l\u00f6sen. Die Verwendung der Maschine wird komfortabler.<\/li>    <li>Gr\u00fcndlicher Service. Neben einem guten Kaufservice m\u00fcssen Kunden auch den Kundendienst des Werks ber\u00fccksichtigen. Unsere Fabrik bietet Kunden ein Jahr lang Kundendienst und lebenslange Online-Dienste. Wir k\u00f6nnen auch Ingenieure beauftragen, die Kunden bei der Installation und Inbetriebnahme der Ger\u00e4te unterst\u00fctzen.<\/li> <\/ol>    <h2 class=\"wp-block-heading\">Was kostet eine Produktionslinie f\u00fcr Futterpellets?<\/h2>    <p>Der Preis einer Holzpelletproduktionslinie h\u00e4ngt von der Gr\u00f6\u00dfe der Maschine, der Anzahl der Hilfsmaschinen, den enthaltenen Komponenten und anderen Faktoren ab. Als Anlage empfehlen wir die richtige Holzpelletproduktionslinie f\u00fcr die verschiedenen Budgets und Bed\u00fcrfnisse unserer Kunden. Die kosteng\u00fcnstigste Kombination von Linien wird im Budget des Kunden empfohlen.<\/p>","protected":false},"excerpt":{"rendered":"<p>wood pellet production line biomass fuel The wood chip pellet mill production line is dedicated to the production of biomass fuel wood chip pellets. As a new type of environmentally friendly fuel, there is an increasing demand for wood pellets. In addition, wood pellets have a low ignition point, a high energy density, and a [&hellip;]<\/p>\n","protected":false},"author":1,"featured_media":833,"parent":0,"template":"","tags":[],"product-type":[32],"class_list":["post-832","product","type-product","status-publish","has-post-thumbnail","hentry","product-type-production-line"],"_links":{"self":[{"href":"https:\/\/hnwoodmachinery.com\/de\/wp-json\/wp\/v2\/product\/832","targetHints":{"allow":["GET"]}}],"collection":[{"href":"https:\/\/hnwoodmachinery.com\/de\/wp-json\/wp\/v2\/product"}],"about":[{"href":"https:\/\/hnwoodmachinery.com\/de\/wp-json\/wp\/v2\/types\/product"}],"author":[{"embeddable":true,"href":"https:\/\/hnwoodmachinery.com\/de\/wp-json\/wp\/v2\/users\/1"}],"wp:featuredmedia":[{"embeddable":true,"href":"https:\/\/hnwoodmachinery.com\/de\/wp-json\/wp\/v2\/media\/833"}],"wp:attachment":[{"href":"https:\/\/hnwoodmachinery.com\/de\/wp-json\/wp\/v2\/media?parent=832"}],"wp:term":[{"taxonomy":"post_tag","embeddable":true,"href":"https:\/\/hnwoodmachinery.com\/de\/wp-json\/wp\/v2\/tags?post=832"},{"taxonomy":"product-type","embeddable":true,"href":"https:\/\/hnwoodmachinery.com\/de\/wp-json\/wp\/v2\/product-type?post=832"}],"curies":[{"name":"wp","href":"https:\/\/api.w.org\/{rel}","templated":true}]}}