{"id":745,"date":"2022-11-18T18:15:24","date_gmt":"2022-11-18T10:15:24","guid":{"rendered":"https:\/\/hnwoodmachinery.com\/?post_type=product&#038;p=745"},"modified":"2024-10-16T18:04:01","modified_gmt":"2024-10-16T10:04:01","slug":"wood-pellet-making-machine","status":"publish","type":"product","link":"https:\/\/hnwoodmachinery.com\/de\/product\/wood-pellet-making-machine\/","title":{"rendered":"Maschine zur Herstellung von Holzpellets, Ringmatrizen-Pelletm\u00fchle zu verkaufen"},"content":{"rendered":"<div class=\"kk-star-ratings kksr-auto kksr-align-left kksr-valign-top\"     data-payload='{&quot;align&quot;:&quot;left&quot;,&quot;id&quot;:&quot;745&quot;,&quot;slug&quot;:&quot;default&quot;,&quot;valign&quot;:&quot;top&quot;,&quot;ignore&quot;:&quot;&quot;,&quot;reference&quot;:&quot;auto&quot;,&quot;class&quot;:&quot;&quot;,&quot;count&quot;:&quot;88&quot;,&quot;legendonly&quot;:&quot;&quot;,&quot;readonly&quot;:&quot;&quot;,&quot;score&quot;:&quot;4.8&quot;,&quot;starsonly&quot;:&quot;&quot;,&quot;best&quot;:&quot;5&quot;,&quot;gap&quot;:&quot;5&quot;,&quot;greet&quot;:&quot;Rate this product&quot;,&quot;legend&quot;:&quot;4.8\\\/5 - (88 votes)&quot;,&quot;size&quot;:&quot;24&quot;,&quot;title&quot;:&quot;Wood Pellet Making Machine Ring Die Pellet Mill For Sale&quot;,&quot;width&quot;:&quot;136.7&quot;,&quot;_legend&quot;:&quot;{score}\\\/{best} - ({count} {votes})&quot;,&quot;font_factor&quot;:&quot;1.25&quot;}'>              <div class=\"kksr-stars\">      <div class=\"kksr-stars-inactive\">             <div class=\"kksr-star\" data-star=\"1\" style=\"padding-right: 5px\">               <div class=\"kksr-icon\" style=\"width: 24px; height: 24px;\"><\/div>         <\/div>             <div class=\"kksr-star\" data-star=\"2\" style=\"padding-right: 5px\">               <div class=\"kksr-icon\" style=\"width: 24px; height: 24px;\"><\/div>         <\/div>             <div class=\"kksr-star\" data-star=\"3\" style=\"padding-right: 5px\">               <div class=\"kksr-icon\" style=\"width: 24px; height: 24px;\"><\/div>         <\/div>             <div class=\"kksr-star\" data-star=\"4\" style=\"padding-right: 5px\">               <div class=\"kksr-icon\" style=\"width: 24px; height: 24px;\"><\/div>         <\/div>             <div class=\"kksr-star\" data-star=\"5\" style=\"padding-right: 5px\">               <div class=\"kksr-icon\" style=\"width: 24px; height: 24px;\"><\/div>         <\/div>     <\/div>      <div class=\"kksr-stars-active\" style=\"width: 136.7px;\">             <div class=\"kksr-star\" style=\"padding-right: 5px\">               <div class=\"kksr-icon\" style=\"width: 24px; height: 24px;\"><\/div>         <\/div>             <div class=\"kksr-star\" style=\"padding-right: 5px\">               <div class=\"kksr-icon\" style=\"width: 24px; height: 24px;\"><\/div>         <\/div>             <div class=\"kksr-star\" style=\"padding-right: 5px\">               <div class=\"kksr-icon\" style=\"width: 24px; height: 24px;\"><\/div>         <\/div>             <div class=\"kksr-star\" style=\"padding-right: 5px\">               <div class=\"kksr-icon\" style=\"width: 24px; height: 24px;\"><\/div>         <\/div>             <div class=\"kksr-star\" style=\"padding-right: 5px\">               <div class=\"kksr-icon\" style=\"width: 24px; height: 24px;\"><\/div>         <\/div>     <\/div> <\/div>                   <div class=\"kksr-legend\" style=\"font-size: 19.2px;\">             4,8\/5 - (88 Stimmen)    <\/div>     <\/div>  <p>Die Maschine zur Herstellung von Holzpellets ist ein Ger\u00e4t, das verschiedene Arten von zerkleinertem Holz, Pflanzenstroh, Pflanzenschalen und Schlacke in Biokraftstoffpellets umwandelt. Die Ringmatrizen-Pelletm\u00fchle kann bis zu 4000 kg\/h produzieren und wird h\u00e4ufig f\u00fcr die Produktion in gro\u00dfem Ma\u00dfstab eingesetzt. Die erzeugten erneuerbaren Brennstoffpellets sind glatt und dicht, was sie f\u00fcr viele Benutzer zur ersten Wahl macht.<\/p>    <figure class=\"wp-block-embed aligncenter is-type-video is-provider-youtube wp-block-embed-youtube wp-embed-aspect-16-9 wp-has-aspect-ratio\"><div class=\"wp-block-embed__wrapper\"> <iframe loading=\"lazy\" title=\"Biomasse-Holzpelletmaschine \u2013 Effiziente Brennstoffproduktion f\u00fcr erneuerbare Energien#Biomassepelletmaschine\" width=\"500\" height=\"281\" src=\"https:\/\/www.youtube.com\/embed\/Tn22Pr5sojQ?feature=oembed\" frameborder=\"0\" allow=\"accelerometer; autoplay; clipboard-write; encrypted-media; gyroscope; picture-in-picture; web-share\" referrerpolicy=\"strict-origin-when-cross-origin\" allowfullscreen><\/iframe> <\/div><figcaption class=\"wp-element-caption\">Arbeitsvideo einer Holzpellet-Herstellungsmaschine<\/figcaption><\/figure>    <p>Shuliy bietet eine Vielzahl von Maschinen zur Herstellung von Holzpellets mit jeweils unterschiedlichen Leistungskapazit\u00e4ten an. Kunden k\u00f6nnen je nach Bedarf aus mehreren Modellen w\u00e4hlen. Neben diesen Maschinen bieten wir auch kleinere Holzpelletmaschinen f\u00fcr diejenigen mit geringeren Leistungsanforderungen an. <\/p>    <p>Wir streben an, die am besten geeigneten Maschinen zu empfehlen, die auf die spezifischen Bed\u00fcrfnisse unserer Kunden zugeschnitten sind. Um den Komfort und die Effizienz zu steigern, liefern wir auch Zuf\u00fchrmaschinen und F\u00f6rderb\u00e4nder, die einen nahtlosen und kontinuierlichen Betrieb erm\u00f6glichen.<\/p>    <figure class=\"wp-block-gallery has-nested-images columns-default is-cropped wp-block-gallery-2 is-layout-flex wp-block-gallery-is-layout-flex\"> <figure class=\"wp-block-image size-large\"><img loading=\"lazy\" decoding=\"async\" width=\"720\" height=\"540\" data-id=\"753\" src=\"https:\/\/hnwoodmachinery.com\/wp-content\/uploads\/2022\/11\/wood-pellet-making-machine-2-1.webp\" alt=\" Maschine zur Herstellung von Holzpellets \" class=\"wp-image-753\" title=\" Maschine zur Herstellung von Holzpellets \"\/><figcaption class=\"wp-element-caption\"> Maschine zur Herstellung von Holzpellets <\/figcaption><\/figure>    <figure class=\"wp-block-image size-large\"><img loading=\"lazy\" decoding=\"async\" width=\"720\" height=\"540\" data-id=\"754\" src=\"https:\/\/hnwoodmachinery.com\/wp-content\/uploads\/2022\/11\/420-sawdust-pellet-machine-.jpg\" alt=\"420 S\u00e4gemehlpelletmaschine\" class=\"wp-image-754\" title=\"420 S\u00e4gemehlpelletmaschine\"\/><figcaption class=\"wp-element-caption\">420 S\u00e4gemehlpelletmaschine<\/figcaption><\/figure> <\/figure>    <h2 class=\"wp-block-heading\">Rohstoffe f\u00fcr die Maschine zur Herstellung von Holzpellets<\/h2>    <p>Die Holzpelletm\u00fchle ist in der Lage, eine Vielzahl von Materialien zu verarbeiten, wobei der Schwerpunkt haupts\u00e4chlich auf Holzprodukten wie Holzsp\u00e4nen, S\u00e4gemehl, \u00c4sten und Baumst\u00e4mmen liegt. <\/p>    <p>Dar\u00fcber hinaus k\u00f6nnen auch andere Rohstoffe wie Palmfasern, Bagasse, Erdnussschalen, Maisst\u00e4ngel, Weizenstroh und zahlreiche landwirtschaftliche Abf\u00e4lle verarbeitet werden. Diese Materialien sind leicht verf\u00fcgbar, kosteng\u00fcnstig und k\u00f6nnen f\u00fcr verschiedene Anwendungen in Biomassepellets umgewandelt werden.<\/p>    <h2 class=\"wp-block-heading\">Verwendung der fertigen Holzpellets<\/h2>    <p>Biomassepellets werden haupts\u00e4chlich in Biomassekraftwerken, Biomassekesseln, zum Heizen von H\u00e4usern und in verschiedenen industriellen Anwendungen eingesetzt. Daher bieten Investitionen in den Biomassebrennstoffsektor zur Errichtung von Pelletproduktionsanlagen ein erhebliches Marktpotenzial.<\/p>    <figure class=\"wp-block-gallery has-nested-images columns-default is-cropped wp-block-gallery-3 is-layout-flex wp-block-gallery-is-layout-flex\"> <figure class=\"wp-block-image size-large\"><img loading=\"lazy\" decoding=\"async\" width=\"720\" height=\"540\" data-id=\"748\" src=\"https:\/\/hnwoodmachinery.com\/wp-content\/uploads\/2022\/11\/raw-material-of-the-wood-pellet-mill-.webp\" alt=\"Rohmaterial der Holzpelletm\u00fchle\" class=\"wp-image-748\" title=\"\"><figcaption class=\"wp-element-caption\">Rohstoff der Holzpelletm\u00fchle<\/figcaption><\/figure>    <figure class=\"wp-block-image size-large\"><img loading=\"lazy\" decoding=\"async\" width=\"720\" height=\"540\" data-id=\"749\" src=\"https:\/\/hnwoodmachinery.com\/wp-content\/uploads\/2022\/11\/finished-wood-pellets-.jpg\" alt=\"fertige Holzpellets\" class=\"wp-image-749\" title=\"\"><figcaption class=\"wp-element-caption\">Fertige Holzpellets<\/figcaption><\/figure> <\/figure>    <h2 class=\"wp-block-heading\">Struktur der Pelletiermaschine f\u00fcr Holzbiomasse<\/h2>    <p>Die Maschine zur Herstellung von Holzpellets besteht aus mehreren Schl\u00fcsselkomponenten, darunter Zufuhr\u00f6ffnung, Zufuhrzylinder, Beobachtungsfenster, Abdeckplatte, Motor, Staubschutz, Auslass\u00f6ffnung, Getriebe und mehr. Sein Gesamtdesign ist effizient, ben\u00f6tigt nur minimale Stellfl\u00e4che und ist gleichzeitig robust, langlebig und verschlei\u00dffest.<\/p>    <h2 class=\"wp-block-heading\">Wie funktioniert der Holzpellet-Extruder?<\/h2>   <div id=\"rank-math-howto\" class=\"rank-math-block\" > <div class=\"rank-math-howto-description\">  <\/div>  <div class=\"rank-math-steps\"> <div id=\"howto-step-1729071773263\" class=\"rank-math-step\"> <div class=\"rank-math-step-content\"><p>\u00dcber eine F\u00f6rderschnecke wird das Rohmaterial in die Pelletm\u00fchle eingebracht und von dort in den Konditionierer geleitet. In dieser Phase wird ein Haftmittel hinzugef\u00fcgt, um die Partikel miteinander zu verbinden und so die Bildung dichter und fester Pellets zu erleichtern.<\/p> <\/div> <\/div> <div id=\"howto-step-1729071784026\" class=\"rank-math-step\"> <div class=\"rank-math-step-content\"><p>Nach der Konditionierung gelangt das Rohmaterial in den Pelletierbereich. Dieser Abschnitt verf\u00fcgt \u00fcber eine ringf\u00f6rmige Matrize, weshalb diese Anlage zur Herstellung von Biomassepellets als Ringmatrizen-Pelletm\u00fchle bezeichnet wird. Im Inneren der Ringmatrize befinden sich zwei bis vier Walzen. Wenn das Rohmaterial in diese Kammer gelangt, wird es durch die Zentrifugalkraft gegen die Innenfl\u00e4che der Ringmatrize gedr\u00fcckt. Typischerweise drehen sich sowohl die Walze als auch die Ringmatrize und verdichten das Rohmaterial zwischen ihren Oberfl\u00e4chen.<\/p> <\/div> <\/div> <div id=\"howto-step-1729071790244\" class=\"rank-math-step\"> <div class=\"rank-math-step-content\"><p>Das komprimierte Rohmaterial extrudiert durch die L\u00f6cher der Ringd\u00fcse und tritt in Form von St\u00e4bchen aus. Ein messer\u00e4hnlicher Hobel schneidet diese St\u00e4bchen dann, um Pellets in der gew\u00fcnschten Gr\u00f6\u00dfe zu produzieren, sodass die Pelletl\u00e4nge entsprechend den spezifischen Anforderungen angepasst werden kann.<\/p> <\/div> <\/div> <\/div> <\/div>       <figure class=\"wp-block-embed aligncenter is-type-video is-provider-youtube wp-block-embed-youtube wp-embed-aspect-16-9 wp-has-aspect-ratio\"><div class=\"wp-block-embed__wrapper\"> <iframe loading=\"lazy\" title=\"Maschine zur Herstellung von Biomasse-Holzpellets mit hoher Kapazit\u00e4t! S\u00e4gemehl-Pelletmaschine, Holzpellet-Hersteller\" width=\"500\" height=\"281\" src=\"https:\/\/www.youtube.com\/embed\/Lz747NqZSl4?feature=oembed\" frameborder=\"0\" allow=\"accelerometer; autoplay; clipboard-write; encrypted-media; gyroscope; picture-in-picture; web-share\" referrerpolicy=\"strict-origin-when-cross-origin\" allowfullscreen><\/iframe> <\/div><figcaption class=\"wp-element-caption\">Funktionsprinzip der Biomasse-Pelletm\u00fchle mit Ringmatrize<\/figcaption><\/figure>    <h2 class=\"wp-block-heading\">Parameter des Holzpellet-Herstellers<\/h2>    <figure class=\"wp-block-table is-style-stripes\"><table><tbody><tr><td>Modell<\/td><td>YGKJ380<\/td><td>YGKJ450<\/td><td>YGKJ560A<\/td><td>YGKJ560B<\/td><td>YGKJ560C<\/td><td>YGKJ700<\/td><td>YGKJ880<\/td><\/tr><tr><td>Kapazit\u00e4t (T\/H)&nbsp;<\/td><td>0.2-0.3<\/td><td>0.6-0.8<\/td><td>1-1.3<\/td><td>1.2-1.5<\/td><td>1.2-1.5<\/td><td>2-2.5&nbsp;<\/td><td>3-4&nbsp;<\/td><\/tr><tr><td>Leistung (KW)<\/td><td>22+0.75<\/td><td>55+1.5+ 1.1+0.37+ 0.55<\/td><td>90+1.5+ 1.5+0.55+ 0.37<\/td><td>90+1.5+ 1.5+0.55+ 0.37<\/td><td>90+1.5+ 1.5+0.55+ 0.37<\/td><td>160+2.2+ 0.37+0.75 +1.5<\/td><td>220+3+0.5 5+2.2+1.1<\/td><\/tr><\/tbody><\/table><figcaption class=\"wp-element-caption\">Parameter des Holzpellet-Herstellers<\/figcaption><\/figure>    <h2 class=\"wp-block-heading\">Warum ist die Ringmatrizen-Pelletm\u00fchle bei Investoren beliebt?<\/h2>    <ul class=\"wp-block-list\"> <li>Unsere Maschine zur Herstellung von Holzpellets zeichnet sich durch ein unkompliziertes Design aus, ist \u00e4u\u00dferst anpassungsf\u00e4hig, nimmt wenig Platz ein und arbeitet mit minimalem L\u00e4rm.<\/li>    <li>Traditionelle Energiequellen haben Schwierigkeiten, mit den Anforderungen des Weltmarktes Schritt zu halten, sodass Biomasse-Pelletbrennstoff eine praktikable Alternative zu Kohle darstellt.<\/li>    <li>Pulverf\u00f6rmiges Futter und Graspulver k\u00f6nnen ohne Zugabe von Fl\u00fcssigkeit granuliert werden. Dadurch bleibt der Feuchtigkeitsgehalt des Pelletfutters sehr niedrig, was die Lagerung erleichtert.<\/li>    <li>Zu den Rohstoffen f\u00fcr eine Ringd\u00fcsen-Pelletmaschine z\u00e4hlen vor allem Erntestroh und \u00e4hnliche Materialien. Diese Inputs sind kosteng\u00fcnstig, was zu niedrigen Kosten pro Tonne f\u00fchrt. Dar\u00fcber hinaus zeichnet sich die Maschine durch eine hohe Verarbeitungsleistung aus. Angesichts der gro\u00dfen Marktnachfrage erweist sich diese Branche als recht profitabel.<\/li> <\/ul>   <div class=\"wp-block-image\"> <figure class=\"aligncenter size-full\"><img loading=\"lazy\" decoding=\"async\" width=\"720\" height=\"540\" src=\"https:\/\/hnwoodmachinery.com\/wp-content\/uploads\/2022\/11\/wood-pellet-maker-.webp\" alt=\"Holzpellet-Hersteller\" class=\"wp-image-750\" title=\"Holzpellet-Hersteller\"\/><figcaption class=\"wp-element-caption\">Holzpellet-Hersteller<\/figcaption><\/figure> <\/div>   <h2 class=\"wp-block-heading\">Unterschiede und Vorschl\u00e4ge zwischen Ringd\u00fcsen- und Flachd\u00fcsen-Pelletmaschinen<\/h2>    <p class=\"translation-block\">Es gibt zwei allgemeine Arten von Biomasse-Pelletpressen. Neben dieser Maschine wird der andere Typ als <strong><em><a href=\"https:\/\/hnwoodmachinery.com\/de\/product\/biomass-pellet-machine\/\">Flachmatrizen-Pelletmaschine<\/a><\/em><\/strong> bezeichnet. Beide haben unterschiedliche Designs, Arbeitsprinzipien, Produktionskapazit\u00e4ten usw. Aber sie haben die gleiche Funktion \u2013 die Produktion von Biomasse-Pellets.<\/p>    <ol class=\"wp-block-list\"> <li>Die Leistung einer Flachmatrizen-Pelletmaschine liegt typischerweise zwischen 1,5 und 3 kg, w\u00e4hrend Pelletiermaschinen 0,2 bis 0,3 Tonnen produzieren k\u00f6nnen. Wenn Sie also eine h\u00f6here Leistung suchen, ist es ratsam, sich f\u00fcr eine Ringmatrizen-Pelletmaschine zu entscheiden.<\/li>    <li>Es sind verschiedene F\u00fctterungsmethoden zu ber\u00fccksichtigen. Bei einer Flachmatrizen-Pelletmaschine gelangt das Material aufgrund seines Gewichts vertikal in die Presskammer. Im Gegensatz dazu verwendet die Maschine zur Herstellung von Holzpellets einen gebogenen Futtertrog, der das Futter rollt und komprimiert.<\/li>    <li>Wenn es um Partikelfinish und Kompressionsverh\u00e4ltnis geht, bietet der Ringd\u00fcsengranulator im Vergleich zur Flachd\u00fcsen-Pelletmaschine einen gr\u00f6\u00dferen Einstellbereich. Die mit der Ringmatrizenmaschine hergestellten Pellets weisen tendenziell eine glattere Oberfl\u00e4che auf als die mit der Flachmatrizenmaschine hergestellten Pellets. Wenn Sie spezielle Anforderungen an das Kompressionsverh\u00e4ltnis und das Aussehen der granulierten Produkte haben und gleichzeitig eine h\u00f6here Leistung ben\u00f6tigen, ist eine Maschine zur Herstellung von Holzpellets die bessere Wahl.<\/li> <\/ol>    <figure class=\"wp-block-gallery has-nested-images columns-default is-cropped wp-block-gallery-4 is-layout-flex wp-block-gallery-is-layout-flex\"> <figure class=\"wp-block-image size-large\"><img loading=\"lazy\" decoding=\"async\" width=\"720\" height=\"540\" data-id=\"751\" src=\"https:\/\/hnwoodmachinery.com\/wp-content\/uploads\/2022\/11\/wood-pellet-making-machine-1-.webp\" alt=\"Maschine zur Herstellung von Holzpellets \" class=\"wp-image-751\" title=\"Maschine zur Herstellung von Holzpellets \"\/><figcaption class=\"wp-element-caption\">Maschine zur Herstellung von Holzpellets <\/figcaption><\/figure>    <figure class=\"wp-block-image size-large\"><img loading=\"lazy\" decoding=\"async\" width=\"720\" height=\"540\" data-id=\"752\" src=\"https:\/\/hnwoodmachinery.com\/wp-content\/uploads\/2022\/11\/flat-die-pellet-machine-.webp\" alt=\"Flachd\u00fcsen-Pelletmaschine\" class=\"wp-image-752\" title=\"Flachd\u00fcsen-Pelletmaschine\"\/><figcaption class=\"wp-element-caption\">Flachd\u00fcsen-Pelletmaschine<\/figcaption><\/figure> <\/figure>    <h2 class=\"wp-block-heading\">Warum die Holzpelletm\u00fchle von Shuliy Machinery w\u00e4hlen?<\/h2>    <p class=\"translation-block\">Unsere Biomasse-Pelletmaschine ist sehr beliebt. Und viele Biomasse-Pelletfabriken im In- und Ausland haben sich f\u00fcr unsere Maschine entschieden. Jetzt wurden unsere Maschinen nach <a href=\"https:\/\/en.wikipedia.org\/wiki\/Uganda\" target=\"_blank\" rel=\"noopener\">Uganda<\/a>, auf die Philippinen, nach Senegal, Malaysia, Mexiko, Australien und in andere L\u00e4nder verkauft.<\/p>    <ul class=\"wp-block-list\"> <li>Shuliy ist ein erfahrener Hersteller von Holzmaschinen und bringt jahrelange Expertise in die Branche ein.<\/li>    <li>Wir sind auf die Entwicklung und Anpassung einzigartiger Maschinen spezialisiert, die auf die spezifischen Anforderungen unserer vielf\u00e4ltigen Kunden zugeschnitten sind.<\/li>    <li>Unser engagiertes Vertriebsservice-Team steht den Kunden sowohl online als auch offline professionell zur Seite.<\/li>    <li>Kunden k\u00f6nnen bequem online bezahlen und ihre Logistik \u00fcberwachen, um ein sicheres Einkaufserlebnis zu gew\u00e4hrleisten.<\/li>    <li>Alle Komponenten unserer Maschinen sind aus hochwertigen, verschlei\u00dffesten Materialien gefertigt, die typischerweise in Schwermaschinen verwendet werden.<\/li> <\/ul>   <div class=\"wp-block-image\"> <figure class=\"aligncenter size-full is-resized\"><img loading=\"lazy\" decoding=\"async\" width=\"720\" height=\"540\" src=\"https:\/\/hnwoodmachinery.com\/wp-content\/uploads\/2022\/11\/wood-pellet-mill-1-1.webp\" alt=\"Holzpelletm\u00fchle\" class=\"wp-image-756\" style=\"width:720px;height:auto\" title=\"Holzpelletm\u00fchle\"\/><figcaption class=\"wp-element-caption\">Produktionslinie f\u00fcr Holzpelletm\u00fchlen<\/figcaption><\/figure> <\/div>   <p>Nach einer Untersuchung der Kosten und Gewinne, die mit der Biomasse-Pelletverarbeitungsindustrie verbunden sind, wird deutlich, dass das Investitionspotenzial f\u00fcr die Ringd\u00fcsen-Pelletmaschine recht gro\u00df ist und weiterhin eine gesunde Gewinnspanne besteht. Wenn Sie in die Biomasse-Pellets-Verarbeitungsbranche einsteigen m\u00f6chten oder eine Ringmatrizen-Pelletmaschine kaufen m\u00fcssen, k\u00f6nnen Sie uns jederzeit kontaktieren.<\/p>","protected":false},"excerpt":{"rendered":"<p>Die Maschine zur Herstellung von Holzpellets ist ein Ger\u00e4t, das verschiedene Arten von zerkleinertem Holz, Pflanzenstroh, Pflanzenschalen und Schlacke in Biokraftstoffpellets umwandelt. Es kann bis zu 4000 kg\/h produzieren.<\/p>","protected":false},"author":1,"featured_media":746,"parent":0,"template":"","tags":[46,44,37,35,39],"product-type":[31],"class_list":["post-745","product","type-product","status-publish","has-post-thumbnail","hentry","tag-biomass","tag-biomass-pellet","tag-sawdust","tag-wood","tag-wood-pallet","product-type-wood-pellet-machine"],"_links":{"self":[{"href":"https:\/\/hnwoodmachinery.com\/de\/wp-json\/wp\/v2\/product\/745","targetHints":{"allow":["GET"]}}],"collection":[{"href":"https:\/\/hnwoodmachinery.com\/de\/wp-json\/wp\/v2\/product"}],"about":[{"href":"https:\/\/hnwoodmachinery.com\/de\/wp-json\/wp\/v2\/types\/product"}],"author":[{"embeddable":true,"href":"https:\/\/hnwoodmachinery.com\/de\/wp-json\/wp\/v2\/users\/1"}],"wp:featuredmedia":[{"embeddable":true,"href":"https:\/\/hnwoodmachinery.com\/de\/wp-json\/wp\/v2\/media\/746"}],"wp:attachment":[{"href":"https:\/\/hnwoodmachinery.com\/de\/wp-json\/wp\/v2\/media?parent=745"}],"wp:term":[{"taxonomy":"post_tag","embeddable":true,"href":"https:\/\/hnwoodmachinery.com\/de\/wp-json\/wp\/v2\/tags?post=745"},{"taxonomy":"product-type","embeddable":true,"href":"https:\/\/hnwoodmachinery.com\/de\/wp-json\/wp\/v2\/product-type?post=745"}],"curies":[{"name":"wp","href":"https:\/\/api.w.org\/{rel}","templated":true}]}}