{"id":730,"date":"2022-11-15T17:29:27","date_gmt":"2022-11-15T09:29:27","guid":{"rendered":"https:\/\/hnwoodmachinery.com\/?post_type=product&#038;p=730"},"modified":"2024-10-11T18:04:27","modified_gmt":"2024-10-11T10:04:27","slug":"biomass-pellet-machine","status":"publish","type":"product","link":"https:\/\/hnwoodmachinery.com\/de\/product\/biomass-pellet-machine\/","title":{"rendered":"Biomasse-Pelletmaschine, Flachmatrizen-Holzpelletm\u00fchle zum Verkauf"},"content":{"rendered":"<div class=\"kk-star-ratings kksr-auto kksr-align-left kksr-valign-top\"     data-payload='{&quot;align&quot;:&quot;left&quot;,&quot;id&quot;:&quot;730&quot;,&quot;slug&quot;:&quot;default&quot;,&quot;valign&quot;:&quot;top&quot;,&quot;ignore&quot;:&quot;&quot;,&quot;reference&quot;:&quot;auto&quot;,&quot;class&quot;:&quot;&quot;,&quot;count&quot;:&quot;96&quot;,&quot;legendonly&quot;:&quot;&quot;,&quot;readonly&quot;:&quot;&quot;,&quot;score&quot;:&quot;4.8&quot;,&quot;starsonly&quot;:&quot;&quot;,&quot;best&quot;:&quot;5&quot;,&quot;gap&quot;:&quot;5&quot;,&quot;greet&quot;:&quot;Rate this product&quot;,&quot;legend&quot;:&quot;4.8\\\/5 - (96 votes)&quot;,&quot;size&quot;:&quot;24&quot;,&quot;title&quot;:&quot;Biomass Pellet Machine Flat Die Wood Pellet Mill For Sale&quot;,&quot;width&quot;:&quot;136.7&quot;,&quot;_legend&quot;:&quot;{score}\\\/{best} - ({count} {votes})&quot;,&quot;font_factor&quot;:&quot;1.25&quot;}'>              <div class=\"kksr-stars\">      <div class=\"kksr-stars-inactive\">             <div class=\"kksr-star\" data-star=\"1\" style=\"padding-right: 5px\">               <div class=\"kksr-icon\" style=\"width: 24px; height: 24px;\"><\/div>         <\/div>             <div class=\"kksr-star\" data-star=\"2\" style=\"padding-right: 5px\">               <div class=\"kksr-icon\" style=\"width: 24px; height: 24px;\"><\/div>         <\/div>             <div class=\"kksr-star\" data-star=\"3\" style=\"padding-right: 5px\">               <div class=\"kksr-icon\" style=\"width: 24px; height: 24px;\"><\/div>         <\/div>             <div class=\"kksr-star\" data-star=\"4\" style=\"padding-right: 5px\">               <div class=\"kksr-icon\" style=\"width: 24px; height: 24px;\"><\/div>         <\/div>             <div class=\"kksr-star\" data-star=\"5\" style=\"padding-right: 5px\">               <div class=\"kksr-icon\" style=\"width: 24px; height: 24px;\"><\/div>         <\/div>     <\/div>      <div class=\"kksr-stars-active\" style=\"width: 136.7px;\">             <div class=\"kksr-star\" style=\"padding-right: 5px\">               <div class=\"kksr-icon\" style=\"width: 24px; height: 24px;\"><\/div>         <\/div>             <div class=\"kksr-star\" style=\"padding-right: 5px\">               <div class=\"kksr-icon\" style=\"width: 24px; height: 24px;\"><\/div>         <\/div>             <div class=\"kksr-star\" style=\"padding-right: 5px\">               <div class=\"kksr-icon\" style=\"width: 24px; height: 24px;\"><\/div>         <\/div>             <div class=\"kksr-star\" style=\"padding-right: 5px\">               <div class=\"kksr-icon\" style=\"width: 24px; height: 24px;\"><\/div>         <\/div>             <div class=\"kksr-star\" style=\"padding-right: 5px\">               <div class=\"kksr-icon\" style=\"width: 24px; height: 24px;\"><\/div>         <\/div>     <\/div> <\/div>                   <div class=\"kksr-legend\" style=\"font-size: 19.2px;\">             4,8\/5 - (96 Stimmen)    <\/div>     <\/div>  <p>Unsere flache Matrizen-Biomasse-Pelletmaschine ist in der Lage, Holzpellets aus verschiedenen Materialien wie S\u00e4gemehl, recyceltem Papier, Gras, Bl\u00e4ttern und anderen Arten von Biomasse herzustellen. Sie wird h\u00e4ufig in Haushalten, kleinen Bauernh\u00f6fen und Werkst\u00e4tten eingesetzt. <\/p>    <p>Die erzeugten Pellets k\u00f6nnen eine L\u00e4nge von bis zu 3 cm erreichen und eignen sich f\u00fcr Anwendungen wie Heizen, Kochen und Einstreuen von Tieren. Wir bieten eine Reihe von Maschinenmodellen zur Auswahl mit Produktionskapazit\u00e4ten von bis zu 700 kg\/h.<\/p>    <figure class=\"wp-block-embed aligncenter is-type-video is-provider-youtube wp-block-embed-youtube wp-embed-aspect-16-9 wp-has-aspect-ratio\"><div class=\"wp-block-embed__wrapper\"> <iframe loading=\"lazy\" title=\"Umwandlung von Holzabf\u00e4llen in Energie: Pr\u00e4sentation einer Holzpellet-Granulatormaschine!\" width=\"500\" height=\"281\" src=\"https:\/\/www.youtube.com\/embed\/PrQMhExEplU?start=3&#038;feature=oembed\" frameborder=\"0\" allow=\"accelerometer; autoplay; clipboard-write; encrypted-media; gyroscope; picture-in-picture; web-share\" referrerpolicy=\"strict-origin-when-cross-origin\" allowfullscreen><\/iframe> <\/div><figcaption class=\"wp-element-caption\">Video zur Herstellung von Holzbiomassepellets<\/figcaption><\/figure>    <p>Der Durchmesser des Flachmatrizenlochs, der die Gr\u00f6\u00dfe des Holzpellets bestimmt, kann an Ihr spezifisches Rohmaterial und Ihre individuellen Anforderungen angepasst werden. F\u00fcr \u00fcber 30 verschiedene Rohstoffe haben wir optimale Verdichtungsverh\u00e4ltnisse erreicht. Wenn Sie \u00fcber ein spezielles Rohmaterial verf\u00fcgen, k\u00f6nnen Sie es uns gerne zusenden und wir testen es kostenlos f\u00fcr Sie.<\/p>    <p>Die Form und das Druckrad der Pelletm\u00fchle bestehen aus verschlei\u00dffestem legiertem Stahl, was ihnen Festigkeit, Haltbarkeit und eine l\u00e4ngere Lebensdauer verleiht. Die Biomasse-Pelletmaschine zeichnet sich durch ein unkompliziertes Design, eine breite Anwendbarkeit und eine kompakte Stellfl\u00e4che aus und arbeitet ger\u00e4uscharm, was sie zu einem unverzichtbaren Ausr\u00fcstungsgegenstand f\u00fcr viele Biomassehersteller macht.<\/p>    <figure class=\"wp-block-gallery has-nested-images columns-default is-cropped wp-block-gallery-2 is-layout-flex wp-block-gallery-is-layout-flex\"> <figure class=\"wp-block-image size-large\"><img loading=\"lazy\" decoding=\"async\" width=\"720\" height=\"540\" data-id=\"735\" src=\"https:\/\/hnwoodmachinery.com\/wp-content\/uploads\/2022\/11\/biomass-pellet-machine-1-1.webp\" alt=\"Biomasse-Pelletmaschine\" class=\"wp-image-735\" title=\"Biomasse-Pelletmaschine\"\/><figcaption class=\"wp-element-caption\">Biomasse-Pelletmaschine<\/figcaption><\/figure>    <figure class=\"wp-block-image size-large\"><img loading=\"lazy\" decoding=\"async\" width=\"720\" height=\"540\" data-id=\"736\" src=\"https:\/\/hnwoodmachinery.com\/wp-content\/uploads\/2022\/11\/wood-pellet-mill-.webp\" alt=\"Holzpelletm\u00fchle \" class=\"wp-image-736\" title=\"Holzpelletm\u00fchle \"\/><figcaption class=\"wp-element-caption\">Holzpelletm\u00fchle <\/figcaption><\/figure> <\/figure>    <h2 class=\"wp-block-heading\">Anwendbare Materialien der Holzpelletm\u00fchle<\/h2>    <p class=\"translation-block\">Die Holzbiomasse-Pelletmaschine ist f\u00fcr eine Vielzahl von Materialien geeignet. Es kann S\u00e4gemehl oder Feldfr\u00fcchte sein, wie Maisst\u00e4ngel, Stroh, Erdnussschalen, Maiskolben, Baumwollst\u00e4ngel, Unkr\u00e4uter usw. Sie k\u00f6nnen eine Zerkleinerungsmaschine verwenden, um S\u00e4gemehl als Rohmaterial zu erhalten. (<em>Mehr lesen: <strong><a href=\"https:\/\/hnwoodmachinery.com\/de\/product\/wood-shredder-machine\/\">Holzzerkleinerungsmaschine zur S\u00e4gemehlherstellung<\/a><\/strong>&gt;&gt;<\/em>)<\/p>    <p class=\"translation-block\">Biomasse- <a href=\"https:\/\/en.wikipedia.org\/wiki\/Pellet_fuel\" target=\"_blank\" rel=\"noopener\">Pelletbrennstoff<\/a> weist einen hohen Heizwert auf, der von etwa 3900 bis 4800 Kalorien pro Kilogramm reicht. W\u00e4hrend der Verbrennung ist die Emission von sch\u00e4dlichen Gaskomponenten minimal, was zu geringeren sch\u00e4dlichen Gasemissionen f\u00fchrt und \u00f6kologische Vorteile bietet. Dar\u00fcber hinaus kann die nach dem Verbrennen entstehende Asche als Pottasche-D\u00fcnger verwendet werden, was Kosteneinsparungen bietet.<\/p>    <figure class=\"wp-block-gallery has-nested-images columns-default is-cropped wp-block-gallery-3 is-layout-flex wp-block-gallery-is-layout-flex\"> <figure class=\"wp-block-image size-large\"><img loading=\"lazy\" decoding=\"async\" width=\"720\" height=\"540\" data-id=\"737\" src=\"https:\/\/hnwoodmachinery.com\/wp-content\/uploads\/2022\/11\/raw-material-wood-pellet-.webp\" alt=\"Rohmaterial Holzpellet \" class=\"wp-image-737\" title=\"Rohmaterial Holzpellet \"\/><figcaption class=\"wp-element-caption\">Rohstoff Holzpellets<\/figcaption><\/figure>    <figure class=\"wp-block-image size-large\"><img loading=\"lazy\" decoding=\"async\" width=\"720\" height=\"540\" data-id=\"738\" src=\"https:\/\/hnwoodmachinery.com\/wp-content\/uploads\/2022\/11\/usage-of-the-wood-pellets-.webp\" alt=\"Verwendung der Holzpellets\" class=\"wp-image-738\" title=\"Verwendung der Holzpellets\"\/><figcaption class=\"wp-element-caption\">Verwendung der Holzpellets<\/figcaption><\/figure> <\/figure>    <h2 class=\"wp-block-heading\">Funktionsprinzip der Biomasse-Pelletmaschine<\/h2>    <p>Der Holzpellet-Extruder arbeitet mit einem Motor (oder Dieselmotor), der die Zahnr\u00e4der antreibt und die Kraft auf die Hauptwelle \u00fcbertr\u00e4gt. Durch die Reibungskraft dreht sich die Druckwalze und erzeugt Reibungsw\u00e4rme zwischen Druckwalze und Matrize, die zur Plastifizierung des pulverf\u00f6rmigen Materials beitr\u00e4gt.<\/p>    <p>Das Material wird dann von der Andruckrolle durch das Matrizenloch gedr\u00fcckt. Abschlie\u00dfend bef\u00f6rdert die Wurfschale die fertigen Holzpellets \u00fcber die Auswurf\u00f6ffnung aus der Biomassepelletmaschine.<\/p>    <figure class=\"wp-block-gallery has-nested-images columns-default is-cropped wp-block-gallery-4 is-layout-flex wp-block-gallery-is-layout-flex\"> <figure class=\"wp-block-image size-large\"><img loading=\"lazy\" decoding=\"async\" width=\"720\" height=\"540\" data-id=\"739\" src=\"https:\/\/hnwoodmachinery.com\/wp-content\/uploads\/2022\/11\/wood-pellet-machine-.webp\" alt=\"Holzpelletmaschine \" class=\"wp-image-739\" title=\"Holzpelletmaschine \"\/><figcaption class=\"wp-element-caption\">Holzpelletmaschine <\/figcaption><\/figure>    <figure class=\"wp-block-image size-large\"><img loading=\"lazy\" decoding=\"async\" width=\"720\" height=\"540\" data-id=\"741\" src=\"https:\/\/hnwoodmachinery.com\/wp-content\/uploads\/2022\/11\/inner-structure-of-the-wood-pellet-extruder-.webp\" alt=\"innere Struktur des Holzpellet-Extruders\" class=\"wp-image-741\" title=\"innere Struktur des Holzpellet-Extruders\"\/><figcaption class=\"wp-element-caption\">Innere Struktur des Holzpellet-Extruders<\/figcaption><\/figure> <\/figure>    <figure class=\"wp-block-embed aligncenter is-type-video is-provider-youtube wp-block-embed-youtube wp-embed-aspect-16-9 wp-has-aspect-ratio\"><div class=\"wp-block-embed__wrapper\"> <iframe loading=\"lazy\" title=\"Prozess der Herstellung sauberer Energie-Biomassepellets in einer Holzpelletm\u00fchle! \ud83c\udf3f\ud83d\udd25#Holzpellet\" width=\"500\" height=\"281\" src=\"https:\/\/www.youtube.com\/embed\/MVtJtbLRF0I?start=13&#038;feature=oembed\" frameborder=\"0\" allow=\"accelerometer; autoplay; clipboard-write; encrypted-media; gyroscope; picture-in-picture; web-share\" referrerpolicy=\"strict-origin-when-cross-origin\" allowfullscreen><\/iframe> <\/div><figcaption class=\"wp-element-caption\">Arbeitsvideo zur Holzpelletm\u00fchle<\/figcaption><\/figure>    <h2 class=\"wp-block-heading\">Fertige Holzpellets stehen zum Verkauf<\/h2>    <p>Rohstoffsammlung \u2192 Rohstofftrocknung \u2192 Granulierung und Formung \u2192 Absacken und Verkauf.<\/p>    <p>Hinweise:<\/p>    <ol class=\"wp-block-list\"> <li>Da das S\u00e4gemehl nicht zerkleinert werden muss, entf\u00e4llt das Brechglied und es kann direkt nach der Trocknung granuliert werden.<\/li>    <li>Der Feuchtigkeitsgehalt nach dem Trocknen sollte 15-18% betragen. Ist der Feuchtigkeitsgehalt zu gro\u00df oder zu gering, beg\u00fcnstigt dies die Bildung von Partikeln nicht.<\/li> <\/ol>    <figure class=\"wp-block-gallery has-nested-images columns-default is-cropped wp-block-gallery-5 is-layout-flex wp-block-gallery-is-layout-flex\"> <figure class=\"wp-block-image size-large\"><img loading=\"lazy\" decoding=\"async\" width=\"720\" height=\"540\" data-id=\"1128\" src=\"https:\/\/hnwoodmachinery.com\/wp-content\/uploads\/2022\/11\/sawdust-raw-material.webp\" alt=\"S\u00e4gemehl Rohmaterial\" class=\"wp-image-1128\" title=\"\" srcset=\"https:\/\/hnwoodmachinery.com\/wp-content\/uploads\/2022\/11\/sawdust-raw-material.webp 720w, https:\/\/hnwoodmachinery.com\/wp-content\/uploads\/2022\/11\/sawdust-raw-material-300x225.webp 300w, https:\/\/hnwoodmachinery.com\/wp-content\/uploads\/2022\/11\/sawdust-raw-material-16x12.webp 16w\" sizes=\"auto, (max-width: 720px) 100vw, 720px\" \/><figcaption class=\"wp-element-caption\">S\u00e4gemehl-Rohstoff<\/figcaption><\/figure>    <figure class=\"wp-block-image size-large\"><img loading=\"lazy\" decoding=\"async\" width=\"720\" height=\"540\" data-id=\"743\" src=\"https:\/\/hnwoodmachinery.com\/wp-content\/uploads\/2022\/11\/finished-wood-pellets-.webp\" alt=\"fertige Holzpellets\" class=\"wp-image-743\" title=\"\"><figcaption class=\"wp-element-caption\">Fertige Holzpellets<\/figcaption><\/figure> <\/figure>    <h2 class=\"wp-block-heading\">Merkmale der Holzpellet-Herstellungsmaschine<\/h2>    <ul class=\"wp-block-list\"> <li>Das Material ist trocken und trocknet aus, ohne Feuchtigkeit zu verlieren. Es verf\u00fcgt \u00fcber ein Differentialgetriebe, ein Universalgelenkgetriebe, einen geringen Energieverbrauch und eine hohe Leistung.<\/li>    <li>Diese Maschine zur Herstellung von Holzpellets nutzt fortschrittliche Technologie f\u00fcr die Extrusionsgranulierung und das Polieren und bew\u00e4ltigt so effektiv die Herausforderungen der Granulierung, die bei herk\u00f6mmlichen Methoden auftreten.<\/li>    <li>Die resultierenden S\u00e4gemehlpartikel sind gleichm\u00e4\u00dfig, glatt und rund und weisen eine hohe Festigkeit und ausgezeichnete Flie\u00dff\u00e4higkeit auf.<\/li>    <li>Die Walzen und Formen, oft auch als Platten oder Scheiben bezeichnet, bestehen aus einer hochverschlei\u00dffesten Stahllegierung, die einer speziellen W\u00e4rmebehandlung unterzogen wird, um eine hohe H\u00e4rte und l\u00e4ngere Haltbarkeit zu erreichen.<\/li>    <li>Die Getrieber\u00e4der sind aus hochwertigem legiertem Stahl gefertigt und bieten Vorteile wie reibungslosen Betrieb, geringen Ger\u00e4uschpegel, hohe Belastbarkeit, minimalen Temperaturanstieg und hervorragende Druckbest\u00e4ndigkeit.<\/li>    <li>Diese Biomasse-Pelletmaschine hat ein breites Anwendungsspektrum. Es kann zur Regranulierung organischer Abf\u00e4lle in Biomassebrennstoffanlagen, Kraftwerken, Tierhaltung, Futterm\u00fchlen und verschiedenen anderen Industriezweigen eingesetzt werden.<\/li> <\/ul>    <figure class=\"wp-block-gallery has-nested-images columns-default is-cropped wp-block-gallery-6 is-layout-flex wp-block-gallery-is-layout-flex\"> <figure class=\"wp-block-image size-full\"><img loading=\"lazy\" decoding=\"async\" width=\"720\" height=\"540\" data-id=\"1130\" src=\"http:\/\/hnwoodmachinery.com\/wp-content\/uploads\/2022\/11\/biomass-pellets-mill.webp\" alt=\"Biomasse-Pellets-M\u00fchle\" class=\"wp-image-1130\" title=\"\" srcset=\"https:\/\/hnwoodmachinery.com\/wp-content\/uploads\/2022\/11\/biomass-pellets-mill.webp 720w, https:\/\/hnwoodmachinery.com\/wp-content\/uploads\/2022\/11\/biomass-pellets-mill-300x225.webp 300w, https:\/\/hnwoodmachinery.com\/wp-content\/uploads\/2022\/11\/biomass-pellets-mill-16x12.webp 16w\" sizes=\"auto, (max-width: 720px) 100vw, 720px\" \/><figcaption class=\"wp-element-caption\">Biomasse-Pellets-M\u00fchle<\/figcaption><\/figure>    <figure class=\"wp-block-image size-large\"><img loading=\"lazy\" decoding=\"async\" width=\"720\" height=\"540\" data-id=\"742\" src=\"https:\/\/hnwoodmachinery.com\/wp-content\/uploads\/2022\/11\/wood-pellet-making-machine-.webp\" alt=\"Maschine zur Herstellung von Holzpellets\" class=\"wp-image-742\" title=\"\"><figcaption class=\"wp-element-caption\">Maschine zur Herstellung von Holzpellets<\/figcaption><\/figure> <\/figure>    <h2 class=\"wp-block-heading\">Parameter der Holz-S\u00e4gemehl-Pelletmaschine<\/h2>    <figure class=\"wp-block-table is-style-stripes\"><table><tbody><tr><td>Modell<\/td><td>300<\/td><td>400<\/td><td>450<\/td><\/tr><tr><td>Leistung (KW)<\/td><td>22+0.37<\/td><td>37+0.37<\/td><td>55+0.37<\/td><\/tr><tr><td>Leistung (kg\/h)<\/td><td>150-300<\/td><td>200-500<\/td><td>300-700<\/td><\/tr><\/tbody><\/table><figcaption class=\"wp-element-caption\">Technische Daten der Maschine zur Herstellung von Biomassepellets<\/figcaption><\/figure>    <p class=\"translation-block\">Zus\u00e4tzlich zu dieser Flachmatrizen-Biomasse-Pelletmaschine produzieren wir auch Rundmatrizen-Biomasse-Pelletmaschinen. (<em>Verwandter Beitrag: <strong><a href=\"https:\/\/hnwoodmachinery.com\/de\/product\/wood-pellet-making-machine\/\">Holzpelletmaschine | Holzpelletm\u00fchle zu verkaufen<\/a><\/strong>&gt;&gt;<\/em>)<\/p>    <h2 class=\"wp-block-heading\">Wie starte ich ein Unternehmen zur Herstellung von Biomassepellets?<\/h2>    <p>Als umweltfreundlicher erneuerbarer Brennstoff werden Biomassepellets haupts\u00e4chlich als Ersatz f\u00fcr Kohle, Erdgas usw. eingesetzt und ihr Produktionsgesch\u00e4ft zieht immer mehr Investoren an. Was sollten Sie also beachten, wenn Sie auch planen, dieses Projekt durchzuf\u00fchren?<\/p>    <ul class=\"wp-block-list\"> <li>Welchen Zweck haben die Pellets, die Sie herstellen m\u00f6chten? <\/li>    <li>Wie viele Pellets m\u00f6chten Sie produzieren? <\/li>    <li>Welche Rohstoffe planen Sie zu verwenden? <\/li>    <li>Wie hoch ist Ihr Budget f\u00fcr dieses Projekt?<\/li> <\/ul>    <p>Unser Werk ist seit vielen Jahren auf die Herstellung von Holzverarbeitungs- und Recyclingmaschinen spezialisiert. Wenn Sie in diesem Gesch\u00e4ft t\u00e4tig sind, sind wir Ihre beste Wahl. Bitte durchsuchen Sie diese Website, ermutigen Sie alle, sich jederzeit zu beraten, und hei\u00dfen Sie uns herzlich willkommen, unsere Fabrik zu besuchen. Wir freuen uns auf die Zusammenarbeit mit Ihnen.<\/p>","protected":false},"excerpt":{"rendered":"<p>Die Biomasse-Pelletmaschine eignet sich haupts\u00e4chlich f\u00fcr die Granulierung grober Fasern wie Holzsp\u00e4ne, Reish\u00fclsen, Baumwollst\u00e4ngel usw. Es handelt sich um ein tragbares Ger\u00e4t zur Verarbeitung von Pelletbrennstoff. <\/p>","protected":false},"author":1,"featured_media":732,"parent":0,"template":"","tags":[44,45],"product-type":[31],"class_list":["post-730","product","type-product","status-publish","has-post-thumbnail","hentry","tag-biomass-pellet","tag-wood-pellet","product-type-wood-pellet-machine"],"_links":{"self":[{"href":"https:\/\/hnwoodmachinery.com\/de\/wp-json\/wp\/v2\/product\/730","targetHints":{"allow":["GET"]}}],"collection":[{"href":"https:\/\/hnwoodmachinery.com\/de\/wp-json\/wp\/v2\/product"}],"about":[{"href":"https:\/\/hnwoodmachinery.com\/de\/wp-json\/wp\/v2\/types\/product"}],"author":[{"embeddable":true,"href":"https:\/\/hnwoodmachinery.com\/de\/wp-json\/wp\/v2\/users\/1"}],"wp:featuredmedia":[{"embeddable":true,"href":"https:\/\/hnwoodmachinery.com\/de\/wp-json\/wp\/v2\/media\/732"}],"wp:attachment":[{"href":"https:\/\/hnwoodmachinery.com\/de\/wp-json\/wp\/v2\/media?parent=730"}],"wp:term":[{"taxonomy":"post_tag","embeddable":true,"href":"https:\/\/hnwoodmachinery.com\/de\/wp-json\/wp\/v2\/tags?post=730"},{"taxonomy":"product-type","embeddable":true,"href":"https:\/\/hnwoodmachinery.com\/de\/wp-json\/wp\/v2\/product-type?post=730"}],"curies":[{"name":"wp","href":"https:\/\/api.w.org\/{rel}","templated":true}]}}