{"id":668,"date":"2022-10-12T17:18:55","date_gmt":"2022-10-12T09:18:55","guid":{"rendered":"https:\/\/hnwoodmachinery.com\/?post_type=product&#038;p=668"},"modified":"2024-09-14T18:21:05","modified_gmt":"2024-09-14T10:21:05","slug":"pallet-block-making-machine","status":"publish","type":"product","link":"https:\/\/hnwoodmachinery.com\/de\/product\/pallet-block-making-machine\/","title":{"rendered":"Palettenblock-Herstellungsmaschine, Holz-S\u00e4gemehl-Blockformungsausr\u00fcstung"},"content":{"rendered":"<div class=\"kk-star-ratings kksr-auto kksr-align-left kksr-valign-top\"     data-payload='{&quot;align&quot;:&quot;left&quot;,&quot;id&quot;:&quot;668&quot;,&quot;slug&quot;:&quot;default&quot;,&quot;valign&quot;:&quot;top&quot;,&quot;ignore&quot;:&quot;&quot;,&quot;reference&quot;:&quot;auto&quot;,&quot;class&quot;:&quot;&quot;,&quot;count&quot;:&quot;92&quot;,&quot;legendonly&quot;:&quot;&quot;,&quot;readonly&quot;:&quot;&quot;,&quot;score&quot;:&quot;4.8&quot;,&quot;starsonly&quot;:&quot;&quot;,&quot;best&quot;:&quot;5&quot;,&quot;gap&quot;:&quot;5&quot;,&quot;greet&quot;:&quot;Rate this product&quot;,&quot;legend&quot;:&quot;4.8\\\/5 - (92 votes)&quot;,&quot;size&quot;:&quot;24&quot;,&quot;title&quot;:&quot;Pallet Block Making Machine Wood Sawdust Block Forming Equipment&quot;,&quot;width&quot;:&quot;136.7&quot;,&quot;_legend&quot;:&quot;{score}\\\/{best} - ({count} {votes})&quot;,&quot;font_factor&quot;:&quot;1.25&quot;}'>              <div class=\"kksr-stars\">      <div class=\"kksr-stars-inactive\">             <div class=\"kksr-star\" data-star=\"1\" style=\"padding-right: 5px\">               <div class=\"kksr-icon\" style=\"width: 24px; height: 24px;\"><\/div>         <\/div>             <div class=\"kksr-star\" data-star=\"2\" style=\"padding-right: 5px\">               <div class=\"kksr-icon\" style=\"width: 24px; height: 24px;\"><\/div>         <\/div>             <div class=\"kksr-star\" data-star=\"3\" style=\"padding-right: 5px\">               <div class=\"kksr-icon\" style=\"width: 24px; height: 24px;\"><\/div>         <\/div>             <div class=\"kksr-star\" data-star=\"4\" style=\"padding-right: 5px\">               <div class=\"kksr-icon\" style=\"width: 24px; height: 24px;\"><\/div>         <\/div>             <div class=\"kksr-star\" data-star=\"5\" style=\"padding-right: 5px\">               <div class=\"kksr-icon\" style=\"width: 24px; height: 24px;\"><\/div>         <\/div>     <\/div>      <div class=\"kksr-stars-active\" style=\"width: 136.7px;\">             <div class=\"kksr-star\" style=\"padding-right: 5px\">               <div class=\"kksr-icon\" style=\"width: 24px; height: 24px;\"><\/div>         <\/div>             <div class=\"kksr-star\" style=\"padding-right: 5px\">               <div class=\"kksr-icon\" style=\"width: 24px; height: 24px;\"><\/div>         <\/div>             <div class=\"kksr-star\" style=\"padding-right: 5px\">               <div class=\"kksr-icon\" style=\"width: 24px; height: 24px;\"><\/div>         <\/div>             <div class=\"kksr-star\" style=\"padding-right: 5px\">               <div class=\"kksr-icon\" style=\"width: 24px; height: 24px;\"><\/div>         <\/div>             <div class=\"kksr-star\" style=\"padding-right: 5px\">               <div class=\"kksr-icon\" style=\"width: 24px; height: 24px;\"><\/div>         <\/div>     <\/div> <\/div>                   <div class=\"kksr-legend\" style=\"font-size: 19.2px;\">             4,8\/5 - (92 Stimmen)    <\/div>     <\/div>  <p>Die Maschine zur Herstellung von Palettenbl\u00f6cken ist auf die Herstellung von Mattenf\u00fc\u00dfen mit Schleppwanne und Mattenbl\u00f6cken mit Schutzschicht spezialisiert, die f\u00fcr Transport und Lagerung verwendet werden. Pro Tag k\u00f6nnen ca. 4m\u00b3 Rohstoffe verarbeitet werden.  Die Dichte des Endprodukts kann 550\u20131000 kg\/m\u00b3 erreichen. <\/p>    <p>Wir k\u00f6nnen die Form und Gr\u00f6\u00dfe des fertigen Holzblocks individuell anpassen und reichen von 75 mm bis 145 mm. Unsere Maschine zur Herstellung von Palettenkl\u00f6tzen kann zwei Arten von Holzkl\u00f6tzen herstellen: Voll- und Hohlholzkl\u00f6tze. Sie k\u00f6nnen nach Ihren Bed\u00fcrfnissen w\u00e4hlen.<\/p>    <figure class=\"wp-block-embed aligncenter is-type-video is-provider-youtube wp-block-embed-youtube wp-embed-aspect-16-9 wp-has-aspect-ratio\"><div class=\"wp-block-embed__wrapper\"> <iframe loading=\"lazy\" title=\"Neueste Maschine zur Herstellung von S\u00e4gemehlbl\u00f6cken von Shuliy Machinery! Maschine zur Herstellung von Pressholzbl\u00f6cken\" width=\"500\" height=\"281\" src=\"https:\/\/www.youtube.com\/embed\/U64tcpbFAhQ?feature=oembed\" frameborder=\"0\" allow=\"accelerometer; autoplay; clipboard-write; encrypted-media; gyroscope; picture-in-picture; web-share\" referrerpolicy=\"strict-origin-when-cross-origin\" allowfullscreen><\/iframe> <\/div><figcaption class=\"wp-element-caption\">Video zum Betrieb der Pressmaschine f\u00fcr Holzpalettenbl\u00f6cke<\/figcaption><\/figure>    <p>Die Palettenblockmaschine von Shuliy kann hochwertige Holzbl\u00f6cke aus Holzschnitzeln als Rohmaterial herstellen. Die fertigen Produkte haben keine losen Sp\u00e4ne und zeigen eine gute Wasserbest\u00e4ndigkeit. Diese Maschine wurde von zahlreichen Kunden gut angenommen.<\/p>    <p>Dar\u00fcber hinaus bieten wir zwei Arten von Maschinen zur Herstellung von S\u00e4gemehlbl\u00f6cken an: eine ist das g\u00e4ngige Modell und die andere ist das europ\u00e4ische Standardmodell. Die europ\u00e4ische Standardmaschine ist etwas teurer. Allerdings gibt es Unterschiede zwischen den beiden Maschinen. Bei Interesse kontaktieren Sie uns bitte f\u00fcr weitere Informationen.<\/p>    <figure class=\"wp-block-gallery has-nested-images columns-default is-cropped wp-block-gallery-2 is-layout-flex wp-block-gallery-is-layout-flex\"> <figure class=\"wp-block-image size-large\"><img loading=\"lazy\" decoding=\"async\" width=\"720\" height=\"540\" data-id=\"670\" src=\"https:\/\/hnwoodmachinery.com\/wp-content\/uploads\/2022\/10\/pallet-block-making-machine-2.webp\" alt=\"Palettenblockherstellungsmaschine\" class=\"wp-image-670\" title=\"Palettenblockherstellungsmaschine\"\/><figcaption class=\"wp-element-caption\">Maschine zur Herstellung von Palettenbl\u00f6cken<\/figcaption><\/figure>    <figure class=\"wp-block-image size-large\"><img loading=\"lazy\" decoding=\"async\" width=\"720\" height=\"540\" data-id=\"671\" src=\"https:\/\/hnwoodmachinery.com\/wp-content\/uploads\/2022\/10\/sawdust-block-making-machine-.webp\" alt=\"S\u00e4gemehlblockherstellungsmaschine\" class=\"wp-image-671\" title=\"S\u00e4gemehlblockherstellungsmaschine\"\/><figcaption class=\"wp-element-caption\">Maschine zur Herstellung von S\u00e4gemehlbl\u00f6cken<\/figcaption><\/figure> <\/figure>    <h2 class=\"wp-block-heading\">Rohstoffe, die in der Maschine zur Herstellung von S\u00e4gemehlbl\u00f6cken verwendet werden<\/h2>    <p class=\"translation-block\">Die Rohstoffe, die in der Holzsp\u00e4ne Blockherstellungsmaschine verwendet werden, sind im Allgemeinen Holzsp\u00e4ne, Holzst\u00fccke, Holzsp\u00e4ne usw., \u00e4hnlich den Rohstoffen, die in der <a href=\"https:\/\/hnwoodmachinery.com\/de\/product\/hydraulic-wood-pallet-machine\/\">Pressholzpalettenherstellungsmaschine<\/a> verwendet werden.<\/p>   <div class=\"wp-block-image\"> <figure class=\"aligncenter size-full\"><img loading=\"lazy\" decoding=\"async\" width=\"720\" height=\"540\" src=\"https:\/\/hnwoodmachinery.com\/wp-content\/uploads\/2022\/10\/raw-material-of-the-sawdust-brick-press-machine-.jpg\" alt=\"Rohmaterial der S\u00e4gemehl-Ziegelpressmaschine\" class=\"wp-image-677\" title=\"Rohmaterial der S\u00e4gemehl-Ziegelpressmaschine\"\/><figcaption class=\"wp-element-caption\">Rohmaterial der S\u00e4gemehl-Ziegelpressmaschine<\/figcaption><\/figure> <\/div>   <h2 class=\"wp-block-heading\">Zwei Arten von Holzbl\u00f6cken<\/h2>    <p>Wir produzieren zwei Arten von Holzbl\u00f6cken: massiv und hohl. Wir empfehlen jedoch die Hohlblocksteine, da sie atmungsaktiv sind, die W\u00e4rme ableiten und Feuchtigkeitsstau verhindern.<\/p>    <figure class=\"wp-block-gallery aligncenter has-nested-images columns-default is-cropped wp-block-gallery-3 is-layout-flex wp-block-gallery-is-layout-flex\"><div class=\"wp-block-image\"> <figure class=\"aligncenter size-large\"><img loading=\"lazy\" decoding=\"async\" width=\"720\" height=\"540\" data-id=\"672\" src=\"https:\/\/hnwoodmachinery.com\/wp-content\/uploads\/2022\/10\/sawdust-wood-blocks-.webp\" alt=\"S\u00e4gemehlholzbl\u00f6cke \" class=\"wp-image-672\" title=\"S\u00e4gemehlholzbl\u00f6cke \"\/><figcaption class=\"wp-element-caption\">S\u00e4gemehlholzbl\u00f6cke<\/figcaption><\/figure> <\/div><\/figure>    <h2 class=\"wp-block-heading\">Die Gr\u00f6\u00dfen von S\u00e4gemehlholzbl\u00f6cken<\/h2>    <p class=\"translation-block\"><strong>Allgemeine Gr\u00f6\u00dfe:<\/strong> 80*80mm, 90*90mm, 100*100mm.  <\/p>    <p class=\"translation-block\"><strong>Europ\u00e4ische Standardgr\u00f6\u00dfe:<\/strong> in der Regel \u00fcber 100mm, zum Beispiel 145*105mm.<\/p>   <div class=\"wp-block-image\"> <figure class=\"aligncenter size-full\"><img loading=\"lazy\" decoding=\"async\" width=\"720\" height=\"540\" src=\"https:\/\/hnwoodmachinery.com\/wp-content\/uploads\/2022\/10\/different-type-of-wood-block-makers-.webp\" alt=\"verschiedene Arten von Holzblockherstellern\" class=\"wp-image-673\" title=\"verschiedene Arten von Holzblockherstellern\"\/><figcaption class=\"wp-element-caption\">verschiedene Arten von Holzschnittmachern<\/figcaption><\/figure> <\/div>   <h2 class=\"wp-block-heading\">Struktur der Hei\u00dfpressmaschine f\u00fcr S\u00e4gemehlholzbl\u00f6cke<\/h2>    <p>Die Maschine zur Herstellung von Palettenbl\u00f6cken enth\u00e4lt einen elektrischen Schaltschrank, einen Trichter, eine hydraulische Schiebevorrichtung, eine Heiz- und Formvorrichtung, einen Auslass (mit Doppelauslass und Dreifachauslass), eine S\u00e4ge (manuell oder automatisch) usw.<\/p>    <figure class=\"wp-block-gallery has-nested-images columns-default is-cropped wp-block-gallery-4 is-layout-flex wp-block-gallery-is-layout-flex\"> <figure class=\"wp-block-image size-large\"><img loading=\"lazy\" decoding=\"async\" width=\"720\" height=\"540\" data-id=\"674\" src=\"https:\/\/hnwoodmachinery.com\/wp-content\/uploads\/2022\/10\/hopper-of-the-sawdust-wood-block-hot-press-machine-.webp\" alt=\"S\u00e4gemehlholzblock-Hei\u00dfpressmaschine\" class=\"wp-image-674\" title=\"S\u00e4gemehlholzblock-Hei\u00dfpressmaschine\"\/><figcaption class=\"wp-element-caption\">S\u00e4gemehl-Holzblock-Hei\u00dfpressmaschine<\/figcaption><\/figure>    <figure class=\"wp-block-image size-large\"><img loading=\"lazy\" decoding=\"async\" width=\"720\" height=\"540\" data-id=\"675\" src=\"https:\/\/hnwoodmachinery.com\/wp-content\/uploads\/2022\/10\/heating-device-of-the-pallet-block-maker-.webp\" alt=\"Heizteil der Palettenblockmaschine \" class=\"wp-image-675\" title=\"Heizteil der Palettenblockmaschine \"\/><figcaption class=\"wp-element-caption\">Erhitzen eines Teils der Palettenblockmaschine <\/figcaption><\/figure>    <figure class=\"wp-block-image size-large\"><img loading=\"lazy\" decoding=\"async\" width=\"720\" height=\"540\" data-id=\"676\" src=\"https:\/\/hnwoodmachinery.com\/wp-content\/uploads\/2022\/10\/control-panel-of-the-sawdust-block-maker-.jpg\" alt=\"Steuerpanel der S\u00e4gemehlblockmaschine\" class=\"wp-image-676\" title=\"Steuerpanel der S\u00e4gemehlblockmaschine\"\/><figcaption class=\"wp-element-caption\">Bedienfeld des S\u00e4gemehlblockherstellers<\/figcaption><\/figure> <\/figure>    <h2 class=\"wp-block-heading\">Parameter der S\u00e4gemehlblockformmaschine<\/h2>    <figure class=\"wp-block-table is-style-stripes\"><table><tbody><tr><td>Gr\u00f6\u00dfe<\/td><td>90*90mm (anpassbar)<\/td><\/tr><tr><td>Motor<\/td><td>15-18 kW<\/td><\/tr><tr><td>Kapazit\u00e4t<\/td><td>4 m\u00b3\/24h (je nach Material unterschiedlich)<\/td><\/tr><tr><td>Dichte<\/td><td>550-600kg\/m\u00b3<\/td><\/tr><tr><td>Materialverbrauch<\/td><td>550\u2013600 kg\/m\u00b3 (Holzsp\u00e4ne, S\u00e4gemehl)<\/td><\/tr><tr><td>Leimverbrauch<\/td><td>80-100kg\/m\u00b3<\/td><\/tr><tr><td>Temperaturkontrolle<\/td><td>PID<\/td><\/tr><tr><td>Dimension<\/td><td>4800*760*1300mm<\/td><\/tr><tr><td>Gewicht<\/td><td>1300 kg<\/td><\/tr><\/tbody><\/table><figcaption class=\"wp-element-caption\">Parameter der S\u00e4gemehlblockmaschine<\/figcaption><\/figure>    <h2 class=\"wp-block-heading\">Funktionsprinzip der Palettenblockmaschine<\/h2>    <ol class=\"wp-block-list\"> <li>Der Hydraulikzylinder erzeugt hohen Druck und treibt den Kolben an, um die Materialien zu extrudieren und zu formen. <\/li>    <li>Die auf eine hohe Temperatur eingestellte Heizplatte unterst\u00fctzt die Verfestigung und Formung des Harnstoff-Formaldehyd-Klebers. <\/li>    <li>Das Material wird dann auf eine bestimmte L\u00e4nge geschnitten, typischerweise etwa 1,2 Meter. <\/li>    <li>Nach dem Abk\u00fchlen werden die langen Holzstreifen der Halbzeuge auf ihr endg\u00fcltiges Ma\u00df zugeschnitten.<\/li> <\/ol>    <figure class=\"wp-block-embed aligncenter is-type-video is-provider-youtube wp-block-embed-youtube wp-embed-aspect-16-9 wp-has-aspect-ratio\"><div class=\"wp-block-embed__wrapper\"> <iframe loading=\"lazy\" title=\"Revolutionierung der Holzbearbeitung: Vorstellung der ultimativen Maschine zur Herstellung von Holzpalettenbl\u00f6cken!#woodmachine\" width=\"500\" height=\"281\" src=\"https:\/\/www.youtube.com\/embed\/PGEoARZKCAw?feature=oembed\" frameborder=\"0\" allow=\"accelerometer; autoplay; clipboard-write; encrypted-media; gyroscope; picture-in-picture; web-share\" referrerpolicy=\"strict-origin-when-cross-origin\" allowfullscreen><\/iframe> <\/div><figcaption class=\"wp-element-caption\">Funktionsprinzip der Holzblockpresse<\/figcaption><\/figure>    <h2 class=\"wp-block-heading\">Die Maschinen arbeiten mit der S\u00e4gemehlblockmaschine zusammen<\/h2>    <p>Die S\u00e4gemehlblockherstellungsmaschine kann mit einem Crusher, einem Luftstromtrockner (mit dem Ofen), einem Klebemischer, einem Holzblockschneider usw. kombiniert werden, um eine Produktionslinie zu bilden. Wir k\u00f6nnen die Produktionslinie der Holzblockmaschine entsprechend der tats\u00e4chlichen Situation des Kunden anpassen.<\/p>    <figure class=\"wp-block-gallery has-nested-images columns-default is-cropped wp-block-gallery-5 is-layout-flex wp-block-gallery-is-layout-flex\"> <figure class=\"wp-block-image size-large\"><img loading=\"lazy\" decoding=\"async\" width=\"720\" height=\"540\" data-id=\"1108\" src=\"https:\/\/hnwoodmachinery.com\/wp-content\/uploads\/2022\/10\/glue-mixer.webp\" alt=\"Klebermischer\" class=\"wp-image-1108\" title=\"\" srcset=\"https:\/\/hnwoodmachinery.com\/wp-content\/uploads\/2022\/10\/glue-mixer.webp 720w, https:\/\/hnwoodmachinery.com\/wp-content\/uploads\/2022\/10\/glue-mixer-300x225.webp 300w, https:\/\/hnwoodmachinery.com\/wp-content\/uploads\/2022\/10\/glue-mixer-16x12.webp 16w\" sizes=\"auto, (max-width: 720px) 100vw, 720px\" \/><figcaption class=\"wp-element-caption\">Leimmischer<\/figcaption><\/figure>    <figure class=\"wp-block-image size-large\"><img loading=\"lazy\" decoding=\"async\" width=\"720\" height=\"540\" data-id=\"1107\" src=\"https:\/\/hnwoodmachinery.com\/wp-content\/uploads\/2022\/10\/dicing-machine.webp\" alt=\"Holzblock-W\u00fcrfelmaschine\" class=\"wp-image-1107\" title=\"\" srcset=\"https:\/\/hnwoodmachinery.com\/wp-content\/uploads\/2022\/10\/dicing-machine.webp 720w, https:\/\/hnwoodmachinery.com\/wp-content\/uploads\/2022\/10\/dicing-machine-300x225.webp 300w, https:\/\/hnwoodmachinery.com\/wp-content\/uploads\/2022\/10\/dicing-machine-16x12.webp 16w\" sizes=\"auto, (max-width: 720px) 100vw, 720px\" \/><figcaption class=\"wp-element-caption\">W\u00fcrfelschneidemaschine f\u00fcr Holzbl\u00f6cke<\/figcaption><\/figure> <\/figure>    <h2 class=\"wp-block-heading\">Vorteile der Maschine zur Herstellung von S\u00e4gemehlbl\u00f6cken<\/h2>    <ul class=\"wp-block-list\"> <li>Es gibt verschiedene Arten von <a href=\"https:\/\/en.wikipedia.org\/wiki\/Sawdust\" target=\"_blank\" rel=\"noopener\">S\u00e4gemehl<\/a> Blockmaschinen, die den unterschiedlichen Bed\u00fcrfnissen der Kunden gerecht werden k\u00f6nnen.<\/li>    <li>Durch die gute Arbeitswirkung entstehen sch\u00f6ne, saubere und haltbare Briketts.<\/li>    <li>Die Maschine zur Herstellung von Palettenkl\u00f6tzen ist langlebig und hat eine lange Lebensdauer.<\/li>    <li>Einfach zu bedienen, mit elektrischem Schaltschrank und einfach zu bedienen.<\/li>    <li>Einfach zu bedienen, eine Person kann 3 Maschinen bedienen.<\/li>    <li>Die Maschine kann Holzabf\u00e4lle effektiv recyceln.<\/li> <\/ul>    <figure class=\"wp-block-gallery has-nested-images columns-default is-cropped wp-block-gallery-6 is-layout-flex wp-block-gallery-is-layout-flex\"> <figure class=\"wp-block-image size-large\"><img loading=\"lazy\" decoding=\"async\" width=\"720\" height=\"540\" data-id=\"678\" src=\"https:\/\/hnwoodmachinery.com\/wp-content\/uploads\/2022\/10\/pallet-machine-maker-.webp\" alt=\"Palettenmaschinenhersteller\" class=\"wp-image-678\" title=\"Palettenmaschinenhersteller\"\/><figcaption class=\"wp-element-caption\">Hersteller von Palettenmaschinen<\/figcaption><\/figure>    <figure class=\"wp-block-image size-large\"><img loading=\"lazy\" decoding=\"async\" width=\"720\" height=\"540\" data-id=\"679\" src=\"https:\/\/hnwoodmachinery.com\/wp-content\/uploads\/2022\/10\/pallet-block-making-machine-3.webp\" alt=\"Palettenblockherstellungsmaschine\" class=\"wp-image-679\" title=\"Palettenblockherstellungsmaschine\"\/><figcaption class=\"wp-element-caption\">Maschine zur Herstellung von Palettenbl\u00f6cken<\/figcaption><\/figure> <\/figure>    <h2 class=\"wp-block-heading\">Welche Vorteile haben S\u00e4gemehlholzkl\u00f6tze?<\/h2>    <ul class=\"wp-block-list\"> <li>Da der Holzblock durch Hochtemperatur-Extrusion geformt wird, ist er frei von Begasung.<\/li>    <li>Niedrige Produktionskosten. Der Holzmattenblock besteht aus Holzsp\u00e4nen und der Rohstoff ist g\u00fcnstig und leicht zu beschaffen.<\/li>    <li>Hohe Tragf\u00e4higkeit. Es kann die meisten Artikel unterst\u00fctzen und ist weit verbreitet.<\/li> <\/ul>    <figure class=\"wp-block-gallery has-nested-images columns-default is-cropped wp-block-gallery-7 is-layout-flex wp-block-gallery-is-layout-flex\"> <figure class=\"wp-block-image size-large\"><img loading=\"lazy\" decoding=\"async\" width=\"720\" height=\"540\" data-id=\"680\" src=\"https:\/\/hnwoodmachinery.com\/wp-content\/uploads\/2022\/10\/wood-blocks-.webp\" alt=\"Holzbl\u00f6cke \" class=\"wp-image-680\" title=\"Holzbl\u00f6cke \"\/><figcaption class=\"wp-element-caption\">Holzbl\u00f6cke <\/figcaption><\/figure>    <figure class=\"wp-block-image size-large\"><img loading=\"lazy\" decoding=\"async\" width=\"720\" height=\"540\" data-id=\"681\" src=\"https:\/\/hnwoodmachinery.com\/wp-content\/uploads\/2022\/10\/finished-sawdust-wood-blocks-.webp\" alt=\"fertige S\u00e4gemehl-Holzbl\u00f6cke \" class=\"wp-image-681\" title=\"fertige S\u00e4gemehl-Holzbl\u00f6cke \"\/><figcaption class=\"wp-element-caption\">Fertige S\u00e4gemehlholzbl\u00f6cke <\/figcaption><\/figure> <\/figure>    <p>Unsere Fabrik produziert seit vielen Jahren Holzbearbeitungsger\u00e4te und verf\u00fcgt \u00fcber umfangreiche Erfahrung. Wenn Sie in dieser Branche t\u00e4tig sind, k\u00f6nnen Sie diese Website durchst\u00f6bern und sich gerne an uns wenden. Wir werden Ihre beste Wahl sein.<\/p>","protected":false},"excerpt":{"rendered":"<p>Die Maschine zur Herstellung von Palettenbl\u00f6cken ist auf die Herstellung von Mattenf\u00fc\u00dfen f\u00fcr Schleppschalen und Mattenbl\u00f6cken mit Schutzschicht spezialisiert. <\/p>","protected":false},"author":1,"featured_media":669,"parent":0,"template":"","tags":[35,43],"product-type":[30],"class_list":["post-668","product","type-product","status-publish","has-post-thumbnail","hentry","tag-wood","tag-wood-block","product-type-wood-forming-machine"],"_links":{"self":[{"href":"https:\/\/hnwoodmachinery.com\/de\/wp-json\/wp\/v2\/product\/668","targetHints":{"allow":["GET"]}}],"collection":[{"href":"https:\/\/hnwoodmachinery.com\/de\/wp-json\/wp\/v2\/product"}],"about":[{"href":"https:\/\/hnwoodmachinery.com\/de\/wp-json\/wp\/v2\/types\/product"}],"author":[{"embeddable":true,"href":"https:\/\/hnwoodmachinery.com\/de\/wp-json\/wp\/v2\/users\/1"}],"wp:featuredmedia":[{"embeddable":true,"href":"https:\/\/hnwoodmachinery.com\/de\/wp-json\/wp\/v2\/media\/669"}],"wp:attachment":[{"href":"https:\/\/hnwoodmachinery.com\/de\/wp-json\/wp\/v2\/media?parent=668"}],"wp:term":[{"taxonomy":"post_tag","embeddable":true,"href":"https:\/\/hnwoodmachinery.com\/de\/wp-json\/wp\/v2\/tags?post=668"},{"taxonomy":"product-type","embeddable":true,"href":"https:\/\/hnwoodmachinery.com\/de\/wp-json\/wp\/v2\/product-type?post=668"}],"curies":[{"name":"wp","href":"https:\/\/api.w.org\/{rel}","templated":true}]}}