{"id":651,"date":"2022-10-11T18:12:30","date_gmt":"2022-10-11T10:12:30","guid":{"rendered":"https:\/\/hnwoodmachinery.com\/?post_type=product&#038;p=651"},"modified":"2024-09-13T18:29:07","modified_gmt":"2024-09-13T10:29:07","slug":"hydraulic-wood-pallet-machine","status":"publish","type":"product","link":"https:\/\/hnwoodmachinery.com\/de\/product\/hydraulic-wood-pallet-machine\/","title":{"rendered":"Hydraulische Holzpalettenmaschine Presswood-Palettenpressausr\u00fcstung"},"content":{"rendered":"<div class=\"kk-star-ratings kksr-auto kksr-align-left kksr-valign-top\"     data-payload='{&quot;align&quot;:&quot;left&quot;,&quot;id&quot;:&quot;651&quot;,&quot;slug&quot;:&quot;default&quot;,&quot;valign&quot;:&quot;top&quot;,&quot;ignore&quot;:&quot;&quot;,&quot;reference&quot;:&quot;auto&quot;,&quot;class&quot;:&quot;&quot;,&quot;count&quot;:&quot;90&quot;,&quot;legendonly&quot;:&quot;&quot;,&quot;readonly&quot;:&quot;&quot;,&quot;score&quot;:&quot;4.8&quot;,&quot;starsonly&quot;:&quot;&quot;,&quot;best&quot;:&quot;5&quot;,&quot;gap&quot;:&quot;5&quot;,&quot;greet&quot;:&quot;Rate this product&quot;,&quot;legend&quot;:&quot;4.8\\\/5 - (90 votes)&quot;,&quot;size&quot;:&quot;24&quot;,&quot;title&quot;:&quot;Hydraulic Wood Pallet Machine Presswood Pallet Press Equipment&quot;,&quot;width&quot;:&quot;136.7&quot;,&quot;_legend&quot;:&quot;{score}\\\/{best} - ({count} {votes})&quot;,&quot;font_factor&quot;:&quot;1.25&quot;}'>              <div class=\"kksr-stars\">      <div class=\"kksr-stars-inactive\">             <div class=\"kksr-star\" data-star=\"1\" style=\"padding-right: 5px\">               <div class=\"kksr-icon\" style=\"width: 24px; height: 24px;\"><\/div>         <\/div>             <div class=\"kksr-star\" data-star=\"2\" style=\"padding-right: 5px\">               <div class=\"kksr-icon\" style=\"width: 24px; height: 24px;\"><\/div>         <\/div>             <div class=\"kksr-star\" data-star=\"3\" style=\"padding-right: 5px\">               <div class=\"kksr-icon\" style=\"width: 24px; height: 24px;\"><\/div>         <\/div>             <div class=\"kksr-star\" data-star=\"4\" style=\"padding-right: 5px\">               <div class=\"kksr-icon\" style=\"width: 24px; height: 24px;\"><\/div>         <\/div>             <div class=\"kksr-star\" data-star=\"5\" style=\"padding-right: 5px\">               <div class=\"kksr-icon\" style=\"width: 24px; height: 24px;\"><\/div>         <\/div>     <\/div>      <div class=\"kksr-stars-active\" style=\"width: 136.7px;\">             <div class=\"kksr-star\" style=\"padding-right: 5px\">               <div class=\"kksr-icon\" style=\"width: 24px; height: 24px;\"><\/div>         <\/div>             <div class=\"kksr-star\" style=\"padding-right: 5px\">               <div class=\"kksr-icon\" style=\"width: 24px; height: 24px;\"><\/div>         <\/div>             <div class=\"kksr-star\" style=\"padding-right: 5px\">               <div class=\"kksr-icon\" style=\"width: 24px; height: 24px;\"><\/div>         <\/div>             <div class=\"kksr-star\" style=\"padding-right: 5px\">               <div class=\"kksr-icon\" style=\"width: 24px; height: 24px;\"><\/div>         <\/div>             <div class=\"kksr-star\" style=\"padding-right: 5px\">               <div class=\"kksr-icon\" style=\"width: 24px; height: 24px;\"><\/div>         <\/div>     <\/div> <\/div>                   <div class=\"kksr-legend\" style=\"font-size: 19.2px;\">             4,8\/5 - (90 Stimmen)    <\/div>     <\/div>  <p>Die hydraulische Holzpalettenmaschine formt Holzs\u00e4gemehl und verschiedene Rohstoffe effizient in einem einzigen Hei\u00dfpressvorgang. Alle 4\u20135 Minuten wird eine Palette produziert, was einer Produktion von \u00fcber 200 Paletten pro Tag entspricht. <\/p>    <p>Diese Pressholzpalettenmaschine verarbeitet eine Reihe von Rohstoffen, darunter Holzsp\u00e4ne, Kokosnussschalen und S\u00e4gemehlabf\u00e4lle. Die mit dieser Maschine hergestellten Holzpaletten sind robust, langlebig und werden h\u00e4ufig verwendet. F\u00fcr unsere Holzpaletten bieten wir verschiedene Modelle an, die auch individuell in verschiedene Formen gebracht werden k\u00f6nnen. Dadurch k\u00f6nnen wir auf die vielf\u00e4ltigen Bed\u00fcrfnisse unserer Kunden eingehen.<\/p>    <figure class=\"wp-block-embed aligncenter is-type-video is-provider-youtube wp-block-embed-youtube wp-embed-aspect-16-9 wp-has-aspect-ratio\"><div class=\"wp-block-embed__wrapper\"> <iframe loading=\"lazy\" title=\"Automatisierte Pressholz-Palettenmaschine in Aktion: Revolutionierung der Palettenproduktion!#woodmachine\" width=\"500\" height=\"281\" src=\"https:\/\/www.youtube.com\/embed\/n4uJwvmJ9R0?feature=oembed\" frameborder=\"0\" allow=\"accelerometer; autoplay; clipboard-write; encrypted-media; gyroscope; picture-in-picture; web-share\" referrerpolicy=\"strict-origin-when-cross-origin\" allowfullscreen><\/iframe> <\/div><figcaption class=\"wp-element-caption\">Video zur Funktionsweise einer Holzpalettenpressmaschine<\/figcaption><\/figure>    <p class=\"translation-block\">Unsere Holzpalettenmaschinen sind in verschiedenen L\u00e4ndern beliebt, darunter Kanada, \u00c4gypten, Malaysia, Madagaskar, Mexiko und die Slowakei. Dar\u00fcber hinaus produzieren wir <a href=\"https:\/\/hnwoodmachinery.com\/de\/product\/wood-hammer-mill\/\">S\u00e4gesp\u00e4ne-Maschinen<\/a>, die in Verbindung mit der hydraulischen Holzpalettenmaschine verwendet werden k\u00f6nnen.<\/p>    <figure class=\"wp-block-gallery has-nested-images columns-default is-cropped wp-block-gallery-2 is-layout-flex wp-block-gallery-is-layout-flex\"> <figure class=\"wp-block-image size-large\"><img loading=\"lazy\" decoding=\"async\" width=\"720\" height=\"540\" data-id=\"654\" src=\"https:\/\/hnwoodmachinery.com\/wp-content\/uploads\/2022\/10\/hydraulic-wood-pallet-machine-1.webp\" alt=\"hydraulische Holzpalettenmaschine\" class=\"wp-image-654\" title=\"hydraulische Holzpalettenmaschine\"\/><figcaption class=\"wp-element-caption\">Hydraulische Holzpalettenmaschine<\/figcaption><\/figure>    <figure class=\"wp-block-image size-large\"><img loading=\"lazy\" decoding=\"async\" width=\"720\" height=\"540\" data-id=\"655\" src=\"https:\/\/hnwoodmachinery.com\/wp-content\/uploads\/2022\/10\/press-wood-pallet-making-machine-.webp\" alt=\"Pressmaschine zur Herstellung von Holzpaletten\" class=\"wp-image-655\" title=\"Pressmaschine zur Herstellung von Holzpaletten\"\/><figcaption class=\"wp-element-caption\">Pressmaschine zur Herstellung von Holzpaletten<\/figcaption><\/figure> <\/figure>    <h2 class=\"wp-block-heading\">Materialien, die mit einer Maschine zur Herstellung von Pressholzpaletten verarbeitet werden<\/h2>    <p class=\"translation-block\"><strong>Rohmaterial:<\/strong> Die Rohmaterialien, die von der Holzpalettenmaschine verarbeitet werden k\u00f6nnen, sind recht vielf\u00e4ltig. Typischerweise umfassen diese Kokosnussschalen, Kokosfasern, Papier, Biomasse-Materialien, Abfall-Holzsp\u00e4ne, S\u00e4gesp\u00e4ne, Sp\u00e4ne und verschiedene Arten von Holzsp\u00e4nen.<\/p>   <div class=\"wp-block-image\"> <figure class=\"aligncenter size-full\"><img loading=\"lazy\" decoding=\"async\" width=\"720\" height=\"540\" src=\"https:\/\/hnwoodmachinery.com\/wp-content\/uploads\/2022\/10\/raw-material-of-the-wood-pallet-.webp\" alt=\"Rohstoff der Holzpalette\" class=\"wp-image-656\" title=\"Rohstoff der Holzpalette\"\/><figcaption class=\"wp-element-caption\">Rohstoff der Holzpalette<\/figcaption><\/figure> <\/div>   <p class=\"translation-block\"><strong>Anwendung von Holzpaletten:<\/strong> Die Holzpaletten sind in der Lage, schwere Gegenst\u00e4nde zu tragen und verschiedene Artikel zu transportieren, darunter Lebensmittel, Medikamente, landwirtschaftliche Produkte und D\u00fcnger.<\/p>   <div class=\"wp-block-image\"> <figure class=\"aligncenter size-full\"><img loading=\"lazy\" decoding=\"async\" width=\"720\" height=\"540\" src=\"https:\/\/hnwoodmachinery.com\/wp-content\/uploads\/2022\/10\/Application-of-wood-pallet-.webp\" alt=\"Anwendung einer Holzpalette\" class=\"wp-image-657\" title=\"Anwendung einer Holzpalette\"\/><figcaption class=\"wp-element-caption\"><strong>Anwendung einer Holzpalette<\/strong><\/figcaption><\/figure> <\/div>   <h2 class=\"wp-block-heading\">Aufbau der Palettenpressmaschine<\/h2>    <p>Die hydraulische Holzpalettenmaschine besteht im Wesentlichen aus einer hydraulischen Pumpstation, einem Hydraulikzylinder, Ober- und Unterwerkzeugen, einem Schaltschrank, einer Formtemperaturmaschine und anderen Komponenten. Verschiedene Maschinenmodelle erzeugen unterschiedliche Dr\u00fccke.<\/p>    <figure class=\"wp-block-gallery has-nested-images columns-default is-cropped wp-block-gallery-3 is-layout-flex wp-block-gallery-is-layout-flex\"> <figure class=\"wp-block-image size-large\"><img loading=\"lazy\" decoding=\"async\" width=\"720\" height=\"540\" data-id=\"658\" src=\"https:\/\/hnwoodmachinery.com\/wp-content\/uploads\/2022\/10\/pallet-press-machine\u2018control-panel-.webp\" alt=\"Steuerpanel der Palettenpressmaschine\" class=\"wp-image-658\" title=\"Steuerpanel der Palettenpressmaschine\"\/><figcaption class=\"wp-element-caption\">Bedienfeld der Palettenpresse<\/figcaption><\/figure>    <figure class=\"wp-block-image size-large\"><img loading=\"lazy\" decoding=\"async\" width=\"720\" height=\"540\" data-id=\"659\" src=\"https:\/\/hnwoodmachinery.com\/wp-content\/uploads\/2022\/10\/molding-part-.webp\" alt=\"\" class=\"wp-image-659\" title=\"\"><figcaption class=\"wp-element-caption\">Formteil <\/figcaption><\/figure>    <figure class=\"wp-block-image size-large\"><img loading=\"lazy\" decoding=\"async\" width=\"720\" height=\"540\" data-id=\"660\" src=\"https:\/\/hnwoodmachinery.com\/wp-content\/uploads\/2022\/10\/upper-part-of-the-wood-pallet-machine-.webp\" alt=\"obere Teil der Holzpalettenmaschine\" class=\"wp-image-660\" title=\"obere Teil der Holzpalettenmaschine\"\/><figcaption class=\"wp-element-caption\">Oberer Teil der Holzpalettenmaschine<\/figcaption><\/figure> <\/figure>    <h2 class=\"wp-block-heading\">Arbeitsablauf einer S\u00e4gemehl-Pelletpresse<\/h2>   <div id=\"rank-math-howto\" class=\"rank-math-block\" > <div class=\"rank-math-howto-description\">  <\/div>  <div class=\"rank-math-steps\"> <div id=\"howto-step-1717482181808\" class=\"rank-math-step\"> <div class=\"rank-math-step-content\"><p>Die Arbeiter legen zun\u00e4chst das Rohmaterial flach in die Form der hydraulischen Holzpalettenmaschine.<\/p> <\/div> <\/div> <div id=\"howto-step-1717482237057\" class=\"rank-math-step\"> <div class=\"rank-math-step-content\"><p>Schalten Sie die Maschine ein und richten Sie sie mehrmals ein. Danach beginnt die Maschine mit dem Hei\u00dfpressen des Rohmaterials.<\/p> <\/div> <\/div> <div id=\"howto-step-1717482241247\" class=\"rank-math-step\"> <div class=\"rank-math-step-content\"><p>Nach etwa 4 bis 5 Minuten ist der Herstellungsprozess der Holzpalette abgeschlossen.<\/p> <\/div> <\/div> <\/div> <\/div>       <figure class=\"wp-block-embed aligncenter is-type-video is-provider-youtube wp-block-embed-youtube wp-embed-aspect-16-9 wp-has-aspect-ratio\"><div class=\"wp-block-embed__wrapper\"> <iframe loading=\"lazy\" title=\"Effizienzsteigerung: Erleben Sie unsere Pressholz-Palettenformmaschine in Aktion! #Holzverarbeitung\" width=\"500\" height=\"281\" src=\"https:\/\/www.youtube.com\/embed\/BRzDbvVdf7U?feature=oembed\" frameborder=\"0\" allow=\"accelerometer; autoplay; clipboard-write; encrypted-media; gyroscope; picture-in-picture; web-share\" referrerpolicy=\"strict-origin-when-cross-origin\" allowfullscreen><\/iframe> <\/div><figcaption class=\"wp-element-caption\">Video zur hydraulischen Holzpalettenmaschine<\/figcaption><\/figure>    <h2 class=\"wp-block-heading\">Technische Parameter der Maschine zur Herstellung von Hei\u00dfpresspaletten<\/h2>    <figure class=\"wp-block-table is-style-stripes\"><table><tbody><tr><td>Modell<\/td><td>SL-800-102 mit zwei Formen<\/td><\/tr><tr><td>Formengr\u00f6\u00dfe<\/td><td>1200*800mm (anpassbar)<\/td><\/tr><tr><td>Stromspannung<\/td><td>11 kW (neueste)<\/td><\/tr><tr><td>Kapazit\u00e4t<\/td><td>220 St\u00fcck\/Tag<\/td><\/tr><tr><td>Arbeitsdruck<\/td><td>25 MPa<\/td><\/tr><tr><td>\u00d6lzylinder<\/td><td>\u03a6360*4Stk<\/td><\/tr><tr><td>Schlaganfall<\/td><td>400mm<\/td><\/tr><tr><td>Dimension<\/td><td>3,3mX3mX3,2m<\/td><\/tr><tr><td>Gewicht<\/td><td>25 Tonnen<\/td><\/tr><\/tbody><\/table><figcaption class=\"wp-element-caption\">Parameter der Hei\u00dfpressen-Palettenherstellungsmaschine<\/figcaption><\/figure>    <h2 class=\"wp-block-heading\">Warum sollten Sie sich f\u00fcr unsere Holzpalettenmaschine entscheiden?<\/h2>    <ul class=\"wp-block-list\"> <li>Die hydraulische Holzpalettenmaschine ist vielseitig und kann eine Vielzahl von Rohstoffen verarbeiten, darunter verschiedene Arten von Holzs\u00e4gemehl und Langfasermaterialien. Diese Flexibilit\u00e4t erm\u00f6glicht es Benutzern, ihren Rohstoffeinsatz zu minimieren.<\/li>    <li>Es sind mehrere Modelle dieser Maschine erh\u00e4ltlich, die die Herstellung von Holzpaletten in verschiedenen Gr\u00f6\u00dfen erm\u00f6glichen.<\/li>    <li>Die Pressholzpalettenmaschine arbeitet mit hohem Druck, was zu soliden und langlebigen Holzpaletten f\u00fchrt.<\/li>    <li>Dank der Vier-Pfosten-Struktur ist das Ger\u00e4t stabil, wartungsfreundlich und auf eine lange Lebensdauer ausgelegt.<\/li>    <li>Das SPS-Steuerungssystem ist benutzerfreundlich und erm\u00f6glicht es Ihnen, die Zeit und Temperatur entsprechend Ihren Bed\u00fcrfnissen einzustellen.<\/li> <\/ul>    <figure class=\"wp-block-gallery has-nested-images columns-default is-cropped wp-block-gallery-4 is-layout-flex wp-block-gallery-is-layout-flex\"> <figure class=\"wp-block-image size-large\"><img loading=\"lazy\" decoding=\"async\" width=\"720\" height=\"540\" data-id=\"666\" src=\"https:\/\/hnwoodmachinery.com\/wp-content\/uploads\/2022\/10\/wood-pallet-machine-.webp\" alt=\"Holzpalettenmaschine\" class=\"wp-image-666\" title=\"Holzpalettenmaschine\"\/><figcaption class=\"wp-element-caption\">Holzpalettenmaschine<\/figcaption><\/figure>    <figure class=\"wp-block-image size-large\"><img loading=\"lazy\" decoding=\"async\" width=\"720\" height=\"540\" data-id=\"667\" src=\"https:\/\/hnwoodmachinery.com\/wp-content\/uploads\/2022\/10\/wood-pallets-2.webp\" alt=\"Holzpalette \" class=\"wp-image-667\" title=\"Holzpalette \"\/><figcaption class=\"wp-element-caption\">Holzpalette <\/figcaption><\/figure> <\/figure>    <h2 class=\"wp-block-heading\">Welche Vorteile haben Holzpaletten?<\/h2>    <ul class=\"wp-block-list\"> <li>Holzpaletten erfordern keine Begasung, was einen einfachen Import und Export erm\u00f6glicht.<\/li>    <li>Sie entsprechen den Umweltschutzstandards und haben niedrige Produktionskosten.<\/li>    <li>Holzpaletten behalten eine stabile Form, widerstehen Verformungen und haben eine lange Lebensdauer.<\/li>    <li>Sie zeichnen sich durch hohe Pr\u00e4zision und leichte Bauweise aus.<\/li> <\/ul>    <figure class=\"wp-block-gallery has-nested-images columns-default is-cropped wp-block-gallery-5 is-layout-flex wp-block-gallery-is-layout-flex\"> <figure class=\"wp-block-image size-large\"><img loading=\"lazy\" decoding=\"async\" width=\"720\" height=\"540\" data-id=\"661\" src=\"https:\/\/hnwoodmachinery.com\/wp-content\/uploads\/2022\/10\/finished-wood-pallet-.webp\" alt=\"fertige Holzpalette\" class=\"wp-image-661\" title=\"fertige Holzpalette\"\/><figcaption class=\"wp-element-caption\">Fertige Holzpalette<\/figcaption><\/figure>    <figure class=\"wp-block-image size-large\"><img loading=\"lazy\" decoding=\"async\" width=\"720\" height=\"540\" data-id=\"662\" src=\"https:\/\/hnwoodmachinery.com\/wp-content\/uploads\/2022\/10\/wood-pallets-.webp\" alt=\"Holzpaletten\" class=\"wp-image-662\" title=\"Holzpaletten\"\/><figcaption class=\"wp-element-caption\">Holzpaletten<\/figcaption><\/figure> <\/figure>    <figure class=\"wp-block-gallery has-nested-images columns-default is-cropped wp-block-gallery-6 is-layout-flex wp-block-gallery-is-layout-flex\"> <figure class=\"wp-block-image size-large\"><img loading=\"lazy\" decoding=\"async\" width=\"720\" height=\"540\" data-id=\"1103\" src=\"https:\/\/hnwoodmachinery.com\/wp-content\/uploads\/2022\/10\/wooden-pallets.webp\" alt=\"Holzpaletten\" class=\"wp-image-1103\" title=\"\" srcset=\"https:\/\/hnwoodmachinery.com\/wp-content\/uploads\/2022\/10\/wooden-pallets.webp 720w, https:\/\/hnwoodmachinery.com\/wp-content\/uploads\/2022\/10\/wooden-pallets-300x225.webp 300w, https:\/\/hnwoodmachinery.com\/wp-content\/uploads\/2022\/10\/wooden-pallets-16x12.webp 16w\" sizes=\"auto, (max-width: 720px) 100vw, 720px\" \/><figcaption class=\"wp-element-caption\">Holzpaletten<\/figcaption><\/figure>    <figure class=\"wp-block-image size-large\"><img loading=\"lazy\" decoding=\"async\" width=\"720\" height=\"540\" data-id=\"1102\" src=\"https:\/\/hnwoodmachinery.com\/wp-content\/uploads\/2022\/10\/presswood-pallet-production.webp\" alt=\"Pressholzpalettenproduktion\" class=\"wp-image-1102\" title=\"\" srcset=\"https:\/\/hnwoodmachinery.com\/wp-content\/uploads\/2022\/10\/presswood-pallet-production.webp 720w, https:\/\/hnwoodmachinery.com\/wp-content\/uploads\/2022\/10\/presswood-pallet-production-300x225.webp 300w, https:\/\/hnwoodmachinery.com\/wp-content\/uploads\/2022\/10\/presswood-pallet-production-16x12.webp 16w\" sizes=\"auto, (max-width: 720px) 100vw, 720px\" \/><figcaption class=\"wp-element-caption\">Produktion von Pressholzpaletten<\/figcaption><\/figure> <\/figure>    <h2 class=\"wp-block-heading\">FAQ<\/h2>   <div id=\"rank-math-faq\" class=\"rank-math-block\"> <div class=\"rank-math-list\"> <div id=\"faq-question-1717482314554\" class=\"rank-math-list-item\"> <h3 class=\"rank-math-question\">Kann die Gr\u00f6\u00dfe von Holzpaletten individuell angepasst werden?<\/h3> <div class=\"rank-math-answer\">  <p>Ja, das ist m\u00f6glich.<\/p>  <\/div> <\/div> <div id=\"faq-question-1717482319564\" class=\"rank-math-list-item\"> <h3 class=\"rank-math-question\">Kann die Form von Holzpaletten ersetzt werden? Kann es angepasst werden?<\/h3> <div class=\"rank-math-answer\">  <p>Die Formen k\u00f6nnen ge\u00e4ndert werden. Wir k\u00f6nnen die Form von Holzpaletten gem\u00e4\u00df den Anforderungen des Kunden anpassen.<\/p>  <\/div> <\/div> <div id=\"faq-question-1717482326171\" class=\"rank-math-list-item\"> <h3 class=\"rank-math-question\">Welches Gewicht k\u00f6nnen Holzpaletten tragen?<\/h3> <div class=\"rank-math-answer\">  <p>Statische Belastung: 3, 5, 10 Tonnen. Dynamische Belastung: 3-5 Tonnen.<\/p>  <\/div> <\/div> <div id=\"faq-question-1717482333756\" class=\"rank-math-list-item\"> <h3 class=\"rank-math-question\">Wie hoch ist der Feuchtigkeitsbedarf des Rohmaterials?<\/h3> <div class=\"rank-math-answer\">  <p>Je weniger Feuchtigkeit, desto besser. Im Allgemeinen liegt sie bei etwa 10%.<\/p>  <\/div> <\/div> <div id=\"faq-question-1717482341738\" class=\"rank-math-list-item\"> <h3 class=\"rank-math-question\">Wie lange dauert die Herstellung einer Holzpalette?<\/h3> <div class=\"rank-math-answer\">  <p>4-5 Minuten.<\/p>  <\/div> <\/div> <\/div> <\/div>   <figure class=\"wp-block-gallery has-nested-images columns-default is-cropped wp-block-gallery-7 is-layout-flex wp-block-gallery-is-layout-flex\"> <figure class=\"wp-block-image size-large\"><img loading=\"lazy\" decoding=\"async\" width=\"720\" height=\"540\" data-id=\"664\" src=\"https:\/\/hnwoodmachinery.com\/wp-content\/uploads\/2022\/10\/sawdust-pellet-press-machines-mold-1-1.jpg\" alt=\"Form der Holzpelletpresse\" class=\"wp-image-664\" title=\"Form der Holzpelletpresse\"\/><figcaption class=\"wp-element-caption\">Form der S\u00e4gesp\u00e4ne-Pelletpresse<\/figcaption><\/figure>    <figure class=\"wp-block-image size-large\"><img loading=\"lazy\" decoding=\"async\" width=\"720\" height=\"540\" data-id=\"665\" src=\"https:\/\/hnwoodmachinery.com\/wp-content\/uploads\/2022\/10\/hot-press-pallet-making-machine-.jpg\" alt=\"Form der Hei\u00dfpresspalette-Maschine \" class=\"wp-image-665\" title=\"Form der Hei\u00dfpresspalette-Maschine \"\/><figcaption class=\"wp-element-caption\">Form der Hei\u00dfpressen-Palettenherstellungsmaschine <\/figcaption><\/figure> <\/figure>    <h2 class=\"wp-block-heading\">Holzpalettenmaschine nach Kanada verkauft<\/h2>    <p class=\"translation-block\">Ein Kunde aus <a href=\"https:\/\/en.wikipedia.org\/wiki\/Canada\" target=\"_blank\" rel=\"noopener\">Kanada<\/a> hat letzte Woche bei uns eine Bestellung f\u00fcr eine TP-800-102 hydraulische Holzpalettenmaschine aufgegeben. Durch unsere Gespr\u00e4che haben wir herausgefunden, dass der Kunde eine Holzpalettenfabrik betreibt und eine neue Maschine erwerben m\u00f6chte. <\/p>    <p>Zuvor nutzte der Kunde eine \u00e4ltere Rahmenholzpalettenmaschine. Wir haben das neue Modell vorgeschlagen und dabei den geringeren Platzbedarf, die h\u00f6here Effizienz und die Langlebigkeit des Endprodukts hervorgehoben. Nach einer ausf\u00fchrlichen Einf\u00fchrung in die Maschine entschied sich der Kunde f\u00fcr den Kauf der Holzpalettenmaschine.<\/p>","protected":false},"excerpt":{"rendered":"<p>Die hydraulische Holzpalettenmaschine formt Holzs\u00e4gemehl und verschiedene Rohstoffe effizient in einem einzigen Hei\u00dfpressvorgang. Alle 4\u20135 Minuten wird eine Palette produziert, was einer Produktion von \u00fcber 200 Paletten pro Tag entspricht. <\/p>","protected":false},"author":1,"featured_media":653,"parent":0,"template":"","tags":[35,39],"product-type":[30],"class_list":["post-651","product","type-product","status-publish","has-post-thumbnail","hentry","tag-wood","tag-wood-pallet","product-type-wood-forming-machine"],"_links":{"self":[{"href":"https:\/\/hnwoodmachinery.com\/de\/wp-json\/wp\/v2\/product\/651","targetHints":{"allow":["GET"]}}],"collection":[{"href":"https:\/\/hnwoodmachinery.com\/de\/wp-json\/wp\/v2\/product"}],"about":[{"href":"https:\/\/hnwoodmachinery.com\/de\/wp-json\/wp\/v2\/types\/product"}],"author":[{"embeddable":true,"href":"https:\/\/hnwoodmachinery.com\/de\/wp-json\/wp\/v2\/users\/1"}],"wp:featuredmedia":[{"embeddable":true,"href":"https:\/\/hnwoodmachinery.com\/de\/wp-json\/wp\/v2\/media\/653"}],"wp:attachment":[{"href":"https:\/\/hnwoodmachinery.com\/de\/wp-json\/wp\/v2\/media?parent=651"}],"wp:term":[{"taxonomy":"post_tag","embeddable":true,"href":"https:\/\/hnwoodmachinery.com\/de\/wp-json\/wp\/v2\/tags?post=651"},{"taxonomy":"product-type","embeddable":true,"href":"https:\/\/hnwoodmachinery.com\/de\/wp-json\/wp\/v2\/product-type?post=651"}],"curies":[{"name":"wp","href":"https:\/\/api.w.org\/{rel}","templated":true}]}}