{"id":30,"date":"2022-07-18T03:48:36","date_gmt":"2022-07-18T03:48:36","guid":{"rendered":"https:\/\/hnwoodmachinery.com\/?post_type=product&#038;p=30"},"modified":"2024-09-11T17:57:28","modified_gmt":"2024-09-11T09:57:28","slug":"shavings-for-animal-bedding","status":"publish","type":"product","link":"https:\/\/hnwoodmachinery.com\/de\/product\/shavings-for-animal-bedding\/","title":{"rendered":"Sp\u00e4ne f\u00fcr Tierstreu Guter Preis Holzschermaschine"},"content":{"rendered":"<div class=\"kk-star-ratings kksr-auto kksr-align-left kksr-valign-top\"     data-payload='{&quot;align&quot;:&quot;left&quot;,&quot;id&quot;:&quot;30&quot;,&quot;slug&quot;:&quot;default&quot;,&quot;valign&quot;:&quot;top&quot;,&quot;ignore&quot;:&quot;&quot;,&quot;reference&quot;:&quot;auto&quot;,&quot;class&quot;:&quot;&quot;,&quot;count&quot;:&quot;92&quot;,&quot;legendonly&quot;:&quot;&quot;,&quot;readonly&quot;:&quot;&quot;,&quot;score&quot;:&quot;4.8&quot;,&quot;starsonly&quot;:&quot;&quot;,&quot;best&quot;:&quot;5&quot;,&quot;gap&quot;:&quot;5&quot;,&quot;greet&quot;:&quot;Rate this product&quot;,&quot;legend&quot;:&quot;4.8\\\/5 - (92 votes)&quot;,&quot;size&quot;:&quot;24&quot;,&quot;title&quot;:&quot;Shavings For Animal Bedding Good Price Wood Shaving Machine&quot;,&quot;width&quot;:&quot;136.7&quot;,&quot;_legend&quot;:&quot;{score}\\\/{best} - ({count} {votes})&quot;,&quot;font_factor&quot;:&quot;1.25&quot;}'>              <div class=\"kksr-stars\">      <div class=\"kksr-stars-inactive\">             <div class=\"kksr-star\" data-star=\"1\" style=\"padding-right: 5px\">               <div class=\"kksr-icon\" style=\"width: 24px; height: 24px;\"><\/div>         <\/div>             <div class=\"kksr-star\" data-star=\"2\" style=\"padding-right: 5px\">               <div class=\"kksr-icon\" style=\"width: 24px; height: 24px;\"><\/div>         <\/div>             <div class=\"kksr-star\" data-star=\"3\" style=\"padding-right: 5px\">               <div class=\"kksr-icon\" style=\"width: 24px; height: 24px;\"><\/div>         <\/div>             <div class=\"kksr-star\" data-star=\"4\" style=\"padding-right: 5px\">               <div class=\"kksr-icon\" style=\"width: 24px; height: 24px;\"><\/div>         <\/div>             <div class=\"kksr-star\" data-star=\"5\" style=\"padding-right: 5px\">               <div class=\"kksr-icon\" style=\"width: 24px; height: 24px;\"><\/div>         <\/div>     <\/div>      <div class=\"kksr-stars-active\" style=\"width: 136.7px;\">             <div class=\"kksr-star\" style=\"padding-right: 5px\">               <div class=\"kksr-icon\" style=\"width: 24px; height: 24px;\"><\/div>         <\/div>             <div class=\"kksr-star\" style=\"padding-right: 5px\">               <div class=\"kksr-icon\" style=\"width: 24px; height: 24px;\"><\/div>         <\/div>             <div class=\"kksr-star\" style=\"padding-right: 5px\">               <div class=\"kksr-icon\" style=\"width: 24px; height: 24px;\"><\/div>         <\/div>             <div class=\"kksr-star\" style=\"padding-right: 5px\">               <div class=\"kksr-icon\" style=\"width: 24px; height: 24px;\"><\/div>         <\/div>             <div class=\"kksr-star\" style=\"padding-right: 5px\">               <div class=\"kksr-icon\" style=\"width: 24px; height: 24px;\"><\/div>         <\/div>     <\/div> <\/div>                   <div class=\"kksr-legend\" style=\"font-size: 19.2px;\">             4,8\/5 - (92 Stimmen)    <\/div>     <\/div>  <p>Die Holzhobelmaschine ist speziell daf\u00fcr konzipiert, Rundholz mit unterschiedlichen Durchmessern in qualitativ hochwertige Hobelsp\u00e4ne f\u00fcr die Einstreu von Tieren zu spalten. Durch die Rotation seiner Klinge erzeugt er ultrafeine Sp\u00e4ne mit einer Pr\u00e4zision von bis zu 0,5 mm. <\/p>    <p>Es kann bis zu 3.000 kg Holz pro Stunde verarbeiten, was dazu beitr\u00e4gt, den Energieverbrauch im Produktionsprozess um 20% zu senken. Ob im M\u00f6belbau, in der Plattenproduktion oder bei der Vorbehandlung von Baustoffen \u2013 es tr\u00e4gt zu einer verbesserten Produktionseffizienz bei.<\/p>    <p>Die fertigen Sp\u00e4ne haben anpassbare Gr\u00f6\u00dfen und k\u00f6nnen als Einstreu f\u00fcr die Zucht und Fortpflanzung von Nutztieren wie Pferden, Schweinen, Rindern, Schafen, H\u00fchnern, Haustieren usw. verwendet werden. Sie sind sehr vorteilhaft f\u00fcr die Pferdezuchtindustrie, die Tierhaltung oder die Tierzuchtindustrie .<\/p>    <figure class=\"wp-block-embed aligncenter is-type-video is-provider-youtube wp-block-embed-youtube wp-embed-aspect-16-9 wp-has-aspect-ratio\"><div class=\"wp-block-embed__wrapper\"> <iframe loading=\"lazy\" title=\"Aus Abfall einen Schatz machen: Der erstaunliche Betrieb einer hocheffizienten Holzsp\u00e4nenm\u00fchle!\" width=\"500\" height=\"281\" src=\"https:\/\/www.youtube.com\/embed\/AT86gcX0xlU?feature=oembed\" frameborder=\"0\" allow=\"accelerometer; autoplay; clipboard-write; encrypted-media; gyroscope; picture-in-picture; web-share\" referrerpolicy=\"strict-origin-when-cross-origin\" allowfullscreen><\/iframe> <\/div><figcaption class=\"wp-element-caption\">Arbeitsvideo von Holzsp\u00e4nen f\u00fcr Tierstreu<\/figcaption><\/figure>    <h2 class=\"wp-block-heading\" id=\"h-brief-introduction-shavings-for-animal-bedding\">Anpassbare Maschinensp\u00e4ne f\u00fcr Tiereinstreu<\/h2>    <p>Die Holzsp\u00e4nemaschine von Shuliy hat verschiedene Modelle. Wir k\u00f6nnen die Bed\u00fcrfnisse von mehr Kunden erf\u00fcllen. Wir k\u00f6nnen die Maschine auch nach den spezifischen Bed\u00fcrfnissen unserer Kunden anpassen. <\/p>    <p>Beispielsweise k\u00f6nnen wir den Rahmen der Sp\u00e4ne f\u00fcr Tierstreu anheben und zwei gro\u00dfe R\u00e4der hinzuf\u00fcgen, um den Kunden das Bewegen der Maschine usw. zu erleichtern. Die Tiefe des Messers kann je nach Bedarf angepasst werden, um Sp\u00e4ne unterschiedlicher Dicke zu erhalten. <\/p>    <p>Bez\u00fcglich der Leistung kann die Maschine mit einem Dieselmotor und einem Elektromotor ausgestattet werden. Die L\u00e4nder, in die wir h\u00e4ufig exportieren, sind S\u00fcdafrika und die umliegenden Gebiete.<\/p>    <figure class=\"wp-block-gallery has-nested-images columns-2 is-cropped wp-block-gallery-2 is-layout-flex wp-block-gallery-is-layout-flex\"> <figure class=\"wp-block-image size-large\"><img loading=\"lazy\" decoding=\"async\" width=\"720\" height=\"540\" data-id=\"441\" src=\"https:\/\/hnwoodmachinery.com\/wp-content\/uploads\/2022\/09\/wood-shaving-machine-0.webp\" alt=\"Sp\u00e4ne f\u00fcr Tierbettung\" class=\"wp-image-441\" title=\"Sp\u00e4ne f\u00fcr Tierbettung\"\/><figcaption class=\"wp-element-caption\">Sp\u00e4ne f\u00fcr Tierstreu<\/figcaption><\/figure>    <figure class=\"wp-block-image size-large\"><img loading=\"lazy\" decoding=\"async\" width=\"720\" height=\"540\" data-id=\"442\" src=\"https:\/\/hnwoodmachinery.com\/wp-content\/uploads\/2022\/09\/wood-shaving-machine-for-animal-bedding-0.webp\" alt=\"Holzsp\u00e4nenmaschine f\u00fcr Tierstreu\" class=\"wp-image-442\" title=\"Holzsp\u00e4nenmaschine f\u00fcr Tierstreu\"\/><figcaption class=\"wp-element-caption\">Holzschermaschine f\u00fcr Tierstreu<\/figcaption><\/figure>    <figure class=\"wp-block-image size-large\"><img loading=\"lazy\" decoding=\"async\" width=\"720\" height=\"540\" data-id=\"1162\" src=\"https:\/\/hnwoodmachinery.com\/wp-content\/uploads\/2022\/07\/portable-wood-shaving-machine-.webp\" alt=\"tragbare Holzsp\u00e4nemaschine\" class=\"wp-image-1162\" title=\"\" srcset=\"https:\/\/hnwoodmachinery.com\/wp-content\/uploads\/2022\/07\/portable-wood-shaving-machine-.webp 720w, https:\/\/hnwoodmachinery.com\/wp-content\/uploads\/2022\/07\/portable-wood-shaving-machine--300x225.webp 300w, https:\/\/hnwoodmachinery.com\/wp-content\/uploads\/2022\/07\/portable-wood-shaving-machine--16x12.webp 16w\" sizes=\"auto, (max-width: 720px) 100vw, 720px\" \/><figcaption class=\"wp-element-caption\">Tragbare Holzschermaschine<\/figcaption><\/figure>    <figure class=\"wp-block-image size-large\"><img loading=\"lazy\" decoding=\"async\" width=\"720\" height=\"540\" data-id=\"1161\" src=\"https:\/\/hnwoodmachinery.com\/wp-content\/uploads\/2022\/07\/diesel-wood-shaver-machine.webp\" alt=\"Diesel-Holzhobelmaschine\" class=\"wp-image-1161\" title=\"\" srcset=\"https:\/\/hnwoodmachinery.com\/wp-content\/uploads\/2022\/07\/diesel-wood-shaver-machine.webp 720w, https:\/\/hnwoodmachinery.com\/wp-content\/uploads\/2022\/07\/diesel-wood-shaver-machine-300x225.webp 300w, https:\/\/hnwoodmachinery.com\/wp-content\/uploads\/2022\/07\/diesel-wood-shaver-machine-16x12.webp 16w\" sizes=\"auto, (max-width: 720px) 100vw, 720px\" \/><figcaption class=\"wp-element-caption\">Diesel-Holzschermaschine<\/figcaption><\/figure> <\/figure>    <p class=\"translation-block\">Bevor Sie Sp\u00e4ne herstellen, k\u00f6nnen Sie die St\u00e4mme mit unserer <a href=\"https:\/\/hnwoodmachinery.com\/de\/product\/log-debarker-machine\/\">Entrindungsmaschine<\/a> vorbehandeln.<\/p>    <h2 class=\"wp-block-heading\" id=\"h-application-scope-of-wood-shaving-machine\">Anwendungsbereich der Holzsp\u00e4nenmaschine<\/h2>    <p class=\"translation-block\"><strong>Rohmaterial:<\/strong> St\u00e4mme (besser nach dem Sch\u00e4len), \u00c4ste usw.<\/p>    <p class=\"translation-block\"><strong>Anwendung fertiger Produkte<\/strong><\/p>    <ul class=\"wp-block-list\"> <li>Es kann zu Spanplatten (Sperrholz) verarbeitet werden, als Rohstoff f\u00fcr Zellstoffpapier in Papierfabriken und als F\u00fcllmaterial f\u00fcr den Transport empfindlicher G\u00fcter in Transportunternehmen verwendet werden. <\/li>    <li>Es wird auch als F\u00fcllung f\u00fcr kleine Schweine, Rinder, Schafe und verschiedene andere Tiere in ihren Nestern sowie als Bioenergie verwendet.<\/li>    <li>Diese Maschine wird von kleinen und mittleren Unternehmen sowie von einzelnen holzverarbeitenden Haushalten wie Spanplattenfabriken, Kartonherstellungsfabriken, Papierfabriken, Bioenergiebrennstoffen, Haustierstreu, Gefl\u00fcgelzucht f\u00fcr Einstreunester und fragiler Logistik eingesetzt Bettw\u00e4sche. <\/li>    <li>Es wird auch zum Anpflanzen und Z\u00fcchten von Pilzen verwendet.<\/li> <\/ul>   <div class=\"wp-block-image\"> <figure class=\"aligncenter size-full\"><img loading=\"lazy\" decoding=\"async\" width=\"720\" height=\"540\" src=\"https:\/\/hnwoodmachinery.com\/wp-content\/uploads\/2022\/09\/applications-of-wood-shaving-machine-0.webp\" alt=\"Anwendungen der Holzhobelmaschine\" class=\"wp-image-444\" title=\"Anwendungen der Holzhobelmaschine\"\/><figcaption class=\"wp-element-caption\">Anwendungen der Holzhobelmaschine<\/figcaption><\/figure> <\/div>  <div class=\"wp-block-image\"> <figure class=\"aligncenter size-full\"><img loading=\"lazy\" decoding=\"async\" width=\"720\" height=\"540\" src=\"http:\/\/hnwoodmachinery.com\/wp-content\/uploads\/2022\/07\/wood-shavings-machine-application.webp\" alt=\"Anwendung der Holzsp\u00e4nemaschine\" class=\"wp-image-1067\" title=\"\" srcset=\"https:\/\/hnwoodmachinery.com\/wp-content\/uploads\/2022\/07\/wood-shavings-machine-application.webp 720w, https:\/\/hnwoodmachinery.com\/wp-content\/uploads\/2022\/07\/wood-shavings-machine-application-300x225.webp 300w, https:\/\/hnwoodmachinery.com\/wp-content\/uploads\/2022\/07\/wood-shavings-machine-application-16x12.webp 16w\" sizes=\"auto, (max-width: 720px) 100vw, 720px\" \/><figcaption class=\"wp-element-caption\">Holzsp\u00e4ne f\u00fcr Tierstreu<\/figcaption><\/figure> <\/div>   <h2 class=\"wp-block-heading\" id=\"h-technical-information-on-the-industrial-wood-shaving-machine\">Technische Informationen zur industriellen Holzhobelmaschine<\/h2>    <figure class=\"wp-block-table is-style-stripes\"><table><tbody><tr><td><strong>MODELL<\/strong><strong><\/strong><\/td><td><strong>KAPAZIT\u00c4T<\/strong><strong><\/strong><\/td><td><strong>EINGABEGR\u00d6SSE<\/strong><strong><\/strong><\/td><td><strong>LEISTUNG<\/strong><strong><\/strong><\/td><\/tr><tr><td>SL-420<\/td><td>300 kg\/h<\/td><td>6cm<\/td><td>7,5 kW<\/td><\/tr><tr><td>SL-600<\/td><td>500 kg\/h<\/td><td>12cm<\/td><td>15 kW<\/td><\/tr><tr><td>SL-800<\/td><td>1000 kg\/h<\/td><td>16cm<\/td><td>30 kW<\/td><\/tr><tr><td>SL-1000<\/td><td>1500 kg\/h<\/td><td>20cm<\/td><td>55 kW<\/td><\/tr><tr><td>SL-1200<\/td><td>2000 kg\/h<\/td><td>24cm<\/td><td>55 kW<\/td><\/tr><tr><td>SL-1500<\/td><td>2500 kg\/h<\/td><td>32cm<\/td><td>75 kW<\/td><\/tr><\/tbody><\/table><figcaption class=\"wp-element-caption\">Parameter von Holzsp\u00e4nen f\u00fcr Tiereinstreu<\/figcaption><\/figure>    <h2 class=\"wp-block-heading\" id=\"h-structure-of-pine-wood-shaving-machine\">Aufbau einer Maschine zur Herstellung von Kiefernholzsp\u00e4nen<\/h2>    <p>Die Kiefernholzsp\u00e4nemaschine besteht haupts\u00e4chlich aus dem Rahmen, dem Zuf\u00fchrungsbereich, der Messerplatte, der Klinge, dem Sieb, dem Entladebereich usw. Im Allgemeinen ist die kleine Gr\u00f6\u00dfe der Sp\u00e4nemaschine auch mit Shakelong ausgestattet, das den bei der Arbeit erzeugten Staub konzentrieren kann. Wir k\u00f6nnen auch den Rahmen anheben und die R\u00e4der gem\u00e4\u00df den Anforderungen des Kunden installieren.<\/p>    <h2 class=\"wp-block-heading\" id=\"h-how-does-the-animal-bedding-machine-work\">Wie funktioniert die Scheithobelmaschine?<\/h2>   <div id=\"rank-math-howto\" class=\"rank-math-block\" > <div class=\"rank-math-howto-description\">  <\/div>  <div class=\"rank-math-steps\"> <div id=\"howto-step-1717403657746\" class=\"rank-math-step\"> <div class=\"rank-math-step-content\"><p>Nachdem das Rohmaterial in die Einf\u00fcll\u00f6ffnung gelangt ist, wird es durch den Aufprall des rotierenden Hochgeschwindigkeitshammers zerkleinert. Das Schermesser schneidet es dann in die Brechkammer.<\/p> <\/div> <\/div> <div id=\"howto-step-1717403675893\" class=\"rank-math-step\"> <div class=\"rank-math-step-content\"><p>Anschlie\u00dfend wird der vom eingebauten Windfl\u00fcgel erzeugte Wind durch das Sieb zum Materialauslass geleitet, oder es wird ein externer Ventilator verwendet, um den Wind zum Materialauslass zu pumpen.<\/p> <\/div> <\/div> <div id=\"howto-step-1717403683686\" class=\"rank-math-step\"> <div class=\"rank-math-step-content\"><p>Die Gr\u00f6\u00dfe der Sp\u00e4ne wird durch die Anpassung der Klingenl\u00e4nge und der Sieb\u00f6ffnungsgr\u00f6\u00dfe an unterschiedliche Anforderungen bestimmt.<\/p> <\/div> <\/div> <\/div> <\/div>       <figure class=\"wp-block-embed aligncenter is-type-video is-provider-youtube wp-block-embed-youtube wp-embed-aspect-16-9 wp-has-aspect-ratio\"><div class=\"wp-block-embed__wrapper\"> <iframe loading=\"lazy\" title=\"Hot Sale Holzhobelmaschine zu verkaufen! tragbare Holzhobelmaschine, Scheibenhobelhobelmaschine\" width=\"500\" height=\"281\" src=\"https:\/\/www.youtube.com\/embed\/Ioj-kvQLih4?start=1&#038;feature=oembed\" frameborder=\"0\" allow=\"accelerometer; autoplay; clipboard-write; encrypted-media; gyroscope; picture-in-picture; web-share\" referrerpolicy=\"strict-origin-when-cross-origin\" allowfullscreen><\/iframe> <\/div><figcaption class=\"wp-element-caption\">wie die Holzhobelmaschine funktioniert<\/figcaption><\/figure>    <h2 class=\"wp-block-heading\" id=\"h-disk-wood-shaving-machine-s-knife-and-blade\">Messer und Klinge der Holzsp\u00e4nemaschine<\/h2>    <ul class=\"wp-block-list\"> <li>Das Sp\u00e4nesystem ist der wichtigste Teil der Maschine, der die Messerplatte und die Klinge enth\u00e4lt.<\/li>    <li>Die von uns hergestellte Schneidscheibe und Klinge bestehen aus hochwertigem Material, sind stark und langlebig, scharf und sorgen f\u00fcr einen guten Rasiereffekt.<\/li>    <li>Dar\u00fcber hinaus variiert die Anzahl der Klingen von Modell zu Modell, wahlweise mit vier oder acht Klingen.<\/li>    <li>Die Neigung der Klinge kann eingestellt werden, um die Dicke der Sp\u00e4ne zu steuern.<\/li> <\/ul>    <figure class=\"wp-block-gallery has-nested-images columns-default is-cropped wp-block-gallery-3 is-layout-flex wp-block-gallery-is-layout-flex\"> <figure class=\"wp-block-image size-large\"><img loading=\"lazy\" decoding=\"async\" width=\"720\" height=\"540\" data-id=\"448\" src=\"https:\/\/hnwoodmachinery.com\/wp-content\/uploads\/2022\/09\/blade.webp\" alt=\"Klinge\" class=\"wp-image-448\" title=\"Klinge\"\/><figcaption class=\"wp-element-caption\">Klinge<\/figcaption><\/figure>    <figure class=\"wp-block-image size-large\"><img loading=\"lazy\" decoding=\"async\" width=\"720\" height=\"540\" data-id=\"449\" src=\"https:\/\/hnwoodmachinery.com\/wp-content\/uploads\/2022\/09\/cutter-.webp\" alt=\"Schneider \" class=\"wp-image-449\" title=\"Schneider \"\/><figcaption class=\"wp-element-caption\">Cutter <\/figcaption><\/figure> <\/figure>    <h2 class=\"wp-block-heading\" id=\"h-highlights-of-the-commercial-wood-shaving-machine\">Highlights der kommerziellen Holzsp\u00e4nem\u00fchle<\/h2>    <ul class=\"wp-block-list\"> <li>Die kommerzielle Holzhobelmaschine verf\u00fcgt \u00fcber ein vern\u00fcnftiges Layout, eine einfache Installation, eine bequeme Bedienung und Wartung.<\/li>    <li>Sichere, langlebige Messer und ger\u00e4uscharm.<\/li>    <li>Angemessenes Design, aus hochmanganhaltigem Stahl, kompakte Struktur.<\/li>    <li>Da es nur von einem Motor angetrieben wird, zeichnet es sich durch einen hohen Wirkungsgrad und eine kostenintensive Leistung aus.<\/li>    <li>Hobelsp\u00e4ne f\u00fcr Tierstreu haben eine hohe Produktionsgeschwindigkeit und sparen viel Zeit und Arbeitskraft.<\/li>    <li>Die fertigen Sp\u00e4ne sind d\u00fcnn, weich und haben eine gute Textur.<\/li>    <li>Der Anpressdruck zwischen Holz und S\u00e4geblatt bleibt konstant und auch die Hin- und Herbewegungsgeschwindigkeit des Holzes bleibt konstant, wodurch gleichm\u00e4\u00dfig dicke Sp\u00e4ne entstehen.<\/li> <\/ul>   <div class=\"wp-block-image\"> <figure class=\"aligncenter size-full\"><img loading=\"lazy\" decoding=\"async\" width=\"720\" height=\"540\" src=\"https:\/\/hnwoodmachinery.com\/wp-content\/uploads\/2022\/09\/commercial-wood-shaving-machines-0.webp\" alt=\"kommerzielle Holzsp\u00e4nemaschinen\" class=\"wp-image-446\" title=\"kommerzielle Holzsp\u00e4nemaschinen\"\/><figcaption class=\"wp-element-caption\">kommerzielle Holzsp\u00e4nemaschinen<\/figcaption><\/figure> <\/div>   <h2 class=\"wp-block-heading\" id=\"h-successful-case\">Erfolgreicher Fall<\/h2>    <p class=\"translation-block\">Der Kunde kommt aus <a href=\"https:\/\/en.wikipedia.org\/wiki\/Abkhazia\" target=\"_blank\" rel=\"noopener\">Abchasien<\/a> und ist Einkaufsmanager einer Holzverarbeitungsanlage. Er kontaktierte uns, nachdem er unser YouTube-Video gesehen hatte. Durch die Kommunikation \u00e4u\u00dferte der Kunde den Bedarf an einer gr\u00f6\u00dferen Art von Sp\u00e4nen f\u00fcr Tierbetten. <\/p>    <p>Unser Vertriebsleiter versorgte den Kunden mit Bildern, Videos und Parametern der gr\u00f6\u00dferen Holzhobelmaschine. Schlie\u00dflich entschied sich der Kunde f\u00fcr das Modell SL-800 mit einer Kapazit\u00e4t von 1000 kg\/h. Anschlie\u00dfend stellten wir umgehend den PI der Maschine zur Verf\u00fcgung. Der Kunde war zufrieden und bestellte den Rasierer, nachdem er ihn gesehen hatte.<\/p>    <figure class=\"wp-block-gallery has-nested-images columns-default is-cropped wp-block-gallery-4 is-layout-flex wp-block-gallery-is-layout-flex\"> <figure class=\"wp-block-image size-large\"><img loading=\"lazy\" decoding=\"async\" width=\"720\" height=\"540\" data-id=\"450\" src=\"https:\/\/hnwoodmachinery.com\/wp-content\/uploads\/2022\/09\/shipping-of-the-portable-wood-shaving-machine-0.webp\" alt=\"Versand der tragbaren Holzsp\u00e4nemaschine\" class=\"wp-image-450\" title=\"Versand der tragbaren Holzsp\u00e4nemaschine\"\/><figcaption class=\"wp-element-caption\">Versand der tragbaren Holzschermaschine<\/figcaption><\/figure>    <figure class=\"wp-block-image size-large\"><img loading=\"lazy\" decoding=\"async\" width=\"720\" height=\"540\" data-id=\"451\" src=\"https:\/\/hnwoodmachinery.com\/wp-content\/uploads\/2022\/09\/wooden-case-packing-of-wood-shaving-machine-0.webp\" alt=\"Holzkistenverpackung der Holzsp\u00e4nemaschine\" class=\"wp-image-451\" title=\"Holzkistenverpackung der Holzsp\u00e4nemaschine\"\/><figcaption class=\"wp-element-caption\">Holzkistenverpackung der Holzschermaschine<\/figcaption><\/figure> <\/figure>    <h2 class=\"wp-block-heading\">Unser Service<\/h2>    <p>Wir stellen einen Satz Ersatzteile und Verpackung zur Verf\u00fcgung. Alle Maschinen werden vor dem Versand getestet. Dar\u00fcber hinaus sind die Maschinen in Standard-Exportholzkisten verpackt und werden von unserem langj\u00e4hrigen kooperativen Transportunternehmen p\u00fcnktlich und sicher versendet.<\/p>    <p>F\u00fcr den Kundendienst gew\u00e4hren wir eine einj\u00e4hrige Garantiezeit und Sie k\u00f6nnen Ersatzteile bei uns kaufen. Gleichzeitig bieten wir professionelle Beratung und Probleml\u00f6sungen.<\/p>","protected":false},"excerpt":{"rendered":"<p>Mit Sp\u00e4nen f\u00fcr Tierstreu k\u00f6nnen Holzsegmente zu d\u00fcnnen Sp\u00e4nen gleichm\u00e4\u00dfiger Dicke verarbeitet werden. Es wird h\u00e4ufig in Tierstalleinstreu, Paneelen, M\u00f6beln und anderen Branchen eingesetzt.<\/p>","protected":false},"author":1,"featured_media":439,"parent":0,"template":"","tags":[38,35],"product-type":[8],"class_list":["post-30","product","type-product","status-publish","has-post-thumbnail","hentry","tag-shavings","tag-wood","product-type-wood-shaving-machine"],"_links":{"self":[{"href":"https:\/\/hnwoodmachinery.com\/de\/wp-json\/wp\/v2\/product\/30","targetHints":{"allow":["GET"]}}],"collection":[{"href":"https:\/\/hnwoodmachinery.com\/de\/wp-json\/wp\/v2\/product"}],"about":[{"href":"https:\/\/hnwoodmachinery.com\/de\/wp-json\/wp\/v2\/types\/product"}],"author":[{"embeddable":true,"href":"https:\/\/hnwoodmachinery.com\/de\/wp-json\/wp\/v2\/users\/1"}],"wp:featuredmedia":[{"embeddable":true,"href":"https:\/\/hnwoodmachinery.com\/de\/wp-json\/wp\/v2\/media\/439"}],"wp:attachment":[{"href":"https:\/\/hnwoodmachinery.com\/de\/wp-json\/wp\/v2\/media?parent=30"}],"wp:term":[{"taxonomy":"post_tag","embeddable":true,"href":"https:\/\/hnwoodmachinery.com\/de\/wp-json\/wp\/v2\/tags?post=30"},{"taxonomy":"product-type","embeddable":true,"href":"https:\/\/hnwoodmachinery.com\/de\/wp-json\/wp\/v2\/product-type?post=30"}],"curies":[{"name":"wp","href":"https:\/\/api.w.org\/{rel}","templated":true}]}}