{"id":28,"date":"2022-07-18T03:46:28","date_gmt":"2022-07-18T03:46:28","guid":{"rendered":"https:\/\/hnwoodmachinery.com\/?post_type=product&#038;p=28"},"modified":"2024-09-26T18:32:42","modified_gmt":"2024-09-26T10:32:42","slug":"wood-shredder-machine","status":"publish","type":"product","link":"https:\/\/hnwoodmachinery.com\/de\/product\/wood-shredder-machine\/","title":{"rendered":"Holzschreddermaschine zur S\u00e4gemehlherstellung"},"content":{"rendered":"<div class=\"kk-star-ratings kksr-auto kksr-align-left kksr-valign-top\"     data-payload='{&quot;align&quot;:&quot;left&quot;,&quot;id&quot;:&quot;28&quot;,&quot;slug&quot;:&quot;default&quot;,&quot;valign&quot;:&quot;top&quot;,&quot;ignore&quot;:&quot;&quot;,&quot;reference&quot;:&quot;auto&quot;,&quot;class&quot;:&quot;&quot;,&quot;count&quot;:&quot;92&quot;,&quot;legendonly&quot;:&quot;&quot;,&quot;readonly&quot;:&quot;&quot;,&quot;score&quot;:&quot;4.8&quot;,&quot;starsonly&quot;:&quot;&quot;,&quot;best&quot;:&quot;5&quot;,&quot;gap&quot;:&quot;5&quot;,&quot;greet&quot;:&quot;Rate this product&quot;,&quot;legend&quot;:&quot;4.8\\\/5 - (92 votes)&quot;,&quot;size&quot;:&quot;24&quot;,&quot;title&quot;:&quot;Wood Shredder Machine For Sawdust Making&quot;,&quot;width&quot;:&quot;136.7&quot;,&quot;_legend&quot;:&quot;{score}\\\/{best} - ({count} {votes})&quot;,&quot;font_factor&quot;:&quot;1.25&quot;}'>              <div class=\"kksr-stars\">      <div class=\"kksr-stars-inactive\">             <div class=\"kksr-star\" data-star=\"1\" style=\"padding-right: 5px\">               <div class=\"kksr-icon\" style=\"width: 24px; height: 24px;\"><\/div>         <\/div>             <div class=\"kksr-star\" data-star=\"2\" style=\"padding-right: 5px\">               <div class=\"kksr-icon\" style=\"width: 24px; height: 24px;\"><\/div>         <\/div>             <div class=\"kksr-star\" data-star=\"3\" style=\"padding-right: 5px\">               <div class=\"kksr-icon\" style=\"width: 24px; height: 24px;\"><\/div>         <\/div>             <div class=\"kksr-star\" data-star=\"4\" style=\"padding-right: 5px\">               <div class=\"kksr-icon\" style=\"width: 24px; height: 24px;\"><\/div>         <\/div>             <div class=\"kksr-star\" data-star=\"5\" style=\"padding-right: 5px\">               <div class=\"kksr-icon\" style=\"width: 24px; height: 24px;\"><\/div>         <\/div>     <\/div>      <div class=\"kksr-stars-active\" style=\"width: 136.7px;\">             <div class=\"kksr-star\" style=\"padding-right: 5px\">               <div class=\"kksr-icon\" style=\"width: 24px; height: 24px;\"><\/div>         <\/div>             <div class=\"kksr-star\" style=\"padding-right: 5px\">               <div class=\"kksr-icon\" style=\"width: 24px; height: 24px;\"><\/div>         <\/div>             <div class=\"kksr-star\" style=\"padding-right: 5px\">               <div class=\"kksr-icon\" style=\"width: 24px; height: 24px;\"><\/div>         <\/div>             <div class=\"kksr-star\" style=\"padding-right: 5px\">               <div class=\"kksr-icon\" style=\"width: 24px; height: 24px;\"><\/div>         <\/div>             <div class=\"kksr-star\" style=\"padding-right: 5px\">               <div class=\"kksr-icon\" style=\"width: 24px; height: 24px;\"><\/div>         <\/div>     <\/div> <\/div>                   <div class=\"kksr-legend\" style=\"font-size: 19.2px;\">             4,8\/5 - (92 Stimmen)    <\/div>     <\/div>  <p>Die Holzzerkleinerungsmaschine wandelt Holz effizient in S\u00e4gemehl oder Hackschnitzel um. Diese Produktserie basiert auf den Prinzipien Schlag, Scherung, gegenseitiger Schlag und Mahlen. Es kann eine maximale Leistung von bis zu 4 Tonnen pro Stunde erreicht werden. <\/p>    <p>Die Maschine schneidet zun\u00e4chst gro\u00dfe Holzst\u00fccke, bevor sie diese fein zerkleinert, um eine effektive Verarbeitung zu gew\u00e4hrleisten. Durch diese Methode wird die Menge an Holzabf\u00e4llen erheblich reduziert, sodass diese zu Holzpellets weiterverarbeitet oder als Brennstoff in Kraft-W\u00e4rme-Kopplungs- oder Abfallbehandlungsanlagen verwendet werden k\u00f6nnen.<\/p>    <figure class=\"wp-block-embed aligncenter is-type-video is-provider-youtube wp-block-embed-youtube wp-embed-aspect-16-9 wp-has-aspect-ratio\"><div class=\"wp-block-embed__wrapper\"> <iframe loading=\"lazy\" title=\"Holzbrecher: Hocheffiziente Zerkleinerung, hilft Ihnen, Holzabf\u00e4lle einfach zu verarbeiten! #wood #woodcrusher\" width=\"500\" height=\"281\" src=\"https:\/\/www.youtube.com\/embed\/AaxrdfNcGS0?feature=oembed\" frameborder=\"0\" allow=\"accelerometer; autoplay; clipboard-write; encrypted-media; gyroscope; picture-in-picture; web-share\" referrerpolicy=\"strict-origin-when-cross-origin\" allowfullscreen><\/iframe> <\/div><figcaption class=\"wp-element-caption\">Arbeitsvideo eines tragbaren Holzschredders<\/figcaption><\/figure>    <p>Es gibt f\u00fcnf Modelle der Holzzerkleinerungsmaschinenserie, die den Bed\u00fcrfnissen der meisten Benutzer gerecht werden. Leistungsm\u00e4\u00dfig kann der Holzzerkleinerer wahlweise mit einem Elektromotor oder einem Dieselgenerator betrieben werden. Um Hackschnitzel unterschiedlicher Feinheit zu erzeugen, bieten wir au\u00dferdem Siebe unterschiedlicher Gr\u00f6\u00dfe an. <\/p>    <p class=\"translation-block\">Die Holzh\u00e4cksler-Maschine \u00e4hnelt dem Hammer-Schnitzelzer und <a href=\"https:\/\/hnwoodmachinery.com\/de\/product\/wood-chips-making-machine\/\">Holzsp\u00e4ne-Maschine<\/a>. Daher empfehlen wir die Maschine, die am besten zu den Bed\u00fcrfnissen unserer Kunden passt. Wenn Sie Fragen haben, z\u00f6gern Sie bitte nicht, uns zu kontaktieren.<\/p>    <figure class=\"wp-block-gallery has-nested-images columns-default is-cropped wp-block-gallery-2 is-layout-flex wp-block-gallery-is-layout-flex\"> <figure class=\"wp-block-image size-large\"><img loading=\"lazy\" decoding=\"async\" width=\"720\" height=\"540\" data-id=\"489\" src=\"https:\/\/hnwoodmachinery.com\/wp-content\/uploads\/2022\/09\/wood-crusher-machine-.webp\" alt=\"Holzzerkleinerungsmaschine\" class=\"wp-image-489\" title=\"Holzzerkleinerungsmaschine\"\/><figcaption class=\"wp-element-caption\">Holzbrechermaschine<\/figcaption><\/figure>    <figure class=\"wp-block-image size-large\"><img loading=\"lazy\" decoding=\"async\" width=\"720\" height=\"540\" data-id=\"490\" src=\"https:\/\/hnwoodmachinery.com\/wp-content\/uploads\/2022\/09\/wood-shredder-machine-.webp\" alt=\"Holzzerkleinerungsmaschine\" class=\"wp-image-490\" title=\"Holzzerkleinerungsmaschine\"\/><figcaption class=\"wp-element-caption\">Holzschreddermaschine<\/figcaption><\/figure> <\/figure>    <h2 class=\"wp-block-heading\">Die Funktionen unserer S\u00e4gemehlmaschine<\/h2>    <ol class=\"wp-block-list\"> <li>Durchdachtes Design steigert die Zerkleinerungseffizienz um 50% gegen\u00fcber herk\u00f6mmlichen Modellen. <\/li>    <li>Optisch ansprechend, mit einer hohen Leistung von 400 bis 2000 kg\/h. <\/li>    <li>Angetrieben von einem einzigen Motor bietet es Energieeinsparungen und geringere Kosten. <\/li>    <li>Die zerkleinerten Materialien eignen sich zur Pellet- oder Brikettverarbeitung.<\/li> <\/ol>    <h2 class=\"wp-block-heading\">Breite Anwendung der Holzzerkleinerungsmaschine<\/h2>    <p>Der Holzbrecher ist in der Lage, verschiedene Materialien effizient zu zerkleinern, darunter Baumst\u00e4mme, \u00c4ste, Abfallbretter und Holzreste vom Bau. Es kann alle Arten und Gr\u00f6\u00dfen von Holz verarbeiten und eignet sich daher perfekt zum Schleifen von Schnittholz, unbehandeltem Holz, Paletten, T\u00fcren, Latten, Rahmen und mehr.<\/p>    <h2 class=\"wp-block-heading\" id=\"h-structure-of-wood-crusher-machine\">Struktur der Holzzerkleinerungsmaschine<\/h2>    <p>Die Holzzerkleinerungsmaschine besteht im Wesentlichen aus den folgenden Komponenten: der Maschinenbasis, der Einf\u00fcll\u00f6ffnung, der Messerplatte, der Klinge, der Hammerklinge, dem Maschinengeh\u00e4use und dem elektrischen Schaltschrank.<\/p>   <div class=\"wp-block-image\"> <figure class=\"aligncenter size-full\"><img loading=\"lazy\" decoding=\"async\" width=\"720\" height=\"540\" src=\"https:\/\/hnwoodmachinery.com\/wp-content\/uploads\/2022\/09\/sawdust-making-machines-structure-.webp\" alt=\"Struktur der S\u00e4gemehlmaschine\" class=\"wp-image-491\" title=\"Struktur der S\u00e4gemehlmaschine\"\/><figcaption class=\"wp-element-caption\">Struktur der S\u00e4gemehlmaschine<\/figcaption><\/figure> <\/div>   <p>Verschiedene Siebe k\u00f6nnen unterschiedlich gro\u00dfe Hackschnitzel erzeugen. Wenn eine S\u00e4gemehlmaschine in Betrieb ist, wird das Material in der Brechkammer effizient fein zerkleinert. Sie k\u00f6nnen die richtige Gr\u00f6\u00dfe des Bildschirms entsprechend Ihren Anforderungen ausw\u00e4hlen.<\/p>    <p>Dar\u00fcber hinaus zeichnet sich die Holzzerkleinerungsmaschine durch eine hohe Leistung, einen geringen Energieverbrauch und eine feine, gleichm\u00e4\u00dfige Partikelproduktion aus. Dar\u00fcber hinaus zeichnen sich diese Ger\u00e4te durch geringe Ger\u00e4uschentwicklung, minimale Staubentwicklung, keine Umweltverschmutzung, einfache Bedienung, geringe Wartungskosten und einfache Bedienung aus.<\/p>    <figure class=\"wp-block-gallery has-nested-images columns-default is-cropped wp-block-gallery-3 is-layout-flex wp-block-gallery-is-layout-flex\"> <figure class=\"wp-block-image size-large\"><img loading=\"lazy\" decoding=\"async\" width=\"720\" height=\"540\" data-id=\"493\" src=\"https:\/\/hnwoodmachinery.com\/wp-content\/uploads\/2022\/09\/wood-shredder-machines-hammer-0.webp\" alt=\"Hammer der Holzschreddermaschine\" class=\"wp-image-493\" title=\"Hammer der Holzschreddermaschine\"\/><figcaption class=\"wp-element-caption\">Hammer der Holzschreddermaschine<\/figcaption><\/figure>    <figure class=\"wp-block-image size-large\"><img loading=\"lazy\" decoding=\"async\" width=\"720\" height=\"540\" data-id=\"492\" src=\"https:\/\/hnwoodmachinery.com\/wp-content\/uploads\/2022\/09\/screen-.webp\" alt=\"Sieb der Schreddermaschine\" class=\"wp-image-492\" title=\"\"><figcaption class=\"wp-element-caption\">Bildschirm der Schreddermaschine<\/figcaption><\/figure> <\/figure>    <h2 class=\"wp-block-heading\" id=\"h-usage-of-the-pallet-wood-shredder\">Pr\u00e4sentation und Verwendung von Fertigprodukten<\/h2>    <p>Die Rohstoffe, die von einem Holzbrecher verarbeitet werden k\u00f6nnen, sind vielf\u00e4ltig, es gibt jedoch Standardgr\u00f6\u00dfenanforderungen. Im Allgemeinen kann er \u00c4ste und St\u00e4mme mit einem Durchmesser von 70 mm bis 250 mm zerkleinern. Die resultierenden zerkleinerten Materialien sind Partikel mit einem Durchmesser von etwa 3\u20135 mm.<\/p>    <p class=\"translation-block\">Die Holzh\u00e4cksler-Maschine ist f\u00fcr verschiedene Holzzerkleinerungs- und Recyclingaufgaben ausgelegt, einschlie\u00dflich <a href=\"https:\/\/en.wikipedia.org\/wiki\/Hardwood\" target=\"_blank\" rel=\"noopener\">Hartholz<\/a>, Weichholz, Spanplatten, Sperrholz und Abfallmaterialien wie Sofas und Holzschr\u00e4nke. <\/p>    <p>Dar\u00fcber hinaus kann es Bambussp\u00e4ne, Stroh, Maisst\u00e4ngel, Sorghumst\u00e4ngel und andere faserige Materialien verarbeiten. Es eignet sich auch zur Herstellung von Rohstoffen f\u00fcr Spanplatten, S\u00e4gemehlplatten und Platten mit hoher Dichte.<\/p>   <div class=\"wp-block-image\"> <figure class=\"aligncenter size-full\"><img loading=\"lazy\" decoding=\"async\" width=\"720\" height=\"540\" src=\"https:\/\/hnwoodmachinery.com\/wp-content\/uploads\/2022\/09\/wood-crushers-finished-wood-sawdust-.webp\" alt=\"Fertiges Holzs\u00e4gewerk des Holzbrechers\" class=\"wp-image-495\" title=\"Fertiges Holzs\u00e4gewerk des Holzbrechers\"\/><figcaption class=\"wp-element-caption\">Fertiges S\u00e4gemehl des Holzzerkleinerers<\/figcaption><\/figure> <\/div>   <h2 class=\"wp-block-heading\" id=\"h-working-principle-of-the-industrial-wood-crusher\">Funktionsprinzip des industriellen Holzbrechers<\/h2>    <p>Durch den Einlass wird Holz eingebracht. W\u00e4hrend die Klingen das Material schneiden und zerkleinern, erzeugt der Rotor einen Hochgeschwindigkeitsluftstrom, der sich in die gleiche Richtung wie die Klingen bewegt. Dieser Luftstrom beschleunigt das Material, wodurch es immer wieder aufprallt und gr\u00fcndlicher zerkleinert wird. <\/p>    <p>Gleichzeitig erh\u00f6ht dieser Prozess die Zerkleinerungsgeschwindigkeit des Materials. Letztendlich werden die entstehenden Holzsp\u00e4ne durch den Hochgeschwindigkeits-Dampfstrom ausgesto\u00dfen, der vom Windmesser auf der Brechmesserplatte erzeugt wird.<\/p>    <figure class=\"wp-block-embed aligncenter is-type-video is-provider-youtube wp-block-embed-youtube wp-embed-aspect-16-9 wp-has-aspect-ratio\"><div class=\"wp-block-embed__wrapper\"> <iframe loading=\"lazy\" title=\"Wie funktioniert die Holzzerkleinerungsmaschine? mobile Holzzerkleinerungsmaschine, Holzhackermaschine\" width=\"500\" height=\"281\" src=\"https:\/\/www.youtube.com\/embed\/U4E0BGeTqng?feature=oembed\" frameborder=\"0\" allow=\"accelerometer; autoplay; clipboard-write; encrypted-media; gyroscope; picture-in-picture; web-share\" referrerpolicy=\"strict-origin-when-cross-origin\" allowfullscreen><\/iframe> <\/div><figcaption class=\"wp-element-caption\">wie die Holzzerkleinerungsmaschine funktioniert<\/figcaption><\/figure>    <h2 class=\"wp-block-heading\" id=\"h-technical-parameter-of-wood-chipper-shredder\">Technische Parameter des Holzh\u00e4ckslers<\/h2>    <figure class=\"wp-block-table is-style-stripes\"><table><tbody><tr><td><strong>Modell<\/strong><\/td><td><strong>Kapazit\u00e4t<\/strong><\/td><td><strong>Auslassgr\u00f6\u00dfe<\/strong><\/td><td><strong>Leistung<\/strong><\/td><\/tr><tr><td>SL-420<\/td><td>600\u2013800 kg\/h<\/td><td>0,3\u20130,8 cm<\/td><td>7,5-11 kW<\/td><\/tr><tr><td>SL-500<\/td><td>1000\u20131500 kg\/h<\/td><td>0,3\u20130,8 cm<\/td><td>18,5 kW<\/td><\/tr><tr><td>SL-600<\/td><td>1500\u20132000 kg\/h<\/td><td>0,3\u20130,8 cm<\/td><td>30 kW<\/td><\/tr><tr><td>SL-700<\/td><td>2000\u20132500 kg\/h<\/td><td>0,3\u20130,8 cm<\/td><td>37 kW<\/td><\/tr><tr><td>SL-900<\/td><td>2500\u20133000 kg\/h<\/td><td>0,3\u20130,8 cm<\/td><td>55 kW<\/td><\/tr><tr><td>SL-1000<\/td><td>3000\u20134000 kg\/h<\/td><td>0,3\u20130,8 cm<\/td><td>75+7,5 kW<\/td><\/tr><\/tbody><\/table><figcaption class=\"wp-element-caption\">Parameter des Holzschnitzelzerkleinerers<\/figcaption><\/figure>    <h2 class=\"wp-block-heading\">Es stehen verschiedene Leistungsmodi zur Verf\u00fcgung<\/h2>    <p>Die Maschine zur Herstellung von Holzs\u00e4gemehl kann mit Elektromotoren, Dieselmotoren oder Dieselgenerators\u00e4tzen betrieben werden. Sie k\u00f6nnen die Option ausw\u00e4hlen, die Ihren \u00f6rtlichen Arbeitsbedingungen am besten entspricht. Wir bieten individuelle Anpassungen an und empfehlen Ihnen die am besten geeignete Energiel\u00f6sung basierend auf Ihren spezifischen Anforderungen.<\/p>    <figure class=\"wp-block-gallery has-nested-images columns-default is-cropped wp-block-gallery-4 is-layout-flex wp-block-gallery-is-layout-flex\"> <figure class=\"wp-block-image size-large\"><img loading=\"lazy\" decoding=\"async\" width=\"720\" height=\"540\" data-id=\"1058\" src=\"https:\/\/hnwoodmachinery.com\/wp-content\/uploads\/2022\/07\/motor-wood-crusher.webp\" alt=\"Motorholzbrecher\" class=\"wp-image-1058\" title=\"\" srcset=\"https:\/\/hnwoodmachinery.com\/wp-content\/uploads\/2022\/07\/motor-wood-crusher.webp 720w, https:\/\/hnwoodmachinery.com\/wp-content\/uploads\/2022\/07\/motor-wood-crusher-300x225.webp 300w, https:\/\/hnwoodmachinery.com\/wp-content\/uploads\/2022\/07\/motor-wood-crusher-16x12.webp 16w\" sizes=\"auto, (max-width: 720px) 100vw, 720px\" \/><figcaption class=\"wp-element-caption\">Motorholzbrecher<\/figcaption><\/figure>    <figure class=\"wp-block-image size-large\"><img loading=\"lazy\" decoding=\"async\" width=\"720\" height=\"540\" data-id=\"1057\" src=\"https:\/\/hnwoodmachinery.com\/wp-content\/uploads\/2022\/07\/diesel-engine-wood-shredder.webp\" alt=\"Holzzerkleinerer mit Dieselmotor\" class=\"wp-image-1057\" title=\"\" srcset=\"https:\/\/hnwoodmachinery.com\/wp-content\/uploads\/2022\/07\/diesel-engine-wood-shredder.webp 720w, https:\/\/hnwoodmachinery.com\/wp-content\/uploads\/2022\/07\/diesel-engine-wood-shredder-300x225.webp 300w, https:\/\/hnwoodmachinery.com\/wp-content\/uploads\/2022\/07\/diesel-engine-wood-shredder-16x12.webp 16w\" sizes=\"auto, (max-width: 720px) 100vw, 720px\" \/><figcaption class=\"wp-element-caption\">Holzzerkleinerer mit Dieselmotor<\/figcaption><\/figure> <\/figure>    <h2 class=\"wp-block-heading\">Mobile Holzzerkleinerungsmaschine<\/h2>    <p>Wir k\u00f6nnen R\u00e4der an der Unterseite der Maschine anbringen, um es den Benutzern zu erleichtern, sie an verschiedene Orte zu bewegen.<\/p>    <figure class=\"wp-block-gallery has-nested-images columns-default is-cropped wp-block-gallery-5 is-layout-flex wp-block-gallery-is-layout-flex\"> <figure class=\"wp-block-image size-large\"><img loading=\"lazy\" decoding=\"async\" width=\"540\" height=\"720\" data-id=\"1191\" src=\"https:\/\/hnwoodmachinery.com\/wp-content\/uploads\/2022\/07\/moblie-wood-shredder-machine.webp\" alt=\"Mobiler Holzschredder\" class=\"wp-image-1191\" title=\"\" srcset=\"https:\/\/hnwoodmachinery.com\/wp-content\/uploads\/2022\/07\/moblie-wood-shredder-machine.webp 540w, https:\/\/hnwoodmachinery.com\/wp-content\/uploads\/2022\/07\/moblie-wood-shredder-machine-225x300.webp 225w, https:\/\/hnwoodmachinery.com\/wp-content\/uploads\/2022\/07\/moblie-wood-shredder-machine-9x12.webp 9w\" sizes=\"auto, (max-width: 540px) 100vw, 540px\" \/><figcaption class=\"wp-element-caption\">Moblie Holzschreddermaschine<\/figcaption><\/figure>    <figure class=\"wp-block-image size-large\"><img loading=\"lazy\" decoding=\"async\" width=\"540\" height=\"720\" data-id=\"1192\" src=\"https:\/\/hnwoodmachinery.com\/wp-content\/uploads\/2022\/07\/portable-wood-crusher-machine.webp\" alt=\"Tragbare Holzbrechermaschine\" class=\"wp-image-1192\" title=\"\" srcset=\"https:\/\/hnwoodmachinery.com\/wp-content\/uploads\/2022\/07\/portable-wood-crusher-machine.webp 540w, https:\/\/hnwoodmachinery.com\/wp-content\/uploads\/2022\/07\/portable-wood-crusher-machine-225x300.webp 225w, https:\/\/hnwoodmachinery.com\/wp-content\/uploads\/2022\/07\/portable-wood-crusher-machine-9x12.webp 9w\" sizes=\"auto, (max-width: 540px) 100vw, 540px\" \/><figcaption class=\"wp-element-caption\">Tragbare Holzzerkleinerungsmaschine<\/figcaption><\/figure> <\/figure>    <h2 class=\"wp-block-heading\" id=\"h-industrial-wood-shredder-shipped-to-mauritius\">Industrieller Holzzerkleinerer nach Mauritius verschifft<\/h2>    <p>Dieser Kunde hat Erfahrung im Import und hat zuvor zwei Holzbearbeitungsmaschinen aus China gekauft. Jetzt ist er auf der Suche nach einer weiteren Holzzerkleinerungsmaschine, um Hackschnitzel f\u00fcr H\u00fchnernester zu produzieren. Aufgrund der Gr\u00f6\u00dfe und Leistung der von ihm verarbeiteten St\u00e4mme empfahlen wir den Holzzerkleinerer SL-1000.<\/p>   <div class=\"wp-block-image\"> <figure class=\"aligncenter size-large\"><img loading=\"lazy\" decoding=\"async\" width=\"720\" height=\"540\" src=\"https:\/\/hnwoodmachinery.com\/wp-content\/uploads\/2022\/09\/packaging-of-the-log-pulverizer-.webp\" alt=\"Fertiges Holzs\u00e4gewerk des Holzbrechers\" class=\"wp-image-497\" title=\"Fertiges Holzs\u00e4gewerk des Holzbrechers\"\/><figcaption class=\"wp-element-caption\">Fertiges S\u00e4gemehl des Holzzerkleinerers<\/figcaption><\/figure> <\/div>   <p>Der Kunde war nach einiger Zeit der Nutzung mit der Maschine zufrieden. Daher entschied er sich, eine zu bestellen, um sein Gesch\u00e4ft zur Herstellung von H\u00fchnernestern aus Holzsp\u00e4nen zu starten. Hier ist ein Bild der Verpackung und Lieferung des industriellen Holzschredders. Wenn Sie an Holzverarbeitungsmaschinen interessiert sind, k\u00f6nnen Sie gerne diese Website erkunden und uns kontaktieren.<\/p>","protected":false},"excerpt":{"rendered":"<p>Eine Holzzerkleinerungsmaschine kann Holz direkt in S\u00e4gemehl oder Holzsp\u00e4ne zerkleinern und ist eine wichtige Maschine f\u00fcr das Recycling und die Wiederverwendung von Altholz.<\/p>","protected":false},"author":1,"featured_media":486,"parent":0,"template":"","tags":[37,35],"product-type":[7],"class_list":["post-28","product","type-product","status-publish","has-post-thumbnail","hentry","tag-sawdust","tag-wood","product-type-wood-crusher"],"_links":{"self":[{"href":"https:\/\/hnwoodmachinery.com\/de\/wp-json\/wp\/v2\/product\/28","targetHints":{"allow":["GET"]}}],"collection":[{"href":"https:\/\/hnwoodmachinery.com\/de\/wp-json\/wp\/v2\/product"}],"about":[{"href":"https:\/\/hnwoodmachinery.com\/de\/wp-json\/wp\/v2\/types\/product"}],"author":[{"embeddable":true,"href":"https:\/\/hnwoodmachinery.com\/de\/wp-json\/wp\/v2\/users\/1"}],"wp:featuredmedia":[{"embeddable":true,"href":"https:\/\/hnwoodmachinery.com\/de\/wp-json\/wp\/v2\/media\/486"}],"wp:attachment":[{"href":"https:\/\/hnwoodmachinery.com\/de\/wp-json\/wp\/v2\/media?parent=28"}],"wp:term":[{"taxonomy":"post_tag","embeddable":true,"href":"https:\/\/hnwoodmachinery.com\/de\/wp-json\/wp\/v2\/tags?post=28"},{"taxonomy":"product-type","embeddable":true,"href":"https:\/\/hnwoodmachinery.com\/de\/wp-json\/wp\/v2\/product-type?post=28"}],"curies":[{"name":"wp","href":"https:\/\/api.w.org\/{rel}","templated":true}]}}