{"id":25,"date":"2022-07-18T03:42:14","date_gmt":"2022-07-18T03:42:14","guid":{"rendered":"https:\/\/hnwoodmachinery.com\/?post_type=product&#038;p=25"},"modified":"2024-09-10T17:48:45","modified_gmt":"2024-09-10T09:48:45","slug":"automatic-saw-mill-machine","status":"publish","type":"product","link":"https:\/\/hnwoodmachinery.com\/de\/product\/automatic-saw-mill-machine\/","title":{"rendered":"3 Arten hochwertiger automatischer S\u00e4gewerksmaschinen"},"content":{"rendered":"<div class=\"kk-star-ratings kksr-auto kksr-align-left kksr-valign-top\"     data-payload='{&quot;align&quot;:&quot;left&quot;,&quot;id&quot;:&quot;25&quot;,&quot;slug&quot;:&quot;default&quot;,&quot;valign&quot;:&quot;top&quot;,&quot;ignore&quot;:&quot;&quot;,&quot;reference&quot;:&quot;auto&quot;,&quot;class&quot;:&quot;&quot;,&quot;count&quot;:&quot;97&quot;,&quot;legendonly&quot;:&quot;&quot;,&quot;readonly&quot;:&quot;&quot;,&quot;score&quot;:&quot;4.8&quot;,&quot;starsonly&quot;:&quot;&quot;,&quot;best&quot;:&quot;5&quot;,&quot;gap&quot;:&quot;5&quot;,&quot;greet&quot;:&quot;Rate this product&quot;,&quot;legend&quot;:&quot;4.8\\\/5 - (97 votes)&quot;,&quot;size&quot;:&quot;24&quot;,&quot;title&quot;:&quot;3 Types Of High-Quality Automatic Saw Mill Machines&quot;,&quot;width&quot;:&quot;136.7&quot;,&quot;_legend&quot;:&quot;{score}\\\/{best} - ({count} {votes})&quot;,&quot;font_factor&quot;:&quot;1.25&quot;}'>              <div class=\"kksr-stars\">      <div class=\"kksr-stars-inactive\">             <div class=\"kksr-star\" data-star=\"1\" style=\"padding-right: 5px\">               <div class=\"kksr-icon\" style=\"width: 24px; height: 24px;\"><\/div>         <\/div>             <div class=\"kksr-star\" data-star=\"2\" style=\"padding-right: 5px\">               <div class=\"kksr-icon\" style=\"width: 24px; height: 24px;\"><\/div>         <\/div>             <div class=\"kksr-star\" data-star=\"3\" style=\"padding-right: 5px\">               <div class=\"kksr-icon\" style=\"width: 24px; height: 24px;\"><\/div>         <\/div>             <div class=\"kksr-star\" data-star=\"4\" style=\"padding-right: 5px\">               <div class=\"kksr-icon\" style=\"width: 24px; height: 24px;\"><\/div>         <\/div>             <div class=\"kksr-star\" data-star=\"5\" style=\"padding-right: 5px\">               <div class=\"kksr-icon\" style=\"width: 24px; height: 24px;\"><\/div>         <\/div>     <\/div>      <div class=\"kksr-stars-active\" style=\"width: 136.7px;\">             <div class=\"kksr-star\" style=\"padding-right: 5px\">               <div class=\"kksr-icon\" style=\"width: 24px; height: 24px;\"><\/div>         <\/div>             <div class=\"kksr-star\" style=\"padding-right: 5px\">               <div class=\"kksr-icon\" style=\"width: 24px; height: 24px;\"><\/div>         <\/div>             <div class=\"kksr-star\" style=\"padding-right: 5px\">               <div class=\"kksr-icon\" style=\"width: 24px; height: 24px;\"><\/div>         <\/div>             <div class=\"kksr-star\" style=\"padding-right: 5px\">               <div class=\"kksr-icon\" style=\"width: 24px; height: 24px;\"><\/div>         <\/div>             <div class=\"kksr-star\" style=\"padding-right: 5px\">               <div class=\"kksr-icon\" style=\"width: 24px; height: 24px;\"><\/div>         <\/div>     <\/div> <\/div>                   <div class=\"kksr-legend\" style=\"font-size: 19.2px;\">             4,8\/5 - (97 Stimmen)    <\/div>     <\/div>  <p>Der S\u00e4gewerksautomat wandelt mithilfe einer Kreis- oder Bands\u00e4ge gr\u00f6\u00dfere St\u00e4mme in dicke Bretter um, aus denen dann verschiedene Holzprodukte hergestellt oder weiterverarbeitet werden k\u00f6nnen. Mit einer automatischen Zuf\u00fchreinrichtung k\u00f6nnen bis zu 30 Kubikmeter pro Stunde verarbeitet werden. <\/p>    <p>Dar\u00fcber hinaus garantiert es die Pr\u00e4zision jedes fertigen Produkts mit einer Schnittgenauigkeit von \u00b10,5 Millimetern. Ob f\u00fcr eine gro\u00dfe M\u00f6belfabrik oder eine Feinholzverarbeitungswerkstatt, es ist die perfekte L\u00f6sung zur Steigerung der Produktionskapazit\u00e4t, Senkung der Kosten und Aufrechterhaltung der Qualit\u00e4t.<\/p>    <p>Aufgrund ihrer hohen Effizienz, ihres reibungslosen Betriebs und ihrer Langlebigkeit sind S\u00e4gewerke in vielen L\u00e4ndern weit verbreitet, darunter in den USA, Kanada, Russland, Deutschland, Brasilien, Indien, Australien, Schweden und Finnland.<\/p>    <figure class=\"wp-block-embed aligncenter is-type-video is-provider-youtube wp-block-embed-youtube wp-embed-aspect-16-9 wp-has-aspect-ratio\"><div class=\"wp-block-embed__wrapper\"> <iframe loading=\"lazy\" title=\"Holzs\u00e4gewerksmaschine: Schnelles und pr\u00e4zises Schneiden von Holz, Verbesserung der Effizienz der Holzbearbeitung\" width=\"500\" height=\"281\" src=\"https:\/\/www.youtube.com\/embed\/6X1IwBmzDYc?feature=oembed\" frameborder=\"0\" allow=\"accelerometer; autoplay; clipboard-write; encrypted-media; gyroscope; picture-in-picture; web-share\" referrerpolicy=\"strict-origin-when-cross-origin\" allowfullscreen><\/iframe> <\/div><figcaption class=\"wp-element-caption\">Videodemonstration von 3 Arten von S\u00e4gewerken im Einsatz<\/figcaption><\/figure>    <h2 class=\"wp-block-heading\">Drei Arten von automatischen S\u00e4gewerksmaschinen zur Auswahl<\/h2>    <p>Unsere Fabrik produziert drei verschiedene Modelle automatischer S\u00e4gewerke: tragbare S\u00e4gewerke, Vertikals\u00e4gen und Holzs\u00e4gen. Jeder Maschinentyp hat seine eigenen Eigenschaften, einschlie\u00dflich unterschiedlicher Anforderungen an den Durchmesser des Rohmaterials.<\/p>    <p>Die von ihnen verarbeiteten Rohstoffe sind jedoch dieselben, n\u00e4mlich Rundholz, Profile und Quadrate. Mit den Vorteilen Haltbarkeit, Energieeinsparung, Umweltschutz, Arbeits- und Materialeinsparung sowie Automatisierung sind diese Maschinen heutzutage im Bereich der Holzbearbeitungsmaschinen beliebt.<\/p>    <figure class=\"wp-block-gallery has-nested-images columns-default is-cropped wp-block-gallery-2 is-layout-flex wp-block-gallery-is-layout-flex\"> <figure class=\"wp-block-image size-large\"><img loading=\"lazy\" decoding=\"async\" width=\"720\" height=\"540\" data-id=\"389\" src=\"https:\/\/hnwoodmachinery.com\/wp-content\/uploads\/2022\/09\/saw-mill-machine-.webp\" alt=\"S\u00e4gewerksmaschine\" class=\"wp-image-389\" title=\"S\u00e4gewerksmaschine\"\/><figcaption class=\"wp-element-caption\">S\u00e4gewerksmaschine<\/figcaption><\/figure>    <figure class=\"wp-block-image size-large\"><img loading=\"lazy\" decoding=\"async\" width=\"720\" height=\"540\" data-id=\"390\" src=\"https:\/\/hnwoodmachinery.com\/wp-content\/uploads\/2022\/09\/lumber-mill-saw-.webp\" alt=\"S\u00e4gewerk f\u00fcr Schnittholz\" class=\"wp-image-390\" title=\"S\u00e4gewerk f\u00fcr Schnittholz\"\/><figcaption class=\"wp-element-caption\">Holzm\u00fchlens\u00e4ge<\/figcaption><\/figure>    <figure class=\"wp-block-image size-large\"><img loading=\"lazy\" decoding=\"async\" width=\"720\" height=\"540\" data-id=\"391\" src=\"https:\/\/hnwoodmachinery.com\/wp-content\/uploads\/2022\/09\/log-sawmill-.webp\" alt=\"Blocks\u00e4gewerk\" class=\"wp-image-391\" title=\"Blocks\u00e4gewerk\"\/><figcaption class=\"wp-element-caption\">Blocks\u00e4gewerk<\/figcaption><\/figure> <\/figure>    <h2 class=\"wp-block-heading\" id=\"h-application-scope-of-sawmill-machine\">Anwendungsbereich der S\u00e4gewerksmaschine<\/h2>    <p>Der S\u00e4gewerksautomat kann alle Arten von Baumst\u00e4mmen, Profilen, Kanth\u00f6lzern und exotischen H\u00f6lzern verarbeiten. Es wird h\u00e4ufig in S\u00e4gewerken, Schiffbaubetrieben, Holzerntestandorten in den Bergen, Holzverarbeitungsbetrieben usw. eingesetzt.<\/p>   <div class=\"wp-block-image is-resized\"> <figure class=\"aligncenter size-full\"><img loading=\"lazy\" decoding=\"async\" width=\"720\" height=\"540\" src=\"https:\/\/hnwoodmachinery.com\/wp-content\/uploads\/2022\/09\/application-of-the-sawmill-machine-.webp\" alt=\"Anwendung der S\u00e4gewerksmaschine\" class=\"wp-image-392\" title=\"Anwendung der S\u00e4gewerksmaschine\"\/><figcaption class=\"wp-element-caption\">Anwendung der S\u00e4gewerksmaschine<\/figcaption><\/figure> <\/div>   <h2 class=\"wp-block-heading\" id=\"h-type-1-portable-sawmill\">Typ 1: Tragbares S\u00e4gewerk<\/h2>    <p>Das tragbare S\u00e4gewerk ist einfach und bequem zu bedienen und mit einem elektrischen Schaltschrank f\u00fcr eine schnelle Maschinensteuerung und -nutzung ausgestattet. Bei der Verwendung k\u00f6nnen Sie das Holz manuell schieben oder eine pneumatische Steuerung verwenden. Das Holz kann nur beim Vorw\u00e4rtsfahren geschnitten werden, nicht beim manuellen Zur\u00fcckschieben des Holzes zum Zur\u00fccksetzen.<\/p>    <p>Im Allgemeinen sollte der Durchmesser des behandelten Holzes weniger als 50 cm betragen und das Holz bleibt w\u00e4hrend des gesamten Arbeitsprozesses am S\u00e4gewerksautomaten h\u00e4ngen, um die Schnittstabilit\u00e4t zu gew\u00e4hrleisten. Dar\u00fcber hinaus ist der S\u00e4gewerksautomat mit einem Infrarot-Kalibrierungssystem ausgestattet, das dem Benutzer hilft, Bretter mit gleichm\u00e4\u00dfiger Dicke zu schneiden.<\/p>   <div class=\"wp-block-image\"> <figure class=\"aligncenter size-full\"><img loading=\"lazy\" decoding=\"async\" width=\"720\" height=\"540\" src=\"https:\/\/hnwoodmachinery.com\/wp-content\/uploads\/2022\/09\/portable-log-sawmill-.webp\" alt=\"tragbares Blocks\u00e4gewerk\" class=\"wp-image-394\" title=\"tragbares Blocks\u00e4gewerk\"\/><figcaption class=\"wp-element-caption\">tragbares Blocks\u00e4gewerk<\/figcaption><\/figure> <\/div>   <h3 class=\"wp-block-heading\" id=\"h-structure-of-lumber-mill-saw\">Struktur der Holzs\u00e4ge<\/h3>    <p>Die Hauptkomponenten dieser Holzs\u00e4ge sind der Rahmen, das Haupts\u00e4genteil, das Schlitzs\u00e4genteil, der seitliche F\u00fchrungsanschlag, der feste Tisch, der verschiebbare Schiebetisch, die Gehrungss\u00e4genf\u00fchrung, die Halterung, die Anzeigevorrichtung f\u00fcr den Gehrungss\u00e4genwinkel und der seitliche F\u00fchrungsanschlag.<\/p>    <p>Die gesamte automatische S\u00e4gewerksmaschine ist einfach und vern\u00fcnftig im Aufbau, handgef\u00fchrt und arbeitssparend, bequem und flexibel in der Bedienung und Verwendung, reibungslos und hochpr\u00e4zise beim S\u00e4gen von Material, erm\u00f6glicht die Arbeit mit fester Gr\u00f6\u00dfe und kann in verschiedenen Winkeln ges\u00e4gt werden .<\/p>   <div class=\"wp-block-image\"> <figure class=\"aligncenter size-full\"><img loading=\"lazy\" decoding=\"async\" width=\"720\" height=\"540\" src=\"https:\/\/hnwoodmachinery.com\/wp-content\/uploads\/2022\/09\/pine-log-sawmills-structure-.webp\" alt=\"Struktur der Kiefernholz-S\u00e4gewerk\" class=\"wp-image-395\" title=\"Struktur der Kiefernholz-S\u00e4gewerk\"\/><figcaption class=\"wp-element-caption\">Struktur der Kiefernstamm-S\u00e4gewerk<\/figcaption><\/figure> <\/div>   <h3 class=\"wp-block-heading\" id=\"h-the-parameters-of-the-automatic-saw-mill-machine\">Parameter der automatischen S\u00e4gem\u00fchle<\/h3>    <figure class=\"wp-block-table is-style-stripes\"><table><tbody><tr><td>Modell<\/td><td>SL-300<\/td><td>SL-400<\/td><td>SL-500<\/td><\/tr><tr><td>Max. S\u00e4geholzl\u00e4nge<\/td><td>4000 mm<\/td><td>4000 mm<\/td><td>4000 mm<\/td><\/tr><tr><td>Maximaler S\u00e4geholzdurchmesser<\/td><td>3000 mm<\/td><td>4000 mm<\/td><td>5000 mm<\/td><\/tr><tr><td>Motorleistung<\/td><td>7,5 kW*2<\/td><td>11+7,5 kW<\/td><td>11KW*2<\/td><\/tr><tr><td>Dimension<\/td><td>&nbsp;<\/td><td>8000X1600X1600mm<\/td><td><\/td><\/tr><tr><td>Gewicht<\/td><td><\/td><td>750 kg<\/td><\/tr><\/tbody><\/table><figcaption class=\"wp-element-caption\">Parameter der Holzs\u00e4gewerksmaschine<\/figcaption><\/figure>    <h3 class=\"wp-block-heading\" id=\"h-how-does-the-wood-milling-machine-work\">Wie funktioniert die Holzfr\u00e4se?<\/h3>    <p>Der S\u00e4gewerksautomat arbeitet mit zwei S\u00e4gebl\u00e4ttern: dem Haupts\u00e4geblatt und dem Ritzs\u00e4geblatt. Beim Zuschnitt wird zun\u00e4chst mit der Anrei\u00dfs\u00e4ge eine Nut auf der Unterseite der bearbeiteten Platte erzeugt. <\/p>    <p>Diese Nut hat eine Tiefe von 1\u20132 mm und eine Breite von 0,1\u20130,2 mm, dicker als das Haupts\u00e4geblatt. Dies dient dazu, ein Ausrei\u00dfen der Schnittfuge beim Schnitt des Haupts\u00e4geblattes zu verhindern und so eine gute S\u00e4gequalit\u00e4t zu gew\u00e4hrleisten.<\/p>    <figure class=\"wp-block-embed aligncenter is-type-video is-provider-youtube wp-block-embed-youtube wp-embed-aspect-16-9 wp-has-aspect-ratio\"><div class=\"wp-block-embed__wrapper\"> <iframe loading=\"lazy\" title=\"Gro\u00dfartige S\u00e4gewerksmaschine! Das tragbare S\u00e4gewerk kann verschiedene Schnitth\u00f6lzer und Baumst\u00e4mme verarbeiten\" width=\"500\" height=\"281\" src=\"https:\/\/www.youtube.com\/embed\/6s-HHZleSDo?feature=oembed\" frameborder=\"0\" allow=\"accelerometer; autoplay; clipboard-write; encrypted-media; gyroscope; picture-in-picture; web-share\" referrerpolicy=\"strict-origin-when-cross-origin\" allowfullscreen><\/iframe> <\/div><figcaption class=\"wp-element-caption\">Video zur Arbeit einer tragbaren S\u00e4gem\u00fchle <\/figcaption><\/figure>    <h3 class=\"wp-block-heading\" id=\"h-highlights-of-the-portable-sawmill-machine\">Highlights der tragbaren S\u00e4gewerksmaschine<\/h3>    <ul class=\"wp-block-list\"> <li>Durch die Verwendung einer Doppels\u00e4geblattstruktur k\u00f6nnen beim S\u00e4gen von Furnierplatten Absplitterungen vermieden werden, ohne dass die Kante durch andere Prozesse bes\u00e4umt werden muss.<\/li>    <li>Die S\u00e4gegenauigkeit ist h\u00f6her, der allgemeine Winkelfehler der F\u00fchrung betr\u00e4gt plus oder minus 0,1 mm.<\/li>    <li>Einfache Bedienung, leicht verst\u00e4ndlich, kein Einsatz von Fachkr\u00e4ften erforderlich, Schulung wird angeboten.<\/li> <\/ul>   <div class=\"wp-block-image\"> <figure class=\"aligncenter size-full\"><img loading=\"lazy\" decoding=\"async\" width=\"720\" height=\"540\" src=\"https:\/\/hnwoodmachinery.com\/wp-content\/uploads\/2022\/09\/finished-product-.webp\" alt=\"Fertiges Produkt\" class=\"wp-image-396\" title=\"Fertiges Produkt\"\/><figcaption class=\"wp-element-caption\">Fertigprodukt aus dem S\u00e4gewerksautomaten<\/figcaption><\/figure> <\/div>   <h2 class=\"wp-block-heading\" id=\"h-type-2-vertical-bandsaw-mill\">Typ 2: Vertikales Bands\u00e4gewerk<\/h2>    <p>Vertikales Bands\u00e4gewerk, wie der Name schon sagt, ist die S\u00e4ge dieses Maschinentyps vertikal. Der S\u00e4gewerksautomat muss in Verbindung mit einer Raupe verwendet werden.  Beim Einsatz der Maschine fixiert man das Holz auf einem festen Tisch auf der Schiene. Es ist notwendig, die Vorw\u00e4rts- und R\u00fcckw\u00e4rtsbewegung des Holzes manuell zu steuern. <\/p>   <div class=\"wp-block-image\"> <figure class=\"aligncenter size-full\"><img loading=\"lazy\" decoding=\"async\" width=\"720\" height=\"540\" src=\"https:\/\/hnwoodmachinery.com\/wp-content\/uploads\/2022\/09\/best-log-sawmill-.webp\" alt=\"bestes Blocks\u00e4gewerk\" class=\"wp-image-397\" title=\"bestes Blocks\u00e4gewerk\"\/><figcaption class=\"wp-element-caption\">bestes Blocks\u00e4gewerk<\/figcaption><\/figure> <\/div>   <h3 class=\"wp-block-heading\" id=\"h-structure-of-vertical-band-saw-mill-machine\">Aufbau einer vertikalen Bands\u00e4gemaschine<\/h3>    <p>Die Struktur der vertikalen Bands\u00e4ge umfasst haupts\u00e4chlich das Bett, die oberen und unteren S\u00e4ger\u00e4der, die S\u00e4geblattspannvorrichtung, die S\u00e4geradhebevorrichtung, die S\u00e4gekartenvorrichtung, die \u00dcbertragungsvorrichtung usw.<\/p>    <h3 class=\"wp-block-heading\" id=\"h-technical-parameters-of-the-pine-log-sawmill\">Technische Parameter des Kiefernholzs\u00e4gewerks<\/h3>    <figure class=\"wp-block-table is-style-stripes\"><table><tbody><tr><td><strong>Modell<\/strong><\/td><td><strong>SL-S3000<\/strong><\/td><td><\/td><td><strong>SL-S5000<\/strong><\/td><\/tr><tr><td>S\u00e4geraddurchmesser<\/td><td>1600 mm<\/td><td><\/td><td>1250 mm<\/td><\/tr><tr><td>Maximaler S\u00e4geholzdurchmesser<\/td><td>800mm<\/td><td><\/td><td>1000 mm<\/td><\/tr><tr><td>Motorleistung<\/td><td>30KW<\/td><td><\/td><td>45KW<\/td><\/tr><tr><td>Einstellung der S\u00e4gest\u00e4rke<\/td><td><\/td><td>CNC<\/td><td><\/td><\/tr><tr><td>Holzklemmmodell<\/td><td>Elektrisch<\/td><td><\/td><td>Hydraulisch<\/td><\/tr><tr><td>Holzrotation<\/td><td><\/td><td>Hydraulische Walze am Boden<\/td><td><\/td><\/tr><tr><td>Max. S\u00e4geholzl\u00e4nge<\/td><td>4000 mm<\/td><td><\/td><td>6000 mm<\/td><\/tr><tr><td>Die L\u00e4nge der Strecke<\/td><td>10M<\/td><td><\/td><td>18M<\/td><\/tr><tr><td>Gewicht<\/td><td>5000 kg<\/td><td><\/td><td>10000 kg<\/td><\/tr><\/tbody><\/table><figcaption class=\"wp-element-caption\">Parameter des Kiefernstamm-S\u00e4gewerks<\/figcaption><\/figure>    <h3 class=\"wp-block-heading\" id=\"h-working-principle-of-the-best-log-sawmill\">Funktionsprinzip des besten Blocks\u00e4gewerks<\/h3>    <p>Das Funktionsprinzip besteht darin, den Stamm f\u00fcr die Vorschubbewegung am Bands\u00e4geblatt festzuklemmen, durch die Vorw\u00e4rts- und R\u00fcckw\u00e4rtsdrehung des Motors den Tisch f\u00fcr Vorw\u00e4rts- und R\u00fcckw\u00e4rtsbewegung zu steuern, durch den Zahnradantrieb und die Spindel des Wagens f\u00fcr die Hin- und Herbewegung anzutreiben Bewegung. <\/p>    <p>Wenn das CNC-System erneut den Vorw\u00e4rtsbefehl erh\u00e4lt, geht es mit der gleichen Geschwindigkeit f\u00fcr das gleiche Intervall vorw\u00e4rts. Bei Empfang des R\u00fcckw\u00e4rtsbefehls wird der R\u00fcckhub ausgef\u00fchrt.<\/p>    <figure class=\"wp-block-embed aligncenter is-type-video is-provider-youtube wp-block-embed-youtube wp-embed-aspect-16-9 wp-has-aspect-ratio\"><div class=\"wp-block-embed__wrapper\"> <iframe loading=\"lazy\" title=\"Wie funktioniert ein vertikales Bands\u00e4gewerk? bestes Blocks\u00e4gewerk \u2013 Holzs\u00e4gewerksmaschine\" width=\"500\" height=\"281\" src=\"https:\/\/www.youtube.com\/embed\/U5fyXb84Yi8?feature=oembed\" frameborder=\"0\" allow=\"accelerometer; autoplay; clipboard-write; encrypted-media; gyroscope; picture-in-picture; web-share\" referrerpolicy=\"strict-origin-when-cross-origin\" allowfullscreen><\/iframe> <\/div><figcaption class=\"wp-element-caption\">Video zur Arbeit mit einer Blocks\u00e4gemaschine<\/figcaption><\/figure>    <h2 class=\"wp-block-heading\" id=\"h-type-3-log-sawmill\">Typ 3: Horizontales Blocks\u00e4gewerk<\/h2>    <p>Bei einem Blocks\u00e4gewerk steht die Maschine w\u00e4hrend des Betriebs in Bodenn\u00e4he. Typischerweise wird dieser Maschinentyp f\u00fcr die Bearbeitung gr\u00f6\u00dferer und l\u00e4ngerer St\u00e4mme mit gr\u00f6\u00dferem Durchmesser eingesetzt. <\/p>    <p>Der S\u00e4gewerksautomat besteht aus zwei Komponenten: einer am Boden befestigten Schiene und einem mit einem S\u00e4geblatt ausgestatteten Schneidteil. Die Maschine arbeitet, indem sie die Dicke der Bretter anpasst. <\/p>    <p>Dar\u00fcber hinaus sind verschiedene Modelle von automatischen S\u00e4gewerksmaschinen erh\u00e4ltlich, die jeweils unterschiedliche Spurweiten bieten. Kunden sollten das Modell ausw\u00e4hlen, das ihren spezifischen Anforderungen am besten entspricht.<\/p>   <div class=\"wp-block-image\"> <figure class=\"aligncenter size-full\"><img loading=\"lazy\" decoding=\"async\" width=\"720\" height=\"540\" src=\"https:\/\/hnwoodmachinery.com\/wp-content\/uploads\/2022\/09\/industrial-wood-saw-machine-.webp\" alt=\"industrielle Holzs\u00e4gemaschine\" class=\"wp-image-398\" title=\"industrielle Holzs\u00e4gemaschine\"\/><figcaption class=\"wp-element-caption\">industrielle Holzs\u00e4gemaschine<\/figcaption><\/figure> <\/div>   <h3 class=\"wp-block-heading\" id=\"h-components-of-horizontal-log-sawmill\">Komponenten eines horizontalen Blocks\u00e4gewerks<\/h3>    <p>Diese automatische S\u00e4gewerksmaschine enth\u00e4lt haupts\u00e4chlich einen S\u00e4gerahmen, eine Parallelogramm-Einstellvorrichtung oder eine Vier-Schrauben-Einstellvorrichtung, eine S\u00e4gesch\u00e4rfmaschine, eine Schiene und eine Hebehalterung usw.<\/p>    <h3 class=\"wp-block-heading\" id=\"h-detailed-information-on-large-log-sawmill\">Detaillierte Informationen zum gro\u00dfen Blocks\u00e4gewerk<\/h3>    <figure class=\"wp-block-table is-style-stripes\"><table><tbody><tr><td><strong>Modell<\/strong><\/td><td><strong>SL-1500<\/strong><\/td><td><strong>SL-2500<\/strong><\/td><\/tr><tr><td>S\u00e4geraddurchmesser<\/td><td>1000 mm<\/td><td>1070 mm<\/td><\/tr><tr><td>Maximaler S\u00e4geholzdurchmesser<\/td><td>1500 mm<\/td><td>2500 mm<\/td><\/tr><tr><td>Motorleistung<\/td><td>37KW<\/td><td>55KW<\/td><\/tr><tr><td>Einstellung der S\u00e4gest\u00e4rke<\/td><td>350mm<\/td><td>450mm<\/td><\/tr><tr><td>Max. S\u00e4geholzl\u00e4nge<\/td><td>6000 mm<\/td><td>6000 mm<\/td><\/tr><tr><td>Gewicht<\/td><td>4500 kg<\/td><td>5500 kg<\/td><\/tr><\/tbody><\/table><figcaption class=\"wp-element-caption\">Parameter des gro\u00dfen Stamm-S\u00e4gewerks<\/figcaption><\/figure>    <h3 class=\"wp-block-heading\" id=\"h-working-principle-of-automatic-sawmill-machine\">Funktionsprinzip der automatischen S\u00e4gewerksmaschine<\/h3>    <p>Der S\u00e4gewerksautomat hat ein oberes S\u00e4gerad und ein unteres S\u00e4gerad. Im Allgemeinen ist das untere S\u00e4gerad das aktive Rad und das obere S\u00e4gerad das angetriebene Rad. Bei diesem S\u00e4geradpaar, das an einer Seite eines d\u00fcnnen Stahlbandes mit S\u00e4gez\u00e4hnen h\u00e4ngt, dreht sich mit der S\u00e4geraddrehung auch das S\u00e4geband. Die Z\u00e4hne des S\u00e4geblattes bewegen sich also kontinuierlich und schnell und das Holz wird von ihm ges\u00e4gt, wenn es damit in Ber\u00fchrung kommt.<\/p>    <figure class=\"wp-block-embed aligncenter is-type-video is-provider-youtube wp-block-embed-youtube wp-embed-aspect-16-9 wp-has-aspect-ratio\"><div class=\"wp-block-embed__wrapper\"> <iframe loading=\"lazy\" title=\"Wow! Horizontales Blocks\u00e4gewerk mit hoher Kapazit\u00e4t! automatische S\u00e4gewerksmaschine, industrielle Holzs\u00e4gemaschine\" width=\"500\" height=\"281\" src=\"https:\/\/www.youtube.com\/embed\/gx6Y0nuJ5-4?feature=oembed\" frameborder=\"0\" allow=\"accelerometer; autoplay; clipboard-write; encrypted-media; gyroscope; picture-in-picture; web-share\" referrerpolicy=\"strict-origin-when-cross-origin\" allowfullscreen><\/iframe> <\/div><figcaption class=\"wp-element-caption\">Holzs\u00e4gemaschine, horizontales Blocks\u00e4gewerk, Video<\/figcaption><\/figure>    <h3 class=\"wp-block-heading\" id=\"h-difference-between-a-vertical-wood-sawing-machine-and-a-horizontal-wood-sawmill\">Unterschied zwischen einer vertikalen Holzs\u00e4gemaschine und einem horizontalen Holzs\u00e4gewerk<\/h3>    <ul class=\"wp-block-list\"> <li>Eine vertikale Holzs\u00e4gemaschine ist eine Bands\u00e4gemaschine, die sich nicht bewegt. Die Bedienung erfolgt durch Bewegen des holzbearbeitenden automatischen Sportwagens nach links und rechts sowie vorw\u00e4rts und r\u00fcckw\u00e4rts, um Baumst\u00e4mme zu s\u00e4gen. Bei einer horizontalen Holzbearbeitungsbands\u00e4gemaschine hingegen wird das Holz auf dem Holzbearbeitungssportwagen montiert. In diesem Fall bewegt sich nicht der holzbearbeitende Sportwagen, sondern die Maschine selbst bewegt sich, um das Holz zu s\u00e4gen.<\/li>    <li>Das in der vertikalen Holzs\u00e4gemaschine verwendete S\u00e4geblatt wird in vertikaler Position angezeigt, wobei das S\u00e4geblatt und das Holz einen 90-Grad-Winkel bilden, um das Holz vertikal von oben nach unten zu s\u00e4gen. Der holzverarbeitende Sportwagen wird horizontal nach links und rechts bewegt, um das Holz zu betrachten.<\/li> <\/ul>    <h2 class=\"wp-block-heading\">Verschiffung des S\u00e4gewerks nach Russland<\/h2>    <p class=\"translation-block\">Unser Kunde kommt aus <a href=\"http:\/\/Russia\">Russland<\/a>, wo er f\u00fcr ein Unternehmen arbeitet, das sich auf die Herstellung von Fischereifahrzeugen spezialisiert hat. Er hat uns eine Anfrage durch das Durchst\u00f6bern unserer Website gesendet. Er gab an, dass er eine Hobelhalle ben\u00f6tige, die nicht hackt, sondern das Holz bewegt. Wir empfahlen eine vertikale Hobelhalle. Wir haben dem Kunden ein Angebot zugesandt.<\/p>    <figure class=\"wp-block-gallery has-nested-images columns-default is-cropped wp-block-gallery-3 is-layout-flex wp-block-gallery-is-layout-flex\"> <figure class=\"wp-block-image size-large\"><img loading=\"lazy\" decoding=\"async\" width=\"720\" height=\"540\" data-id=\"399\" src=\"https:\/\/hnwoodmachinery.com\/wp-content\/uploads\/2022\/09\/wooden-case-packing-of-wood-cutter-saw-machine-.webp\" alt=\"Holzkistenverpackung der Holzschneidemaschine\" class=\"wp-image-399\" title=\"Holzkistenverpackung der Holzschneidemaschine\"\/><figcaption class=\"wp-element-caption\">Holzkistenverpackung der Holzschneider-S\u00e4gemaschine<\/figcaption><\/figure>    <figure class=\"wp-block-image size-large\"><img loading=\"lazy\" decoding=\"async\" width=\"720\" height=\"540\" data-id=\"401\" src=\"https:\/\/hnwoodmachinery.com\/wp-content\/uploads\/2022\/09\/shipping-of-the-wood-cutter-saw-machine-.webp\" alt=\"Versand der Holzschneidemaschine\" class=\"wp-image-401\" title=\"Versand der Holzschneidemaschine\"\/><figcaption class=\"wp-element-caption\">Versand der Holzschneider-S\u00e4gemaschine<\/figcaption><\/figure> <\/figure>    <p>Danach haben wir alle Details der automatischen S\u00e4gewerksmaschine und das Ziel mit dem Kunden best\u00e4tigt. Schlie\u00dflich hat der Kunde eine Bestellung aufgegeben, die Maschine wurde schnell bearbeitet und erfolgreich verpackt und an den Standort des Kunden versendet.<\/p>    <p class=\"translation-block\">Wenn Sie an Holzverarbeitungsmaschinen interessiert sind, willkommen auf dieser Website zu st\u00f6bern. Eine gro\u00dfe Auswahl an Holzverarbeitungsmaschinen steht Ihnen zur Verf\u00fcgung, wie z. B. <strong><em><a href=\"https:\/\/hnwoodmachinery.com\/de\/products\/wood-chipper\/\">Holzh\u00e4cksler<\/a><\/em><\/strong>, <strong><em><a href=\"https:\/\/hnwoodmachinery.com\/de\/product\/log-debarker-machine\/\">Baumstammrinde entferner<\/a><\/em><\/strong>, und <strong><em><a href=\"https:\/\/hnwoodmachinery.com\/de\/product\/hydraulic-wood-pallet-machine\/\">Holzpalettenpressen<\/a><\/em><\/strong>. Z\u00f6gern Sie nicht, uns f\u00fcr weitere Details und Angebote zu kontaktieren.<\/p>","protected":false},"excerpt":{"rendered":"<p>Bei einem automatischen S\u00e4gewerk handelt es sich um eine Holzspaltmaschine mit einer Kreis- oder Bands\u00e4ge als Werkzeug. In unserem Werk werden drei Arten von S\u00e4gewerken hergestellt, die in diesem Artikel beschrieben werden.<\/p>","protected":false},"author":1,"featured_media":387,"parent":0,"template":"","tags":[36,35],"product-type":[6],"class_list":["post-25","product","type-product","status-publish","has-post-thumbnail","hentry","tag-log","tag-wood","product-type-saw-mill-machine"],"_links":{"self":[{"href":"https:\/\/hnwoodmachinery.com\/de\/wp-json\/wp\/v2\/product\/25","targetHints":{"allow":["GET"]}}],"collection":[{"href":"https:\/\/hnwoodmachinery.com\/de\/wp-json\/wp\/v2\/product"}],"about":[{"href":"https:\/\/hnwoodmachinery.com\/de\/wp-json\/wp\/v2\/types\/product"}],"author":[{"embeddable":true,"href":"https:\/\/hnwoodmachinery.com\/de\/wp-json\/wp\/v2\/users\/1"}],"wp:featuredmedia":[{"embeddable":true,"href":"https:\/\/hnwoodmachinery.com\/de\/wp-json\/wp\/v2\/media\/387"}],"wp:attachment":[{"href":"https:\/\/hnwoodmachinery.com\/de\/wp-json\/wp\/v2\/media?parent=25"}],"wp:term":[{"taxonomy":"post_tag","embeddable":true,"href":"https:\/\/hnwoodmachinery.com\/de\/wp-json\/wp\/v2\/tags?post=25"},{"taxonomy":"product-type","embeddable":true,"href":"https:\/\/hnwoodmachinery.com\/de\/wp-json\/wp\/v2\/product-type?post=25"}],"curies":[{"name":"wp","href":"https:\/\/api.w.org\/{rel}","templated":true}]}}