{"id":23,"date":"2022-07-18T03:37:21","date_gmt":"2022-07-18T03:37:21","guid":{"rendered":"https:\/\/hnwoodmachinery.com\/?post_type=product&#038;p=23"},"modified":"2024-09-12T18:33:58","modified_gmt":"2024-09-12T10:33:58","slug":"log-debarker-machine","status":"publish","type":"product","link":"https:\/\/hnwoodmachinery.com\/de\/product\/log-debarker-machine\/","title":{"rendered":"Holz-Entrindungsmaschine zum Sch\u00e4len von Holz"},"content":{"rendered":"<div class=\"kk-star-ratings kksr-auto kksr-align-left kksr-valign-top\"     data-payload='{&quot;align&quot;:&quot;left&quot;,&quot;id&quot;:&quot;23&quot;,&quot;slug&quot;:&quot;default&quot;,&quot;valign&quot;:&quot;top&quot;,&quot;ignore&quot;:&quot;&quot;,&quot;reference&quot;:&quot;auto&quot;,&quot;class&quot;:&quot;&quot;,&quot;count&quot;:&quot;95&quot;,&quot;legendonly&quot;:&quot;&quot;,&quot;readonly&quot;:&quot;&quot;,&quot;score&quot;:&quot;4.8&quot;,&quot;starsonly&quot;:&quot;&quot;,&quot;best&quot;:&quot;5&quot;,&quot;gap&quot;:&quot;5&quot;,&quot;greet&quot;:&quot;Rate this product&quot;,&quot;legend&quot;:&quot;4.8\\\/5 - (95 votes)&quot;,&quot;size&quot;:&quot;24&quot;,&quot;title&quot;:&quot;Log Debarker Machine For Wood Timber Peeling&quot;,&quot;width&quot;:&quot;136.7&quot;,&quot;_legend&quot;:&quot;{score}\\\/{best} - ({count} {votes})&quot;,&quot;font_factor&quot;:&quot;1.25&quot;}'>              <div class=\"kksr-stars\">      <div class=\"kksr-stars-inactive\">             <div class=\"kksr-star\" data-star=\"1\" style=\"padding-right: 5px\">               <div class=\"kksr-icon\" style=\"width: 24px; height: 24px;\"><\/div>         <\/div>             <div class=\"kksr-star\" data-star=\"2\" style=\"padding-right: 5px\">               <div class=\"kksr-icon\" style=\"width: 24px; height: 24px;\"><\/div>         <\/div>             <div class=\"kksr-star\" data-star=\"3\" style=\"padding-right: 5px\">               <div class=\"kksr-icon\" style=\"width: 24px; height: 24px;\"><\/div>         <\/div>             <div class=\"kksr-star\" data-star=\"4\" style=\"padding-right: 5px\">               <div class=\"kksr-icon\" style=\"width: 24px; height: 24px;\"><\/div>         <\/div>             <div class=\"kksr-star\" data-star=\"5\" style=\"padding-right: 5px\">               <div class=\"kksr-icon\" style=\"width: 24px; height: 24px;\"><\/div>         <\/div>     <\/div>      <div class=\"kksr-stars-active\" style=\"width: 136.7px;\">             <div class=\"kksr-star\" style=\"padding-right: 5px\">               <div class=\"kksr-icon\" style=\"width: 24px; height: 24px;\"><\/div>         <\/div>             <div class=\"kksr-star\" style=\"padding-right: 5px\">               <div class=\"kksr-icon\" style=\"width: 24px; height: 24px;\"><\/div>         <\/div>             <div class=\"kksr-star\" style=\"padding-right: 5px\">               <div class=\"kksr-icon\" style=\"width: 24px; height: 24px;\"><\/div>         <\/div>             <div class=\"kksr-star\" style=\"padding-right: 5px\">               <div class=\"kksr-icon\" style=\"width: 24px; height: 24px;\"><\/div>         <\/div>             <div class=\"kksr-star\" style=\"padding-right: 5px\">               <div class=\"kksr-icon\" style=\"width: 24px; height: 24px;\"><\/div>         <\/div>     <\/div> <\/div>                   <div class=\"kksr-legend\" style=\"font-size: 19.2px;\">             4,8\/5 - (95 Stimmen)    <\/div>     <\/div>  <p>Die Holzstamm-Entrindungsmaschine nutzt modernste Rotations-Entrindungstechnologie und ist mit hochfesten Legierungsklingen ausgestattet, um St\u00e4mme effektiv zu entrinden. Es kann bis zu 20 Tonnen Holz pro Stunde verarbeiten und steigert die Effizienz im Vergleich zu herk\u00f6mmlichen Ger\u00e4ten um \u00fcber 301 TP3T. <\/p>    <p>Dank der pr\u00e4zise gesteuerten Sch\u00e4ltiefe und dem automatischen Einstellsystem wird jedes Holzst\u00fcck gleichm\u00e4\u00dfig und besch\u00e4digungsfrei gesch\u00e4lt und gleichzeitig der Energieverbrauch um bis zu 20% gesenkt.<\/p>    <figure class=\"wp-block-embed aligncenter is-type-video is-provider-youtube wp-block-embed-youtube wp-embed-aspect-16-9 wp-has-aspect-ratio\"><div class=\"wp-block-embed__wrapper\"> <iframe loading=\"lazy\" title=\"Ein neues Leben f\u00fcr Holz: Entdecken Sie den erstaunlichen Prozess des Holzsch\u00e4lers! \ud83c\udf33\ud83d\udd27#woodcraft\" width=\"500\" height=\"281\" src=\"https:\/\/www.youtube.com\/embed\/lwGNGeHfYN0?feature=oembed\" frameborder=\"0\" allow=\"accelerometer; autoplay; clipboard-write; encrypted-media; gyroscope; picture-in-picture; web-share\" referrerpolicy=\"strict-origin-when-cross-origin\" allowfullscreen><\/iframe> <\/div><figcaption class=\"wp-element-caption\">Arbeitsvideo der Holzholz-Entrindungsmaschine<\/figcaption><\/figure>    <p>Generell gilt: Je feuchter die Rinde des Holzes ist, desto besser ist die Wirkung der Maschine. Das behandelte Holz kann auf verschiedene Arten weiterverarbeitet werden, z. B. durch Holzschneiden, Hobeln, Zerkleinern usw. <\/p>    <h2 class=\"wp-block-heading\" id=\"h-brief-introduction-of-log-debarker-machine\">Verf\u00fcgbare Holzscheit-Entrindungsmaschine<\/h2>    <p>Unsere Fabrik produziert zwei Arten von Holzsch\u00e4lmaschinen: eine kleine vertikale Holzsch\u00e4lmaschine und die andere eine gro\u00dfe horizontale Holzsch\u00e4lmaschine. Ihre Bellmethoden und ihre Leistung unterscheiden sich, so dass Kunden die Maschine w\u00e4hlen k\u00f6nnen, die ihren Bed\u00fcrfnissen am besten entspricht.<\/p>    <p>Seit unserer Gr\u00fcndung haben wir die Baumstammrinde-Maschine h\u00e4ufig in verschiedene L\u00e4nder exportiert, darunter die Vereinigten Staaten, europ\u00e4ische L\u00e4nder, S\u00fcdafrika und Australien. Unsere Kunden haben aufgrund des niedrigen Preises, der Langlebigkeit und der effektiven Leistung der Maschine langfristige Beziehungen zu uns aufgebaut.<\/p>    <figure class=\"wp-block-gallery has-nested-images columns-default is-cropped wp-block-gallery-2 is-layout-flex wp-block-gallery-is-layout-flex\"> <figure class=\"wp-block-image size-large\"><img loading=\"lazy\" decoding=\"async\" width=\"720\" height=\"540\" data-id=\"426\" src=\"https:\/\/hnwoodmachinery.com\/wp-content\/uploads\/2022\/09\/best-log-debarker-0.webp\" alt=\"bester Rindenabzieher \" class=\"wp-image-426\" title=\"bester Rindenabzieher \"\/><figcaption class=\"wp-element-caption\">Beste Rundholz-Entrindungsmaschine<\/figcaption><\/figure>    <figure class=\"wp-block-image size-large\"><img loading=\"lazy\" decoding=\"async\" width=\"720\" height=\"540\" data-id=\"427\" src=\"https:\/\/hnwoodmachinery.com\/wp-content\/uploads\/2022\/09\/wood-peeling-machine-0.webp\" alt=\"Holzsch\u00e4lmaschine \" class=\"wp-image-427\" title=\"Holzsch\u00e4lmaschine \"\/><figcaption class=\"wp-element-caption\">Holzsch\u00e4lmaschine<\/figcaption><\/figure> <\/figure>    <h2 class=\"wp-block-heading\" id=\"h-using-scopes-of-the-wood-peeling-machine\">Verwendung von Holzsch\u00e4lmaschinen<\/h2>    <p>Die Stammentrindungsmaschine eignet sich zum Entrinden von frisch geschnittenen Nadelh\u00f6lzern und einigen Harth\u00f6lzern sowie zum Entrinden von gefrorenem und trockenem Holz. <\/p>    <p>Es wird h\u00e4ufig in Papierfabriken, Zellstofffabriken, Hackschnitzelfabriken, in der Forstwirtschaft, bei Herstellern von Brennstoffpellets und anderen holzverarbeitenden Unternehmen wie S\u00e4gewerken und Kunstfaserplattenfabriken (Sperrholzfabriken, MDF-M\u00fchlen) eingesetzt. <\/p>    <p>Dar\u00fcber hinaus eignet sich die Holzsch\u00e4lmaschine hervorragend f\u00fcr den Flie\u00dfbandbetrieb und ist ein unverzichtbarer Ausr\u00fcstungsgegenstand in der automatisierten Produktion.<\/p>   <div class=\"wp-block-image\"> <figure class=\"aligncenter size-full\"><img loading=\"lazy\" decoding=\"async\" width=\"720\" height=\"540\" src=\"https:\/\/hnwoodmachinery.com\/wp-content\/uploads\/2022\/09\/using-scope-of-wood-peeling-machine-0.webp\" alt=\"Verwendung einer Holzsch\u00e4lmaschine\" class=\"wp-image-429\" title=\"Verwendung einer Holzsch\u00e4lmaschine\"\/><figcaption class=\"wp-element-caption\">Verwendung einer Holzsch\u00e4lmaschine<\/figcaption><\/figure> <\/div>   <h2 class=\"wp-block-heading\" id=\"h-model-1-vertical-wood-peeling-machine\">Typ 1: Vertikale Holzsch\u00e4lmaschine<\/h2>    <p>Die Leistung der vertikalen Holzsch\u00e4lmaschine ist relativ gering. Diese Art von Baumstamm-Entrindungsmaschine eignet sich f\u00fcr die Bearbeitung von Baumst\u00e4mmen, St\u00e4mmen, Abschnitten und anderem Holz. Es erm\u00f6glicht das Biegen von Holz bis zu 8% und einen Stammdurchmesser im Bereich von 5\u201335 cm.<\/p>    <p>Je frischer der Stamm, desto h\u00f6her ist die Belleffizienz und desto besser ist die Bellwirkung. Bei der Antriebsquelle kann es sich entweder um einen Elektromotor oder einen Dieselmotor handeln. Kunden k\u00f6nnen je nach Bedarf w\u00e4hlen.<\/p>   <div class=\"wp-block-image\"> <figure class=\"aligncenter size-full\"><img loading=\"lazy\" decoding=\"async\" width=\"720\" height=\"540\" src=\"https:\/\/hnwoodmachinery.com\/wp-content\/uploads\/2022\/09\/wood-debarker-0.webp\" alt=\"Holzentrinder \" class=\"wp-image-432\" title=\"Holzentrinder \"\/><figcaption class=\"wp-element-caption\">Holzscheit-Entrindungsmaschine<\/figcaption><\/figure> <\/div>   <h3 class=\"wp-block-heading\" id=\"h-structure-of-the-high-speed-wood-peeling-machine\">Aufbau einer Hochgeschwindigkeits-Holzsch\u00e4lmaschine<\/h3>    <p>Eine vertikale Holzsch\u00e4lmaschine, auch Ringsch\u00e4lmaschine genannt, besteht im Wesentlichen aus einem Vorschubmechanismus, einem Entlademechanismus, einer Messerplatte, einem \u00dcbertragungssystem und einem Bodenrahmen sowie anderen Teilen. Dieses Design erm\u00f6glicht eine einfachere F\u00fctterung. <\/p>    <p>Zus\u00e4tzlich schwei\u00dfen wir einen langen Kanal und eine Halterung an der Zuf\u00fchrung. Dar\u00fcber hinaus k\u00f6nnen Regale und R\u00e4der an der Holzrinde-Maschine installiert werden, basierend auf den Anforderungen des Kunden, was den Transport erleichtert.<\/p>   <div class=\"wp-block-image\"> <figure class=\"aligncenter size-full\"><img loading=\"lazy\" decoding=\"async\" width=\"720\" height=\"540\" src=\"https:\/\/hnwoodmachinery.com\/wp-content\/uploads\/2022\/09\/structure-of-the-wood-skin-removing-machine-0.webp\" alt=\"Aufbau der Holzhautentfernungsmaschine \" class=\"wp-image-433\" title=\"Aufbau der Holzhautentfernungsmaschine \"\/><figcaption class=\"wp-element-caption\">Aufbau der Holzhautentfernungsmaschine<\/figcaption><\/figure> <\/div>   <h3 class=\"wp-block-heading\" id=\"h-technical-parameter-of-the-small-log-debarker\">Technische Parameter der Entrindungsmaschine f\u00fcr kleine St\u00e4mme<\/h3>    <figure class=\"wp-block-table is-style-stripes\"><table><tbody><tr><td>Modell<\/td><td>SL-260<\/td><td>SL-300<\/td><\/tr><tr><td>Maximaler Durchmesser<\/td><td>260mm<\/td><td>300mm<\/td><\/tr><tr><td>Messermenge (St\u00fcck)<\/td><td>4<\/td><td>4<\/td><\/tr><tr><td>Hauptleistung (kW)<\/td><td>7.5&nbsp;<\/td><td>7.5&nbsp;<\/td><\/tr><tr><td>Antriebsleistung (kW)<\/td><td>1.5&nbsp;<\/td><td>1.5&nbsp;<\/td><\/tr><tr><td>Gewicht (T)<\/td><td>1.2<\/td><td>1.5<\/td><\/tr><tr><td>Gr\u00f6\u00dfe (L*B*H)(m)<\/td><td>2.2*1.3*1.1<\/td><td>2.5*1.8*1.1<\/td><\/tr><\/tbody><\/table><figcaption class=\"wp-element-caption\">Parameter des kleinen Rindenabziehers<\/figcaption><\/figure>    <h3 class=\"wp-block-heading\" id=\"h-how-does-the-industrial-log-debarker-work\">Wie funktioniert die Industrieholz-Entrindungsmaschine?<\/h3>    <p>Der industrielle Holzentrinder verf\u00fcgt \u00fcber eine stufenlose Technologie mit variabler Geschwindigkeit, um die Vorschubgeschwindigkeit automatisch anzupassen. Dadurch eignet es sich zum Sch\u00e4len verschiedener Holzarten mit unterschiedlichen Holzarten, Durchmesserklassen und Kr\u00fcmmungen. <\/p>    <p>Der Ringentrinder arbeitet nach dem rotierenden Schneidprinzip mit einem Ringmesser. Jedes Holz wird einzeln gesch\u00e4lt und behandelt, was zu einem besseren und gr\u00fcndlicheren Behandlungseffekt f\u00fchrt.<\/p>    <figure class=\"wp-block-embed is-type-video is-provider-youtube wp-block-embed-youtube wp-embed-aspect-16-9 wp-has-aspect-ratio\"><div class=\"wp-block-embed__wrapper\"> <iframe loading=\"lazy\" title=\"Beste Baumstamm-Entrindungsmaschine, Rundholz-Sch\u00e4lmaschine, Holzstamm-Sch\u00e4lmaschine\" width=\"500\" height=\"281\" src=\"https:\/\/www.youtube.com\/embed\/AitTndc2M6k?feature=oembed\" frameborder=\"0\" allow=\"accelerometer; autoplay; clipboard-write; encrypted-media; gyroscope; picture-in-picture; web-share\" referrerpolicy=\"strict-origin-when-cross-origin\" allowfullscreen><\/iframe> <\/div><figcaption class=\"wp-element-caption\">Arbeitsvideo der Rundholz-Entrindungsmaschine<\/figcaption><\/figure>    <h2 class=\"wp-block-heading\" id=\"h-type-2-horizontal-wood-peeling-machine\">Typ 2: Horizontale Holzsch\u00e4lmaschine<\/h2>    <p>Eine horizontale Holzsch\u00e4lmaschine, auch Trogsch\u00e4lmaschine genannt, hat eine hohe Leistung. Es kann verschiedene Holzarten, Formen und L\u00e4ngen in Chargen verarbeiten. <\/p>    <p>Der Durchmesser des von der Stammentrindungsmaschine zu verarbeitenden Materials sollte weniger als 30 cm betragen. Durch den Einsatz von Greifern und Gitterbandf\u00f6rderern in Verbindung mit der Maschine kann diese effizienter arbeiten und eine erhebliche Menge an Arbeitskr\u00e4ften einsparen.<\/p>   <div class=\"wp-block-image\"> <figure class=\"aligncenter size-full\"><img loading=\"lazy\" decoding=\"async\" width=\"720\" height=\"540\" src=\"https:\/\/hnwoodmachinery.com\/wp-content\/uploads\/2022\/09\/commercial-log-debarker-0.webp\" alt=\"Aufbau der Holzhautentfernungsmaschine \" class=\"wp-image-434\" title=\"Aufbau der Holzhautentfernungsmaschine \"\/><figcaption class=\"wp-element-caption\">Aufbau der Holzhautentfernungsmaschine<\/figcaption><\/figure> <\/div>   <h3 class=\"wp-block-heading\" id=\"h-what-is-the-structure-of-a-horizontal-wood-skinning-machine\">Aufbau einer horizontalen Holzsch\u00e4lmaschine<\/h3>    <p>Der Aufbau der Trog-Enth\u00e4utungsmaschine ist einfach. Die Baumstamm-Entrindungsmaschine besteht im Wesentlichen aus einem Rahmen, einem Enth\u00e4utungsmechanismus, einem \u00dcbertragungssystem, einem Leitblech, einem Rotor mit Enth\u00e4utungsz\u00e4hnen und einem Antriebsaggregat.<\/p>   <div class=\"wp-block-image\"> <figure class=\"aligncenter size-full\"><img loading=\"lazy\" decoding=\"async\" width=\"720\" height=\"540\" src=\"https:\/\/hnwoodmachinery.com\/wp-content\/uploads\/2022\/09\/wood-peeling-machine\u2018s-structure-0.webp\" alt=\"Aufbau der Holzhautentfernungsmaschine \" class=\"wp-image-435\" title=\"Aufbau der Holzhautentfernungsmaschine \"\/><figcaption class=\"wp-element-caption\">Aufbau der Holzhautentfernungsmaschine<\/figcaption><\/figure> <\/div>   <h3 class=\"wp-block-heading\" id=\"h-detailed-information-on-the-log-peeler\">Detaillierte Informationen zum Holzsch\u00e4ler<\/h3>    <figure class=\"wp-block-table is-style-stripes\"><table><tbody><tr><td>Modell<\/td><td>SL-700<\/td><td>SL-800<\/td><\/tr><tr><td>Maximaler Durchmesser<\/td><td>400<\/td><td>500<\/td><\/tr><tr><td>Holzl\u00e4nge (m)<\/td><td>2-5<\/td><td>2-6<\/td><\/tr><tr><td>Kapazit\u00e4t (T\/H)<\/td><td>10-12<\/td><td>15-18<\/td><\/tr><tr><td>Leistung (kW)<\/td><td>11*2<\/td><td>15*2<\/td><\/tr><tr><td>Gewicht (T)<\/td><td>3.5<\/td><td>6<\/td><\/tr><tr><td>Gr\u00f6\u00dfe (L*B*H)(m)<\/td><td>6*2.5*1.6<\/td><td>6*2.8*1.7<\/td><\/tr><\/tbody><\/table><figcaption class=\"wp-element-caption\">Parameter des Holzabziehers<\/figcaption><\/figure>    <h3 class=\"wp-block-heading\" id=\"h-working-principle-of-the-double-roller-wood-peeling-machine\">Funktionsprinzip der Doppelwalzen-Holzsch\u00e4lmaschine<\/h3>    <p>Eine Doppelwalzen-Holzsch\u00e4lmaschine nutzt die einzigartige Kraft, die der Rotor mit den Rindenz\u00e4hnen erzeugt, um den Holzabschnitt im Siloschlitzplattenzyklus zu bewegen. <\/p>    <p>Au\u00dferdem dreht sich der Holzabschnitt um seine Achse und f\u00fchrt unregelm\u00e4\u00dfige Spr\u00fcnge aus. Dadurch entsteht eine kontinuierliche Reibung zwischen Holzteil und Z\u00e4hnen sowie zwischen Holzteil und Scheunenschlitz, wodurch ein effizienter Sch\u00e4leffekt erzielt wird.<\/p>    <figure class=\"wp-block-embed aligncenter is-type-video is-provider-youtube wp-block-embed-youtube wp-embed-aspect-16-9 wp-has-aspect-ratio\"><div class=\"wp-block-embed__wrapper\"> <iframe loading=\"lazy\" title=\"Holzscheit-Entrindungsmaschine, Holzholzverarbeitungsausr\u00fcstung, #wood, #woodmachine\" width=\"500\" height=\"281\" src=\"https:\/\/www.youtube.com\/embed\/JSPAvQG3i-M?feature=oembed\" frameborder=\"0\" allow=\"accelerometer; autoplay; clipboard-write; encrypted-media; gyroscope; picture-in-picture; web-share\" referrerpolicy=\"strict-origin-when-cross-origin\" allowfullscreen><\/iframe> <\/div><figcaption class=\"wp-element-caption\">Arbeitsvideo einer horizontalen Holzstamm-Entrindungsmaschine<\/figcaption><\/figure>    <h3 class=\"wp-block-heading\" id=\"h-features-of-a-wood-barking-machine\">Merkmale der Holzscheit-Entrindungsmaschine<\/h3>    <ul class=\"wp-block-list\"> <li>Die Holzentrindungsmaschine hat ein breites Anwendungsspektrum und kann verschiedene Holzgr\u00f6\u00dfen und -arten verarbeiten.<\/li>    <li>Es verf\u00fcgt \u00fcber eine hohe Sch\u00e4lrate und erreicht einen Wirkungsgrad von \u00fcber 95%.<\/li>    <li>Die Bedienung der Maschine ist einfach und komfortabel, da f\u00fcr alle Sch\u00e4larbeiten nur ein Mitarbeiter ben\u00f6tigt wird.<\/li>    <li>Es zeichnet sich durch einen geringen Energieverbrauch und eine geringe Ausfallrate sowie eine lange Lebensdauer aus. Die Maschine kann ohne zus\u00e4tzliche Installation am Boden eingesetzt werden und ist daher einfach zu bedienen.<\/li>    <li>Beide Maschinen haben einen hohen Wirkungsgrad und k\u00f6nnen kontinuierlich arbeiten. Die horizontale Entrindungsmaschine kann eine gro\u00dfe Menge Holz auf einmal verarbeiten.<\/li> <\/ul>    <h2 class=\"wp-block-heading\">Eigenschaften beider Holzsch\u00e4lmaschinen<\/h2>    <ul class=\"wp-block-list\"> <li>Vertikale Holzsch\u00e4lmaschinen verarbeiten im Allgemeinen relativ gro\u00dfe Holzdurchmesser. Allerdings sollten die besten Rohstoffe nicht zu stark gebogen sein. Die Mitarbeiter m\u00fcssen der Maschine kontinuierlich Holz zuf\u00fchren. <\/li>    <li>Horizontale Holzsch\u00e4lmaschinen k\u00f6nnen Biegeholz und Holz mit kleinerem Durchmesser bearbeiten. Diese Maschinen k\u00f6nnen mehrere Materialien gleichzeitig in gro\u00dfen Mengen verarbeiten. Sie werden meist in Verbindung mit Greifklemmen und F\u00f6rderb\u00e4ndern eingesetzt. Ihre hohe Arbeitseffizienz erf\u00fcllt die Anforderungen mittlerer und gro\u00dfer Holzverarbeitungsbetriebe.<\/li> <\/ul>    <h2 class=\"wp-block-heading\" id=\"h-successful-case\">Erfolgreicher Fall<\/h2>    <p class=\"translation-block\">Unser Kunde aus <a href=\"https:\/\/en.wikipedia.org\/wiki\/United_States\" target=\"_blank\" rel=\"noopener\">Amerika<\/a> besitzt ein S\u00e4gewerk. Er sandte uns eine direkte Anfrage f\u00fcr eine Rundholzentrindungsmaschine. Nach der Kommunikation verstanden wir, dass der Kunde gr\u00f6bere St\u00e4mme verarbeiten musste. Daher stellten wir dem Kunden direkt Bilder und Videos des gr\u00f6\u00dften Modells der Sch\u00e4lmaschine zur Verf\u00fcgung. Der Kunde gab auch an, dass die Maschine die Anforderungen erf\u00fcllte. <\/p>    <p>Anschlie\u00dfend unterbreitete unser Verk\u00e4ufer dem Kunden ein Angebot. Nachdem der Kunde alle Details der Maschine best\u00e4tigt hat. Der Kunde erteilte den Auftrag und wir bereiteten die Maschine f\u00fcr die Produktion vor. Anschlie\u00dfend wird die Maschine an den Bestimmungsort verschifft.<\/p>    <figure class=\"wp-block-gallery has-nested-images columns-default is-cropped wp-block-gallery-3 is-layout-flex wp-block-gallery-is-layout-flex\"> <figure class=\"wp-block-image size-large\"><img loading=\"lazy\" decoding=\"async\" width=\"720\" height=\"540\" data-id=\"436\" src=\"https:\/\/hnwoodmachinery.com\/wp-content\/uploads\/2022\/09\/wooden-case-packing-of-the-wood-flaker-machine-0.webp\" alt=\"Holzkastenverpackung der Holzflaker-Maschine \" class=\"wp-image-436\" title=\"Holzkastenverpackung der Holzflaker-Maschine \"\/><figcaption class=\"wp-element-caption\">Holzkistenverpackung der Holzspanmaschine<\/figcaption><\/figure>    <figure class=\"wp-block-image size-large\"><img loading=\"lazy\" decoding=\"async\" width=\"720\" height=\"540\" data-id=\"437\" src=\"https:\/\/hnwoodmachinery.com\/wp-content\/uploads\/2022\/09\/wood-debarker-.webp\" alt=\"Holzentrinder\" class=\"wp-image-437\" title=\"Holzentrinder\"\/><figcaption class=\"wp-element-caption\">Holzentrindungsger\u00e4t<\/figcaption><\/figure> <\/figure>    <h2 class=\"wp-block-heading\" id=\"h-what-are-the-reasons-for-choosing-the-shuliy-log-debarker\">Warum sollten Sie sich f\u00fcr den Holzentrinder von Shuliy entscheiden?<\/h2>    <ul class=\"wp-block-list\"> <li>Shuliy Machinery ist ein professioneller Hersteller von Holzmaschinen. Wir k\u00f6nnen unseren Kunden g\u00fcnstige Preise und hochwertige Maschinen anbieten.<\/li>    <li>Wir k\u00f6nnen die meisten Probleme unserer Kunden zeitnah l\u00f6sen. Wir verf\u00fcgen \u00fcber umfassende Kenntnisse im Bereich Holzmaschinen und k\u00f6nnen Informationen zu allen Aspekten bereitstellen, die Kunden wissen m\u00f6chten.<\/li>    <li>Wir verf\u00fcgen \u00fcber umfassende Exporterfahrung und k\u00f6nnen Kunden bei der zeitnahen L\u00f6sung exportbezogener Probleme unterst\u00fctzen.<\/li>    <li>Unsere Maschinen wurden in zahlreiche L\u00e4nder exportiert und alle Kunden sind mit unseren Maschinen zufrieden.<\/li> <\/ul>    <p class=\"translation-block\">Wir haben auch <a href=\"https:\/\/hnwoodmachinery.com\/de\/product\/automatic-saw-mill-machine\/\">S\u00e4gewerkmaschinen<\/a> und <a href=\"https:\/\/hnwoodmachinery.com\/de\/product\/wood-hammer-mill\/\">S\u00e4gemehlmaschinen<\/a>. Die Rundholzentrindungsmaschine kann f\u00fcr Holzbearbeitungsprojekte verwendet werden und ist auch ideal f\u00fcr Landwirte und Holznutzer. Wir laden Sie herzlich ein, sich jederzeit zu konsultieren, um detailliertere Informationen \u00fcber Holzbearbeitungsmaschinen zu erhalten, und begr\u00fc\u00dfen Sie, unsere Fabrik zu besuchen. Wir freuen uns auf die Zusammenarbeit mit Ihnen.<\/p>","protected":false},"excerpt":{"rendered":"<p>Die Holzscheit-Entrindungsmaschine nutzt modernste Rotations-Entrindungstechnologie und ist mit Klingen aus hochfester Legierung ausgestattet, um St\u00e4mme effektiv zu entrinden. Es kann bis zu 20 Tonnen Rundholz pro Stunde verarbeiten.<\/p>","protected":false},"author":1,"featured_media":430,"parent":0,"template":"","tags":[36,41,35],"product-type":[5],"class_list":["post-23","product","type-product","status-publish","has-post-thumbnail","hentry","tag-log","tag-timber","tag-wood","product-type-wood-debarker"],"_links":{"self":[{"href":"https:\/\/hnwoodmachinery.com\/de\/wp-json\/wp\/v2\/product\/23","targetHints":{"allow":["GET"]}}],"collection":[{"href":"https:\/\/hnwoodmachinery.com\/de\/wp-json\/wp\/v2\/product"}],"about":[{"href":"https:\/\/hnwoodmachinery.com\/de\/wp-json\/wp\/v2\/types\/product"}],"author":[{"embeddable":true,"href":"https:\/\/hnwoodmachinery.com\/de\/wp-json\/wp\/v2\/users\/1"}],"wp:featuredmedia":[{"embeddable":true,"href":"https:\/\/hnwoodmachinery.com\/de\/wp-json\/wp\/v2\/media\/430"}],"wp:attachment":[{"href":"https:\/\/hnwoodmachinery.com\/de\/wp-json\/wp\/v2\/media?parent=23"}],"wp:term":[{"taxonomy":"post_tag","embeddable":true,"href":"https:\/\/hnwoodmachinery.com\/de\/wp-json\/wp\/v2\/tags?post=23"},{"taxonomy":"product-type","embeddable":true,"href":"https:\/\/hnwoodmachinery.com\/de\/wp-json\/wp\/v2\/product-type?post=23"}],"curies":[{"name":"wp","href":"https:\/\/api.w.org\/{rel}","templated":true}]}}