{"id":222,"date":"2022-07-25T07:25:37","date_gmt":"2022-07-25T07:25:37","guid":{"rendered":"https:\/\/hnwoodmachinery.com\/?post_type=product&#038;p=222"},"modified":"2024-09-29T18:27:49","modified_gmt":"2024-09-29T10:27:49","slug":"comprehensive-pallet-crusher","status":"publish","type":"product","link":"https:\/\/hnwoodmachinery.com\/de\/product\/comprehensive-pallet-crusher\/","title":{"rendered":"Umfassender Palettenzerkleinerer mit hoher Kapazit\u00e4t f\u00fcr den industriellen Holzschleifer"},"content":{"rendered":"<div class=\"kk-star-ratings kksr-auto kksr-align-left kksr-valign-top\"     data-payload='{&quot;align&quot;:&quot;left&quot;,&quot;id&quot;:&quot;222&quot;,&quot;slug&quot;:&quot;default&quot;,&quot;valign&quot;:&quot;top&quot;,&quot;ignore&quot;:&quot;&quot;,&quot;reference&quot;:&quot;auto&quot;,&quot;class&quot;:&quot;&quot;,&quot;count&quot;:&quot;91&quot;,&quot;legendonly&quot;:&quot;&quot;,&quot;readonly&quot;:&quot;&quot;,&quot;score&quot;:&quot;4.9&quot;,&quot;starsonly&quot;:&quot;&quot;,&quot;best&quot;:&quot;5&quot;,&quot;gap&quot;:&quot;5&quot;,&quot;greet&quot;:&quot;Rate this product&quot;,&quot;legend&quot;:&quot;4.9\\\/5 - (91 votes)&quot;,&quot;size&quot;:&quot;24&quot;,&quot;title&quot;:&quot;Comprehensive Pallet Crusher High Capacity Industrial Wood Grinder&quot;,&quot;width&quot;:&quot;139.6&quot;,&quot;_legend&quot;:&quot;{score}\\\/{best} - ({count} {votes})&quot;,&quot;font_factor&quot;:&quot;1.25&quot;}'>              <div class=\"kksr-stars\">      <div class=\"kksr-stars-inactive\">             <div class=\"kksr-star\" data-star=\"1\" style=\"padding-right: 5px\">               <div class=\"kksr-icon\" style=\"width: 24px; height: 24px;\"><\/div>         <\/div>             <div class=\"kksr-star\" data-star=\"2\" style=\"padding-right: 5px\">               <div class=\"kksr-icon\" style=\"width: 24px; height: 24px;\"><\/div>         <\/div>             <div class=\"kksr-star\" data-star=\"3\" style=\"padding-right: 5px\">               <div class=\"kksr-icon\" style=\"width: 24px; height: 24px;\"><\/div>         <\/div>             <div class=\"kksr-star\" data-star=\"4\" style=\"padding-right: 5px\">               <div class=\"kksr-icon\" style=\"width: 24px; height: 24px;\"><\/div>         <\/div>             <div class=\"kksr-star\" data-star=\"5\" style=\"padding-right: 5px\">               <div class=\"kksr-icon\" style=\"width: 24px; height: 24px;\"><\/div>         <\/div>     <\/div>      <div class=\"kksr-stars-active\" style=\"width: 139.6px;\">             <div class=\"kksr-star\" style=\"padding-right: 5px\">               <div class=\"kksr-icon\" style=\"width: 24px; height: 24px;\"><\/div>         <\/div>             <div class=\"kksr-star\" style=\"padding-right: 5px\">               <div class=\"kksr-icon\" style=\"width: 24px; height: 24px;\"><\/div>         <\/div>             <div class=\"kksr-star\" style=\"padding-right: 5px\">               <div class=\"kksr-icon\" style=\"width: 24px; height: 24px;\"><\/div>         <\/div>             <div class=\"kksr-star\" style=\"padding-right: 5px\">               <div class=\"kksr-icon\" style=\"width: 24px; height: 24px;\"><\/div>         <\/div>             <div class=\"kksr-star\" style=\"padding-right: 5px\">               <div class=\"kksr-icon\" style=\"width: 24px; height: 24px;\"><\/div>         <\/div>     <\/div> <\/div>                   <div class=\"kksr-legend\" style=\"font-size: 19.2px;\">             4,9\/5 - (91 Stimmen)    <\/div>     <\/div>  <p class=\"translation-block\">Der <strong>umfassende Palettenzerkleinerer<\/strong> wird in verschiedenen Branchen eingesetzt, um verschiedene Arten von Holz zu verarbeiten. Er kann Nagelholz, Holzpaletten, Bauabf\u00e4lle, Holztr\u00e4ger, \u00c4ste, Schnittholz usw. verarbeiten, sowie eine Vielzahl von Sch\u00fcttelstroh, Schilfrohr und anderen verschiedenen nicht-holzartigen Materialien, mit einem breiten Anwendungsspektrum. <\/p>    <p>Im Vergleich zu anderen Brechern verwendet der Komplettbrecher eine Kettenplatten-F\u00f6rderbeschickung, die die Beschickung glatter machen und die Produktionskapazit\u00e4t erheblich verbessern kann, bis zu 30 Tonnen pro Stunde.<\/p>    <figure class=\"wp-block-embed aligncenter is-type-video is-provider-youtube wp-block-embed-youtube wp-embed-aspect-16-9 wp-has-aspect-ratio\"><div class=\"wp-block-embed__wrapper\"> <iframe loading=\"lazy\" title=\"Giant Wood Crusher: die ultimative Herausforderung, gro\u00dfe Holzpaletten kraftvoll zu zerkleinern! \ud83d\udd25#Holz\" width=\"500\" height=\"281\" src=\"https:\/\/www.youtube.com\/embed\/bjuIT1J-sVk?feature=oembed\" frameborder=\"0\" allow=\"accelerometer; autoplay; clipboard-write; encrypted-media; gyroscope; picture-in-picture; web-share\" referrerpolicy=\"strict-origin-when-cross-origin\" allowfullscreen><\/iframe> <\/div><figcaption class=\"wp-element-caption\">Umfassendes Video zur Funktionsweise der Palettenbrechermaschine<\/figcaption><\/figure>    <p>Der umfassende Palettenbrecher von Shuliy verf\u00fcgt \u00fcber ein Zuf\u00fchrf\u00f6rderband, mit dem Benutzer Bretter, Holz und andere Materialien direkt darauf platzieren k\u00f6nnen. Anschlie\u00dfend transportiert das F\u00f6rderband das Material automatisch in die Zerkleinerungsanlage, was deutlich Energie spart. Diese Maschine ist sowohl f\u00fcr die Chargen- als auch f\u00fcr die kontinuierliche Holzverarbeitung geeignet.<\/p>    <p class=\"translation-block\">Die Maschine verf\u00fcgt \u00fcber ein magnetisches Absaugger\u00e4t an ihrem Ausgang, das in der Lage ist, N\u00e4gel, Schmutz und andere Materialien aus dem Endprodukt zu entfernen. Dar\u00fcber hinaus bieten wir verschiedene Modelle von Holzzerkleinerern an, um den unterschiedlichen Bed\u00fcrfnissen unserer Kunden gerecht zu werden. Au\u00dferdem haben wir auch <a href=\"https:\/\/hnwoodmachinery.com\/de\/product\/wood-shredder-machine\/\">kleinere Holzzerkleinerer<\/a>, die haupts\u00e4chlich das Holz, \u00c4ste usw. verarbeiten k\u00f6nnen.<\/p>    <figure class=\"wp-block-gallery has-nested-images columns-default is-cropped wp-block-gallery-2 is-layout-flex wp-block-gallery-is-layout-flex\"> <figure class=\"wp-block-image size-large\"><img loading=\"lazy\" decoding=\"async\" width=\"720\" height=\"540\" data-id=\"415\" src=\"https:\/\/hnwoodmachinery.com\/wp-content\/uploads\/2022\/09\/comprehensive-pallet-crusher-a.webp\" alt=\"umfassender Palettenbrecher\" class=\"wp-image-415\" title=\"umfassender Palettenbrecher\"\/><figcaption class=\"wp-element-caption\">Umfassender Palettenbrecher<\/figcaption><\/figure>    <figure class=\"wp-block-image size-large\"><img loading=\"lazy\" decoding=\"async\" width=\"720\" height=\"540\" data-id=\"416\" src=\"https:\/\/hnwoodmachinery.com\/wp-content\/uploads\/2022\/09\/newly-manufactured-pallet-crusher-machine-a.webp\" alt=\"Industrieller Holzpalettenzerkleinerer\" class=\"wp-image-416\" title=\"Industrieller Holzpalettenzerkleinerer\"\/><figcaption class=\"wp-element-caption\">Industrieller Holzpalettenzerkleinerer<\/figcaption><\/figure> <\/figure>    <p>&nbsp;&nbsp;&nbsp;&nbsp;&nbsp;&nbsp;&nbsp;&nbsp;&nbsp;&nbsp;&nbsp;&nbsp;&nbsp;&nbsp;&nbsp;&nbsp;&nbsp;&nbsp;&nbsp;&nbsp;&nbsp;&nbsp;&nbsp;&nbsp;&nbsp;<\/p>    <h2 class=\"wp-block-heading\">Anwendungsbereich des industriellen Holzschleifers<\/h2>    <p>Der industrielle Holzwolf ist in der Lage, verschiedene Altholzmaterialien zu verarbeiten, darunter Verpackungskartons, Schablonen, Bretter, \u00c4ste, Holzkisten, Paletten, Maisst\u00e4ngel, Baumst\u00e4mme und mehr, und dabei gleichzeitig Silage effektiv zu zerkleinern. Seine Funktionalit\u00e4t ist robust, solide und langlebig, sodass es f\u00fcr eine Vielzahl von Materialien geeignet ist.<\/p>    <p class=\"translation-block\"><strong>Anwendungsbereich von fertigen Holzsp\u00e4nen<\/strong>: Holzsp\u00e4ne dienen als Hauptrohstoff f\u00fcr Biomassepellets, Spanplatten, Holzkohleproduktion, organische D\u00fcngemittel und mehr. Sie sind auch unerl\u00e4sslich f\u00fcr Kraftwerke, <a href=\"https:\/\/en.wikipedia.org\/wiki\/Pellet_fuel\" target=\"_blank\" rel=\"noopener\">Biomassepellet<\/a>-Herstellungsanlagen, Spanplattenproduktion und verschiedene andere Branchen.<\/p>   <div class=\"wp-block-image\"> <figure class=\"aligncenter size-full\"><img loading=\"lazy\" decoding=\"async\" width=\"720\" height=\"540\" src=\"https:\/\/hnwoodmachinery.com\/wp-content\/uploads\/2022\/09\/applications-of-industial-wood-grinder-machine-0.webp\" alt=\"Anwendungen der industriellen Holzschleifmaschine\" class=\"wp-image-417\" title=\"Anwendungen der industriellen Holzschleifmaschine\"\/><figcaption class=\"wp-element-caption\">Anwendungen der industriellen Holzschleifmaschine<\/figcaption><\/figure> <\/div>   <h2 class=\"wp-block-heading\">Bemerkenswerte Merkmale des Holzpalettenzerkleinerers<\/h2>    <ul class=\"wp-block-list\"> <li>Es kann sich an verschiedene geografische und Gel\u00e4ndebedingungen f\u00fcr die Installation und Verwendung von Ger\u00e4ten anpassen und bleibt dabei von saisonalen Klimabedingungen und anderen externen Faktoren unbeeinflusst.<\/li>    <li>Unser fortschrittlicher Palettenbrecher verf\u00fcgt \u00fcber eine automatische Steuerung sowie eine automatische Zuf\u00fchrung und Entladung, was die Produktionskapazit\u00e4t erh\u00f6ht. Dar\u00fcber hinaus gew\u00e4hrleistet es die Trennung von Mensch und Maschine und erh\u00f6ht so die Sicherheit im Maschinenbetrieb.<\/li>    <li>Der umfassende Zerkleinerer ist in der Lage, alle Arten von Altholz zu verarbeiten, auch solche mit Metalln\u00e4geln. Darin k\u00f6nnen verschiedenste Rohstoffe wie Baumst\u00e4mme, \u00c4ste, ausrangierte M\u00f6bel und Bretter untergebracht werden.<\/li>    <li>F\u00fcr die Zuf\u00fchrung wird eine Kettenplatte verwendet, die eine gleichm\u00e4\u00dfigere Materialeingabe erm\u00f6glicht und die Produktionskapazit\u00e4t erheblich steigert.\u3000\u3000<\/li> <\/ul>   <div class=\"wp-block-image\"> <figure class=\"aligncenter size-full\"><img loading=\"lazy\" decoding=\"async\" width=\"720\" height=\"540\" src=\"https:\/\/hnwoodmachinery.com\/wp-content\/uploads\/2022\/09\/industrial-wood-pallet-shredders-for-sale_.webp\" alt=\"Industrielle Holzpalettenzerkleinerer\" class=\"wp-image-418\" title=\"Industrielle Holzpalettenzerkleinerer\"\/><figcaption class=\"wp-element-caption\">Industrielle Holzpalettenzerkleinerer<\/figcaption><\/figure> <\/div>   <h2 class=\"wp-block-heading\">Parameter der industriellen Holzzerkleinerungsmaschine<\/h2>    <figure class=\"wp-block-table is-style-stripes\"><table><tbody><tr><td>Modell<\/td><td>SL-C-1300<\/td><td>SL-C-1400<\/td><td>SL-C-1600<\/td><\/tr><tr><td>Gr\u00f6\u00dfe des Zufuhreinlasses<\/td><td>1300*500mm<\/td><td>1400*800mm<\/td><td>1600*800mm<\/td><\/tr><tr><td>Zufuhr maximaler Durchmesser<\/td><td>400mm<\/td><td>500mm<\/td><td>600mm<\/td><\/tr><tr><td>Ausgabegr\u00f6\u00dfe<\/td><td>Weniger als 100 mm<\/td><td>Weniger als 100 mm<\/td><td>Weniger als 100 mm<\/td><\/tr><tr><td>Eingabef\u00f6rderer<\/td><td>6m<\/td><td>6m<\/td><td>6m<\/td><\/tr><tr><td>Ausgabef\u00f6rderer<\/td><td>8m<\/td><td>10m<\/td><td>10m<\/td><\/tr><tr><td>Hammermenge<\/td><td>20 St\u00fcck<\/td><td>32 St\u00fcck<\/td><td>66 St\u00fcck<\/td><\/tr><tr><td>Kapazit\u00e4t<\/td><td>8-10 t\/h<\/td><td>10-15t\/h<\/td><td>20-30t\/h<\/td><\/tr><tr><td>Gesamtleistung<\/td><td>156,5 kW<\/td><td>213,5 kW<\/td><td>233,5 kW<\/td><\/tr><tr><td>Gesamtgr\u00f6\u00dfe<\/td><td>8600*2000*2300mm<\/td><td>9600*2400*3300mm<\/td><td>12500*2800*3200mm<\/td><\/tr><\/tbody><\/table><figcaption class=\"wp-element-caption\">umfassende technische Daten zum Palettenbrecher<\/figcaption><\/figure>    <h2 class=\"wp-block-heading\">Aus welchen Komponenten besteht ein Holzpalettenzerkleinerer?<\/h2>    <p>Der umfassende Palettenbrecher besteht haupts\u00e4chlich aus einem Zuf\u00fchrf\u00f6rderer, einer Zuf\u00fchrvorrichtung, einer Messerwalze, einem Sieb, einer Auslass\u00f6ffnung, einer magnetischen Saugvorrichtung usw. Die Struktur der Maschine ist fortschrittlich und vern\u00fcnftig und sie ist einfach zu bedienen und zu warten.<\/p>   <div class=\"wp-block-image\"> <figure class=\"aligncenter size-full\"><img loading=\"lazy\" decoding=\"async\" width=\"720\" height=\"540\" src=\"https:\/\/hnwoodmachinery.com\/wp-content\/uploads\/2022\/09\/structure-of-the-wood-crusher-machine_.webp\" alt=\"Struktur der Holzzerkleinerungsmaschine\" class=\"wp-image-419\" title=\"Struktur der Holzzerkleinerungsmaschine\"\/><figcaption class=\"wp-element-caption\">Struktur der Holzzerkleinerungsmaschine<\/figcaption><\/figure> <\/div>   <h2 class=\"wp-block-heading\">Wie funktioniert ein Gro\u00dfraum-Holzbrecher?<\/h2>   <div id=\"rank-math-howto\" class=\"rank-math-block\" > <div class=\"rank-math-howto-description\">  <\/div>  <div class=\"rank-math-steps\"> <div id=\"howto-step-1717405163877\" class=\"rank-math-step\"> <div class=\"rank-math-step-content\"><p>Die umfassende Palettenzerkleinerungsmaschine nutzt in erster Linie die Schlagkraft, um Holz zu zerkleinern. W\u00e4hrend des Betriebs dreht der Motor den Innenrotor mit hoher Geschwindigkeit, sodass das Holz gleichm\u00e4\u00dfig in die Zerkleinerungskammer gelangt.<\/p> <\/div> <\/div> <div id=\"howto-step-1717405183757\" class=\"rank-math-step\"> <div class=\"rank-math-step-content\"><p>Die mit hoher Geschwindigkeit rotierenden H\u00e4mmer schlagen dann auf das Holz ein und lassen es zersplittern. W\u00e4hrenddessen wird das Holz, beeinflusst durch sein Gewicht, von den H\u00e4mmern in Richtung Prallplatte geschleudert.<\/p> <\/div> <\/div> <div id=\"howto-step-1717405206741\" class=\"rank-math-step\"> <div class=\"rank-math-step-content\"><p>Am Boden der Maschine befindet sich eine Siebplatte; Das zerkleinerte Holz gelangt durch \u00d6ffnungen, die kleiner als die Maschenweite sind, w\u00e4hrend gr\u00f6\u00dfere St\u00fccke auf dem Sieb verbleiben und von den H\u00e4mmern weiterverarbeitet werden.<\/p> <\/div> <\/div> <\/div> <\/div>       <figure class=\"wp-block-embed aligncenter is-type-video is-provider-youtube wp-block-embed-youtube wp-embed-aspect-16-9 wp-has-aspect-ratio\"><div class=\"wp-block-embed__wrapper\"> <iframe loading=\"lazy\" title=\"Leistungsstarker Holzpaletten-Zerkleinerer in Aktion: Effiziente Technologie zur Reduzierung von Holzabf\u00e4llen! #-Zerkleinerer #Holz\" width=\"500\" height=\"281\" src=\"https:\/\/www.youtube.com\/embed\/jimooBVD8i8?feature=oembed\" frameborder=\"0\" allow=\"accelerometer; autoplay; clipboard-write; encrypted-media; gyroscope; picture-in-picture; web-share\" referrerpolicy=\"strict-origin-when-cross-origin\" allowfullscreen><\/iframe> <\/div><figcaption class=\"wp-element-caption\">umfassendes Funktionsprinzip des Palettenbrechers<\/figcaption><\/figure>    <h2 class=\"wp-block-heading\">Export umfassender Brecher nach Singapur<\/h2>    <p>Ein Kunde aus Singapur wandte sich per E-Mail an uns und \u00e4u\u00dferte seinen Bedarf an einem umfassenden Palettenbrecher. Er hatte zuvor unsere Website besucht und unsere Kontaktinformationen gefunden. Kurz darauf antwortete unser Vertriebsleiter auf seine E-Mail. <\/p>    <p>Wir haben mit dem Kunden best\u00e4tigt, dass er Holzbretter als Rohmaterial verarbeitet. Die Abmessungen der Bretter betragen 1200 x 1100 x 150 mm und sie enthalten N\u00e4gel. Wir stellten ihm au\u00dferdem Bilder, Spezifikationen und ein Video der Maschine zur Verf\u00fcgung. Unser integrierter Brecher ist f\u00fcr diese Art von Rohmaterial bestens geeignet. Nach einiger \u00dcberlegung entschied sich der Kunde zum Kauf.<\/p>   <div class=\"wp-block-image\"> <figure class=\"aligncenter size-full\"><img loading=\"lazy\" decoding=\"async\" width=\"720\" height=\"540\" src=\"https:\/\/hnwoodmachinery.com\/wp-content\/uploads\/2022\/09\/comprehensive-crusher_.webp\" alt=\"umfassender Brecher\" class=\"wp-image-421\" title=\"umfassender Brecher\"\/><figcaption class=\"wp-element-caption\">umfassender Brecher<\/figcaption><\/figure> <\/div>   <h2 class=\"wp-block-heading\">Nehmen Sie gerne Kontakt mit uns auf<\/h2>    <p>Unser Werk ist seit vielen Jahren auf die Herstellung von Holzbearbeitungsmaschinen spezialisiert und bringt einen gro\u00dfen Erfahrungsschatz und fortschrittliche Technologie mit. Unser Ziel ist es, hochwertige integrierte Brecher mit gro\u00dfer Kapazit\u00e4t anzubieten, die den unterschiedlichen Anforderungen des Holzrecyclings gerecht werden. Sie k\u00f6nnen uns jederzeit kontaktieren, um mehr \u00fcber unsere Produkte zu erfahren oder unsere Fabrik zu besuchen. Wir freuen uns auf die Gelegenheit zur Zusammenarbeit.<\/p>","protected":false},"excerpt":{"rendered":"<p>Der umfassende Palettenbrecher hat ein breites Anwendungsspektrum. Es ist f\u00fcr verschiedene Holzarten geeignet und bietet gro\u00dfe Leistung, hohe Effizienz, Verschlei\u00dffestigkeit und Haltbarkeit.<\/p>","protected":false},"author":1,"featured_media":520,"parent":0,"template":"","tags":[35,40,39],"product-type":[7],"class_list":["post-222","product","type-product","status-publish","has-post-thumbnail","hentry","tag-wood","tag-wood-chips","tag-wood-pallet","product-type-wood-crusher"],"_links":{"self":[{"href":"https:\/\/hnwoodmachinery.com\/de\/wp-json\/wp\/v2\/product\/222","targetHints":{"allow":["GET"]}}],"collection":[{"href":"https:\/\/hnwoodmachinery.com\/de\/wp-json\/wp\/v2\/product"}],"about":[{"href":"https:\/\/hnwoodmachinery.com\/de\/wp-json\/wp\/v2\/types\/product"}],"author":[{"embeddable":true,"href":"https:\/\/hnwoodmachinery.com\/de\/wp-json\/wp\/v2\/users\/1"}],"wp:featuredmedia":[{"embeddable":true,"href":"https:\/\/hnwoodmachinery.com\/de\/wp-json\/wp\/v2\/media\/520"}],"wp:attachment":[{"href":"https:\/\/hnwoodmachinery.com\/de\/wp-json\/wp\/v2\/media?parent=222"}],"wp:term":[{"taxonomy":"post_tag","embeddable":true,"href":"https:\/\/hnwoodmachinery.com\/de\/wp-json\/wp\/v2\/tags?post=222"},{"taxonomy":"product-type","embeddable":true,"href":"https:\/\/hnwoodmachinery.com\/de\/wp-json\/wp\/v2\/product-type?post=222"}],"curies":[{"name":"wp","href":"https:\/\/api.w.org\/{rel}","templated":true}]}}