{"id":207,"date":"2022-07-22T08:10:18","date_gmt":"2022-07-22T08:10:18","guid":{"rendered":"https:\/\/hnwoodmachinery.com\/?post_type=product&#038;p=207"},"modified":"2024-09-24T18:28:36","modified_gmt":"2024-09-24T10:28:36","slug":"drum-wood-chipper","status":"publish","type":"product","link":"https:\/\/hnwoodmachinery.com\/de\/product\/drum-wood-chipper\/","title":{"rendered":"Trommelholzhacker Kommerzielle Maschine zur Herstellung von Holzsp\u00e4nen"},"content":{"rendered":"<div class=\"kk-star-ratings kksr-auto kksr-align-left kksr-valign-top\"     data-payload='{&quot;align&quot;:&quot;left&quot;,&quot;id&quot;:&quot;207&quot;,&quot;slug&quot;:&quot;default&quot;,&quot;valign&quot;:&quot;top&quot;,&quot;ignore&quot;:&quot;&quot;,&quot;reference&quot;:&quot;auto&quot;,&quot;class&quot;:&quot;&quot;,&quot;count&quot;:&quot;94&quot;,&quot;legendonly&quot;:&quot;&quot;,&quot;readonly&quot;:&quot;&quot;,&quot;score&quot;:&quot;4.8&quot;,&quot;starsonly&quot;:&quot;&quot;,&quot;best&quot;:&quot;5&quot;,&quot;gap&quot;:&quot;5&quot;,&quot;greet&quot;:&quot;Rate this product&quot;,&quot;legend&quot;:&quot;4.8\\\/5 - (94 votes)&quot;,&quot;size&quot;:&quot;24&quot;,&quot;title&quot;:&quot;Drum Wood Chipper Commercial Timber Chips Making Machine&quot;,&quot;width&quot;:&quot;136.7&quot;,&quot;_legend&quot;:&quot;{score}\\\/{best} - ({count} {votes})&quot;,&quot;font_factor&quot;:&quot;1.25&quot;}'>              <div class=\"kksr-stars\">      <div class=\"kksr-stars-inactive\">             <div class=\"kksr-star\" data-star=\"1\" style=\"padding-right: 5px\">               <div class=\"kksr-icon\" style=\"width: 24px; height: 24px;\"><\/div>         <\/div>             <div class=\"kksr-star\" data-star=\"2\" style=\"padding-right: 5px\">               <div class=\"kksr-icon\" style=\"width: 24px; height: 24px;\"><\/div>         <\/div>             <div class=\"kksr-star\" data-star=\"3\" style=\"padding-right: 5px\">               <div class=\"kksr-icon\" style=\"width: 24px; height: 24px;\"><\/div>         <\/div>             <div class=\"kksr-star\" data-star=\"4\" style=\"padding-right: 5px\">               <div class=\"kksr-icon\" style=\"width: 24px; height: 24px;\"><\/div>         <\/div>             <div class=\"kksr-star\" data-star=\"5\" style=\"padding-right: 5px\">               <div class=\"kksr-icon\" style=\"width: 24px; height: 24px;\"><\/div>         <\/div>     <\/div>      <div class=\"kksr-stars-active\" style=\"width: 136.7px;\">             <div class=\"kksr-star\" style=\"padding-right: 5px\">               <div class=\"kksr-icon\" style=\"width: 24px; height: 24px;\"><\/div>         <\/div>             <div class=\"kksr-star\" style=\"padding-right: 5px\">               <div class=\"kksr-icon\" style=\"width: 24px; height: 24px;\"><\/div>         <\/div>             <div class=\"kksr-star\" style=\"padding-right: 5px\">               <div class=\"kksr-icon\" style=\"width: 24px; height: 24px;\"><\/div>         <\/div>             <div class=\"kksr-star\" style=\"padding-right: 5px\">               <div class=\"kksr-icon\" style=\"width: 24px; height: 24px;\"><\/div>         <\/div>             <div class=\"kksr-star\" style=\"padding-right: 5px\">               <div class=\"kksr-icon\" style=\"width: 24px; height: 24px;\"><\/div>         <\/div>     <\/div> <\/div>                   <div class=\"kksr-legend\" style=\"font-size: 19.2px;\">             4.8\/5 - (94 Stimmen)    <\/div>     <\/div>  <p>Der Trommelholzh\u00e4cksler ist mit einem fortschrittlichen Schneidsystem ausgestattet. Mit einer Verarbeitungskapazit\u00e4t von bis zu 15 Tonnen Holz pro Stunde kann er problemlos Baumst\u00e4mme und \u00c4ste unterschiedlicher H\u00e4rte f\u00fcr pr\u00e4zise und schnelle Hackarbeiten verarbeiten. <\/p>    <p>Aufgrund der hohen Leistung dieser Maschine wird sie vor allem in mittleren und gro\u00dfen Holzverarbeitern eingesetzt. Die Holzsp\u00e4ne werden im Allgemeinen zur groben Zerkleinerung vor der Holzzerkleinerung, zur Papierherstellung, zur Herstellung von Brennstoffen und zur Herstellung aller Arten von Platten usw. verwendet.<\/p>    <figure class=\"wp-block-embed aligncenter is-type-video is-provider-youtube wp-block-embed-youtube wp-embed-aspect-16-9 wp-has-aspect-ratio\"><div class=\"wp-block-embed__wrapper\"> <iframe loading=\"lazy\" title=\"Entfesseln Sie die Kraft eines Trommelholzh\u00e4ckslers mit gro\u00dfer Kapazit\u00e4t: Zerkleinern Sie Holz wie ein Profi!\" width=\"500\" height=\"281\" src=\"https:\/\/www.youtube.com\/embed\/EXLexC2cebo?start=4&#038;feature=oembed\" frameborder=\"0\" allow=\"accelerometer; autoplay; clipboard-write; encrypted-media; gyroscope; picture-in-picture; web-share\" referrerpolicy=\"strict-origin-when-cross-origin\" allowfullscreen><\/iframe> <\/div><figcaption class=\"wp-element-caption\">Arbeitsvideo der gro\u00dfen Trommel-Holzhackmaschine<\/figcaption><\/figure>    <p>Der Trommelhacker ist mit einem F\u00f6rderband zur automatischen Beschickung ausgestattet, was sowohl den Zeit- als auch den Arbeitsaufwand deutlich reduziert. Dar\u00fcber hinaus dr\u00fccken die Andruckrollen im Trommelhacker das Material aktiv in das Hacksystem. <\/p>    <p class=\"translation-block\">Diese Maschine kann mit einem F\u00f6rderband und einer Hammerm\u00fchle zu einer kompletten Produktionslinie zur Verarbeitung von Holzsp\u00e4nen integriert werden. Zus\u00e4tzlich fertigen wir auch kleinere <a href=\"https:\/\/hnwoodmachinery.com\/de\/product\/wood-chips-making-machine\/\">Holzspalter<\/a> an.<\/p>   <div class=\"wp-block-image\"> <figure class=\"aligncenter size-full\"><img loading=\"lazy\" decoding=\"async\" width=\"720\" height=\"540\" src=\"https:\/\/hnwoodmachinery.com\/wp-content\/uploads\/2022\/09\/industrial-wood-chipper0.webp\" alt=\"industrieller Holzhacker\" class=\"wp-image-407\" title=\"industrieller Holzhacker\"\/><figcaption class=\"wp-element-caption\">industrieller Holzhacker<\/figcaption><\/figure> <\/div>   <h2 class=\"wp-block-heading\">Gewerbliche Anwendungen im Zusammenhang mit Holzh\u00e4ckslern<\/h2>    <p class=\"translation-block\"><strong>Rohmaterialien:<\/strong> Diese Trommel-Holzspalter-Maschine ist in der Lage, verschiedene Materialien wie Maidenhood, Holzst\u00e4mme, \u00c4ste und Holz mit kleinem Durchmesser zu verarbeiten. (Bitte beachten Sie, dass die Materialien, die mit dieser Maschine verwendet werden, keine N\u00e4gel enthalten d\u00fcrfen).<\/p>    <p class=\"translation-block\"><strong>Anwendungsbereich von Holzsp\u00e4nen:<\/strong> Die erzeugten Holzsp\u00e4ne k\u00f6nnen zur Herstellung von Papier, Spanplatten und Faserplatten verwendet oder als Brennstoff genutzt werden. Zus\u00e4tzlich k\u00f6nnen wir die Holzsp\u00e4ne direkt verkaufen.<\/p>   <div class=\"wp-block-image\"> <figure class=\"aligncenter size-full\"><img loading=\"lazy\" decoding=\"async\" width=\"720\" height=\"540\" src=\"https:\/\/hnwoodmachinery.com\/wp-content\/uploads\/2022\/09\/using-scope-of-the-wood-chipper-0-2.webp\" alt=\"Verwendungsbereich des Holzschredders\" class=\"wp-image-412\" title=\"Verwendungsbereich des Holzschredders\"\/><figcaption class=\"wp-element-caption\">Verwendung des Trommelh\u00e4ckslers<\/figcaption><\/figure> <\/div>   <h2 class=\"wp-block-heading\">Einzigartige Vorteile eines industriellen Holzhackers<\/h2>    <ul class=\"wp-block-list\"> <li>Starke Arbeit. Es kann verschiedene Materialien effizient verarbeiten. Die Endproduktverarbeitung ist gut.<\/li>    <li>Lange Lebensdauer der Maschine: Die Messerwalze, die Messerplatte und die Klingen der Maschine bestehen aus hochwertigen Materialien, die verschlei\u00dffest und langlebig sind.<\/li>    <li>Der Trommelholzh\u00e4cksler verf\u00fcgt \u00fcber einen unabh\u00e4ngigen elektrischen Schaltschrank, sodass die Maschine sicher und einfach zu bedienen ist.<\/li>    <li>Der H\u00e4cksler kann die Gr\u00f6\u00dfe der Einf\u00fcll\u00f6ffnung automatisch anpassen. Je nach Dicke des Rohmaterials kann die obere Vorschubwalze mithilfe eines Hydrauliksystems in einem bestimmten Bereich auf und ab schweben.<\/li> <\/ul>   <div class=\"wp-block-image\"> <figure class=\"aligncenter size-full\"><img loading=\"lazy\" decoding=\"async\" width=\"720\" height=\"540\" src=\"https:\/\/hnwoodmachinery.com\/wp-content\/uploads\/2022\/09\/drum-wood-chipper-0.webp\" alt=\"industrieller Holzhacker\" class=\"wp-image-409\" title=\"industrieller Holzhacker\"\/><figcaption class=\"wp-element-caption\">industrieller Holzhacker<\/figcaption><\/figure> <\/div>   <h2 class=\"wp-block-heading\">Interner Aufbau der Trommel-Holzhackmaschine<\/h2>    <p>Der Trommelholzh\u00e4cksler umfasst haupts\u00e4chlich den K\u00f6rper, die Messerwalze, den Zuf\u00fchr- und Entlademechanismus, das Hydrauliksystem, die Zuf\u00fchrvorrichtung und andere Teile.<\/p>    <ul class=\"wp-block-list\"> <li>K\u00f6rper: komplett mit hochfester Stahlplatte verschwei\u00dft, die die St\u00fctzbasis der gesamten Maschine bildet. <\/li>    <li>Messerwalze: An der Messerleiste sind mehrere fliegende Messer angebracht. Und wir fixieren die fliegenden Messer durch den Druckblock an der Messerwalze.<\/li>    <li>Hydrauliksystem: Der \u00d6lzylinder wird von der \u00d6lpumpe versorgt, wodurch die Abdeckung gestartet und der Klingenwechsel erleichtert werden kann. Die obere Einzugswalzeneinheit kann w\u00e4hrend der Wartung angehoben werden, wodurch der Abstand zwischen dem fliegenden Messer und dem unteren Messer einfach eingestellt werden kann.<\/li>    <li>Auf- und Ab-Zufuhrmechanismus: Er besteht aus einer Zufuhrschnittstelle, einer Auf- und Ab-Zufuhrwalze und einem Mechanismus zur Einstellung des Zufuhrspalts. Das von der Einzugsschnittstelle eintretende Holz wird von den oberen und unteren Einzugswalzen gedr\u00fcckt und mit einer bestimmten Geschwindigkeit dem Hackmechanismus zugef\u00fchrt.<\/li> <\/ul>   <div class=\"wp-block-image\"> <figure class=\"aligncenter size-full\"><img loading=\"lazy\" decoding=\"async\" width=\"720\" height=\"540\" src=\"https:\/\/hnwoodmachinery.com\/wp-content\/uploads\/2022\/09\/drum-wood-chippers-structure-0.webp\" alt=\"industrieller Holzhacker\" class=\"wp-image-408\" title=\"industrieller Holzhacker\"\/><figcaption class=\"wp-element-caption\">industrieller Holzhacker<\/figcaption><\/figure> <\/div>   <h2 class=\"wp-block-heading\">Spezifikationen f\u00fcr gro\u00dfe kommerzielle Holzh\u00e4cksler<\/h2>    <figure class=\"wp-block-table is-style-stripes\"><table><tbody><tr><td><strong>Modell<\/strong><\/td><td><strong>SL-218<\/strong><\/td><td><strong>SL-216<\/strong><\/td><\/tr><tr><td><strong>Messermenge<\/strong><\/td><td>2<\/td><td>2<\/td><\/tr><tr><td><strong>Futtergr\u00f6\u00dfe<\/strong><strong><\/strong><\/td><td>300*680\u00a0mm<\/td><td>230*500 mm<\/td><\/tr><tr><td><strong>Kapazit\u00e4t<\/strong><strong><\/strong><\/td><td>10-15 t\/h<\/td><td>5-8t\/h<\/td><\/tr><tr><td><strong>Rohstoffdimension<\/strong><strong><\/strong><\/td><td>\u2264300\u00a0mm<\/td><td>\u2264230\u00a0mm<\/td><\/tr><tr><td><strong>Hackschnitzelgr\u00f6\u00dfe<\/strong><strong><\/strong><\/td><td>25\u00a0mm (einstellbar)<\/td><td>25 mm (einstellbar)<\/td><\/tr><tr><td><strong>Hauptstrom<\/strong><strong><\/strong><\/td><td>110 kW<\/td><td>55 kW<\/td><\/tr><tr><td><strong>Gewicht<\/strong><strong><\/strong><\/td><td>8600\u00a0kg<\/td><td>5600 kg<\/td><\/tr><tr><td><strong>Einlauff\u00f6rderband<\/strong><strong><\/strong><\/td><td>6 m<\/td><td>6 m<\/td><\/tr><tr><td><strong>Auslauff\u00f6rderer<\/strong><strong><\/strong><\/td><td>8\u00a0M<\/td><td>8 m<\/td><\/tr><tr><td><strong>Packma\u00df<\/strong><\/td><td>3105*2300*1650\u00a0mm<\/td><td>2735*2200*1200 mm<\/td><\/tr><\/tbody><\/table><figcaption class=\"wp-element-caption\">Technische Daten zum Trommelholzh\u00e4cksler<\/figcaption><\/figure>    <h2 class=\"wp-block-heading\">Wie funktioniert diese Hackschnitzelmaschine?<\/h2>   <div id=\"rank-math-howto\" class=\"rank-math-block\" > <div class=\"rank-math-howto-description\">  <\/div>  <div class=\"rank-math-steps\"> <div id=\"howto-step-1717407006129\" class=\"rank-math-step\"> <div class=\"rank-math-step-content\"><p>Das Holz wird durch die Zufuhr\u00f6ffnung zugef\u00fchrt und wenn es mit der Schneidklinge in Kontakt kommt, wird es durch die Hochgeschwindigkeitsrotation der Schneidklinge geschnitten.<\/p> <\/div> <\/div> <div id=\"howto-step-1717407019499\" class=\"rank-math-step\"> <div class=\"rank-math-step-content\"><p>Der Schneidmechanismus ist ein rotierendes Trommelrad, auf dem mehrere fliegende Messer montiert sind. Die Messer rotieren, um das Holz in St\u00fccke zu verarbeiten.<\/p> <\/div> <\/div> <div id=\"howto-step-1717407032563\" class=\"rank-math-step\"> <div class=\"rank-math-step-content\"><p class=\"translation-block\">Es gibt mehrere quadratische L\u00f6cher am \u00e4u\u00dferen Rand des Trommelrads, und die zugeschnittenen St\u00fccke des qualifizierten Materials fallen durch die Netzhaken und werden unten entladen. Die gr\u00f6\u00dferen Materialst\u00fccke werden erneut in der <a href=\"https:\/\/en.wikipedia.org\/wiki\/Woodchipper\" target=\"_blank\" rel=\"noopener\">Holzspalter<\/a>-Maschine zugeschnitten.<\/p> <\/div> <\/div> <\/div> <\/div>       <figure class=\"wp-block-embed aligncenter is-type-video is-provider-youtube wp-block-embed-youtube wp-embed-aspect-16-9 wp-has-aspect-ratio\"><div class=\"wp-block-embed__wrapper\"> <iframe loading=\"lazy\" title=\"Gro\u00dfer industrieller Holzh\u00e4cksler, Trommelholzh\u00e4cksler zu verkaufen\" width=\"500\" height=\"281\" src=\"https:\/\/www.youtube.com\/embed\/4ADKE0Xolj8?feature=oembed\" frameborder=\"0\" allow=\"accelerometer; autoplay; clipboard-write; encrypted-media; gyroscope; picture-in-picture; web-share\" referrerpolicy=\"strict-origin-when-cross-origin\" allowfullscreen><\/iframe> <\/div><figcaption class=\"wp-element-caption\">Video zur Herstellung von Hackschnitzeln<\/figcaption><\/figure>   <div class=\"wp-block-image\"> <figure class=\"aligncenter size-full\"><img loading=\"lazy\" decoding=\"async\" width=\"720\" height=\"540\" src=\"http:\/\/hnwoodmachinery.com\/wp-content\/uploads\/2022\/07\/wood-chips-making-machine.webp\" alt=\"Maschine zur Herstellung von Hackschnitzeln\" class=\"wp-image-1080\" title=\"\" srcset=\"https:\/\/hnwoodmachinery.com\/wp-content\/uploads\/2022\/07\/wood-chips-making-machine.webp 720w, https:\/\/hnwoodmachinery.com\/wp-content\/uploads\/2022\/07\/wood-chips-making-machine-300x225.webp 300w, https:\/\/hnwoodmachinery.com\/wp-content\/uploads\/2022\/07\/wood-chips-making-machine-16x12.webp 16w\" sizes=\"auto, (max-width: 720px) 100vw, 720px\" \/><figcaption class=\"wp-element-caption\">Trommelholzhackermaschine<\/figcaption><\/figure> <\/div>   <h2 class=\"wp-block-heading\">Warum Shuliy's Trommel-Holzh\u00e4cksler w\u00e4hlen?<\/h2>    <ul class=\"wp-block-list\"> <li>Neu gestalteter Messerrotor, die Messer sind einfach zu wechseln.<\/li>    <li>Zur einfachen Wartung und zum Austausch der Messer kann die Brechkammerabdeckung hydraulisch ge\u00f6ffnet werden.<\/li>    <li>Die Bildschirmgr\u00f6\u00dfe kann an unterschiedliche Anforderungen an die Endproduktgr\u00f6\u00dfe angepasst werden. Das hydraulische Puffersystem sorgt f\u00fcr einen reibungslosen Betrieb.<\/li>    <li>R\u00fcckw\u00e4rtsvorschubger\u00e4t, die Bandmaschine kann zum Vorw\u00e4rtsfahren umgekehrt werden. Dieses Ger\u00e4t kann die Maschine beim Auftreffen auf gro\u00dfe Holzst\u00fccke sch\u00fctzen.<\/li>    <li>Gr\u00f6\u00dfere Kapazit\u00e4t und gr\u00f6\u00dfere Vorschubgr\u00f6\u00dfe als bei herk\u00f6mmlichen Modellen, kann St\u00e4mme mit einem Durchmesser von 230\u2013500 mm schneiden.<\/li> <\/ul>   <div class=\"wp-block-image\"> <figure class=\"aligncenter size-full\"><img loading=\"lazy\" decoding=\"async\" width=\"720\" height=\"540\" src=\"https:\/\/hnwoodmachinery.com\/wp-content\/uploads\/2022\/09\/commercial-wood-chipper-0.webp\" alt=\"kommerzieller Holzhacker\" class=\"wp-image-413\" title=\"kommerzieller Holzhacker\"\/><figcaption class=\"wp-element-caption\">kommerzieller Holzhacker<\/figcaption><\/figure> <\/div>   <p>Unser Werk ist seit vielen Jahren auf die Produktion und Herstellung von Holzbearbeitungsmaschinen spezialisiert und verf\u00fcgt \u00fcber umfangreiche Erfahrungen und fortschrittliche Technologie. Wir laden Sie herzlich ein, jederzeit mit uns Kontakt aufzunehmen und hei\u00dfen Sie herzlich willkommen, unsere Fabrik zu besuchen. Wir freuen uns auf die Zusammenarbeit mit Ihnen.<\/p>","protected":false},"excerpt":{"rendered":"<p>Der Trommelholzhacker ist eine gro\u00dfe industrielle Holzhackmaschine. Diese Maschine hat eine gro\u00dfe Leistung und wird im Allgemeinen in mittleren und gro\u00dfen holzverarbeitenden Betrieben eingesetzt.<\/p>","protected":false},"author":1,"featured_media":403,"parent":0,"template":"","tags":[41,35,40],"product-type":[9],"class_list":["post-207","product","type-product","status-publish","has-post-thumbnail","hentry","tag-timber","tag-wood","tag-wood-chips","product-type-wood-chipper"],"_links":{"self":[{"href":"https:\/\/hnwoodmachinery.com\/de\/wp-json\/wp\/v2\/product\/207","targetHints":{"allow":["GET"]}}],"collection":[{"href":"https:\/\/hnwoodmachinery.com\/de\/wp-json\/wp\/v2\/product"}],"about":[{"href":"https:\/\/hnwoodmachinery.com\/de\/wp-json\/wp\/v2\/types\/product"}],"author":[{"embeddable":true,"href":"https:\/\/hnwoodmachinery.com\/de\/wp-json\/wp\/v2\/users\/1"}],"wp:featuredmedia":[{"embeddable":true,"href":"https:\/\/hnwoodmachinery.com\/de\/wp-json\/wp\/v2\/media\/403"}],"wp:attachment":[{"href":"https:\/\/hnwoodmachinery.com\/de\/wp-json\/wp\/v2\/media?parent=207"}],"wp:term":[{"taxonomy":"post_tag","embeddable":true,"href":"https:\/\/hnwoodmachinery.com\/de\/wp-json\/wp\/v2\/tags?post=207"},{"taxonomy":"product-type","embeddable":true,"href":"https:\/\/hnwoodmachinery.com\/de\/wp-json\/wp\/v2\/product-type?post=207"}],"curies":[{"name":"wp","href":"https:\/\/api.w.org\/{rel}","templated":true}]}}