{"id":1479,"date":"2026-05-07T14:49:55","date_gmt":"2026-05-07T06:49:55","guid":{"rendered":"https:\/\/hnwoodmachinery.com\/?post_type=product&#038;p=1479"},"modified":"2026-05-07T14:55:40","modified_gmt":"2026-05-07T06:55:40","slug":"industrial-wood-shaving-machine","status":"publish","type":"product","link":"https:\/\/hnwoodmachinery.com\/de\/product\/industrial-wood-shaving-machine\/","title":{"rendered":"Horizontale Industrie-Holzsp\u00e4ne-Maschine"},"content":{"rendered":"<div class=\"kk-star-ratings kksr-auto kksr-align-left kksr-valign-top\"     data-payload='{&quot;align&quot;:&quot;left&quot;,&quot;id&quot;:&quot;1479&quot;,&quot;slug&quot;:&quot;default&quot;,&quot;valign&quot;:&quot;top&quot;,&quot;ignore&quot;:&quot;&quot;,&quot;reference&quot;:&quot;auto&quot;,&quot;class&quot;:&quot;&quot;,&quot;count&quot;:&quot;13&quot;,&quot;legendonly&quot;:&quot;&quot;,&quot;readonly&quot;:&quot;&quot;,&quot;score&quot;:&quot;4.5&quot;,&quot;starsonly&quot;:&quot;&quot;,&quot;best&quot;:&quot;5&quot;,&quot;gap&quot;:&quot;5&quot;,&quot;greet&quot;:&quot;Rate this product&quot;,&quot;legend&quot;:&quot;4.5\\\/5 - (13 votes)&quot;,&quot;size&quot;:&quot;24&quot;,&quot;title&quot;:&quot;Horizontal Industrial Wood Shaving Machine&quot;,&quot;width&quot;:&quot;128&quot;,&quot;_legend&quot;:&quot;{score}\\\/{best} - ({count} {votes})&quot;,&quot;font_factor&quot;:&quot;1.25&quot;}'>              <div class=\"kksr-stars\">      <div class=\"kksr-stars-inactive\">             <div class=\"kksr-star\" data-star=\"1\" style=\"padding-right: 5px\">               <div class=\"kksr-icon\" style=\"width: 24px; height: 24px;\"><\/div>         <\/div>             <div class=\"kksr-star\" data-star=\"2\" style=\"padding-right: 5px\">               <div class=\"kksr-icon\" style=\"width: 24px; height: 24px;\"><\/div>         <\/div>             <div class=\"kksr-star\" data-star=\"3\" style=\"padding-right: 5px\">               <div class=\"kksr-icon\" style=\"width: 24px; height: 24px;\"><\/div>         <\/div>             <div class=\"kksr-star\" data-star=\"4\" style=\"padding-right: 5px\">               <div class=\"kksr-icon\" style=\"width: 24px; height: 24px;\"><\/div>         <\/div>             <div class=\"kksr-star\" data-star=\"5\" style=\"padding-right: 5px\">               <div class=\"kksr-icon\" style=\"width: 24px; height: 24px;\"><\/div>         <\/div>     <\/div>      <div class=\"kksr-stars-active\" style=\"width: 128px;\">             <div class=\"kksr-star\" style=\"padding-right: 5px\">               <div class=\"kksr-icon\" style=\"width: 24px; height: 24px;\"><\/div>         <\/div>             <div class=\"kksr-star\" style=\"padding-right: 5px\">               <div class=\"kksr-icon\" style=\"width: 24px; height: 24px;\"><\/div>         <\/div>             <div class=\"kksr-star\" style=\"padding-right: 5px\">               <div class=\"kksr-icon\" style=\"width: 24px; height: 24px;\"><\/div>         <\/div>             <div class=\"kksr-star\" style=\"padding-right: 5px\">               <div class=\"kksr-icon\" style=\"width: 24px; height: 24px;\"><\/div>         <\/div>             <div class=\"kksr-star\" style=\"padding-right: 5px\">               <div class=\"kksr-icon\" style=\"width: 24px; height: 24px;\"><\/div>         <\/div>     <\/div> <\/div>                   <div class=\"kksr-legend\" style=\"font-size: 19.2px;\">             4,5\/5 - (13 Stimmen)    <\/div>     <\/div>  <p>Industrielle Holzsp\u00e4ne-Maschinen k\u00f6nnen Holzst\u00e4mme, Holzbl\u00f6cke und Holzreste in hochwertige Holzsp\u00e4ne umwandeln, die in verschiedenen Branchen weit verbreitet sind, darunter Tierbettzeug, Gefl\u00fcgelhaltung, Pferdest\u00e4lle, Haustierbettzeug, Biomasse-Kraftstoffproduktion und Speisepilzzucht.<\/p>    <p>Shuliy bietet zwei Hauptmodelle von horizontalen Holzsp\u00e4ne-Maschinen an: das Modell mit Standardklingen und das Modell mit Spiralwellen. Beide Modelle zeichnen sich durch stabile Bedienung, hohe Leistung, einstellbare Rasurtiefe und hohe Holzverarbeitungseffizienz aus, um die Anforderungen der industriellen Produktion vollst\u00e4ndig zu erf\u00fcllen.<\/p>    <figure class=\"wp-block-embed aligncenter is-type-video is-provider-youtube wp-block-embed-youtube wp-embed-aspect-16-9 wp-has-aspect-ratio\"><div class=\"wp-block-embed__wrapper\"> <iframe loading=\"lazy\" title=\"Arbeitsprozess der industriellen Holzsp\u00e4ne-Maschine | Hochleistungs-Holzsp\u00e4ne-Produktion\" width=\"500\" height=\"281\" src=\"https:\/\/www.youtube.com\/embed\/q6rWqT39GS8?feature=oembed\" frameborder=\"0\" allow=\"accelerometer; autoplay; clipboard-write; encrypted-media; gyroscope; picture-in-picture; web-share\" referrerpolicy=\"strict-origin-when-cross-origin\" allowfullscreen><\/iframe> <\/div><figcaption class=\"wp-element-caption\">Arbeitsvideo der industriellen Holzsp\u00e4ne-Maschine<\/figcaption><\/figure>    <h2 class=\"wp-block-heading\"><strong>Vorteile der Industriellen Holzsp\u00e4ne-Maschine<\/strong><\/h2>    <ol class=\"wp-block-list\"> <li>Dieses Ger\u00e4t hat eine Verarbeitungskapazit\u00e4t von bis zu 1.500 kg\/h und eignet sich f\u00fcr die mittel- bis gro\u00dfindustrielle Produktion.<\/li>    <li>Benutzer k\u00f6nnen die Rasurtiefe je nach Bedarf zwischen 0,1 mm und 1 mm einstellen, z.B. f\u00fcr Bettzeug oder Biomasse.<\/li>    <li>Der Zuf\u00fchrmechanismus ist horizontal gestaltet, sorgt f\u00fcr einen reibungslosen Holzaufnahme und erm\u00f6glicht einen stabilen, kontinuierlichen Betrieb der Maschine.<\/li>    <li>Die industrielle Holzsp\u00e4ne-Maschine ist mit hochfesten Legierungsklingen ausgestattet, die eine au\u00dfergew\u00f6hnlich lange Lebensdauer garantieren und die Wartungskosten effektiv senken.<\/li>    <li>Au\u00dferdem verf\u00fcgt die Maschine \u00fcber ein stromlinienf\u00f6rmiges Design, das die Bedienung, Reinigung und Wartung erheblich erleichtert.<\/li> <\/ol>   <div class=\"wp-block-image\"> <figure class=\"aligncenter size-full\"><img loading=\"lazy\" decoding=\"async\" width=\"720\" height=\"540\" src=\"https:\/\/hnwoodmachinery.com\/wp-content\/uploads\/2026\/05\/standard-blade-type-wood-shaver.webp\" alt=\"Standard-Klingen-Holzrasierer\" class=\"wp-image-1488\" title=\"\" srcset=\"https:\/\/hnwoodmachinery.com\/wp-content\/uploads\/2026\/05\/standard-blade-type-wood-shaver.webp 720w, https:\/\/hnwoodmachinery.com\/wp-content\/uploads\/2026\/05\/standard-blade-type-wood-shaver-300x225.webp 300w, https:\/\/hnwoodmachinery.com\/wp-content\/uploads\/2026\/05\/standard-blade-type-wood-shaver-16x12.webp 16w\" sizes=\"auto, (max-width: 720px) 100vw, 720px\" \/><figcaption class=\"wp-element-caption\">Standard-Klingen-Holzrasierer<\/figcaption><\/figure> <\/div>   <h2 class=\"wp-block-heading\"><strong>Funktionsprinzip der industriellen Holzplaner<\/strong><\/h2>    <p>Ein industrieller Holzplaner besteht haupts\u00e4chlich aus einem Zuf\u00fchrtrichter, einem Spannmechanismus, einer Schneidwelle, Klingen, einem Antriebssystem und einem Auslass.<\/p>    <p>Wenn Holz in die Maschine eingespeist wird und die Maschine in Betrieb genommen wird, h\u00e4lt der Spannmechanismus das Holz sicher an Ort und Stelle. <\/p>    <p>Simultaneously, high-speed rotating blades continuously cut the wood&#8217;s surface, planing it into thin shavings or curled wood chips, which are then automatically discharged through the outlet.<\/p>    <h2 class=\"wp-block-heading\"><strong>Arten der industriellen Holzsp\u00e4ne-Maschine<\/strong><\/h2>    <h3 class=\"wp-block-heading\"><strong>Holzplaner mit Standardklingen<\/strong><\/h3>    <p>Der Holzplaner mit Standardklingen verwendet traditionelle Flachklingen, die auf einer rotierenden Welle montiert sind, um Holz in Holzsp\u00e4ne durch Schneidbewegung zu verarbeiten. Dieser Maschinentyp eignet sich f\u00fcr die allgemeine Holzsp\u00e4ne-Produktion und die Verarbeitung von Biomasse.<\/p>    <figure class=\"wp-block-table\"><table class=\"has-fixed-layout\"><thead><tr><th>Modell<\/th><th class=\"has-text-align-center\" data-align=\"center\">SHBH500-2H<\/th><th class=\"has-text-align-center\" data-align=\"center\">SHBH500-4H<\/th><th class=\"has-text-align-center\" data-align=\"center\">SHBH500-6H<\/th><\/tr><\/thead><tbody><tr><td>Maximale Holzl\u00e4nge bei Verarbeitung<\/td><td class=\"has-text-align-center\" data-align=\"center\">800 mm<\/td><td class=\"has-text-align-center\" data-align=\"center\">1400 mm<\/td><td class=\"has-text-align-center\" data-align=\"center\">1400 mm<\/td><\/tr><tr><td>Maximale Holzbreite bei Verarbeitung<\/td><td class=\"has-text-align-center\" data-align=\"center\">500 mm<\/td><td class=\"has-text-align-center\" data-align=\"center\">500 mm<\/td><td class=\"has-text-align-center\" data-align=\"center\">500 mm<\/td><\/tr><tr><td>Achszahl<\/td><td class=\"has-text-align-center\" data-align=\"center\">2<\/td><td class=\"has-text-align-center\" data-align=\"center\">4<\/td><td class=\"has-text-align-center\" data-align=\"center\">6<\/td><\/tr><tr><td>Anzahl der Klingen<\/td><td class=\"has-text-align-center\" data-align=\"center\">8<\/td><td class=\"has-text-align-center\" data-align=\"center\">16<\/td><td class=\"has-text-align-center\" data-align=\"center\">24<\/td><\/tr><tr><td>Geschwindigkeit<\/td><td class=\"has-text-align-center\" data-align=\"center\">3500 r\/min<\/td><td class=\"has-text-align-center\" data-align=\"center\">3500 r\/min<\/td><td class=\"has-text-align-center\" data-align=\"center\">3500 r\/min<\/td><\/tr><tr><td>Trichterl\u00e4nge<\/td><td class=\"has-text-align-center\" data-align=\"center\">800 mm<\/td><td class=\"has-text-align-center\" data-align=\"center\">1400 mm<\/td><td class=\"has-text-align-center\" data-align=\"center\">1400 mm<\/td><\/tr><tr><td>Gesamtleistung<\/td><td class=\"has-text-align-center\" data-align=\"center\">10,5 kW<\/td><td class=\"has-text-align-center\" data-align=\"center\">23,25 kW<\/td><td class=\"has-text-align-center\" data-align=\"center\">30,75 kW<\/td><\/tr><tr><td>Holzsp\u00e4ne-Tiefe<\/td><td class=\"has-text-align-center\" data-align=\"center\">0,2-1 mm<\/td><td class=\"has-text-align-center\" data-align=\"center\">0,2-1 mm<\/td><td class=\"has-text-align-center\" data-align=\"center\">0,2-1 mm<\/td><\/tr><tr><td>Frisches Holzvolumen<\/td><td class=\"has-text-align-center\" data-align=\"center\">500 kg\/h<\/td><td class=\"has-text-align-center\" data-align=\"center\">1000 kg\/h<\/td><td class=\"has-text-align-center\" data-align=\"center\">1500 kg\/h<\/td><\/tr><tr><td>Gewicht<\/td><td class=\"has-text-align-center\" data-align=\"center\">950 kg<\/td><td class=\"has-text-align-center\" data-align=\"center\">1800 kg<\/td><td class=\"has-text-align-center\" data-align=\"center\">2200 kg<\/td><\/tr><\/tbody><\/table><figcaption class=\"wp-element-caption\">Parameter der Holzsp\u00e4ne-Maschine mit Standardklingen<\/figcaption><\/figure>   <div class=\"wp-block-image\"> <figure class=\"aligncenter size-full\"><img loading=\"lazy\" decoding=\"async\" width=\"720\" height=\"540\" src=\"https:\/\/hnwoodmachinery.com\/wp-content\/uploads\/2026\/05\/standard-blade-type-log-shaving-machine.webp\" alt=\"Holzsp\u00e4ne-Maschine mit Standardklingen\" class=\"wp-image-1482\" title=\"\" srcset=\"https:\/\/hnwoodmachinery.com\/wp-content\/uploads\/2026\/05\/standard-blade-type-log-shaving-machine.webp 720w, https:\/\/hnwoodmachinery.com\/wp-content\/uploads\/2026\/05\/standard-blade-type-log-shaving-machine-300x225.webp 300w, https:\/\/hnwoodmachinery.com\/wp-content\/uploads\/2026\/05\/standard-blade-type-log-shaving-machine-16x12.webp 16w\" sizes=\"auto, (max-width: 720px) 100vw, 720px\" \/><figcaption class=\"wp-element-caption\">Holzsp\u00e4ne-Maschine mit Standardklingen<\/figcaption><\/figure> <\/div>   <h3 class=\"wp-block-heading\"><strong>Spiralwellen-Holzsp\u00e4ne-Maschine<\/strong><\/h3>    <p>Das Spiralwellenmodell verwendet mehrere Klingen in einer helicalen Anordnung, um feinere, weichere Holzsp\u00e4ne zu produzieren. Es ist die ideale Wahl f\u00fcr die Herstellung hochwertiger Haustierbettzeug und Nistmaterialien.<\/p>    <figure class=\"wp-block-table\"><table class=\"has-fixed-layout\"><thead><tr><th>Modell<\/th><th class=\"has-text-align-center\" data-align=\"center\">SHBH500-2-L<\/th><th class=\"has-text-align-center\" data-align=\"center\">SHBH500-4-L<\/th><th class=\"has-text-align-center\" data-align=\"center\">SHBH500-6-L<\/th><\/tr><\/thead><tbody><tr><td>Maximale Holzl\u00e4nge bei Verarbeitung<\/td><td class=\"has-text-align-center\" data-align=\"center\">800 mm<\/td><td class=\"has-text-align-center\" data-align=\"center\">1400 mm<\/td><td class=\"has-text-align-center\" data-align=\"center\">1400 mm<\/td><\/tr><tr><td>Maximale Holzbreite bei Verarbeitung<\/td><td class=\"has-text-align-center\" data-align=\"center\">500 mm<\/td><td class=\"has-text-align-center\" data-align=\"center\">500 mm<\/td><td class=\"has-text-align-center\" data-align=\"center\">500 mm<\/td><\/tr><tr><td>Achszahl<\/td><td class=\"has-text-align-center\" data-align=\"center\">2<\/td><td class=\"has-text-align-center\" data-align=\"center\">4<\/td><td class=\"has-text-align-center\" data-align=\"center\">6<\/td><\/tr><tr><td>Anzahl der Klingen<\/td><td class=\"has-text-align-center\" data-align=\"center\">108\u00d72<\/td><td class=\"has-text-align-center\" data-align=\"center\">108\u00d74<\/td><td class=\"has-text-align-center\" data-align=\"center\">108\u00d76<\/td><\/tr><tr><td>Geschwindigkeit<\/td><td class=\"has-text-align-center\" data-align=\"center\">3500 r\/min<\/td><td class=\"has-text-align-center\" data-align=\"center\">3500 r\/min<\/td><td class=\"has-text-align-center\" data-align=\"center\">3500 r\/min<\/td><\/tr><tr><td>Trichterl\u00e4nge<\/td><td class=\"has-text-align-center\" data-align=\"center\">800 mm<\/td><td class=\"has-text-align-center\" data-align=\"center\">1400 mm<\/td><td class=\"has-text-align-center\" data-align=\"center\">1400 mm<\/td><\/tr><tr><td>Gesamtleistung<\/td><td class=\"has-text-align-center\" data-align=\"center\">10,5 kW<\/td><td class=\"has-text-align-center\" data-align=\"center\">23,25 kW<\/td><td class=\"has-text-align-center\" data-align=\"center\">30,75 kW<\/td><\/tr><tr><td>Holzsp\u00e4ne-Tiefe<\/td><td class=\"has-text-align-center\" data-align=\"center\">0,1-1 mm<\/td><td class=\"has-text-align-center\" data-align=\"center\">0,1-1 mm<\/td><td class=\"has-text-align-center\" data-align=\"center\">0,1-1 mm<\/td><\/tr><tr><td>Frisches Holzvolumen<\/td><td class=\"has-text-align-center\" data-align=\"center\">500 kg\/h<\/td><td class=\"has-text-align-center\" data-align=\"center\">1000 kg\/h<\/td><td class=\"has-text-align-center\" data-align=\"center\">1500 kg\/h<\/td><\/tr><tr><td>Gewicht<\/td><td class=\"has-text-align-center\" data-align=\"center\">950 kg<\/td><td class=\"has-text-align-center\" data-align=\"center\">1800 kg<\/td><td class=\"has-text-align-center\" data-align=\"center\">2200 kg<\/td><\/tr><\/tbody><\/table><figcaption class=\"wp-element-caption\">Parameter der Spiralwellen-Holzsp\u00e4ne-Maschine<\/figcaption><\/figure>   <div class=\"wp-block-image\"> <figure class=\"aligncenter size-full\"><img loading=\"lazy\" decoding=\"async\" width=\"720\" height=\"540\" src=\"https:\/\/hnwoodmachinery.com\/wp-content\/uploads\/2026\/05\/spiral-shaft-type-wood-shaving-machine.webp\" alt=\"Spiralwellen-Holzsp\u00e4ne-Maschine\" class=\"wp-image-1483\" title=\"\" srcset=\"https:\/\/hnwoodmachinery.com\/wp-content\/uploads\/2026\/05\/spiral-shaft-type-wood-shaving-machine.webp 720w, https:\/\/hnwoodmachinery.com\/wp-content\/uploads\/2026\/05\/spiral-shaft-type-wood-shaving-machine-300x225.webp 300w, https:\/\/hnwoodmachinery.com\/wp-content\/uploads\/2026\/05\/spiral-shaft-type-wood-shaving-machine-16x12.webp 16w\" sizes=\"auto, (max-width: 720px) 100vw, 720px\" \/><figcaption class=\"wp-element-caption\">Spiralwellen-Holzsp\u00e4ne-Maschine<\/figcaption><\/figure> <\/div>   <h2 class=\"wp-block-heading\"><strong>Unterschied zwischen Standard-Klingen- und Spiralwellen-Holzsp\u00e4ne-Maschinen<\/strong><\/h2>    <figure class=\"wp-block-table\"><table class=\"has-fixed-layout\"><thead><tr><th>Artikel<\/th><th>Standard-Klingen-Typ<\/th><th>Spiralwellen-Typ<\/th><\/tr><\/thead><tbody><tr><td>Klingenstruktur<\/td><td>Flachklingen<\/td><td>Spiral angeordnete Klingen<\/td><\/tr><tr><td>Rasurgr\u00f6\u00dfe<\/td><td>Standardgr\u00f6\u00dfe<\/td><td>Kleiner und weicher<\/td><\/tr><tr><td>Rasurtiefe<\/td><td>0,2-1 mm<\/td><td>0,1-1 mm<\/td><\/tr><tr><td>Fertiges Material<\/td><td>Normale Holzsp\u00e4ne<\/td><td>Feines, flauschiges Bettzeug<\/td><\/tr><tr><td>Beste Anwendung<\/td><td>Biokraftstoff, Verpackung, Bauernh\u00f6fe<\/td><td>Haustierbettzeug, Pferdebettzeug<\/td><\/tr><tr><td>Schneideffekt<\/td><td>Starke Schneidkapazit\u00e4t<\/td><td>Feineres Rasurergebnis<\/td><\/tr><\/tbody><\/table><figcaption class=\"wp-element-caption\">Unterschied zwischen Standardklingen und Spiralwellen-Typ<\/figcaption><\/figure>    <figure class=\"wp-block-gallery has-nested-images columns-default is-cropped wp-block-gallery-2 is-layout-flex wp-block-gallery-is-layout-flex\"> <figure class=\"wp-block-image size-large\"><img loading=\"lazy\" decoding=\"async\" width=\"720\" height=\"540\" data-id=\"1487\" src=\"https:\/\/hnwoodmachinery.com\/wp-content\/uploads\/2026\/05\/blade-of-standard-type-wood-shaver.webp\" alt=\"Klinge der Spiralwellen-Holzsp\u00e4ne-Maschine\" class=\"wp-image-1487\" title=\"\" srcset=\"https:\/\/hnwoodmachinery.com\/wp-content\/uploads\/2026\/05\/blade-of-standard-type-wood-shaver.webp 720w, https:\/\/hnwoodmachinery.com\/wp-content\/uploads\/2026\/05\/blade-of-standard-type-wood-shaver-300x225.webp 300w, https:\/\/hnwoodmachinery.com\/wp-content\/uploads\/2026\/05\/blade-of-standard-type-wood-shaver-16x12.webp 16w\" sizes=\"auto, (max-width: 720px) 100vw, 720px\" \/><figcaption class=\"wp-element-caption\">Klinge des Standard-Holzsp\u00e4ne-Maschine<\/figcaption><\/figure>    <figure class=\"wp-block-image size-large\"><img loading=\"lazy\" decoding=\"async\" width=\"720\" height=\"540\" data-id=\"1486\" src=\"https:\/\/hnwoodmachinery.com\/wp-content\/uploads\/2026\/05\/blade-of-spiral-blade-wood-shaver.webp\" alt=\"Klinge der Standard-Holzsp\u00e4ne-Maschine\" class=\"wp-image-1486\" title=\"\" srcset=\"https:\/\/hnwoodmachinery.com\/wp-content\/uploads\/2026\/05\/blade-of-spiral-blade-wood-shaver.webp 720w, https:\/\/hnwoodmachinery.com\/wp-content\/uploads\/2026\/05\/blade-of-spiral-blade-wood-shaver-300x225.webp 300w, https:\/\/hnwoodmachinery.com\/wp-content\/uploads\/2026\/05\/blade-of-spiral-blade-wood-shaver-16x12.webp 16w\" sizes=\"auto, (max-width: 720px) 100vw, 720px\" \/><figcaption class=\"wp-element-caption\">Klinge der Spiralwellen-Holzsp\u00e4ne-Maschine<\/figcaption><\/figure> <\/figure>    <h2 class=\"wp-block-heading\"><strong>Wie w\u00e4hlt man die richtige industrielle Holzsp\u00e4ne-Maschine aus?<\/strong><\/h2>    <p>Wenn Sie haupts\u00e4chlich Standard-Holzsp\u00e4ne f\u00fcr die Biomasseverarbeitung ben\u00f6tigen und gro\u00dfe Mengen an Abfallholz verarbeiten m\u00f6chten, w\u00e4hrend die Investitionskosten niedrig gehalten werden sollen, ist die Maschine mit Standardklingen die beste Wahl.<\/p>    <p>Wenn Ihr Ziel jedoch darin besteht, hochwertiges Haustierbettzeug herzustellen, das Kunden wie Pferdest\u00e4llen oder Gefl\u00fcgelfarmen dient, und Sie nach einem hochwertigen Bettmaterial suchen, ist die Spiralwellen-Typ die beste Wahl!<\/p>    <p class=\"translation-block\">Wenn Ihre Produktionsanforderungen gering sind und Sie einen kompakten, leicht tragbaren Holzplaner ben\u00f6tigen, ist dieses Modell besser f\u00fcr Sie geeignet: <a href=\"https:\/\/hnwoodmachinery.com\/de\/product\/shavings-for-animal-bedding\/\">Guter Preis Holzsp\u00e4ne-Maschine<\/a>.<\/p>    <figure class=\"wp-block-gallery has-nested-images columns-default is-cropped wp-block-gallery-3 is-layout-flex wp-block-gallery-is-layout-flex\"> <figure class=\"wp-block-image size-large\"><img loading=\"lazy\" decoding=\"async\" width=\"720\" height=\"540\" data-id=\"1485\" src=\"https:\/\/hnwoodmachinery.com\/wp-content\/uploads\/2026\/05\/product-results-of-standard-type-log-shaving-machine.webp\" alt=\"Produktergebnisse der Standard-Holzsp\u00e4ne-Maschine\" class=\"wp-image-1485\" title=\"\" srcset=\"https:\/\/hnwoodmachinery.com\/wp-content\/uploads\/2026\/05\/product-results-of-standard-type-log-shaving-machine.webp 720w, https:\/\/hnwoodmachinery.com\/wp-content\/uploads\/2026\/05\/product-results-of-standard-type-log-shaving-machine-300x225.webp 300w, https:\/\/hnwoodmachinery.com\/wp-content\/uploads\/2026\/05\/product-results-of-standard-type-log-shaving-machine-16x12.webp 16w\" sizes=\"auto, (max-width: 720px) 100vw, 720px\" \/><figcaption class=\"wp-element-caption\">Produktergebnisse der Standard-Holzsp\u00e4ne-Maschine<\/figcaption><\/figure>    <figure class=\"wp-block-image size-large\"><img loading=\"lazy\" decoding=\"async\" width=\"720\" height=\"540\" data-id=\"1484\" src=\"https:\/\/hnwoodmachinery.com\/wp-content\/uploads\/2026\/05\/product-results-of-spiral-blade-type-wood-shaver.webp\" alt=\"Produktergebnisse der Spiralwellen-Holzsp\u00e4ne-Maschine\" class=\"wp-image-1484\" title=\"\" srcset=\"https:\/\/hnwoodmachinery.com\/wp-content\/uploads\/2026\/05\/product-results-of-spiral-blade-type-wood-shaver.webp 720w, https:\/\/hnwoodmachinery.com\/wp-content\/uploads\/2026\/05\/product-results-of-spiral-blade-type-wood-shaver-300x225.webp 300w, https:\/\/hnwoodmachinery.com\/wp-content\/uploads\/2026\/05\/product-results-of-spiral-blade-type-wood-shaver-16x12.webp 16w\" sizes=\"auto, (max-width: 720px) 100vw, 720px\" \/><figcaption class=\"wp-element-caption\">Produktergebnisse der Spiralwellen-Holzsp\u00e4ne-Maschine<\/figcaption><\/figure> <\/figure>    <h2 class=\"wp-block-heading\"><strong>Warum Shuliy Industrielle Holzsp\u00e4ne-Maschinen w\u00e4hlen?<\/strong><\/h2>    <ol class=\"wp-block-list\"> <li>Shuliy verf\u00fcgt \u00fcber umfangreiche Erfahrung in der Herstellung von Holzverarbeitungsmaschinen f\u00fcr Kunden weltweit.<\/li>    <li>Wir bieten verschiedene Modelle mit unterschiedlichen Kapazit\u00e4ten und Klingenanordnungen, um eine Vielzahl von Produktionsanforderungen zu erf\u00fcllen.<\/li>    <li>Wir bieten ma\u00dfgeschneiderte L\u00f6sungen: Spannung, Motortyp, Zuf\u00fchrgr\u00f6\u00dfe und Gesamtkonfiguration der Maschine k\u00f6nnen individuell auf Ihre Bed\u00fcrfnisse abgestimmt werden.<\/li>    <li>Jedes Shuliy-Ger\u00e4t durchl\u00e4uft vor Verlassen des Werks strenge Tests, um eine stabile und zuverl\u00e4ssige Leistung zu gew\u00e4hrleisten.<\/li>    <li>Wir bieten auch umfassenden After-Sales-Support, einschlie\u00dflich Installationsanleitung, technischer Unterst\u00fctzung, Ersatzteillieferung und Schulung im Betrieb.<\/li> <\/ol>   <div class=\"wp-block-image\"> <figure class=\"aligncenter size-full\"><img loading=\"lazy\" decoding=\"async\" width=\"720\" height=\"540\" src=\"https:\/\/hnwoodmachinery.com\/wp-content\/uploads\/2026\/05\/spiral-shaft-type-wood-shaver-machine.webp\" alt=\"Holzsp\u00e4ne-Maschine vom Spiralwellen-Typ\" class=\"wp-image-1489\" title=\"\" srcset=\"https:\/\/hnwoodmachinery.com\/wp-content\/uploads\/2026\/05\/spiral-shaft-type-wood-shaver-machine.webp 720w, https:\/\/hnwoodmachinery.com\/wp-content\/uploads\/2026\/05\/spiral-shaft-type-wood-shaver-machine-300x225.webp 300w, https:\/\/hnwoodmachinery.com\/wp-content\/uploads\/2026\/05\/spiral-shaft-type-wood-shaver-machine-16x12.webp 16w\" sizes=\"auto, (max-width: 720px) 100vw, 720px\" \/><figcaption class=\"wp-element-caption\">Holzsp\u00e4ne-Maschine vom Spiralwellen-Typ<\/figcaption><\/figure> <\/div>   <p>Shuliy Industrie-Holzsp\u00e4ne-Maschine eignet sich sowohl f\u00fcr die Herstellung von Standard-Holzsp\u00e4nen f\u00fcr die Biomasseverarbeitung als auch f\u00fcr weiche, feine Sp\u00e4ne f\u00fcr Haustierbettzeug. Dank hoher Effizienz und robuster, langlebiger Bauweise ist sie die bevorzugte Wahl vieler Kunden.<\/p>    <p>Wenn Sie an unseren Maschinen interessiert sind oder weitere Details erfragen m\u00f6chten, z\u00f6gern Sie nicht, mich zu kontaktieren!<\/p>","protected":false},"excerpt":{"rendered":"<p>This industrial wood shaving machine efficiently processes logs and waste wood into soft, uniformly sized wood shavings, which are commonly used in applications such as animal bedding, pet litter, biomass fuel production, and wood recycling.<\/p>","protected":false},"author":1,"featured_media":1481,"parent":0,"template":"","tags":[],"product-type":[8],"class_list":["post-1479","product","type-product","status-publish","has-post-thumbnail","hentry","product-type-wood-shaving-machine"],"_links":{"self":[{"href":"https:\/\/hnwoodmachinery.com\/de\/wp-json\/wp\/v2\/product\/1479","targetHints":{"allow":["GET"]}}],"collection":[{"href":"https:\/\/hnwoodmachinery.com\/de\/wp-json\/wp\/v2\/product"}],"about":[{"href":"https:\/\/hnwoodmachinery.com\/de\/wp-json\/wp\/v2\/types\/product"}],"author":[{"embeddable":true,"href":"https:\/\/hnwoodmachinery.com\/de\/wp-json\/wp\/v2\/users\/1"}],"wp:featuredmedia":[{"embeddable":true,"href":"https:\/\/hnwoodmachinery.com\/de\/wp-json\/wp\/v2\/media\/1481"}],"wp:attachment":[{"href":"https:\/\/hnwoodmachinery.com\/de\/wp-json\/wp\/v2\/media?parent=1479"}],"wp:term":[{"taxonomy":"post_tag","embeddable":true,"href":"https:\/\/hnwoodmachinery.com\/de\/wp-json\/wp\/v2\/tags?post=1479"},{"taxonomy":"product-type","embeddable":true,"href":"https:\/\/hnwoodmachinery.com\/de\/wp-json\/wp\/v2\/product-type?post=1479"}],"curies":[{"name":"wp","href":"https:\/\/api.w.org\/{rel}","templated":true}]}}