{"id":1457,"date":"2026-04-03T10:42:17","date_gmt":"2026-04-03T02:42:17","guid":{"rendered":"https:\/\/hnwoodmachinery.com\/?post_type=product&#038;p=1457"},"modified":"2026-04-03T10:48:12","modified_gmt":"2026-04-03T02:48:12","slug":"wood-crushing-machine","status":"publish","type":"product","link":"https:\/\/hnwoodmachinery.com\/de\/product\/wood-crushing-machine\/","title":{"rendered":"Neue Art der Holzzerkleinerungsmaschine mit Zwangs-F\u00fctterungssystem"},"content":{"rendered":"<div class=\"kk-star-ratings kksr-auto kksr-align-left kksr-valign-top\"     data-payload='{&quot;align&quot;:&quot;left&quot;,&quot;id&quot;:&quot;1457&quot;,&quot;slug&quot;:&quot;default&quot;,&quot;valign&quot;:&quot;top&quot;,&quot;ignore&quot;:&quot;&quot;,&quot;reference&quot;:&quot;auto&quot;,&quot;class&quot;:&quot;&quot;,&quot;count&quot;:&quot;14&quot;,&quot;legendonly&quot;:&quot;&quot;,&quot;readonly&quot;:&quot;&quot;,&quot;score&quot;:&quot;4.5&quot;,&quot;starsonly&quot;:&quot;&quot;,&quot;best&quot;:&quot;5&quot;,&quot;gap&quot;:&quot;5&quot;,&quot;greet&quot;:&quot;Rate this product&quot;,&quot;legend&quot;:&quot;4.5\\\/5 - (14 votes)&quot;,&quot;size&quot;:&quot;24&quot;,&quot;title&quot;:&quot;New Type Wood Crushing Machine with Forced Feeding System&quot;,&quot;width&quot;:&quot;128&quot;,&quot;_legend&quot;:&quot;{score}\\\/{best} - ({count} {votes})&quot;,&quot;font_factor&quot;:&quot;1.25&quot;}'>              <div class=\"kksr-stars\">      <div class=\"kksr-stars-inactive\">             <div class=\"kksr-star\" data-star=\"1\" style=\"padding-right: 5px\">               <div class=\"kksr-icon\" style=\"width: 24px; height: 24px;\"><\/div>         <\/div>             <div class=\"kksr-star\" data-star=\"2\" style=\"padding-right: 5px\">               <div class=\"kksr-icon\" style=\"width: 24px; height: 24px;\"><\/div>         <\/div>             <div class=\"kksr-star\" data-star=\"3\" style=\"padding-right: 5px\">               <div class=\"kksr-icon\" style=\"width: 24px; height: 24px;\"><\/div>         <\/div>             <div class=\"kksr-star\" data-star=\"4\" style=\"padding-right: 5px\">               <div class=\"kksr-icon\" style=\"width: 24px; height: 24px;\"><\/div>         <\/div>             <div class=\"kksr-star\" data-star=\"5\" style=\"padding-right: 5px\">               <div class=\"kksr-icon\" style=\"width: 24px; height: 24px;\"><\/div>         <\/div>     <\/div>      <div class=\"kksr-stars-active\" style=\"width: 128px;\">             <div class=\"kksr-star\" style=\"padding-right: 5px\">               <div class=\"kksr-icon\" style=\"width: 24px; height: 24px;\"><\/div>         <\/div>             <div class=\"kksr-star\" style=\"padding-right: 5px\">               <div class=\"kksr-icon\" style=\"width: 24px; height: 24px;\"><\/div>         <\/div>             <div class=\"kksr-star\" style=\"padding-right: 5px\">               <div class=\"kksr-icon\" style=\"width: 24px; height: 24px;\"><\/div>         <\/div>             <div class=\"kksr-star\" style=\"padding-right: 5px\">               <div class=\"kksr-icon\" style=\"width: 24px; height: 24px;\"><\/div>         <\/div>             <div class=\"kksr-star\" style=\"padding-right: 5px\">               <div class=\"kksr-icon\" style=\"width: 24px; height: 24px;\"><\/div>         <\/div>     <\/div> <\/div>                   <div class=\"kksr-legend\" style=\"font-size: 19.2px;\">             4,5\/5 - (14 Stimmen)    <\/div>     <\/div>  <p class=\"translation-block\">Die <strong>Holzzerkleinerungsmaschine<\/strong> ist eine Industriemaschine, die speziell zum Zerkleinern und Verarbeiten von Rohprotokollen, \u00c4sten, Bambus, Paletten, landwirtschaftlichen Abf\u00e4llen und Holzresten in kleinere Partikel wie S\u00e4gemehl oder Holzsp\u00e4ne entwickelt wurde.<\/p>    <p>Das neue Modell des Holzzerkleinerungsger\u00e4ts von Shuliy verf\u00fcgt \u00fcber ein verbessertes F\u00f6rdersystem, das eine einstellbare F\u00f6rderrate erm\u00f6glicht und somit eine pr\u00e4zise Steuerung der Produktionseffizienz und -menge erlaubt. Es kann 1,2 bis 1,8 Tonnen Holzabf\u00e4lle pro Stunde verarbeiten.<\/p>    <figure class=\"wp-block-embed aligncenter is-type-video is-provider-youtube wp-block-embed-youtube wp-embed-aspect-16-9 wp-has-aspect-ratio\"><div class=\"wp-block-embed__wrapper\"> <iframe loading=\"lazy\" title=\"Vollbetrieb der Zwangs-F\u00fctterungs-Holzzerkleinerungsmaschine\" width=\"500\" height=\"281\" src=\"https:\/\/www.youtube.com\/embed\/f3DoAy7rlYA?feature=oembed\" frameborder=\"0\" allow=\"accelerometer; autoplay; clipboard-write; encrypted-media; gyroscope; picture-in-picture; web-share\" referrerpolicy=\"strict-origin-when-cross-origin\" allowfullscreen><\/iframe> <\/div><figcaption class=\"wp-element-caption\">Arbeitsvideo der Holzzerkleinerungsmaschine<\/figcaption><\/figure>    <h2 class=\"wp-block-heading\"><strong>Neue Produktaktualisierung: Aufger\u00fcsteter Zwangs-F\u00fctterungs-Holzschneider<\/strong><\/h2>    <p>Im Vergleich zu herk\u00f6mmlichen Holzschreddern stellt dieses Zwangs-F\u00fctterungsmodell eine bedeutende Verbesserung in Bezug auf Automatisierungsgrad und Betriebseffizienz dar. Seine wichtigsten Unterscheidungsmerkmale gegen\u00fcber alten Modellen sind:<\/p>    <ul class=\"wp-block-list\"> <li><strong>Automatisches F\u00f6rdersystem:<\/strong> Ausgestattet mit einem F\u00f6rderband unterst\u00fctzt es die kontinuierliche Zuf\u00fchrung, die entweder \u00fcber einen mechanischen Greiferlader oder manuell erfolgen kann.<\/li>    <li><strong>Kapazit\u00e4t f\u00fcr gr\u00f6\u00dfere Materialien:<\/strong> Es kann m\u00fchelos lange \u00c4ste und unregelm\u00e4\u00dfig geformte Abfallh\u00f6lzer zerkleinern, die alte Modelle oft schwer verarbeiten konnten.<\/li>    <li><strong>Verbesserte Automatisierung:<\/strong> Der F\u00fctterungsprozess wurde optimiert, wodurch die Abh\u00e4ngigkeit von manueller Arbeit reduziert und die Effizienz des gesamten Arbeitsablaufs erheblich gesteigert wird.<\/li>    <li><strong>Robuster und sicherer Betrieb:<\/strong> Dank aktueller Updates und Upgrades minimiert diese Holzzerkleinerungsmaschine Verschlei\u00df an den internen Komponenten, selbst bei der Verarbeitung von \u00fcbergro\u00dfem Material.<\/li> <\/ul>    <figure class=\"wp-block-gallery aligncenter has-nested-images columns-default is-cropped wp-block-gallery-2 is-layout-flex wp-block-gallery-is-layout-flex\"> <figure class=\"wp-block-image size-full\"><img loading=\"lazy\" decoding=\"async\" width=\"720\" height=\"540\" data-id=\"1458\" src=\"https:\/\/hnwoodmachinery.com\/wp-content\/uploads\/2026\/04\/sawdust-making-machine.webp\" alt=\"Maschine zur S\u00e4gemehlherstellung\" class=\"wp-image-1458\" title=\"\" srcset=\"https:\/\/hnwoodmachinery.com\/wp-content\/uploads\/2026\/04\/sawdust-making-machine.webp 720w, https:\/\/hnwoodmachinery.com\/wp-content\/uploads\/2026\/04\/sawdust-making-machine-300x225.webp 300w, https:\/\/hnwoodmachinery.com\/wp-content\/uploads\/2026\/04\/sawdust-making-machine-16x12.webp 16w\" sizes=\"auto, (max-width: 720px) 100vw, 720px\" \/><figcaption class=\"wp-element-caption\">S\u00e4gemehlherstellungsmaschine<\/figcaption><\/figure>    <figure class=\"wp-block-image size-full\"><img loading=\"lazy\" decoding=\"async\" width=\"720\" height=\"540\" data-id=\"1461\" src=\"https:\/\/hnwoodmachinery.com\/wp-content\/uploads\/2026\/04\/shredder-processes-irregular-branches.webp\" alt=\"Zerkleinerer verarbeitet unregelm\u00e4\u00dfige \u00c4ste\" class=\"wp-image-1461\" title=\"\" srcset=\"https:\/\/hnwoodmachinery.com\/wp-content\/uploads\/2026\/04\/shredder-processes-irregular-branches.webp 720w, https:\/\/hnwoodmachinery.com\/wp-content\/uploads\/2026\/04\/shredder-processes-irregular-branches-300x225.webp 300w, https:\/\/hnwoodmachinery.com\/wp-content\/uploads\/2026\/04\/shredder-processes-irregular-branches-16x12.webp 16w\" sizes=\"auto, (max-width: 720px) 100vw, 720px\" \/><figcaption class=\"wp-element-caption\">Zerkleinerer verarbeitet unregelm\u00e4\u00dfige \u00c4ste<\/figcaption><\/figure> <\/figure>    <h2 class=\"wp-block-heading\"><strong>Warum empfehlen wir diesen Holzschredder?<\/strong><\/h2>    <ol class=\"wp-block-list\"> <li>Diese Holzzerkleinerungsmaschine ist mit einem F\u00f6rderband-F\u00fctterungssystem ausgestattet, das eine stufenlose Einstellung der F\u00f6rdergeschwindigkeit erm\u00f6glicht, wodurch die Betriebseffizienz gesteigert und die Arbeitskosten reduziert werden.<\/li>    <li>Die gesamte Einheit integriert eine magnetische Walze vorbehandlungsstufe mit einem Hammerm\u00fchlensystem, um einen reibungslosen und hoch effizienten Arbeitsablauf zu gew\u00e4hrleisten.<\/li>    <li>The interior of the shredding chamber is lined with wear-resistant plates, which not only enhances shredding efficiency but also significantly extend the equipment&#8217;s service life.<\/li>    <li>Es bietet eine breite Palette an Anwendungen, kann Protokolle und Holzplatten, Bambus und Schilf sowie Stroh, Maiskolben und verschiedene andere landwirtschaftliche Abf\u00e4lle zerkleinern.<\/li>    <li>Ausgestattet mit einem Zyklonstaubsammler und einem Beutelfiltersystem sorgt es f\u00fcr \u00e4u\u00dferst geringe Staubemissionen und erm\u00f6glicht umweltfreundliche und emissionsfreie Betriebe.<\/li> <\/ol>   <div class=\"wp-block-image\"> <figure class=\"aligncenter size-full\"><img loading=\"lazy\" decoding=\"async\" width=\"720\" height=\"540\" src=\"https:\/\/hnwoodmachinery.com\/wp-content\/uploads\/2026\/04\/wood-shredder-machine.webp\" alt=\"Holzzerkleinerungsmaschine\" class=\"wp-image-1459\" title=\"\" srcset=\"https:\/\/hnwoodmachinery.com\/wp-content\/uploads\/2026\/04\/wood-shredder-machine.webp 720w, https:\/\/hnwoodmachinery.com\/wp-content\/uploads\/2026\/04\/wood-shredder-machine-300x225.webp 300w, https:\/\/hnwoodmachinery.com\/wp-content\/uploads\/2026\/04\/wood-shredder-machine-16x12.webp 16w\" sizes=\"auto, (max-width: 720px) 100vw, 720px\" \/><figcaption class=\"wp-element-caption\">Holzzerkleinerungsmaschine<\/figcaption><\/figure> <\/div>   <h2 class=\"wp-block-heading\"><strong>Arbeitsprinzip der Holzzerkleinerungsmaschine<\/strong><\/h2>    <p>Dieses Ger\u00e4t integriert sowohl Hammer-Mahl- als auch Hochgeschwindigkeits-Luftsto\u00df-Technologien. Der Betriebsablauf und das Arbeitsprinzip sind wie folgt:<\/p>    <p>Der Rotor rotiert mit hoher Geschwindigkeit und treibt die H\u00e4mmer an, um das Material zu schneiden und zu zerdr\u00fccken \u2192 Hochgeschwindigkeitsluftstrom beschleunigt das Material \u2192 Das Material erf\u00e4hrt wiederholte gegenseitige Kollisionen innerhalb der Zerkleinerungskammer \u2192 Das zerkleinerte Material wird durch ein Sieb entlassen.<\/p>    <p class=\"translation-block\"><strong>Hinweis<\/strong>: Die Gr\u00f6\u00dfe der fertigen Partikel kann durch die Auswahl eines Siebs mit der entsprechenden Maschenzahl angepasst werden.<\/p>    <figure class=\"wp-block-gallery has-nested-images columns-default is-cropped wp-block-gallery-3 is-layout-flex wp-block-gallery-is-layout-flex\"> <figure class=\"wp-block-image size-large\"><img loading=\"lazy\" decoding=\"async\" width=\"720\" height=\"540\" data-id=\"1462\" src=\"https:\/\/hnwoodmachinery.com\/wp-content\/uploads\/2026\/04\/details-of-stripper-roll.webp\" alt=\"Details des Abstreifwalzens\" class=\"wp-image-1462\" title=\"\" srcset=\"https:\/\/hnwoodmachinery.com\/wp-content\/uploads\/2026\/04\/details-of-stripper-roll.webp 720w, https:\/\/hnwoodmachinery.com\/wp-content\/uploads\/2026\/04\/details-of-stripper-roll-300x225.webp 300w, https:\/\/hnwoodmachinery.com\/wp-content\/uploads\/2026\/04\/details-of-stripper-roll-16x12.webp 16w\" sizes=\"auto, (max-width: 720px) 100vw, 720px\" \/><figcaption class=\"wp-element-caption\">Details des Abstreifer-Rads<\/figcaption><\/figure>    <figure class=\"wp-block-image size-large\"><img loading=\"lazy\" decoding=\"async\" width=\"720\" height=\"540\" data-id=\"1463\" src=\"https:\/\/hnwoodmachinery.com\/wp-content\/uploads\/2026\/04\/wood-crusher-crushing-process.webp\" alt=\"Holzschredder-Zerkleinerungsprozess\" class=\"wp-image-1463\" title=\"\" srcset=\"https:\/\/hnwoodmachinery.com\/wp-content\/uploads\/2026\/04\/wood-crusher-crushing-process.webp 720w, https:\/\/hnwoodmachinery.com\/wp-content\/uploads\/2026\/04\/wood-crusher-crushing-process-300x225.webp 300w, https:\/\/hnwoodmachinery.com\/wp-content\/uploads\/2026\/04\/wood-crusher-crushing-process-16x12.webp 16w\" sizes=\"auto, (max-width: 720px) 100vw, 720px\" \/><figcaption class=\"wp-element-caption\">Holzzerkleinerungsprozess<\/figcaption><\/figure> <\/figure>    <h2 class=\"wp-block-heading\"><strong>Technische Parameter des Modells Holzzerkleinerungsmaschine<\/strong><\/h2>    <figure class=\"wp-block-table\"><table class=\"has-fixed-layout\"><thead><tr><th>Parameter<\/th><th>Spezifikation<\/th><\/tr><\/thead><tbody><tr><td>Modell<\/td><td>800 Zwangs-F\u00fctterungs-Holzschneider<\/td><\/tr><tr><td>Leistung<\/td><td>45\u201355 kW<\/td><\/tr><tr><td>Ventilatorleistung<\/td><td>7,5 kW<\/td><\/tr><tr><td>Gr\u00f6\u00dfe des Zufuhreinlasses<\/td><td>800 \u00d7 260 mm<\/td><\/tr><tr><td>F\u00f6rderband<\/td><td>800 \u00d7 3000 mm<\/td><\/tr><tr><td>F\u00f6rdermotor<\/td><td>3 kW<\/td><\/tr><tr><td>F\u00f6rderrollenmotor<\/td><td>3 kW<\/td><\/tr><tr><td>Hammermenge<\/td><td>50 St\u00fcck (180 \u00d7 60 \u00d7 8 mm)<\/td><\/tr><tr><td>Drehzahl<\/td><td>2400 U\/min<\/td><\/tr><tr><td>Zyklonstaubsammler<\/td><td>Modell 1000<\/td><\/tr><tr><td>Beutelfilter<\/td><td>6 St\u00fcck<\/td><\/tr><tr><td>Luftschleuse<\/td><td>Modell 300<\/td><\/tr><tr><td>Kapazit\u00e4t<\/td><td>1,2\u20131,8 t\/h<\/td><\/tr><tr><td>Steuerungsschrank<\/td><td>Inklusive<\/td><\/tr><\/tbody><\/table><figcaption class=\"wp-element-caption\">Parameter der Holzzerkleinerungsmaschine<\/figcaption><\/figure>   <div class=\"wp-block-image\"> <figure class=\"aligncenter size-full\"><img loading=\"lazy\" decoding=\"async\" width=\"720\" height=\"540\" src=\"https:\/\/hnwoodmachinery.com\/wp-content\/uploads\/2026\/04\/wood-crusher-machine.webp\" alt=\"Holzzerkleinerungsmaschine\" class=\"wp-image-1460\" title=\"\" srcset=\"https:\/\/hnwoodmachinery.com\/wp-content\/uploads\/2026\/04\/wood-crusher-machine.webp 720w, https:\/\/hnwoodmachinery.com\/wp-content\/uploads\/2026\/04\/wood-crusher-machine-300x225.webp 300w, https:\/\/hnwoodmachinery.com\/wp-content\/uploads\/2026\/04\/wood-crusher-machine-16x12.webp 16w\" sizes=\"auto, (max-width: 720px) 100vw, 720px\" \/><figcaption class=\"wp-element-caption\">Holzzerkleinerungsmaschine<\/figcaption><\/figure> <\/div>   <h2 class=\"wp-block-heading\"><strong>Anwendungen der Holzschreddermaschine<\/strong><\/h2>    <p>Nach der Verarbeitung durch eine Holzzerkleinerungsmaschine werden Rohstoffe in feinen S\u00e4gemehl oder Holzsp\u00e4ne mit einstellbaren Partikelgr\u00f6\u00dfen umgewandelt, was sie f\u00fcr eine Vielzahl industrieller und landwirtschaftlicher Anwendungen geeignet macht.<\/p>    <p>Das resultierende zerkleinerte Holzmaterial dient als ideale Brennstoffquelle f\u00fcr die Herstellung von Biomassepellets. Au\u00dferdem k\u00f6nnen zerkleinerte landwirtschaftliche R\u00fcckst\u00e4nde \u2013 wie Stroh und Maiskolben \u2013 als Rohstoffe f\u00fcr die Herstellung organischer D\u00fcngemittel genutzt werden, um die Bodenstruktur zu verbessern und die Bodenfruchtbarkeit zu erh\u00f6hen.<\/p>    <p>Zus\u00e4tzlich bietet diese Holzzerkleinerungsmaschine eine ideale L\u00f6sung f\u00fcr das Recycling von Holzabf\u00e4llen \u2013 einschlie\u00dflich Paletten, Bauger\u00fcsten und M\u00f6belresten \u2013 durch Umwandlung dieser weggeworfenen Materialien in erneuerbare Ressourcen mit wirtschaftlichem Wert.<\/p>    <figure class=\"wp-block-gallery has-nested-images columns-2 is-cropped wp-block-gallery-4 is-layout-flex wp-block-gallery-is-layout-flex\"> <figure class=\"wp-block-image size-large\"><img loading=\"lazy\" decoding=\"async\" width=\"720\" height=\"540\" data-id=\"1466\" src=\"https:\/\/hnwoodmachinery.com\/wp-content\/uploads\/2026\/04\/shredded-wood.webp\" alt=\"shredded wood\" class=\"wp-image-1466\" title=\"\" srcset=\"https:\/\/hnwoodmachinery.com\/wp-content\/uploads\/2026\/04\/shredded-wood.webp 720w, https:\/\/hnwoodmachinery.com\/wp-content\/uploads\/2026\/04\/shredded-wood-300x225.webp 300w, https:\/\/hnwoodmachinery.com\/wp-content\/uploads\/2026\/04\/shredded-wood-16x12.webp 16w\" sizes=\"auto, (max-width: 720px) 100vw, 720px\" \/><figcaption class=\"wp-element-caption\">Zerkleinertes Holz<\/figcaption><\/figure>    <figure class=\"wp-block-image size-large\"><img loading=\"lazy\" decoding=\"async\" width=\"720\" height=\"540\" data-id=\"1467\" src=\"https:\/\/hnwoodmachinery.com\/wp-content\/uploads\/2026\/04\/crushed-straw.webp\" alt=\"crushed straw\" class=\"wp-image-1467\" title=\"\" srcset=\"https:\/\/hnwoodmachinery.com\/wp-content\/uploads\/2026\/04\/crushed-straw.webp 720w, https:\/\/hnwoodmachinery.com\/wp-content\/uploads\/2026\/04\/crushed-straw-300x225.webp 300w, https:\/\/hnwoodmachinery.com\/wp-content\/uploads\/2026\/04\/crushed-straw-16x12.webp 16w\" sizes=\"auto, (max-width: 720px) 100vw, 720px\" \/><figcaption class=\"wp-element-caption\">Zerkleinerter Stroh<\/figcaption><\/figure>    <figure class=\"wp-block-image size-large\"><img loading=\"lazy\" decoding=\"async\" width=\"720\" height=\"540\" data-id=\"1464\" src=\"https:\/\/hnwoodmachinery.com\/wp-content\/uploads\/2026\/04\/crushed-bamboo.webp\" alt=\"crushed bamboo\" class=\"wp-image-1464\" title=\"\" srcset=\"https:\/\/hnwoodmachinery.com\/wp-content\/uploads\/2026\/04\/crushed-bamboo.webp 720w, https:\/\/hnwoodmachinery.com\/wp-content\/uploads\/2026\/04\/crushed-bamboo-300x225.webp 300w, https:\/\/hnwoodmachinery.com\/wp-content\/uploads\/2026\/04\/crushed-bamboo-16x12.webp 16w\" sizes=\"auto, (max-width: 720px) 100vw, 720px\" \/><figcaption class=\"wp-element-caption\">Zerkleinertes Bambus<\/figcaption><\/figure>    <figure class=\"wp-block-image size-large\"><img loading=\"lazy\" decoding=\"async\" width=\"720\" height=\"540\" data-id=\"1465\" src=\"https:\/\/hnwoodmachinery.com\/wp-content\/uploads\/2026\/04\/crushed-corn-cobs.webp\" alt=\"crushed corn cobs\" class=\"wp-image-1465\" title=\"\" srcset=\"https:\/\/hnwoodmachinery.com\/wp-content\/uploads\/2026\/04\/crushed-corn-cobs.webp 720w, https:\/\/hnwoodmachinery.com\/wp-content\/uploads\/2026\/04\/crushed-corn-cobs-300x225.webp 300w, https:\/\/hnwoodmachinery.com\/wp-content\/uploads\/2026\/04\/crushed-corn-cobs-16x12.webp 16w\" sizes=\"auto, (max-width: 720px) 100vw, 720px\" \/><figcaption class=\"wp-element-caption\">Zerkleinerte Maiskolben<\/figcaption><\/figure> <\/figure>    <h2 class=\"wp-block-heading\"><strong>FAQ \u00dcber Holzzerkleinerungsmaschine<\/strong><\/h2>   <div id=\"rank-math-faq\" class=\"rank-math-block\"> <div class=\"rank-math-list\"> <div id=\"faq-question-1775179924303\" class=\"rank-math-list-item\"> <h3 class=\"rank-math-question\">Aus welchen Materialien kann diese Holzschreddermaschine verarbeiten?<\/h3> <div class=\"rank-math-answer\">  <p>Es kann Holz, Bambus, \u00c4ste, Stroh, Maiskolben, Paletten und andere landwirtschaftliche oder forstwirtschaftliche Abf\u00e4lle zerkleinern.<\/p>  <\/div> <\/div> <div id=\"faq-question-1775179931263\" class=\"rank-math-list-item\"> <h3 class=\"rank-math-question\">Kann ich die endg\u00fcltige Ausgangsgr\u00f6\u00dfe einstellen?<\/h3> <div class=\"rank-math-answer\">  <p>Ja, die Endgr\u00f6\u00dfe kann durch Austausch verschiedener Siebgewebe kontrolliert werden.<\/p>  <\/div> <\/div> <div id=\"faq-question-1775179960555\" class=\"rank-math-list-item\"> <h3 class=\"rank-math-question\">Ist die Holzzerkleinerungsmaschine einfach zu bedienen?<\/h3> <div class=\"rank-math-answer\">  <p>Ja, sie verf\u00fcgt \u00fcber ein automatisches F\u00f6rdersystem und einen speziellen Steuerkasten f\u00fcr einfache Bedienung.<\/p>  <\/div> <\/div> <div id=\"faq-question-1775179974920\" class=\"rank-math-list-item\"> <h3 class=\"rank-math-question\">Produziert es viel Staub?<\/h3> <div class=\"rank-math-answer\">  <p>Nein, sie ist mit Zyklon- und Beutelfilteranlagen ausgestattet, um Staubverschmutzung zu minimieren.<\/p>  <\/div> <\/div> <div id=\"faq-question-1775179988721\" class=\"rank-math-list-item\"> <h3 class=\"rank-math-question\">Was ist die Produktionskapazit\u00e4t?<\/h3> <div class=\"rank-math-answer\">  <p>Die Kapazit\u00e4t liegt je nach Materialart und -gr\u00f6\u00dfe zwischen 1,2 und 1,8 Tonnen pro Stunde.<\/p>  <\/div> <\/div> <\/div> <\/div>   <h2 class=\"wp-block-heading\"><strong>Wie bestellt man einen Holzschneider?<\/strong><\/h2>    <p>Wenn Sie nach einer zuverl\u00e4ssigen und effizienten Holzzerkleinerungsmaschine suchen, sind wir hier, um Ihnen zu helfen. Bitte kontaktieren Sie uns per WhatsApp oder E-Mail, um Folgendes zu erhalten:<\/p>    <ul class=\"wp-block-list\"> <li>Aktuelle Preisangebote und Bestellrabatte<\/li>    <li>Detaillierte Demonstrationsvideos der Ausr\u00fcstung<\/li>    <li>Ma\u00dfgeschneiderte L\u00f6sungen, die auf Ihre spezifischen Rohstoffanforderungen zugeschnitten sind<\/li> <\/ul>    <p>Andere Arten von industriellen Holzzerkleinerungsmaschinen klicken Sie hier: <\/p>    <ul class=\"wp-block-list\"> <li><a href=\"https:\/\/hnwoodmachinery.com\/de\/product\/comprehensive-pallet-crusher\/\">Umfassender Palettenzerkleinerer mit hoher Kapazit\u00e4t f\u00fcr den industriellen Holzschleifer<\/a><\/li>    <li><a href=\"https:\/\/hnwoodmachinery.com\/de\/product\/wood-hammer-mill\/\">Holzhammerm\u00fchle Industrielle Baumstamm-Holzhammerm\u00fchle Zerkleinerer<\/a><\/li>    <li><a href=\"https:\/\/hnwoodmachinery.com\/de\/product\/wood-shredder-machine\/\">Kleine Holzschreddermaschine f\u00fcr S\u00e4gemehlherstellung<\/a><\/li> <\/ul>    <p><\/p>","protected":false},"excerpt":{"rendered":"<p>The forced feeding wood crusher machine is a high-efficiency upgrade of traditional wood crushers, designed to process large and irregular wood materials with ease. Equipped with automatic feeding, durable structure, and advanced crushing technology, it delivers uniform output and reliable performance for various biomass applications.<\/p>","protected":false},"author":1,"featured_media":1468,"parent":0,"template":"","tags":[37,35],"product-type":[7],"class_list":["post-1457","product","type-product","status-publish","has-post-thumbnail","hentry","tag-sawdust","tag-wood","product-type-wood-crusher"],"_links":{"self":[{"href":"https:\/\/hnwoodmachinery.com\/de\/wp-json\/wp\/v2\/product\/1457","targetHints":{"allow":["GET"]}}],"collection":[{"href":"https:\/\/hnwoodmachinery.com\/de\/wp-json\/wp\/v2\/product"}],"about":[{"href":"https:\/\/hnwoodmachinery.com\/de\/wp-json\/wp\/v2\/types\/product"}],"author":[{"embeddable":true,"href":"https:\/\/hnwoodmachinery.com\/de\/wp-json\/wp\/v2\/users\/1"}],"wp:featuredmedia":[{"embeddable":true,"href":"https:\/\/hnwoodmachinery.com\/de\/wp-json\/wp\/v2\/media\/1468"}],"wp:attachment":[{"href":"https:\/\/hnwoodmachinery.com\/de\/wp-json\/wp\/v2\/media?parent=1457"}],"wp:term":[{"taxonomy":"post_tag","embeddable":true,"href":"https:\/\/hnwoodmachinery.com\/de\/wp-json\/wp\/v2\/tags?post=1457"},{"taxonomy":"product-type","embeddable":true,"href":"https:\/\/hnwoodmachinery.com\/de\/wp-json\/wp\/v2\/product-type?post=1457"}],"curies":[{"name":"wp","href":"https:\/\/api.w.org\/{rel}","templated":true}]}}