{"id":3,"date":"2022-07-15T10:01:21","date_gmt":"2022-07-15T10:01:21","guid":{"rendered":"http:\/\/hnwoodmachinery.com\/?page_id=3"},"modified":"2022-09-22T15:00:54","modified_gmt":"2022-09-22T07:00:54","slug":"about-us","status":"publish","type":"page","link":"https:\/\/hnwoodmachinery.com\/de\/about-us\/","title":{"rendered":"\u00dcber uns"},"content":{"rendered":"<div class=\"wp-block-media-text alignwide is-stacked-on-mobile\"><figure class=\"wp-block-media-text__media\"><img loading=\"lazy\" decoding=\"async\" width=\"720\" height=\"540\" src=\"https:\/\/hnwoodmachinery.com\/wp-content\/uploads\/2022\/09\/our-factory-.webp\" alt=\"unsere Fabrik\" class=\"wp-image-615 size-full\" title=\"\"><\/figure><div class=\"wp-block-media-text__content\"> <p class=\"translation-block\">Shuliy Machinery befindet sich in Zhengzhou, Provinz Henan, China. Es ist ein gro\u00dfer Hersteller von Holzbearbeitungsmaschinen. Gegr\u00fcndet im Jahr 2011. Wir verf\u00fcgen \u00fcber reiche Exporterfahrung. Und wir exportieren Maschinen in viele L\u00e4nder, wie die <strong>Vereinigten Arabischen Emirate, S\u00fcdafrika, Peru, Libyen, Bulgarien, Neuseeland, die USA, Kanada, die Philippinen, Malaysia<\/strong> und andere verschiedene L\u00e4nder. Wir bieten jedem Kunden hochwertige Maschinen, erschwingliche Preise und r\u00fccksichtsvollen Service. Daher pflegen wir langfristige Kooperationen mit vielen L\u00e4ndern.<\/p> <\/div><\/div>    <h2 class=\"wp-block-heading\" id=\"h-main-products\">Hauptprodukte<\/h2>    <p class=\"translation-block\">Die Hauptprodukte von Shuliy Machinery umfassen <strong>Holzabschalungsmaschinen<\/strong>, <strong>S\u00e4gemaschinen<\/strong>, <strong>Holzsp\u00e4nemaschinen<\/strong>, <strong>Holzzerkleinerer<\/strong>, <strong>Holzhacker<\/strong>, industrielle Holzhacker, <strong>umfassende Zerkleinerer<\/strong> usw. Dar\u00fcber hinaus k\u00f6nnen wir den Kunden auch eine Maschinenproduktionslinie anbieten, die f\u00fcr die t\u00e4gliche Arbeit der Kunden bequemer ist und die Effizienz verbessert.<\/p>    <figure class=\"wp-block-gallery has-nested-images columns-2 is-cropped wp-block-gallery-2 is-layout-flex wp-block-gallery-is-layout-flex\"> <figure class=\"wp-block-image size-large\"><img loading=\"lazy\" decoding=\"async\" width=\"720\" height=\"540\" data-id=\"618\" src=\"https:\/\/hnwoodmachinery.com\/wp-content\/uploads\/2022\/09\/hammer-wood-mill-machine-.webp\" alt=\"Hammer-Holz-M\u00fchlenmaschine\" class=\"wp-image-618\" title=\"Hammer-Holz-M\u00fchlenmaschine\"\/><figcaption>Hammerholzm\u00fchlenmaschine<\/figcaption><\/figure>    <figure class=\"wp-block-image size-large\"><img loading=\"lazy\" decoding=\"async\" width=\"720\" height=\"540\" data-id=\"619\" src=\"https:\/\/hnwoodmachinery.com\/wp-content\/uploads\/2022\/09\/wood-chipper-.webp\" alt=\"\" class=\"wp-image-619\" title=\"\"><figcaption>Holzhacker<\/figcaption><\/figure>    <figure class=\"wp-block-image size-full\"><img loading=\"lazy\" decoding=\"async\" width=\"720\" height=\"540\" data-id=\"620\" src=\"https:\/\/hnwoodmachinery.com\/wp-content\/uploads\/2022\/09\/wood-peeling-machine-.webp\" alt=\"Holzsch\u00e4lmaschine\" class=\"wp-image-620\" title=\"Holzsch\u00e4lmaschine\"\/><figcaption>Holzsch\u00e4lmaschine<\/figcaption><\/figure>    <figure class=\"wp-block-image size-large\"><img loading=\"lazy\" decoding=\"async\" width=\"720\" height=\"540\" data-id=\"621\" src=\"https:\/\/hnwoodmachinery.com\/wp-content\/uploads\/2022\/09\/wood-shaving-machine-1-1.webp\" alt=\"Holzhobelmaschine\" class=\"wp-image-621\" title=\"Holzhobelmaschine\"\/><figcaption>Holzschermaschine<\/figcaption><\/figure> <\/figure>    <h2 class=\"wp-block-heading\" id=\"h-our-services\">Unsere Leistungen<\/h2>    <p>1. Professionelle Maschinenkenntnisse. Jeder unserer Mitarbeiter verf\u00fcgt \u00fcber fundierte Kenntnisse unserer Maschinen und wir k\u00f6nnen unseren Kunden zeitnah im Gespr\u00e4ch mit ihnen professionelle Antworten geben. Gleichzeitig bieten wir professionelle Maschinenl\u00f6sungen entsprechend den spezifischen Bed\u00fcrfnissen der Kunden an.<\/p>    <p>2. Verpackungs- und Versandmaschinen. Bevor eine Maschine an ihren Bestimmungsort versandt wird, sch\u00fctzen wir sie, indem wir sie in einer stabilen Holzkiste verpacken. Wir stellen unseren Kunden auch zeitnahe Logistikinformationen zur Verf\u00fcgung.<\/p>    <p>3. Installation und Verwendung der Maschine. Wir helfen dem Kunden bei der Installation der Maschine, entweder durch Online-Anweisungen oder indem wir einen Techniker mit der Installation der Maschine beauftragen.<\/p>    <p>4. Fabrikdesign. Wir helfen Kunden bei der Planung des Fabrikgel\u00e4ndes und der Platzierung der Fabrikausr\u00fcstung, stellen Zeichnungen bereit usw.<\/p>    <figure class=\"wp-block-gallery has-nested-images columns-2 is-cropped wp-block-gallery-3 is-layout-flex wp-block-gallery-is-layout-flex\"> <figure class=\"wp-block-image size-large\"><img loading=\"lazy\" decoding=\"async\" width=\"720\" height=\"540\" data-id=\"624\" src=\"https:\/\/hnwoodmachinery.com\/wp-content\/uploads\/2022\/09\/vertical-log-debarker-machine-packaging-.webp\" alt=\"Vertikale Holzstamm-Entrindungsmaschine Verpackung\" class=\"wp-image-624\" title=\"Vertikale Holzstamm-Entrindungsmaschine Verpackung\"\/><figcaption>Vertikale Maschinenverpackung zur Holzentrindung<\/figcaption><\/figure>    <figure class=\"wp-block-image size-large\"><img loading=\"lazy\" decoding=\"async\" width=\"720\" height=\"540\" data-id=\"625\" src=\"https:\/\/hnwoodmachinery.com\/wp-content\/uploads\/2022\/09\/wooden-case-packing-.webp\" alt=\"Verpackung in Holzkisten\" class=\"wp-image-625\" title=\"Verpackung in Holzkisten\"\/><figcaption>Holzkistenverpackung<\/figcaption><\/figure>    <figure class=\"wp-block-image size-large\"><img loading=\"lazy\" decoding=\"async\" width=\"720\" height=\"540\" data-id=\"627\" src=\"https:\/\/hnwoodmachinery.com\/wp-content\/uploads\/2022\/09\/loading-of-the-wood-log-peeling-machine-.webp\" alt=\"Beladung der Holzstamm-Abziehmaschine\" class=\"wp-image-627\" title=\"Beladung der Holzstamm-Abziehmaschine\"\/><figcaption>Beladung der Holzscheitsch\u00e4lmaschine<\/figcaption><\/figure>    <figure class=\"wp-block-image size-large\"><img loading=\"lazy\" decoding=\"async\" width=\"720\" height=\"540\" data-id=\"628\" src=\"https:\/\/hnwoodmachinery.com\/wp-content\/uploads\/2022\/09\/shipping-of-the-machine-1.webp\" alt=\"Versand der Maschine\" class=\"wp-image-628\" title=\"Versand der Maschine\"\/><figcaption>Versand der Maschine<\/figcaption><\/figure> <\/figure>    <h2 class=\"wp-block-heading\" id=\"h-professional-wood-machines-manufacturer\">Professioneller Hersteller von Holzmaschinen<\/h2>    <p>Als Hersteller von Holzmaschinen verf\u00fcgt Shuliy Machinery \u00fcber ein professionelles Forschungs- und Entwicklungsteam. Material, Struktur und Aussehen jeder Maschine werden sorgf\u00e4ltig untersucht und entworfen. Wir sind bestrebt, mit der Zeit Schritt zu halten, um f\u00fcr unsere Kunden hochwertigere, leistungsstarke und langlebige Holzmaschinen herzustellen.<\/p>    <p>Shuliy\u00a0Machinery freut sich auf die Zusammenarbeit mit Ihnen!<\/p>    <figure class=\"wp-block-image size-full\"><img loading=\"lazy\" decoding=\"async\" width=\"720\" height=\"540\" src=\"https:\/\/hnwoodmachinery.com\/wp-content\/uploads\/2022\/09\/manufacturing-situation-.webp\" alt=\"Fertigungssituation\" class=\"wp-image-631\" title=\"Fertigungssituation\"\/><figcaption>Fertigungssituation<\/figcaption><\/figure>    <p><\/p>","protected":false},"excerpt":{"rendered":"<p>Shuliy\u00a0Machinery hat seinen Sitz in Zhengzhou, Provinz Henan, China. Es ist ein gro\u00dfer Hersteller von Holzverarbeitungsmaschinen.<\/p>","protected":false},"author":1,"featured_media":0,"parent":0,"menu_order":0,"comment_status":"closed","ping_status":"closed","template":"","meta":{"footnotes":""},"class_list":["post-3","page","type-page","status-publish","hentry"],"_links":{"self":[{"href":"https:\/\/hnwoodmachinery.com\/de\/wp-json\/wp\/v2\/pages\/3","targetHints":{"allow":["GET"]}}],"collection":[{"href":"https:\/\/hnwoodmachinery.com\/de\/wp-json\/wp\/v2\/pages"}],"about":[{"href":"https:\/\/hnwoodmachinery.com\/de\/wp-json\/wp\/v2\/types\/page"}],"author":[{"embeddable":true,"href":"https:\/\/hnwoodmachinery.com\/de\/wp-json\/wp\/v2\/users\/1"}],"replies":[{"embeddable":true,"href":"https:\/\/hnwoodmachinery.com\/de\/wp-json\/wp\/v2\/comments?post=3"}],"version-history":[{"count":0,"href":"https:\/\/hnwoodmachinery.com\/de\/wp-json\/wp\/v2\/pages\/3\/revisions"}],"wp:attachment":[{"href":"https:\/\/hnwoodmachinery.com\/de\/wp-json\/wp\/v2\/media?parent=3"}],"curies":[{"name":"wp","href":"https:\/\/api.w.org\/{rel}","templated":true}]}}